{"id":1126,"date":"2017-07-26T04:00:36","date_gmt":"2017-07-26T09:00:36","guid":{"rendered":"https:\/\/www.profaqua.ca\/?post_type=product&#038;p=1126\/"},"modified":"2024-09-04T19:30:44","modified_gmt":"2024-09-05T00:30:44","slug":"lois-de-physique","status":"publish","type":"product","link":"https:\/\/www.profaqua.ca\/fr\/produit\/lois-de-physique\/","title":{"rendered":"Lois de la physique (Colombie-Britannique)"},"content":{"rendered":"<p><strong>Que la force soit avec vous !<\/strong><\/p>\n<p>Il \u00e9tait une fois un grand scientifique qui dormait sous un arbre et une pomme lui est tomb\u00e9e sur la t\u00eate\u2026<\/p>\n<p>Au lieu de crier: \u00ab A\u00efe! \u00bb, il a dit: \u00ab Hum, \u00e7a me donne une id\u00e9e! \u00bb\u2026<\/p>\n<p>Vos grands physiciens lutteront contre la force de la gravit\u00e9 ou l\u2019utiliseront dans 4 ateliers de construction.<\/p>\n<p>Ils d\u00e9couvriront les notions de transformation de l\u2019\u00e9nergie potentielle en \u00e9nergie cin\u00e9tique et d\u2019amortissement, ainsi que les diff\u00e9rentes familles de machines simples (levier, plan inclin\u00e9, poulie, treuil, vis, engrenage, coin).<\/p>\n<p>Peut-\u00eatre se cache-t-il un Isaac Newton parmi eux?<\/p>\n<p><strong>Au menu:<\/strong><\/p>\n<p>Projet avec 3 rencontres:<\/p>\n<ul>\n<li>1re rencontre &#8211; \u00c9nergie cin\u00e9tique (60 minutes).<\/li>\n<li>2e rencontre &#8211; Machines simples (60 minutes).<\/li>\n<li>3e rencontre &#8211; \u0152uf en parachute ou catapulte (60 minutes).<\/li>\n<\/ul>\n<p>Projet avec 4 rencontres:<\/p>\n<ul>\n<li>1re rencontre &#8211; \u00c9nergie cin\u00e9tique (60 minutes).<\/li>\n<li>2e rencontre &#8211; Machines simples (60 minutes).<\/li>\n<li>3e rencontre &#8211; \u0152uf en parachute (60 minutes).<\/li>\n<li>4e rencontre &#8211; Catapulte (60 minutes).<\/li>\n<\/ul>\n<h2><strong><u>Objectifs du primaire:<\/u><\/strong><\/h2>\n<ul>\n<li>D\u00e9crire les transformations d\u2019\u00e9nergie d\u2019une forme \u00e0 l\u2019autre (\u00e9nergie potentielle \u00e0 \u00e9nergie cin\u00e9tique).<\/li>\n<li>D\u00e9crire et exp\u00e9rimenter l\u2019effet de la gravit\u00e9 sur un \u0153uf (en plastique) en chute libre.<\/li>\n<li>Identifier et reconna\u00eetre l\u2019utilit\u00e9 des machines simples (levier, plan inclin\u00e9, vis, poulie, treuil, roue)<strong>.<\/strong><\/li>\n<li>Utiliser des outils de mesure (dynamom\u00e8tre).<\/li>\n<li>Distinguer les notions de masse et de poids.<\/li>\n<\/ul>\n","protected":false},"excerpt":{"rendered":"<p>Que la force soit avec vous ! Il \u00e9tait une fois un grand scientifique qui dormait sous un arbre et une pomme lui est tomb\u00e9e sur la t\u00eate\u2026 Au lieu de crier: \u00ab A\u00efe! \u00bb, il a dit: \u00ab Hum, \u00e7a me donne une id\u00e9e! \u00bb\u2026 Vos grands physiciens lutteront contre la force de la gravit\u00e9 ou l\u2019utiliseront dans 4<\/p>\n<div class=\"h10\"><\/div>\n<p><a class=\"more-link1\" href=\"https:\/\/www.profaqua.ca\/fr\/produit\/lois-de-physique\/\">Voir plus<\/a><\/p>\n","protected":false},"featured_media":1127,"template":"","meta":[],"product_cat":[63],"product_tag":[],"acf":[],"yoast_head":"<!-- This site is optimized with the Yoast SEO plugin v20.13 - https:\/\/yoast.com\/wordpress\/plugins\/seo\/ -->\n<title>Lois de la physique (Colombie-Britannique) - Profaqua<\/title>\n<meta name=\"description\" content=\"Que la force soit avec vous ! Il \u00e9tait une fois un grand scientifique qui dormait sous un arbre et une pomme lui est tomb\u00e9e sur la t\u00eate\u2026 Au lieu de crier:\" \/>\n<meta name=\"robots\" content=\"index, follow, max-snippet:-1, max-image-preview:large, max-video-preview:-1\" \/>\n<link rel=\"canonical\" href=\"https:\/\/www.profaqua.ca\/fr\/produit\/lois-de-physique\/\" \/>\n<meta property=\"og:locale\" content=\"fr_FR\" \/>\n<meta property=\"og:type\" content=\"article\" \/>\n<meta property=\"og:title\" content=\"Lois de la physique (Colombie-Britannique) - Profaqua\" \/>\n<meta property=\"og:description\" content=\"Que la force soit avec vous ! Il \u00e9tait une fois un grand scientifique qui dormait sous un arbre et une pomme lui est tomb\u00e9e sur la t\u00eate\u2026 Au lieu de crier:\" \/>\n<meta property=\"og:url\" content=\"https:\/\/www.profaqua.ca\/fr\/produit\/lois-de-physique\/\" \/>\n<meta property=\"og:site_name\" content=\"Profaqua\" \/>\n<meta property=\"article:publisher\" content=\"https:\/\/www.facebook.com\/profaqua\/\" \/>\n<meta property=\"article:modified_time\" content=\"2024-09-05T00:30:44+00:00\" \/>\n<meta property=\"og:image\" content=\"https:\/\/www.profaqua.ca\/wp-content\/uploads\/2017\/07\/2.18_Lois_de_la_physique_Projet.png\" \/>\n\t<meta property=\"og:image:width\" content=\"1800\" \/>\n\t<meta property=\"og:image:height\" content=\"1800\" \/>\n\t<meta property=\"og:image:type\" content=\"image\/png\" \/>\n<meta name=\"twitter:card\" content=\"summary_large_image\" \/>\n<meta name=\"twitter:label1\" content=\"Dur\u00e9e de lecture estim\u00e9e\" \/>\n\t<meta name=\"twitter:data1\" content=\"2 minutes\" \/>\n<script type=\"application\/ld+json\" class=\"yoast-schema-graph\">{\"@context\":\"https:\/\/schema.org\",\"@graph\":[{\"@type\":\"WebPage\",\"@id\":\"https:\/\/www.profaqua.ca\/fr\/produit\/lois-de-physique\/\",\"url\":\"https:\/\/www.profaqua.ca\/fr\/produit\/lois-de-physique\/\",\"name\":\"Lois de la physique (Colombie-Britannique) - Profaqua\",\"isPartOf\":{\"@id\":\"https:\/\/www.profaqua.ca\/fr\/#website\"},\"datePublished\":\"2017-07-26T09:00:36+00:00\",\"dateModified\":\"2024-09-05T00:30:44+00:00\",\"description\":\"Que la force soit avec vous ! Il \u00e9tait une fois un grand scientifique qui dormait sous un arbre et une pomme lui est tomb\u00e9e sur la t\u00eate\u2026 Au lieu de crier:\",\"breadcrumb\":{\"@id\":\"https:\/\/www.profaqua.ca\/fr\/produit\/lois-de-physique\/#breadcrumb\"},\"inLanguage\":\"fr-FR\",\"potentialAction\":[{\"@type\":\"ReadAction\",\"target\":[\"https:\/\/www.profaqua.ca\/fr\/produit\/lois-de-physique\/\"]}]},{\"@type\":\"BreadcrumbList\",\"@id\":\"https:\/\/www.profaqua.ca\/fr\/produit\/lois-de-physique\/#breadcrumb\",\"itemListElement\":[{\"@type\":\"ListItem\",\"position\":1,\"name\":\"Home\",\"item\":\"https:\/\/www.profaqua.ca\/fr\/\"},{\"@type\":\"ListItem\",\"position\":2,\"name\":\"Produits\",\"item\":\"https:\/\/www.profaqua.ca\/fr\/shop\/\"},{\"@type\":\"ListItem\",\"position\":3,\"name\":\"Lois de la physique (Colombie-Britannique)\"}]},{\"@type\":\"WebSite\",\"@id\":\"https:\/\/www.profaqua.ca\/fr\/#website\",\"url\":\"https:\/\/www.profaqua.ca\/fr\/\",\"name\":\"Profaqua\",\"description\":\"\",\"potentialAction\":[{\"@type\":\"SearchAction\",\"target\":{\"@type\":\"EntryPoint\",\"urlTemplate\":\"https:\/\/www.profaqua.ca\/fr\/?s={search_term_string}\"},\"query-input\":\"required name=search_term_string\"}],\"inLanguage\":\"fr-FR\"}]}<\/script>\n<!-- \/ Yoast SEO plugin. -->","yoast_head_json":{"title":"Lois de la physique (Colombie-Britannique) - Profaqua","description":"Que la force soit avec vous ! Il \u00e9tait une fois un grand scientifique qui dormait sous un arbre et une pomme lui est tomb\u00e9e sur la t\u00eate\u2026 Au lieu de crier:","robots":{"index":"index","follow":"follow","max-snippet":"max-snippet:-1","max-image-preview":"max-image-preview:large","max-video-preview":"max-video-preview:-1"},"canonical":"https:\/\/www.profaqua.ca\/fr\/produit\/lois-de-physique\/","og_locale":"fr_FR","og_type":"article","og_title":"Lois de la physique (Colombie-Britannique) - Profaqua","og_description":"Que la force soit avec vous ! Il \u00e9tait une fois un grand scientifique qui dormait sous un arbre et une pomme lui est tomb\u00e9e sur la t\u00eate\u2026 Au lieu de crier:","og_url":"https:\/\/www.profaqua.ca\/fr\/produit\/lois-de-physique\/","og_site_name":"Profaqua","article_publisher":"https:\/\/www.facebook.com\/profaqua\/","article_modified_time":"2024-09-05T00:30:44+00:00","og_image":[{"width":1800,"height":1800,"url":"https:\/\/www.profaqua.ca\/wp-content\/uploads\/2017\/07\/2.18_Lois_de_la_physique_Projet.png","type":"image\/png"}],"twitter_card":"summary_large_image","twitter_misc":{"Dur\u00e9e de lecture estim\u00e9e":"2 minutes"},"schema":{"@context":"https:\/\/schema.org","@graph":[{"@type":"WebPage","@id":"https:\/\/www.profaqua.ca\/fr\/produit\/lois-de-physique\/","url":"https:\/\/www.profaqua.ca\/fr\/produit\/lois-de-physique\/","name":"Lois de la physique (Colombie-Britannique) - Profaqua","isPartOf":{"@id":"https:\/\/www.profaqua.ca\/fr\/#website"},"datePublished":"2017-07-26T09:00:36+00:00","dateModified":"2024-09-05T00:30:44+00:00","description":"Que la force soit avec vous ! Il \u00e9tait une fois un grand scientifique qui dormait sous un arbre et une pomme lui est tomb\u00e9e sur la t\u00eate\u2026 Au lieu de crier:","breadcrumb":{"@id":"https:\/\/www.profaqua.ca\/fr\/produit\/lois-de-physique\/#breadcrumb"},"inLanguage":"fr-FR","potentialAction":[{"@type":"ReadAction","target":["https:\/\/www.profaqua.ca\/fr\/produit\/lois-de-physique\/"]}]},{"@type":"BreadcrumbList","@id":"https:\/\/www.profaqua.ca\/fr\/produit\/lois-de-physique\/#breadcrumb","itemListElement":[{"@type":"ListItem","position":1,"name":"Home","item":"https:\/\/www.profaqua.ca\/fr\/"},{"@type":"ListItem","position":2,"name":"Produits","item":"https:\/\/www.profaqua.ca\/fr\/shop\/"},{"@type":"ListItem","position":3,"name":"Lois de la physique (Colombie-Britannique)"}]},{"@type":"WebSite","@id":"https:\/\/www.profaqua.ca\/fr\/#website","url":"https:\/\/www.profaqua.ca\/fr\/","name":"Profaqua","description":"","potentialAction":[{"@type":"SearchAction","target":{"@type":"EntryPoint","urlTemplate":"https:\/\/www.profaqua.ca\/fr\/?s={search_term_string}"},"query-input":"required name=search_term_string"}],"inLanguage":"fr-FR"}]}},"_links":{"self":[{"href":"https:\/\/www.profaqua.ca\/fr\/wp-json\/wp\/v2\/product\/1126"}],"collection":[{"href":"https:\/\/www.profaqua.ca\/fr\/wp-json\/wp\/v2\/product"}],"about":[{"href":"https:\/\/www.profaqua.ca\/fr\/wp-json\/wp\/v2\/types\/product"}],"wp:featuredmedia":[{"embeddable":true,"href":"https:\/\/www.profaqua.ca\/fr\/wp-json\/wp\/v2\/media\/1127"}],"wp:attachment":[{"href":"https:\/\/www.profaqua.ca\/fr\/wp-json\/wp\/v2\/media?parent=1126"}],"wp:term":[{"taxonomy":"product_cat","embeddable":true,"href":"https:\/\/www.profaqua.ca\/fr\/wp-json\/wp\/v2\/product_cat?post=1126"},{"taxonomy":"product_tag","embeddable":true,"href":"https:\/\/www.profaqua.ca\/fr\/wp-json\/wp\/v2\/product_tag?post=1126"}],"curies":[{"name":"wp","href":"https:\/\/api.w.org\/{rel}","templated":true}]}}