{"id":1123,"date":"2020-08-26T03:57:43","date_gmt":"2020-08-26T08:57:43","guid":{"rendered":"https:\/\/www.profaqua.ca\/?post_type=product&#038;p=1123\/"},"modified":"2024-09-04T20:54:56","modified_gmt":"2024-09-05T01:54:56","slug":"jeu-de-circuits-electriques-ordinateur","status":"publish","type":"product","link":"https:\/\/www.profaqua.ca\/fr\/produit\/jeu-de-circuits-electriques-ordinateur\/","title":{"rendered":"Jeu de circuits \u00e9lectriques &#8211; Tablette \u00e9lectrique (Colombie-Britannique)"},"content":{"rendered":"<p><strong>Comme dans un ordinateur !<\/strong><\/p>\n<p>Saviez-vous que le mot \u00ab bug \u00bb informatique vient d\u2019un court-circuit caus\u00e9 par un insecte venu se mettre au chaud dans un des premiers ordinateurs construit par l\u2019homme?<\/p>\n<p>Dans ce projet cl\u00e9s en main, r\u00e9parti sur trois ateliers, les jeunes informaticiens d\u00e9couvriront d\u2019abord comment faire des circuits \u00e9lectriques en s\u00e9rie et en parall\u00e8le, pour ensuite mettre en application leurs connaissances en fabriquant leur propre \u00abtablette \u00e9lectrique\u00bb en utilisant une chemise de carton!<\/p>\n<p>Une belle mani\u00e8re d\u2019int\u00e9grer de nouvelles informations!<\/p>\n<p><strong>Au menu:<\/strong><\/p>\n<p>1re rencontre &#8211; Circuits \u00e9lectriques (60 ou 75 minutes).<\/p>\n<p>2e rencontre &#8211; Construction de la tablette \u00e9lectrique (60 ou 75 minutes).<\/p>\n<p>3e rencontre &#8211; Construction de la tablette \u00e9lectrique (60 ou 75 minutes).<\/p>\n<h2><strong><u>Objectifs du primaire:<\/u><\/strong><\/h2>\n<ul>\n<li>Utiliser diff\u00e9rentes composantes d\u2019un circuit \u00e9lectrique simple (fils, source, ampoule, interrupteur) pour construire la tablette \u00e9lectrique.<\/li>\n<li>Comprendre l\u2019utilit\u00e9 et le fonctionnement de diff\u00e9rents circuits \u00e9lectriques (en s\u00e9rie, en parall\u00e8le, ferm\u00e9 et ouvert).<\/li>\n<li>Savoir lire les plans comportant des symboles.<\/li>\n<li>R\u00e9fl\u00e9chir sur ses erreurs afin d\u2019en identifier la source.<\/li>\n<\/ul>\n","protected":false},"excerpt":{"rendered":"<p>Comme dans un ordinateur ! Saviez-vous que le mot \u00ab bug \u00bb informatique vient d\u2019un court-circuit caus\u00e9 par un insecte venu se mettre au chaud dans un des premiers ordinateurs construit par l\u2019homme? Dans ce projet cl\u00e9s en main, r\u00e9parti sur trois ateliers, les jeunes informaticiens d\u00e9couvriront d\u2019abord comment faire des circuits \u00e9lectriques en s\u00e9rie et en parall\u00e8le, pour ensuite<\/p>\n<div class=\"h10\"><\/div>\n<p><a class=\"more-link1\" href=\"https:\/\/www.profaqua.ca\/fr\/produit\/jeu-de-circuits-electriques-ordinateur\/\">Voir plus<\/a><\/p>\n","protected":false},"featured_media":1124,"template":"","meta":[],"product_cat":[63],"product_tag":[],"acf":[],"yoast_head":"<!-- This site is optimized with the Yoast SEO plugin v20.13 - https:\/\/yoast.com\/wordpress\/plugins\/seo\/ -->\n<title>Jeu de circuits \u00e9lectriques - Tablette \u00e9lectrique (Colombie-Britannique) - Profaqua<\/title>\n<meta name=\"description\" content=\"Comme dans un ordinateur ! Saviez-vous que le mot \u00ab bug \u00bb informatique vient d\u2019un court-circuit caus\u00e9 par un insecte venu se mettre au chaud dans un des\" \/>\n<meta name=\"robots\" content=\"index, follow, max-snippet:-1, max-image-preview:large, max-video-preview:-1\" \/>\n<link rel=\"canonical\" href=\"https:\/\/www.profaqua.ca\/fr\/produit\/jeu-de-circuits-electriques-ordinateur\/\" \/>\n<meta property=\"og:locale\" content=\"fr_FR\" \/>\n<meta property=\"og:type\" content=\"article\" \/>\n<meta property=\"og:title\" content=\"Jeu de circuits \u00e9lectriques - Tablette \u00e9lectrique (Colombie-Britannique) - Profaqua\" \/>\n<meta property=\"og:description\" content=\"Comme dans un ordinateur ! Saviez-vous que le mot \u00ab bug \u00bb informatique vient d\u2019un court-circuit caus\u00e9 par un insecte venu se mettre au chaud dans un des\" \/>\n<meta property=\"og:url\" content=\"https:\/\/www.profaqua.ca\/fr\/produit\/jeu-de-circuits-electriques-ordinateur\/\" \/>\n<meta property=\"og:site_name\" content=\"Profaqua\" \/>\n<meta property=\"article:publisher\" content=\"https:\/\/www.facebook.com\/profaqua\/\" \/>\n<meta property=\"article:modified_time\" content=\"2024-09-05T01:54:56+00:00\" \/>\n<meta property=\"og:image\" content=\"https:\/\/www.profaqua.ca\/wp-content\/uploads\/2017\/07\/2.17.2_Jeu_\u00e9lectriques_Ordinateur_Projet.png\" \/>\n\t<meta property=\"og:image:width\" content=\"1800\" \/>\n\t<meta property=\"og:image:height\" content=\"1800\" \/>\n\t<meta property=\"og:image:type\" content=\"image\/png\" \/>\n<meta name=\"twitter:card\" content=\"summary_large_image\" \/>\n<meta name=\"twitter:label1\" content=\"Dur\u00e9e de lecture estim\u00e9e\" \/>\n\t<meta name=\"twitter:data1\" content=\"1 minute\" \/>\n<script type=\"application\/ld+json\" class=\"yoast-schema-graph\">{\"@context\":\"https:\/\/schema.org\",\"@graph\":[{\"@type\":\"WebPage\",\"@id\":\"https:\/\/www.profaqua.ca\/fr\/produit\/jeu-de-circuits-electriques-ordinateur\/\",\"url\":\"https:\/\/www.profaqua.ca\/fr\/produit\/jeu-de-circuits-electriques-ordinateur\/\",\"name\":\"Jeu de circuits \u00e9lectriques - Tablette \u00e9lectrique (Colombie-Britannique) - Profaqua\",\"isPartOf\":{\"@id\":\"https:\/\/www.profaqua.ca\/fr\/#website\"},\"datePublished\":\"2020-08-26T08:57:43+00:00\",\"dateModified\":\"2024-09-05T01:54:56+00:00\",\"description\":\"Comme dans un ordinateur ! Saviez-vous que le mot \u00ab bug \u00bb informatique vient d\u2019un court-circuit caus\u00e9 par un insecte venu se mettre au chaud dans un des\",\"breadcrumb\":{\"@id\":\"https:\/\/www.profaqua.ca\/fr\/produit\/jeu-de-circuits-electriques-ordinateur\/#breadcrumb\"},\"inLanguage\":\"fr-FR\",\"potentialAction\":[{\"@type\":\"ReadAction\",\"target\":[\"https:\/\/www.profaqua.ca\/fr\/produit\/jeu-de-circuits-electriques-ordinateur\/\"]}]},{\"@type\":\"BreadcrumbList\",\"@id\":\"https:\/\/www.profaqua.ca\/fr\/produit\/jeu-de-circuits-electriques-ordinateur\/#breadcrumb\",\"itemListElement\":[{\"@type\":\"ListItem\",\"position\":1,\"name\":\"Home\",\"item\":\"https:\/\/www.profaqua.ca\/fr\/\"},{\"@type\":\"ListItem\",\"position\":2,\"name\":\"Produits\",\"item\":\"https:\/\/www.profaqua.ca\/fr\/shop\/\"},{\"@type\":\"ListItem\",\"position\":3,\"name\":\"Jeu de circuits \u00e9lectriques &#8211; Tablette \u00e9lectrique (Colombie-Britannique)\"}]},{\"@type\":\"WebSite\",\"@id\":\"https:\/\/www.profaqua.ca\/fr\/#website\",\"url\":\"https:\/\/www.profaqua.ca\/fr\/\",\"name\":\"Profaqua\",\"description\":\"\",\"potentialAction\":[{\"@type\":\"SearchAction\",\"target\":{\"@type\":\"EntryPoint\",\"urlTemplate\":\"https:\/\/www.profaqua.ca\/fr\/?s={search_term_string}\"},\"query-input\":\"required name=search_term_string\"}],\"inLanguage\":\"fr-FR\"}]}<\/script>\n<!-- \/ Yoast SEO plugin. -->","yoast_head_json":{"title":"Jeu de circuits \u00e9lectriques - Tablette \u00e9lectrique (Colombie-Britannique) - Profaqua","description":"Comme dans un ordinateur ! Saviez-vous que le mot \u00ab bug \u00bb informatique vient d\u2019un court-circuit caus\u00e9 par un insecte venu se mettre au chaud dans un des","robots":{"index":"index","follow":"follow","max-snippet":"max-snippet:-1","max-image-preview":"max-image-preview:large","max-video-preview":"max-video-preview:-1"},"canonical":"https:\/\/www.profaqua.ca\/fr\/produit\/jeu-de-circuits-electriques-ordinateur\/","og_locale":"fr_FR","og_type":"article","og_title":"Jeu de circuits \u00e9lectriques - Tablette \u00e9lectrique (Colombie-Britannique) - Profaqua","og_description":"Comme dans un ordinateur ! Saviez-vous que le mot \u00ab bug \u00bb informatique vient d\u2019un court-circuit caus\u00e9 par un insecte venu se mettre au chaud dans un des","og_url":"https:\/\/www.profaqua.ca\/fr\/produit\/jeu-de-circuits-electriques-ordinateur\/","og_site_name":"Profaqua","article_publisher":"https:\/\/www.facebook.com\/profaqua\/","article_modified_time":"2024-09-05T01:54:56+00:00","og_image":[{"width":1800,"height":1800,"url":"https:\/\/www.profaqua.ca\/wp-content\/uploads\/2017\/07\/2.17.2_Jeu_\u00e9lectriques_Ordinateur_Projet.png","type":"image\/png"}],"twitter_card":"summary_large_image","twitter_misc":{"Dur\u00e9e de lecture estim\u00e9e":"1 minute"},"schema":{"@context":"https:\/\/schema.org","@graph":[{"@type":"WebPage","@id":"https:\/\/www.profaqua.ca\/fr\/produit\/jeu-de-circuits-electriques-ordinateur\/","url":"https:\/\/www.profaqua.ca\/fr\/produit\/jeu-de-circuits-electriques-ordinateur\/","name":"Jeu de circuits \u00e9lectriques - Tablette \u00e9lectrique (Colombie-Britannique) - Profaqua","isPartOf":{"@id":"https:\/\/www.profaqua.ca\/fr\/#website"},"datePublished":"2020-08-26T08:57:43+00:00","dateModified":"2024-09-05T01:54:56+00:00","description":"Comme dans un ordinateur ! Saviez-vous que le mot \u00ab bug \u00bb informatique vient d\u2019un court-circuit caus\u00e9 par un insecte venu se mettre au chaud dans un des","breadcrumb":{"@id":"https:\/\/www.profaqua.ca\/fr\/produit\/jeu-de-circuits-electriques-ordinateur\/#breadcrumb"},"inLanguage":"fr-FR","potentialAction":[{"@type":"ReadAction","target":["https:\/\/www.profaqua.ca\/fr\/produit\/jeu-de-circuits-electriques-ordinateur\/"]}]},{"@type":"BreadcrumbList","@id":"https:\/\/www.profaqua.ca\/fr\/produit\/jeu-de-circuits-electriques-ordinateur\/#breadcrumb","itemListElement":[{"@type":"ListItem","position":1,"name":"Home","item":"https:\/\/www.profaqua.ca\/fr\/"},{"@type":"ListItem","position":2,"name":"Produits","item":"https:\/\/www.profaqua.ca\/fr\/shop\/"},{"@type":"ListItem","position":3,"name":"Jeu de circuits \u00e9lectriques &#8211; Tablette \u00e9lectrique (Colombie-Britannique)"}]},{"@type":"WebSite","@id":"https:\/\/www.profaqua.ca\/fr\/#website","url":"https:\/\/www.profaqua.ca\/fr\/","name":"Profaqua","description":"","potentialAction":[{"@type":"SearchAction","target":{"@type":"EntryPoint","urlTemplate":"https:\/\/www.profaqua.ca\/fr\/?s={search_term_string}"},"query-input":"required name=search_term_string"}],"inLanguage":"fr-FR"}]}},"_links":{"self":[{"href":"https:\/\/www.profaqua.ca\/fr\/wp-json\/wp\/v2\/product\/1123"}],"collection":[{"href":"https:\/\/www.profaqua.ca\/fr\/wp-json\/wp\/v2\/product"}],"about":[{"href":"https:\/\/www.profaqua.ca\/fr\/wp-json\/wp\/v2\/types\/product"}],"wp:featuredmedia":[{"embeddable":true,"href":"https:\/\/www.profaqua.ca\/fr\/wp-json\/wp\/v2\/media\/1124"}],"wp:attachment":[{"href":"https:\/\/www.profaqua.ca\/fr\/wp-json\/wp\/v2\/media?parent=1123"}],"wp:term":[{"taxonomy":"product_cat","embeddable":true,"href":"https:\/\/www.profaqua.ca\/fr\/wp-json\/wp\/v2\/product_cat?post=1123"},{"taxonomy":"product_tag","embeddable":true,"href":"https:\/\/www.profaqua.ca\/fr\/wp-json\/wp\/v2\/product_tag?post=1123"}],"curies":[{"name":"wp","href":"https:\/\/api.w.org\/{rel}","templated":true}]}}