{"id":1116,"date":"2020-08-26T03:51:58","date_gmt":"2020-08-26T08:51:58","guid":{"rendered":"https:\/\/www.profaqua.ca\/?post_type=product&#038;p=1116\/"},"modified":"2024-09-04T20:36:03","modified_gmt":"2024-09-05T01:36:03","slug":"energie","status":"publish","type":"product","link":"https:\/\/www.profaqua.ca\/fr\/produit\/energie\/","title":{"rendered":"\u00c9nergie (Colombie-Britannique)"},"content":{"rendered":"<p><strong>Faites des r\u00e9serves d\u2019\u00e9nergie !<\/strong><\/p>\n<p>De l\u2019eau au moteur \u00e9lectrique, suivons les \u00e9lectrons de leur production \u00e0 leur utilisation!<\/p>\n<p>Dans ce projet \u00e9lectrisant, vos jeunes scientifiques seront les t\u00e9moins privil\u00e9gi\u00e9s du voyage de l\u2019\u00e9lectron, allant de la transformation d\u2019\u00e9nergie naturelle (soleil, vent, eau, citrons, muscles) en \u00e9nergie \u00e9lectrique, puis \u00e0 l\u2019utilisation de cette \u00e9nergie dans des circuits \u00e9lectriques en s\u00e9rie et en parall\u00e8le faisant fonctionner des ampoules et des \u00e9lectroaimants.<\/p>\n<p>Ce projet \u00e9nerg\u00e9tique et \u00e9nergisant, compos\u00e9 de 3 ateliers saura les fasciner!<\/p>\n<p><strong>Au menu:<\/strong><\/p>\n<p>1re rencontre &#8211;\u00a0 Sources d\u2019\u00e9nergie (60 ou 75 minutes).<\/p>\n<p>2e rencontre &#8211; Circuits \u00e9lectriques (60 ou 75 minutes).<\/p>\n<p>3e rencontre &#8211; \u00c9lectromagn\u00e9tisme (60 ou 75 minutes).<\/p>\n<h2><strong><u>Objectifs du primaire:<\/u><\/strong><\/h2>\n<ul>\n<li>Comprendre comment l\u2019\u00e9lectricit\u00e9 est produite et voyage.<\/li>\n<li>D\u00e9crire les transformations d\u2019\u00e9nergie et les utiliser pour comprendre leurs impacts sur l\u2019environnement (m\u00e9canique, \u00e9lectrique, lumineuse, chimique, hydraulique).<\/li>\n<li>G\u00e9n\u00e9rer du courant \u00e9lectrique avec une dynamo (g\u00e9n\u00e9ratrice) pour faire fonctionner un moteur, un ventilateur et un n\u00e9on.<\/li>\n<li>Diff\u00e9rencier les formes d\u2019\u00e9nergie renouvelable et non renouvelable.<\/li>\n<li>Expliquer ce qu\u2019est l\u2019\u00e9lectromagn\u00e9tisme.<\/li>\n<li>Reconna\u00eetre les effets de l\u2019\u00e9lectromagn\u00e9tisme en \u00e9lectricit\u00e9.<\/li>\n<li>Cr\u00e9er diff\u00e9rents circuits \u00e9lectriques (en s\u00e9rie, en parall\u00e8le, ferm\u00e9 et ouvert).<\/li>\n<li>Comprendre comment la lumi\u00e8re produit de l\u2019\u00e9nergie.<\/li>\n<\/ul>\n<h2><strong><u>Objectifs du secondaire:<\/u><\/strong><\/h2>\n<ul>\n<li>D\u00e9crire les transformations d\u2019\u00e9nergie d\u2019une forme \u00e0 l\u2019autre qui surviennent lors du fonctionnement d\u2019appareils \u00e9lectriques.<\/li>\n<li>D\u00e9crire et expliquer les cons\u00e9quences de l\u2019utilisation des ressources \u00e9nerg\u00e9tiques renouvelables et non renouvelables.<\/li>\n<li>Utiliser des composantes \u00e9lectriques et \u00e9lectromagn\u00e9tiques pour cr\u00e9er diff\u00e9rents circuits.<\/li>\n<li>Comprendre le fonctionnement d\u2019un \u00e9lectroaimant et de son champ \u00e9lectromagn\u00e9tique.<\/li>\n<li>Nommer des moyens qui permettent de modifier l\u2019intensit\u00e9 du champ magn\u00e9tique produit par un sol\u00e9no\u00efde (nature du noyau, intensit\u00e9 du courant, nombre de spires).<\/li>\n<li>Expliquer l\u2019utilisation des sol\u00e9no\u00efdes dans des applications technologiques (ex. : \u00e9couteur, moteur \u00e9lectrique, grue magn\u00e9tique).<\/li>\n<li>D\u00e9crire la fa\u00e7on dont les rayons lumineux sont d\u00e9vi\u00e9s par une surface r\u00e9fl\u00e9chissante plane et un miroir.<\/li>\n<li>D\u00e9crire la fa\u00e7on dont les rayons lumineux sont d\u00e9vi\u00e9s lorsqu\u2019ils traversent la surface d\u2019une substance translucide convexe ou concave.<\/li>\n<\/ul>\n","protected":false},"excerpt":{"rendered":"<p>Faites des r\u00e9serves d\u2019\u00e9nergie ! De l\u2019eau au moteur \u00e9lectrique, suivons les \u00e9lectrons de leur production \u00e0 leur utilisation! Dans ce projet \u00e9lectrisant, vos jeunes scientifiques seront les t\u00e9moins privil\u00e9gi\u00e9s du voyage de l\u2019\u00e9lectron, allant de la transformation d\u2019\u00e9nergie naturelle (soleil, vent, eau, citrons, muscles) en \u00e9nergie \u00e9lectrique, puis \u00e0 l\u2019utilisation de cette \u00e9nergie dans des circuits \u00e9lectriques en s\u00e9rie<\/p>\n<div class=\"h10\"><\/div>\n<p><a class=\"more-link1\" href=\"https:\/\/www.profaqua.ca\/fr\/produit\/energie\/\">Voir plus<\/a><\/p>\n","protected":false},"featured_media":1117,"template":"","meta":[],"product_cat":[63],"product_tag":[],"acf":[],"yoast_head":"<!-- This site is optimized with the Yoast SEO plugin v20.13 - https:\/\/yoast.com\/wordpress\/plugins\/seo\/ -->\n<title>\u00c9nergie (Colombie-Britannique) - Profaqua<\/title>\n<meta name=\"description\" content=\"Faites des r\u00e9serves d\u2019\u00e9nergie ! De l\u2019eau au moteur \u00e9lectrique, suivons les \u00e9lectrons de leur production \u00e0 leur utilisation! Dans ce projet \u00e9lectrisant,\" \/>\n<meta name=\"robots\" content=\"index, follow, max-snippet:-1, max-image-preview:large, max-video-preview:-1\" \/>\n<link rel=\"canonical\" href=\"https:\/\/www.profaqua.ca\/fr\/produit\/energie\/\" \/>\n<meta property=\"og:locale\" content=\"fr_FR\" \/>\n<meta property=\"og:type\" content=\"article\" \/>\n<meta property=\"og:title\" content=\"\u00c9nergie (Colombie-Britannique) - Profaqua\" \/>\n<meta property=\"og:description\" content=\"Faites des r\u00e9serves d\u2019\u00e9nergie ! De l\u2019eau au moteur \u00e9lectrique, suivons les \u00e9lectrons de leur production \u00e0 leur utilisation! Dans ce projet \u00e9lectrisant,\" \/>\n<meta property=\"og:url\" content=\"https:\/\/www.profaqua.ca\/fr\/produit\/energie\/\" \/>\n<meta property=\"og:site_name\" content=\"Profaqua\" \/>\n<meta property=\"article:publisher\" content=\"https:\/\/www.facebook.com\/profaqua\/\" \/>\n<meta property=\"article:modified_time\" content=\"2024-09-05T01:36:03+00:00\" \/>\n<meta property=\"og:image\" content=\"https:\/\/www.profaqua.ca\/wp-content\/uploads\/2017\/07\/2.12_\u00e9nergie_Projet.png\" \/>\n\t<meta property=\"og:image:width\" content=\"1800\" \/>\n\t<meta property=\"og:image:height\" content=\"1800\" \/>\n\t<meta property=\"og:image:type\" content=\"image\/png\" \/>\n<meta name=\"twitter:card\" content=\"summary_large_image\" \/>\n<meta name=\"twitter:label1\" content=\"Dur\u00e9e de lecture estim\u00e9e\" \/>\n\t<meta name=\"twitter:data1\" content=\"2 minutes\" \/>\n<script type=\"application\/ld+json\" class=\"yoast-schema-graph\">{\"@context\":\"https:\/\/schema.org\",\"@graph\":[{\"@type\":\"WebPage\",\"@id\":\"https:\/\/www.profaqua.ca\/fr\/produit\/energie\/\",\"url\":\"https:\/\/www.profaqua.ca\/fr\/produit\/energie\/\",\"name\":\"\u00c9nergie (Colombie-Britannique) - Profaqua\",\"isPartOf\":{\"@id\":\"https:\/\/www.profaqua.ca\/fr\/#website\"},\"datePublished\":\"2020-08-26T08:51:58+00:00\",\"dateModified\":\"2024-09-05T01:36:03+00:00\",\"description\":\"Faites des r\u00e9serves d\u2019\u00e9nergie ! De l\u2019eau au moteur \u00e9lectrique, suivons les \u00e9lectrons de leur production \u00e0 leur utilisation! Dans ce projet \u00e9lectrisant,\",\"breadcrumb\":{\"@id\":\"https:\/\/www.profaqua.ca\/fr\/produit\/energie\/#breadcrumb\"},\"inLanguage\":\"fr-FR\",\"potentialAction\":[{\"@type\":\"ReadAction\",\"target\":[\"https:\/\/www.profaqua.ca\/fr\/produit\/energie\/\"]}]},{\"@type\":\"BreadcrumbList\",\"@id\":\"https:\/\/www.profaqua.ca\/fr\/produit\/energie\/#breadcrumb\",\"itemListElement\":[{\"@type\":\"ListItem\",\"position\":1,\"name\":\"Home\",\"item\":\"https:\/\/www.profaqua.ca\/fr\/\"},{\"@type\":\"ListItem\",\"position\":2,\"name\":\"Produits\",\"item\":\"https:\/\/www.profaqua.ca\/fr\/shop\/\"},{\"@type\":\"ListItem\",\"position\":3,\"name\":\"\u00c9nergie (Colombie-Britannique)\"}]},{\"@type\":\"WebSite\",\"@id\":\"https:\/\/www.profaqua.ca\/fr\/#website\",\"url\":\"https:\/\/www.profaqua.ca\/fr\/\",\"name\":\"Profaqua\",\"description\":\"\",\"potentialAction\":[{\"@type\":\"SearchAction\",\"target\":{\"@type\":\"EntryPoint\",\"urlTemplate\":\"https:\/\/www.profaqua.ca\/fr\/?s={search_term_string}\"},\"query-input\":\"required name=search_term_string\"}],\"inLanguage\":\"fr-FR\"}]}<\/script>\n<!-- \/ Yoast SEO plugin. -->","yoast_head_json":{"title":"\u00c9nergie (Colombie-Britannique) - Profaqua","description":"Faites des r\u00e9serves d\u2019\u00e9nergie ! De l\u2019eau au moteur \u00e9lectrique, suivons les \u00e9lectrons de leur production \u00e0 leur utilisation! Dans ce projet \u00e9lectrisant,","robots":{"index":"index","follow":"follow","max-snippet":"max-snippet:-1","max-image-preview":"max-image-preview:large","max-video-preview":"max-video-preview:-1"},"canonical":"https:\/\/www.profaqua.ca\/fr\/produit\/energie\/","og_locale":"fr_FR","og_type":"article","og_title":"\u00c9nergie (Colombie-Britannique) - Profaqua","og_description":"Faites des r\u00e9serves d\u2019\u00e9nergie ! De l\u2019eau au moteur \u00e9lectrique, suivons les \u00e9lectrons de leur production \u00e0 leur utilisation! Dans ce projet \u00e9lectrisant,","og_url":"https:\/\/www.profaqua.ca\/fr\/produit\/energie\/","og_site_name":"Profaqua","article_publisher":"https:\/\/www.facebook.com\/profaqua\/","article_modified_time":"2024-09-05T01:36:03+00:00","og_image":[{"width":1800,"height":1800,"url":"https:\/\/www.profaqua.ca\/wp-content\/uploads\/2017\/07\/2.12_\u00e9nergie_Projet.png","type":"image\/png"}],"twitter_card":"summary_large_image","twitter_misc":{"Dur\u00e9e de lecture estim\u00e9e":"2 minutes"},"schema":{"@context":"https:\/\/schema.org","@graph":[{"@type":"WebPage","@id":"https:\/\/www.profaqua.ca\/fr\/produit\/energie\/","url":"https:\/\/www.profaqua.ca\/fr\/produit\/energie\/","name":"\u00c9nergie (Colombie-Britannique) - Profaqua","isPartOf":{"@id":"https:\/\/www.profaqua.ca\/fr\/#website"},"datePublished":"2020-08-26T08:51:58+00:00","dateModified":"2024-09-05T01:36:03+00:00","description":"Faites des r\u00e9serves d\u2019\u00e9nergie ! De l\u2019eau au moteur \u00e9lectrique, suivons les \u00e9lectrons de leur production \u00e0 leur utilisation! Dans ce projet \u00e9lectrisant,","breadcrumb":{"@id":"https:\/\/www.profaqua.ca\/fr\/produit\/energie\/#breadcrumb"},"inLanguage":"fr-FR","potentialAction":[{"@type":"ReadAction","target":["https:\/\/www.profaqua.ca\/fr\/produit\/energie\/"]}]},{"@type":"BreadcrumbList","@id":"https:\/\/www.profaqua.ca\/fr\/produit\/energie\/#breadcrumb","itemListElement":[{"@type":"ListItem","position":1,"name":"Home","item":"https:\/\/www.profaqua.ca\/fr\/"},{"@type":"ListItem","position":2,"name":"Produits","item":"https:\/\/www.profaqua.ca\/fr\/shop\/"},{"@type":"ListItem","position":3,"name":"\u00c9nergie (Colombie-Britannique)"}]},{"@type":"WebSite","@id":"https:\/\/www.profaqua.ca\/fr\/#website","url":"https:\/\/www.profaqua.ca\/fr\/","name":"Profaqua","description":"","potentialAction":[{"@type":"SearchAction","target":{"@type":"EntryPoint","urlTemplate":"https:\/\/www.profaqua.ca\/fr\/?s={search_term_string}"},"query-input":"required name=search_term_string"}],"inLanguage":"fr-FR"}]}},"_links":{"self":[{"href":"https:\/\/www.profaqua.ca\/fr\/wp-json\/wp\/v2\/product\/1116"}],"collection":[{"href":"https:\/\/www.profaqua.ca\/fr\/wp-json\/wp\/v2\/product"}],"about":[{"href":"https:\/\/www.profaqua.ca\/fr\/wp-json\/wp\/v2\/types\/product"}],"wp:featuredmedia":[{"embeddable":true,"href":"https:\/\/www.profaqua.ca\/fr\/wp-json\/wp\/v2\/media\/1117"}],"wp:attachment":[{"href":"https:\/\/www.profaqua.ca\/fr\/wp-json\/wp\/v2\/media?parent=1116"}],"wp:term":[{"taxonomy":"product_cat","embeddable":true,"href":"https:\/\/www.profaqua.ca\/fr\/wp-json\/wp\/v2\/product_cat?post=1116"},{"taxonomy":"product_tag","embeddable":true,"href":"https:\/\/www.profaqua.ca\/fr\/wp-json\/wp\/v2\/product_tag?post=1116"}],"curies":[{"name":"wp","href":"https:\/\/api.w.org\/{rel}","templated":true}]}}