{"id":1113,"date":"2020-08-26T03:50:34","date_gmt":"2020-08-26T08:50:34","guid":{"rendered":"https:\/\/www.profaqua.ca\/?post_type=product&#038;p=1113\/"},"modified":"2024-09-04T20:28:50","modified_gmt":"2024-09-05T01:28:50","slug":"circuits","status":"publish","type":"product","link":"https:\/\/www.profaqua.ca\/fr\/produit\/circuits\/","title":{"rendered":"Circuits (Colombie-Britannique)"},"content":{"rendered":"<p><strong>Des exp\u00e9riences \u00e9lectrisantes !<\/strong><\/p>\n<p>Du plus grand au plus petit, les myst\u00e8res de l\u2019\u00e9lectricit\u00e9 vous seront r\u00e9v\u00e9l\u00e9s\u2026<\/p>\n<p>Dans ces 2 ateliers, les jeunes \u00e9lectroniciens construiront des circuits \u00e9lectriques simples et de plus en plus complexes, en utilisant l\u2019ampoule \u00e9lectrique jusqu\u2019au circuit int\u00e9gr\u00e9!<\/p>\n<p>Ils commenceront par apprendre la diff\u00e9rence entre circuit en s\u00e9rie et en parall\u00e8le pour ensuite utiliser les incroyables mallettes \u00e9lectroniques SNAP-ON\u00ae.<\/p>\n<p>Vous serez impressionn\u00e9 de les voir cr\u00e9er leurs horloges et prendre le contr\u00f4le des ondes AM d\u2019un vrai poste radio pour y diffuser leur propre musique.<\/p>\n<p>Les composantes \u00e9lectroniques n\u2019auront plus de secrets pour eux!<\/p>\n<p><strong>Au menu:<\/strong><\/p>\n<p>1re rencontre &#8211; Circuits \u00e9lectriques (60 ou 75 minutes).<\/p>\n<p>2e rencontre &#8211; \u00c9lectronique (60 ou 75 minutes).<\/p>\n<h2><strong><u>Objectifs du primaire:<\/u><\/strong><\/h2>\n<ul>\n<li>Comprendre ce qu\u2019est l\u2019\u00e9lectricit\u00e9.<\/li>\n<li>Utiliser diff\u00e9rentes composantes d\u2019un circuit \u00e9lectrique simple et complexe (fil, ampoule, source, interrupteur).<\/li>\n<li>Pouvoir comprendre la fonction des composantes des diff\u00e9rentes pi\u00e8ces \u00e9lectroniques Snap On \u00ae.<\/li>\n<li>Comprendre l\u2019utilit\u00e9 et le fonctionnement de diff\u00e9rents circuits \u00e9lectriques (s\u00e9rie, parall\u00e8le).<\/li>\n<li>Savoir lire les plans comportant des symboles.<\/li>\n<li>R\u00e9fl\u00e9chir sur ses erreurs afin d\u2019en identifier la source.<\/li>\n<\/ul>\n<h2><strong><u>Objectifs du secondaire:<\/u><\/strong><\/h2>\n<ul>\n<li>D\u00e9crire les transformations d\u2019\u00e9nergie qui surviennent lors du fonctionnement d\u2019appareils \u00e9lectroniques.<\/li>\n<li>Assembler et d\u00e9crire les fonctions des composantes \u00e9lectriques et \u00e9lectroniques en fonction du sch\u00e9ma des circuits donn\u00e9s.<\/li>\n<li>Distinguer le courant alternatif du courant continu.<\/li>\n<\/ul>\n","protected":false},"excerpt":{"rendered":"<p>Des exp\u00e9riences \u00e9lectrisantes ! Du plus grand au plus petit, les myst\u00e8res de l\u2019\u00e9lectricit\u00e9 vous seront r\u00e9v\u00e9l\u00e9s\u2026 Dans ces 2 ateliers, les jeunes \u00e9lectroniciens construiront des circuits \u00e9lectriques simples et de plus en plus complexes, en utilisant l\u2019ampoule \u00e9lectrique jusqu\u2019au circuit int\u00e9gr\u00e9! Ils commenceront par apprendre la diff\u00e9rence entre circuit en s\u00e9rie et en parall\u00e8le pour ensuite utiliser les incroyables<\/p>\n<div class=\"h10\"><\/div>\n<p><a class=\"more-link1\" href=\"https:\/\/www.profaqua.ca\/fr\/produit\/circuits\/\">Voir plus<\/a><\/p>\n","protected":false},"featured_media":1114,"template":"","meta":[],"product_cat":[63],"product_tag":[],"acf":[],"yoast_head":"<!-- This site is optimized with the Yoast SEO plugin v20.13 - https:\/\/yoast.com\/wordpress\/plugins\/seo\/ -->\n<title>Circuits (Colombie-Britannique) - Profaqua<\/title>\n<meta name=\"description\" content=\"Des exp\u00e9riences \u00e9lectrisantes ! Du plus grand au plus petit, les myst\u00e8res de l\u2019\u00e9lectricit\u00e9 vous seront r\u00e9v\u00e9l\u00e9s\u2026 Dans ces 2 ateliers, les jeunes\" \/>\n<meta name=\"robots\" content=\"index, follow, max-snippet:-1, max-image-preview:large, max-video-preview:-1\" \/>\n<link rel=\"canonical\" href=\"https:\/\/www.profaqua.ca\/fr\/produit\/circuits\/\" \/>\n<meta property=\"og:locale\" content=\"fr_FR\" \/>\n<meta property=\"og:type\" content=\"article\" \/>\n<meta property=\"og:title\" content=\"Circuits (Colombie-Britannique) - Profaqua\" \/>\n<meta property=\"og:description\" content=\"Des exp\u00e9riences \u00e9lectrisantes ! Du plus grand au plus petit, les myst\u00e8res de l\u2019\u00e9lectricit\u00e9 vous seront r\u00e9v\u00e9l\u00e9s\u2026 Dans ces 2 ateliers, les jeunes\" \/>\n<meta property=\"og:url\" content=\"https:\/\/www.profaqua.ca\/fr\/produit\/circuits\/\" \/>\n<meta property=\"og:site_name\" content=\"Profaqua\" \/>\n<meta property=\"article:publisher\" content=\"https:\/\/www.facebook.com\/profaqua\/\" \/>\n<meta property=\"article:modified_time\" content=\"2024-09-05T01:28:50+00:00\" \/>\n<meta property=\"og:image\" content=\"https:\/\/www.profaqua.ca\/wp-content\/uploads\/2017\/07\/2.4_Circuits_Projet.png\" \/>\n\t<meta property=\"og:image:width\" content=\"1800\" \/>\n\t<meta property=\"og:image:height\" content=\"1800\" \/>\n\t<meta property=\"og:image:type\" content=\"image\/png\" \/>\n<meta name=\"twitter:card\" content=\"summary_large_image\" \/>\n<meta name=\"twitter:label1\" content=\"Dur\u00e9e de lecture estim\u00e9e\" \/>\n\t<meta name=\"twitter:data1\" content=\"2 minutes\" \/>\n<script type=\"application\/ld+json\" class=\"yoast-schema-graph\">{\"@context\":\"https:\/\/schema.org\",\"@graph\":[{\"@type\":\"WebPage\",\"@id\":\"https:\/\/www.profaqua.ca\/fr\/produit\/circuits\/\",\"url\":\"https:\/\/www.profaqua.ca\/fr\/produit\/circuits\/\",\"name\":\"Circuits (Colombie-Britannique) - Profaqua\",\"isPartOf\":{\"@id\":\"https:\/\/www.profaqua.ca\/fr\/#website\"},\"datePublished\":\"2020-08-26T08:50:34+00:00\",\"dateModified\":\"2024-09-05T01:28:50+00:00\",\"description\":\"Des exp\u00e9riences \u00e9lectrisantes ! Du plus grand au plus petit, les myst\u00e8res de l\u2019\u00e9lectricit\u00e9 vous seront r\u00e9v\u00e9l\u00e9s\u2026 Dans ces 2 ateliers, les jeunes\",\"breadcrumb\":{\"@id\":\"https:\/\/www.profaqua.ca\/fr\/produit\/circuits\/#breadcrumb\"},\"inLanguage\":\"fr-FR\",\"potentialAction\":[{\"@type\":\"ReadAction\",\"target\":[\"https:\/\/www.profaqua.ca\/fr\/produit\/circuits\/\"]}]},{\"@type\":\"BreadcrumbList\",\"@id\":\"https:\/\/www.profaqua.ca\/fr\/produit\/circuits\/#breadcrumb\",\"itemListElement\":[{\"@type\":\"ListItem\",\"position\":1,\"name\":\"Home\",\"item\":\"https:\/\/www.profaqua.ca\/fr\/\"},{\"@type\":\"ListItem\",\"position\":2,\"name\":\"Produits\",\"item\":\"https:\/\/www.profaqua.ca\/fr\/shop\/\"},{\"@type\":\"ListItem\",\"position\":3,\"name\":\"Circuits (Colombie-Britannique)\"}]},{\"@type\":\"WebSite\",\"@id\":\"https:\/\/www.profaqua.ca\/fr\/#website\",\"url\":\"https:\/\/www.profaqua.ca\/fr\/\",\"name\":\"Profaqua\",\"description\":\"\",\"potentialAction\":[{\"@type\":\"SearchAction\",\"target\":{\"@type\":\"EntryPoint\",\"urlTemplate\":\"https:\/\/www.profaqua.ca\/fr\/?s={search_term_string}\"},\"query-input\":\"required name=search_term_string\"}],\"inLanguage\":\"fr-FR\"}]}<\/script>\n<!-- \/ Yoast SEO plugin. -->","yoast_head_json":{"title":"Circuits (Colombie-Britannique) - Profaqua","description":"Des exp\u00e9riences \u00e9lectrisantes ! Du plus grand au plus petit, les myst\u00e8res de l\u2019\u00e9lectricit\u00e9 vous seront r\u00e9v\u00e9l\u00e9s\u2026 Dans ces 2 ateliers, les jeunes","robots":{"index":"index","follow":"follow","max-snippet":"max-snippet:-1","max-image-preview":"max-image-preview:large","max-video-preview":"max-video-preview:-1"},"canonical":"https:\/\/www.profaqua.ca\/fr\/produit\/circuits\/","og_locale":"fr_FR","og_type":"article","og_title":"Circuits (Colombie-Britannique) - Profaqua","og_description":"Des exp\u00e9riences \u00e9lectrisantes ! Du plus grand au plus petit, les myst\u00e8res de l\u2019\u00e9lectricit\u00e9 vous seront r\u00e9v\u00e9l\u00e9s\u2026 Dans ces 2 ateliers, les jeunes","og_url":"https:\/\/www.profaqua.ca\/fr\/produit\/circuits\/","og_site_name":"Profaqua","article_publisher":"https:\/\/www.facebook.com\/profaqua\/","article_modified_time":"2024-09-05T01:28:50+00:00","og_image":[{"width":1800,"height":1800,"url":"https:\/\/www.profaqua.ca\/wp-content\/uploads\/2017\/07\/2.4_Circuits_Projet.png","type":"image\/png"}],"twitter_card":"summary_large_image","twitter_misc":{"Dur\u00e9e de lecture estim\u00e9e":"2 minutes"},"schema":{"@context":"https:\/\/schema.org","@graph":[{"@type":"WebPage","@id":"https:\/\/www.profaqua.ca\/fr\/produit\/circuits\/","url":"https:\/\/www.profaqua.ca\/fr\/produit\/circuits\/","name":"Circuits (Colombie-Britannique) - Profaqua","isPartOf":{"@id":"https:\/\/www.profaqua.ca\/fr\/#website"},"datePublished":"2020-08-26T08:50:34+00:00","dateModified":"2024-09-05T01:28:50+00:00","description":"Des exp\u00e9riences \u00e9lectrisantes ! Du plus grand au plus petit, les myst\u00e8res de l\u2019\u00e9lectricit\u00e9 vous seront r\u00e9v\u00e9l\u00e9s\u2026 Dans ces 2 ateliers, les jeunes","breadcrumb":{"@id":"https:\/\/www.profaqua.ca\/fr\/produit\/circuits\/#breadcrumb"},"inLanguage":"fr-FR","potentialAction":[{"@type":"ReadAction","target":["https:\/\/www.profaqua.ca\/fr\/produit\/circuits\/"]}]},{"@type":"BreadcrumbList","@id":"https:\/\/www.profaqua.ca\/fr\/produit\/circuits\/#breadcrumb","itemListElement":[{"@type":"ListItem","position":1,"name":"Home","item":"https:\/\/www.profaqua.ca\/fr\/"},{"@type":"ListItem","position":2,"name":"Produits","item":"https:\/\/www.profaqua.ca\/fr\/shop\/"},{"@type":"ListItem","position":3,"name":"Circuits (Colombie-Britannique)"}]},{"@type":"WebSite","@id":"https:\/\/www.profaqua.ca\/fr\/#website","url":"https:\/\/www.profaqua.ca\/fr\/","name":"Profaqua","description":"","potentialAction":[{"@type":"SearchAction","target":{"@type":"EntryPoint","urlTemplate":"https:\/\/www.profaqua.ca\/fr\/?s={search_term_string}"},"query-input":"required name=search_term_string"}],"inLanguage":"fr-FR"}]}},"_links":{"self":[{"href":"https:\/\/www.profaqua.ca\/fr\/wp-json\/wp\/v2\/product\/1113"}],"collection":[{"href":"https:\/\/www.profaqua.ca\/fr\/wp-json\/wp\/v2\/product"}],"about":[{"href":"https:\/\/www.profaqua.ca\/fr\/wp-json\/wp\/v2\/types\/product"}],"wp:featuredmedia":[{"embeddable":true,"href":"https:\/\/www.profaqua.ca\/fr\/wp-json\/wp\/v2\/media\/1114"}],"wp:attachment":[{"href":"https:\/\/www.profaqua.ca\/fr\/wp-json\/wp\/v2\/media?parent=1113"}],"wp:term":[{"taxonomy":"product_cat","embeddable":true,"href":"https:\/\/www.profaqua.ca\/fr\/wp-json\/wp\/v2\/product_cat?post=1113"},{"taxonomy":"product_tag","embeddable":true,"href":"https:\/\/www.profaqua.ca\/fr\/wp-json\/wp\/v2\/product_tag?post=1113"}],"curies":[{"name":"wp","href":"https:\/\/api.w.org\/{rel}","templated":true}]}}