{"id":1110,"date":"2020-08-26T03:48:32","date_gmt":"2020-08-26T08:48:32","guid":{"rendered":"https:\/\/www.profaqua.ca\/?post_type=product&#038;p=1110\/"},"modified":"2024-09-04T20:23:53","modified_gmt":"2024-09-05T01:23:53","slug":"architecture-ponts-edifices","status":"publish","type":"product","link":"https:\/\/www.profaqua.ca\/fr\/produit\/architecture-ponts-edifices\/","title":{"rendered":"Architecture Ponts et \u00e9difices (Colombie-Britannique)"},"content":{"rendered":"<p><strong>Des constructions solides\u2026 en petits b\u00e2tons de bois !<\/strong><\/p>\n<p>Obtenez votre certification LEED (Leadership in Energy and Environmental Design) apr\u00e8s un d\u00e9fi d\u2019architecture en 4 ateliers qui vous m\u00e8nera \u00e0 construire un pont de 1 m ou un \u00e9difice de 50 cm de votre choix!<\/p>\n<p>Dans ce projet cl\u00e9s en main, les architectes en herbe utiliseront des petits b\u00e2tons de bois et de la colle liquide pour construire une structure qui devra r\u00e9sister \u00e0 une charge de quatre kilogrammes pour les ponts et \u00e0 un tremblement de terre de quinze secondes pour les \u00e9difices.<\/p>\n<p>Plus solides que du b\u00e9ton, plus belles que la tour Burj Khalifa, surprenez-nous avec vos constructions \u00e9cologiques et respectueuses de l\u2019environnement!<\/p>\n<p><strong>Au menu:<\/strong><\/p>\n<p>1re rencontre &#8211; Apprentissage des notions de base en architecture (60 ou 75 minutes):<\/p>\n<ul>\n<li>D\u00e9monstration d\u2019exemples de ponts et d\u2019\u00e9difices.<\/li>\n<li>Description du projet (le choix des ponts et des \u00e9difices doit se faire avec l\u2019enseignant avant l\u2019atelier 2.<\/li>\n<\/ul>\n<p>2e rencontre &#8211; Mat\u00e9riel fourni \u00e0 cette \u00e9tape &#8211; D\u00e9marrage des diff\u00e9rents projets (60 ou 75 minutes).<\/p>\n<p>3e rencontre &#8211; Poursuite des projets &#8211; En option (60 ou 75 minutes).<\/p>\n<p>4e rencontre &#8211; Tests de la solidit\u00e9 des ponts et des \u00e9difices et remise des certificats LEED (60 ou 75 minutes).<\/p>\n<p><strong><u>Objectifs du primaire:<\/u><\/strong><\/p>\n<ul>\n<li>D\u00e9crire comment une ou plusieurs forces peuvent agir sur une structure (la mettre en mouvement, modifier son mouvement, l\u2019arr\u00eater).<\/li>\n<li>Comprendre l\u2019importance du centre de gravit\u00e9, de la sym\u00e9trie et des formes triangulaires en ing\u00e9nierie.<\/li>\n<li>Effectuer une recherche sur un pont ou un \u00e9difice.<\/li>\n<li>Prendre en consid\u00e9ration les contraintes \u00e0 la r\u00e9alisation du projet (temps, dimensions, solidit\u00e9, travail d\u2019\u00e9quipe, d\u00e9fis d\u2019ex\u00e9cution).<\/li>\n<li>Concevoir et fabriquer une structure esth\u00e9tique et soign\u00e9e, et ce, dans le respect de l\u2019environnement.<\/li>\n<li>Tracer, d\u00e9couper et coller des pi\u00e8ces en bois (colle liquide et pinces).<\/li>\n<li>Communiquer le r\u00e9sultat de sa recherche.<\/li>\n<\/ul>\n<p><strong><u>Objectifs du secondaire:<\/u><\/strong><\/p>\n<ul>\n<li>Recourir \u00e0 diff\u00e9rentes sources d\u2019informations pour effectuer une recherche sur la structure choisie.<\/li>\n<li>D\u00e9finir les contraintes de fabrication de la structure.<\/li>\n<li>D\u00e9terminer comment assembler les diff\u00e9rentes pi\u00e8ces de la structure.<\/li>\n<li>Expliquer l\u2019importance des mesures sur un projet d\u2019architecture.<\/li>\n<li>Comprendre l\u2019importance d\u2019une gestion des mat\u00e9riaux aux plans \u00e9conomique et environnemental.<\/li>\n<\/ul>\n","protected":false},"excerpt":{"rendered":"<p>Des constructions solides\u2026 en petits b\u00e2tons de bois ! Obtenez votre certification LEED (Leadership in Energy and Environmental Design) apr\u00e8s un d\u00e9fi d\u2019architecture en 4 ateliers qui vous m\u00e8nera \u00e0 construire un pont de 1 m ou un \u00e9difice de 50 cm de votre choix! Dans ce projet cl\u00e9s en main, les architectes en herbe utiliseront des petits b\u00e2tons de<\/p>\n<div class=\"h10\"><\/div>\n<p><a class=\"more-link1\" href=\"https:\/\/www.profaqua.ca\/fr\/produit\/architecture-ponts-edifices\/\">Voir plus<\/a><\/p>\n","protected":false},"featured_media":1111,"template":"","meta":[],"product_cat":[63],"product_tag":[],"acf":[],"yoast_head":"<!-- This site is optimized with the Yoast SEO plugin v20.13 - https:\/\/yoast.com\/wordpress\/plugins\/seo\/ -->\n<title>Architecture Ponts et \u00e9difices (Colombie-Britannique) - Profaqua<\/title>\n<meta name=\"description\" content=\"Des constructions solides\u2026 en petits b\u00e2tons de bois ! Obtenez votre certification LEED (Leadership in Energy and Environmental Design) apr\u00e8s un d\u00e9fi\" \/>\n<meta name=\"robots\" content=\"index, follow, max-snippet:-1, max-image-preview:large, max-video-preview:-1\" \/>\n<link rel=\"canonical\" href=\"https:\/\/www.profaqua.ca\/fr\/produit\/architecture-ponts-edifices\/\" \/>\n<meta property=\"og:locale\" content=\"fr_FR\" \/>\n<meta property=\"og:type\" content=\"article\" \/>\n<meta property=\"og:title\" content=\"Architecture Ponts et \u00e9difices (Colombie-Britannique) - Profaqua\" \/>\n<meta property=\"og:description\" content=\"Des constructions solides\u2026 en petits b\u00e2tons de bois ! Obtenez votre certification LEED (Leadership in Energy and Environmental Design) apr\u00e8s un d\u00e9fi\" \/>\n<meta property=\"og:url\" content=\"https:\/\/www.profaqua.ca\/fr\/produit\/architecture-ponts-edifices\/\" \/>\n<meta property=\"og:site_name\" content=\"Profaqua\" \/>\n<meta property=\"article:publisher\" content=\"https:\/\/www.facebook.com\/profaqua\/\" \/>\n<meta property=\"article:modified_time\" content=\"2024-09-05T01:23:53+00:00\" \/>\n<meta property=\"og:image\" content=\"https:\/\/www.profaqua.ca\/wp-content\/uploads\/2017\/07\/2.1_Architecture_ponts_\u00e9difices_Projet.png\" \/>\n\t<meta property=\"og:image:width\" content=\"1800\" \/>\n\t<meta property=\"og:image:height\" content=\"1800\" \/>\n\t<meta property=\"og:image:type\" content=\"image\/png\" \/>\n<meta name=\"twitter:card\" content=\"summary_large_image\" \/>\n<meta name=\"twitter:label1\" content=\"Dur\u00e9e de lecture estim\u00e9e\" \/>\n\t<meta name=\"twitter:data1\" content=\"2 minutes\" \/>\n<script type=\"application\/ld+json\" class=\"yoast-schema-graph\">{\"@context\":\"https:\/\/schema.org\",\"@graph\":[{\"@type\":\"WebPage\",\"@id\":\"https:\/\/www.profaqua.ca\/fr\/produit\/architecture-ponts-edifices\/\",\"url\":\"https:\/\/www.profaqua.ca\/fr\/produit\/architecture-ponts-edifices\/\",\"name\":\"Architecture Ponts et \u00e9difices (Colombie-Britannique) - Profaqua\",\"isPartOf\":{\"@id\":\"https:\/\/www.profaqua.ca\/fr\/#website\"},\"datePublished\":\"2020-08-26T08:48:32+00:00\",\"dateModified\":\"2024-09-05T01:23:53+00:00\",\"description\":\"Des constructions solides\u2026 en petits b\u00e2tons de bois ! Obtenez votre certification LEED (Leadership in Energy and Environmental Design) apr\u00e8s un d\u00e9fi\",\"breadcrumb\":{\"@id\":\"https:\/\/www.profaqua.ca\/fr\/produit\/architecture-ponts-edifices\/#breadcrumb\"},\"inLanguage\":\"fr-FR\",\"potentialAction\":[{\"@type\":\"ReadAction\",\"target\":[\"https:\/\/www.profaqua.ca\/fr\/produit\/architecture-ponts-edifices\/\"]}]},{\"@type\":\"BreadcrumbList\",\"@id\":\"https:\/\/www.profaqua.ca\/fr\/produit\/architecture-ponts-edifices\/#breadcrumb\",\"itemListElement\":[{\"@type\":\"ListItem\",\"position\":1,\"name\":\"Home\",\"item\":\"https:\/\/www.profaqua.ca\/fr\/\"},{\"@type\":\"ListItem\",\"position\":2,\"name\":\"Produits\",\"item\":\"https:\/\/www.profaqua.ca\/fr\/shop\/\"},{\"@type\":\"ListItem\",\"position\":3,\"name\":\"Architecture Ponts et \u00e9difices (Colombie-Britannique)\"}]},{\"@type\":\"WebSite\",\"@id\":\"https:\/\/www.profaqua.ca\/fr\/#website\",\"url\":\"https:\/\/www.profaqua.ca\/fr\/\",\"name\":\"Profaqua\",\"description\":\"\",\"potentialAction\":[{\"@type\":\"SearchAction\",\"target\":{\"@type\":\"EntryPoint\",\"urlTemplate\":\"https:\/\/www.profaqua.ca\/fr\/?s={search_term_string}\"},\"query-input\":\"required name=search_term_string\"}],\"inLanguage\":\"fr-FR\"}]}<\/script>\n<!-- \/ Yoast SEO plugin. -->","yoast_head_json":{"title":"Architecture Ponts et \u00e9difices (Colombie-Britannique) - Profaqua","description":"Des constructions solides\u2026 en petits b\u00e2tons de bois ! Obtenez votre certification LEED (Leadership in Energy and Environmental Design) apr\u00e8s un d\u00e9fi","robots":{"index":"index","follow":"follow","max-snippet":"max-snippet:-1","max-image-preview":"max-image-preview:large","max-video-preview":"max-video-preview:-1"},"canonical":"https:\/\/www.profaqua.ca\/fr\/produit\/architecture-ponts-edifices\/","og_locale":"fr_FR","og_type":"article","og_title":"Architecture Ponts et \u00e9difices (Colombie-Britannique) - Profaqua","og_description":"Des constructions solides\u2026 en petits b\u00e2tons de bois ! Obtenez votre certification LEED (Leadership in Energy and Environmental Design) apr\u00e8s un d\u00e9fi","og_url":"https:\/\/www.profaqua.ca\/fr\/produit\/architecture-ponts-edifices\/","og_site_name":"Profaqua","article_publisher":"https:\/\/www.facebook.com\/profaqua\/","article_modified_time":"2024-09-05T01:23:53+00:00","og_image":[{"width":1800,"height":1800,"url":"https:\/\/www.profaqua.ca\/wp-content\/uploads\/2017\/07\/2.1_Architecture_ponts_\u00e9difices_Projet.png","type":"image\/png"}],"twitter_card":"summary_large_image","twitter_misc":{"Dur\u00e9e de lecture estim\u00e9e":"2 minutes"},"schema":{"@context":"https:\/\/schema.org","@graph":[{"@type":"WebPage","@id":"https:\/\/www.profaqua.ca\/fr\/produit\/architecture-ponts-edifices\/","url":"https:\/\/www.profaqua.ca\/fr\/produit\/architecture-ponts-edifices\/","name":"Architecture Ponts et \u00e9difices (Colombie-Britannique) - Profaqua","isPartOf":{"@id":"https:\/\/www.profaqua.ca\/fr\/#website"},"datePublished":"2020-08-26T08:48:32+00:00","dateModified":"2024-09-05T01:23:53+00:00","description":"Des constructions solides\u2026 en petits b\u00e2tons de bois ! Obtenez votre certification LEED (Leadership in Energy and Environmental Design) apr\u00e8s un d\u00e9fi","breadcrumb":{"@id":"https:\/\/www.profaqua.ca\/fr\/produit\/architecture-ponts-edifices\/#breadcrumb"},"inLanguage":"fr-FR","potentialAction":[{"@type":"ReadAction","target":["https:\/\/www.profaqua.ca\/fr\/produit\/architecture-ponts-edifices\/"]}]},{"@type":"BreadcrumbList","@id":"https:\/\/www.profaqua.ca\/fr\/produit\/architecture-ponts-edifices\/#breadcrumb","itemListElement":[{"@type":"ListItem","position":1,"name":"Home","item":"https:\/\/www.profaqua.ca\/fr\/"},{"@type":"ListItem","position":2,"name":"Produits","item":"https:\/\/www.profaqua.ca\/fr\/shop\/"},{"@type":"ListItem","position":3,"name":"Architecture Ponts et \u00e9difices (Colombie-Britannique)"}]},{"@type":"WebSite","@id":"https:\/\/www.profaqua.ca\/fr\/#website","url":"https:\/\/www.profaqua.ca\/fr\/","name":"Profaqua","description":"","potentialAction":[{"@type":"SearchAction","target":{"@type":"EntryPoint","urlTemplate":"https:\/\/www.profaqua.ca\/fr\/?s={search_term_string}"},"query-input":"required name=search_term_string"}],"inLanguage":"fr-FR"}]}},"_links":{"self":[{"href":"https:\/\/www.profaqua.ca\/fr\/wp-json\/wp\/v2\/product\/1110"}],"collection":[{"href":"https:\/\/www.profaqua.ca\/fr\/wp-json\/wp\/v2\/product"}],"about":[{"href":"https:\/\/www.profaqua.ca\/fr\/wp-json\/wp\/v2\/types\/product"}],"wp:featuredmedia":[{"embeddable":true,"href":"https:\/\/www.profaqua.ca\/fr\/wp-json\/wp\/v2\/media\/1111"}],"wp:attachment":[{"href":"https:\/\/www.profaqua.ca\/fr\/wp-json\/wp\/v2\/media?parent=1110"}],"wp:term":[{"taxonomy":"product_cat","embeddable":true,"href":"https:\/\/www.profaqua.ca\/fr\/wp-json\/wp\/v2\/product_cat?post=1110"},{"taxonomy":"product_tag","embeddable":true,"href":"https:\/\/www.profaqua.ca\/fr\/wp-json\/wp\/v2\/product_tag?post=1110"}],"curies":[{"name":"wp","href":"https:\/\/api.w.org\/{rel}","templated":true}]}}