{"id":1108,"date":"2017-07-26T03:42:47","date_gmt":"2017-07-26T08:42:47","guid":{"rendered":"https:\/\/www.profaqua.ca\/?post_type=product&#038;p=1108\/"},"modified":"2024-08-25T16:31:08","modified_gmt":"2024-08-25T21:31:08","slug":"grandes-inventions","status":"publish","type":"product","link":"https:\/\/www.profaqua.ca\/fr\/produit\/grandes-inventions\/","title":{"rendered":"Grandes inventions (Colombie-Britannique)"},"content":{"rendered":"<p><strong>Les grands de la d\u00e9couverte !<\/strong><\/p>\n<p>D\u2019o\u00f9 vient le mot sandwich? Qui a invent\u00e9 les antibiotiques?<\/p>\n<p>Dans cet atelier, les jeunes pourront se mettre dans la peau de 5 grands inventeurs (Einstein, Galil\u00e9e, Newton, Edison et Franklin) et r\u00e9ussir des exp\u00e9riences scientifiques semblables \u00e0 celles de ces illustres savants sur la lumi\u00e8re, la gravit\u00e9, la masse volumique, les circuits \u00e9lectriques et l\u2019\u00e9lectricit\u00e9 statique.<\/p>\n<p>Qui sait si l\u2019un d\u2019eux sera le prochain grand inventeur du si\u00e8cle?<\/p>\n<h2><strong><u>Objectifs du primaire:<\/u><\/strong><\/h2>\n<ul>\n<li>Acqu\u00e9rir quelques notions sur l\u2019histoire des sciences (Einstein, Galil\u00e9e, Newton, Edison, Franklin).<\/li>\n<li>Comprendre la composition de la lumi\u00e8re et le comportement d\u2019un rayon lumineux.<\/li>\n<li>Distinguer les notions de masse et de poids en classant des solides selon leur masse volumique (masse identique, volume diff\u00e9rent).<\/li>\n<li>Identifier des situations o\u00f9 la force de frottement (friction) et la gravit\u00e9 influencent le r\u00e9sultat d\u2019une course automobile sur un plan inclin\u00e9.<\/li>\n<li>Fabriquer un circuit \u00e9lectrique simple avec les composantes suivantes\u00a0: fil, source, ampoule, interrupteur.<\/li>\n<li>D\u00e9crire l\u2019effet de l\u2019attraction \u00e9lectrostatique.<\/li>\n<\/ul>\n<p>&nbsp;<\/p>\n","protected":false},"excerpt":{"rendered":"<p>Les grands de la d\u00e9couverte ! D\u2019o\u00f9 vient le mot sandwich? Qui a invent\u00e9 les antibiotiques? Dans cet atelier, les jeunes pourront se mettre dans la peau de 5 grands inventeurs (Einstein, Galil\u00e9e, Newton, Edison et Franklin) et r\u00e9ussir des exp\u00e9riences scientifiques semblables \u00e0 celles de ces illustres savants sur la lumi\u00e8re, la gravit\u00e9, la masse volumique, les circuits \u00e9lectriques<\/p>\n<div class=\"h10\"><\/div>\n<p><a class=\"more-link1\" href=\"https:\/\/www.profaqua.ca\/fr\/produit\/grandes-inventions\/\">Voir plus<\/a><\/p>\n","protected":false},"featured_media":1269,"template":"","meta":[],"product_cat":[62],"product_tag":[],"acf":[],"yoast_head":"<!-- This site is optimized with the Yoast SEO plugin v20.13 - https:\/\/yoast.com\/wordpress\/plugins\/seo\/ -->\n<title>Grandes inventions (Colombie-Britannique) - Profaqua<\/title>\n<meta name=\"description\" content=\"Les grands de la d\u00e9couverte ! D\u2019o\u00f9 vient le mot sandwich? Qui a invent\u00e9 les antibiotiques? Dans cet atelier, les jeunes pourront se mettre dans la peau de\" \/>\n<meta name=\"robots\" content=\"index, follow, max-snippet:-1, max-image-preview:large, max-video-preview:-1\" \/>\n<link rel=\"canonical\" href=\"https:\/\/www.profaqua.ca\/fr\/produit\/grandes-inventions\/\" \/>\n<meta property=\"og:locale\" content=\"fr_FR\" \/>\n<meta property=\"og:type\" content=\"article\" \/>\n<meta property=\"og:title\" content=\"Grandes inventions (Colombie-Britannique) - Profaqua\" \/>\n<meta property=\"og:description\" content=\"Les grands de la d\u00e9couverte ! D\u2019o\u00f9 vient le mot sandwich? Qui a invent\u00e9 les antibiotiques? Dans cet atelier, les jeunes pourront se mettre dans la peau de\" \/>\n<meta property=\"og:url\" content=\"https:\/\/www.profaqua.ca\/fr\/produit\/grandes-inventions\/\" \/>\n<meta property=\"og:site_name\" content=\"Profaqua\" \/>\n<meta property=\"article:publisher\" content=\"https:\/\/www.facebook.com\/profaqua\/\" \/>\n<meta property=\"article:modified_time\" content=\"2024-08-25T21:31:08+00:00\" \/>\n<meta property=\"og:image\" content=\"https:\/\/www.profaqua.ca\/wp-content\/uploads\/2017\/07\/2.16_Grandes_inventions-002.png\" \/>\n\t<meta property=\"og:image:width\" content=\"1800\" \/>\n\t<meta property=\"og:image:height\" content=\"1800\" \/>\n\t<meta property=\"og:image:type\" content=\"image\/png\" \/>\n<meta name=\"twitter:card\" content=\"summary_large_image\" \/>\n<meta name=\"twitter:label1\" content=\"Dur\u00e9e de lecture estim\u00e9e\" \/>\n\t<meta name=\"twitter:data1\" content=\"1 minute\" \/>\n<script type=\"application\/ld+json\" class=\"yoast-schema-graph\">{\"@context\":\"https:\/\/schema.org\",\"@graph\":[{\"@type\":\"WebPage\",\"@id\":\"https:\/\/www.profaqua.ca\/fr\/produit\/grandes-inventions\/\",\"url\":\"https:\/\/www.profaqua.ca\/fr\/produit\/grandes-inventions\/\",\"name\":\"Grandes inventions (Colombie-Britannique) - Profaqua\",\"isPartOf\":{\"@id\":\"https:\/\/www.profaqua.ca\/fr\/#website\"},\"datePublished\":\"2017-07-26T08:42:47+00:00\",\"dateModified\":\"2024-08-25T21:31:08+00:00\",\"description\":\"Les grands de la d\u00e9couverte ! D\u2019o\u00f9 vient le mot sandwich? Qui a invent\u00e9 les antibiotiques? Dans cet atelier, les jeunes pourront se mettre dans la peau de\",\"breadcrumb\":{\"@id\":\"https:\/\/www.profaqua.ca\/fr\/produit\/grandes-inventions\/#breadcrumb\"},\"inLanguage\":\"fr-FR\",\"potentialAction\":[{\"@type\":\"ReadAction\",\"target\":[\"https:\/\/www.profaqua.ca\/fr\/produit\/grandes-inventions\/\"]}]},{\"@type\":\"BreadcrumbList\",\"@id\":\"https:\/\/www.profaqua.ca\/fr\/produit\/grandes-inventions\/#breadcrumb\",\"itemListElement\":[{\"@type\":\"ListItem\",\"position\":1,\"name\":\"Home\",\"item\":\"https:\/\/www.profaqua.ca\/fr\/\"},{\"@type\":\"ListItem\",\"position\":2,\"name\":\"Produits\",\"item\":\"https:\/\/www.profaqua.ca\/fr\/shop\/\"},{\"@type\":\"ListItem\",\"position\":3,\"name\":\"Grandes inventions (Colombie-Britannique)\"}]},{\"@type\":\"WebSite\",\"@id\":\"https:\/\/www.profaqua.ca\/fr\/#website\",\"url\":\"https:\/\/www.profaqua.ca\/fr\/\",\"name\":\"Profaqua\",\"description\":\"\",\"potentialAction\":[{\"@type\":\"SearchAction\",\"target\":{\"@type\":\"EntryPoint\",\"urlTemplate\":\"https:\/\/www.profaqua.ca\/fr\/?s={search_term_string}\"},\"query-input\":\"required name=search_term_string\"}],\"inLanguage\":\"fr-FR\"}]}<\/script>\n<!-- \/ Yoast SEO plugin. -->","yoast_head_json":{"title":"Grandes inventions (Colombie-Britannique) - Profaqua","description":"Les grands de la d\u00e9couverte ! D\u2019o\u00f9 vient le mot sandwich? Qui a invent\u00e9 les antibiotiques? Dans cet atelier, les jeunes pourront se mettre dans la peau de","robots":{"index":"index","follow":"follow","max-snippet":"max-snippet:-1","max-image-preview":"max-image-preview:large","max-video-preview":"max-video-preview:-1"},"canonical":"https:\/\/www.profaqua.ca\/fr\/produit\/grandes-inventions\/","og_locale":"fr_FR","og_type":"article","og_title":"Grandes inventions (Colombie-Britannique) - Profaqua","og_description":"Les grands de la d\u00e9couverte ! D\u2019o\u00f9 vient le mot sandwich? Qui a invent\u00e9 les antibiotiques? Dans cet atelier, les jeunes pourront se mettre dans la peau de","og_url":"https:\/\/www.profaqua.ca\/fr\/produit\/grandes-inventions\/","og_site_name":"Profaqua","article_publisher":"https:\/\/www.facebook.com\/profaqua\/","article_modified_time":"2024-08-25T21:31:08+00:00","og_image":[{"width":1800,"height":1800,"url":"https:\/\/www.profaqua.ca\/wp-content\/uploads\/2017\/07\/2.16_Grandes_inventions-002.png","type":"image\/png"}],"twitter_card":"summary_large_image","twitter_misc":{"Dur\u00e9e de lecture estim\u00e9e":"1 minute"},"schema":{"@context":"https:\/\/schema.org","@graph":[{"@type":"WebPage","@id":"https:\/\/www.profaqua.ca\/fr\/produit\/grandes-inventions\/","url":"https:\/\/www.profaqua.ca\/fr\/produit\/grandes-inventions\/","name":"Grandes inventions (Colombie-Britannique) - Profaqua","isPartOf":{"@id":"https:\/\/www.profaqua.ca\/fr\/#website"},"datePublished":"2017-07-26T08:42:47+00:00","dateModified":"2024-08-25T21:31:08+00:00","description":"Les grands de la d\u00e9couverte ! D\u2019o\u00f9 vient le mot sandwich? Qui a invent\u00e9 les antibiotiques? Dans cet atelier, les jeunes pourront se mettre dans la peau de","breadcrumb":{"@id":"https:\/\/www.profaqua.ca\/fr\/produit\/grandes-inventions\/#breadcrumb"},"inLanguage":"fr-FR","potentialAction":[{"@type":"ReadAction","target":["https:\/\/www.profaqua.ca\/fr\/produit\/grandes-inventions\/"]}]},{"@type":"BreadcrumbList","@id":"https:\/\/www.profaqua.ca\/fr\/produit\/grandes-inventions\/#breadcrumb","itemListElement":[{"@type":"ListItem","position":1,"name":"Home","item":"https:\/\/www.profaqua.ca\/fr\/"},{"@type":"ListItem","position":2,"name":"Produits","item":"https:\/\/www.profaqua.ca\/fr\/shop\/"},{"@type":"ListItem","position":3,"name":"Grandes inventions (Colombie-Britannique)"}]},{"@type":"WebSite","@id":"https:\/\/www.profaqua.ca\/fr\/#website","url":"https:\/\/www.profaqua.ca\/fr\/","name":"Profaqua","description":"","potentialAction":[{"@type":"SearchAction","target":{"@type":"EntryPoint","urlTemplate":"https:\/\/www.profaqua.ca\/fr\/?s={search_term_string}"},"query-input":"required name=search_term_string"}],"inLanguage":"fr-FR"}]}},"_links":{"self":[{"href":"https:\/\/www.profaqua.ca\/fr\/wp-json\/wp\/v2\/product\/1108"}],"collection":[{"href":"https:\/\/www.profaqua.ca\/fr\/wp-json\/wp\/v2\/product"}],"about":[{"href":"https:\/\/www.profaqua.ca\/fr\/wp-json\/wp\/v2\/types\/product"}],"wp:featuredmedia":[{"embeddable":true,"href":"https:\/\/www.profaqua.ca\/fr\/wp-json\/wp\/v2\/media\/1269"}],"wp:attachment":[{"href":"https:\/\/www.profaqua.ca\/fr\/wp-json\/wp\/v2\/media?parent=1108"}],"wp:term":[{"taxonomy":"product_cat","embeddable":true,"href":"https:\/\/www.profaqua.ca\/fr\/wp-json\/wp\/v2\/product_cat?post=1108"},{"taxonomy":"product_tag","embeddable":true,"href":"https:\/\/www.profaqua.ca\/fr\/wp-json\/wp\/v2\/product_tag?post=1108"}],"curies":[{"name":"wp","href":"https:\/\/api.w.org\/{rel}","templated":true}]}}