{"id":1106,"date":"2017-07-26T03:35:39","date_gmt":"2017-07-26T08:35:39","guid":{"rendered":"https:\/\/www.profaqua.ca\/?post_type=product&#038;p=1106\/"},"modified":"2024-09-04T19:35:34","modified_gmt":"2024-09-05T00:35:34","slug":"electricite-statique","status":"publish","type":"product","link":"https:\/\/www.profaqua.ca\/fr\/produit\/electricite-statique\/","title":{"rendered":"\u00c9lectricit\u00e9 statique (Colombie-Britannique)"},"content":{"rendered":"<p><strong>Vous en serez tout choqu\u00e9 !<\/strong><\/p>\n<p>Vos cheveux restent en l\u2019air, des \u00e9tincelles jaillissent quand vous vous habillez, vous avez ressenti une d\u00e9charge \u00e9lectrique en serrant la main d\u2019un ami? Pas de doute, vous \u00eates une victime de l\u2019\u00e9lectricit\u00e9 statique!<\/p>\n<p>Nos jeunes scientifiques comprendront ce ph\u00e9nom\u00e8ne gr\u00e2ce \u00e0 l\u2019utilisation de notre incroyable machine \u00e0 Van de Graaff (250 000 Volts).<\/p>\n<p>Des exp\u00e9riences \u00e0 vous faire dresser les cheveux sur la t\u00eate!<\/p>\n<h2><strong><u>Objectifs du primaire:<\/u><\/strong><\/h2>\n<ul>\n<li>D\u00e9crire ce qu\u2019est l\u2019\u00e9lectricit\u00e9 statique.<\/li>\n<li>Comprendre les notions d\u2019atomes, d\u2019\u00e9lectrons, de protons, de charges positives et n\u00e9gatives.<\/li>\n<li>Comprendre comment se forment les \u00e9clairs.<\/li>\n<li>Dissocier les aimants du ph\u00e9nom\u00e8ne d\u2019\u00e9lectrostatique.<\/li>\n<li>Conna\u00eetre la diff\u00e9rence entre conductivit\u00e9 et isolation thermique.<\/li>\n<li>Comprendre comment cette \u00e9lectricit\u00e9 se propage dans la vie quotidienne (auto, tapis, ballon).<\/li>\n<li>Comprendre pourquoi les chocs \u00e9lectriques sont fr\u00e9quents en hiver.<\/li>\n<\/ul>\n<h2>\u00a0<strong><u>Objectifs du secondaire:<\/u><\/strong><\/h2>\n<ul>\n<li>D\u00e9crire l\u2019\u00e9lectricit\u00e9 statique comme un processus de transfert d\u2019\u00e9lectrons d\u2019un corps \u00e0 un autre.<\/li>\n<li>Conna\u00eetre les m\u00e9thodes d\u2019\u00e9lectrisation d\u2019une charge.<\/li>\n<li>Associer des particules \u00e9l\u00e9mentaires \u00e0 leur charge \u00e9lectrique (protons, neutrons, \u00e9lectrons).<\/li>\n<li>D\u00e9crire le comportement de charges \u00e9lectriques de signe contraire ou de m\u00eame signe \u00e0 proximit\u00e9 l\u2019une de l\u2019autre.<\/li>\n<\/ul>\n","protected":false},"excerpt":{"rendered":"<p>Vous en serez tout choqu\u00e9 ! Vos cheveux restent en l\u2019air, des \u00e9tincelles jaillissent quand vous vous habillez, vous avez ressenti une d\u00e9charge \u00e9lectrique en serrant la main d\u2019un ami? Pas de doute, vous \u00eates une victime de l\u2019\u00e9lectricit\u00e9 statique! Nos jeunes scientifiques comprendront ce ph\u00e9nom\u00e8ne gr\u00e2ce \u00e0 l\u2019utilisation de notre incroyable machine \u00e0 Van de Graaff (250 000 Volts).<\/p>\n<div class=\"h10\"><\/div>\n<p><a class=\"more-link1\" href=\"https:\/\/www.profaqua.ca\/fr\/produit\/electricite-statique\/\">Voir plus<\/a><\/p>\n","protected":false},"featured_media":1282,"template":"","meta":[],"product_cat":[62],"product_tag":[],"acf":[],"yoast_head":"<!-- This site is optimized with the Yoast SEO plugin v20.13 - https:\/\/yoast.com\/wordpress\/plugins\/seo\/ -->\n<title>\u00c9lectricit\u00e9 statique (Colombie-Britannique) - Profaqua<\/title>\n<meta name=\"description\" content=\"Vous en serez tout choqu\u00e9 ! Vos cheveux restent en l\u2019air, des \u00e9tincelles jaillissent quand vous vous habillez, vous avez ressenti une d\u00e9charge \u00e9lectrique\" \/>\n<meta name=\"robots\" content=\"index, follow, max-snippet:-1, max-image-preview:large, max-video-preview:-1\" \/>\n<link rel=\"canonical\" href=\"https:\/\/www.profaqua.ca\/fr\/produit\/electricite-statique\/\" \/>\n<meta property=\"og:locale\" content=\"fr_FR\" \/>\n<meta property=\"og:type\" content=\"article\" \/>\n<meta property=\"og:title\" content=\"\u00c9lectricit\u00e9 statique (Colombie-Britannique) - Profaqua\" \/>\n<meta property=\"og:description\" content=\"Vous en serez tout choqu\u00e9 ! Vos cheveux restent en l\u2019air, des \u00e9tincelles jaillissent quand vous vous habillez, vous avez ressenti une d\u00e9charge \u00e9lectrique\" \/>\n<meta property=\"og:url\" content=\"https:\/\/www.profaqua.ca\/fr\/produit\/electricite-statique\/\" \/>\n<meta property=\"og:site_name\" content=\"Profaqua\" \/>\n<meta property=\"article:publisher\" content=\"https:\/\/www.facebook.com\/profaqua\/\" \/>\n<meta property=\"article:modified_time\" content=\"2024-09-05T00:35:34+00:00\" \/>\n<meta property=\"og:image\" content=\"https:\/\/www.profaqua.ca\/wp-content\/uploads\/2017\/07\/2.9_\u00c9lectricit\u00e9_statique-002.png\" \/>\n\t<meta property=\"og:image:width\" content=\"1800\" \/>\n\t<meta property=\"og:image:height\" content=\"1800\" \/>\n\t<meta property=\"og:image:type\" content=\"image\/png\" \/>\n<meta name=\"twitter:card\" content=\"summary_large_image\" \/>\n<meta name=\"twitter:label1\" content=\"Dur\u00e9e de lecture estim\u00e9e\" \/>\n\t<meta name=\"twitter:data1\" content=\"1 minute\" \/>\n<script type=\"application\/ld+json\" class=\"yoast-schema-graph\">{\"@context\":\"https:\/\/schema.org\",\"@graph\":[{\"@type\":\"WebPage\",\"@id\":\"https:\/\/www.profaqua.ca\/fr\/produit\/electricite-statique\/\",\"url\":\"https:\/\/www.profaqua.ca\/fr\/produit\/electricite-statique\/\",\"name\":\"\u00c9lectricit\u00e9 statique (Colombie-Britannique) - Profaqua\",\"isPartOf\":{\"@id\":\"https:\/\/www.profaqua.ca\/fr\/#website\"},\"datePublished\":\"2017-07-26T08:35:39+00:00\",\"dateModified\":\"2024-09-05T00:35:34+00:00\",\"description\":\"Vous en serez tout choqu\u00e9 ! Vos cheveux restent en l\u2019air, des \u00e9tincelles jaillissent quand vous vous habillez, vous avez ressenti une d\u00e9charge \u00e9lectrique\",\"breadcrumb\":{\"@id\":\"https:\/\/www.profaqua.ca\/fr\/produit\/electricite-statique\/#breadcrumb\"},\"inLanguage\":\"fr-FR\",\"potentialAction\":[{\"@type\":\"ReadAction\",\"target\":[\"https:\/\/www.profaqua.ca\/fr\/produit\/electricite-statique\/\"]}]},{\"@type\":\"BreadcrumbList\",\"@id\":\"https:\/\/www.profaqua.ca\/fr\/produit\/electricite-statique\/#breadcrumb\",\"itemListElement\":[{\"@type\":\"ListItem\",\"position\":1,\"name\":\"Home\",\"item\":\"https:\/\/www.profaqua.ca\/fr\/\"},{\"@type\":\"ListItem\",\"position\":2,\"name\":\"Produits\",\"item\":\"https:\/\/www.profaqua.ca\/fr\/shop\/\"},{\"@type\":\"ListItem\",\"position\":3,\"name\":\"\u00c9lectricit\u00e9 statique (Colombie-Britannique)\"}]},{\"@type\":\"WebSite\",\"@id\":\"https:\/\/www.profaqua.ca\/fr\/#website\",\"url\":\"https:\/\/www.profaqua.ca\/fr\/\",\"name\":\"Profaqua\",\"description\":\"\",\"potentialAction\":[{\"@type\":\"SearchAction\",\"target\":{\"@type\":\"EntryPoint\",\"urlTemplate\":\"https:\/\/www.profaqua.ca\/fr\/?s={search_term_string}\"},\"query-input\":\"required name=search_term_string\"}],\"inLanguage\":\"fr-FR\"}]}<\/script>\n<!-- \/ Yoast SEO plugin. -->","yoast_head_json":{"title":"\u00c9lectricit\u00e9 statique (Colombie-Britannique) - Profaqua","description":"Vous en serez tout choqu\u00e9 ! Vos cheveux restent en l\u2019air, des \u00e9tincelles jaillissent quand vous vous habillez, vous avez ressenti une d\u00e9charge \u00e9lectrique","robots":{"index":"index","follow":"follow","max-snippet":"max-snippet:-1","max-image-preview":"max-image-preview:large","max-video-preview":"max-video-preview:-1"},"canonical":"https:\/\/www.profaqua.ca\/fr\/produit\/electricite-statique\/","og_locale":"fr_FR","og_type":"article","og_title":"\u00c9lectricit\u00e9 statique (Colombie-Britannique) - Profaqua","og_description":"Vous en serez tout choqu\u00e9 ! Vos cheveux restent en l\u2019air, des \u00e9tincelles jaillissent quand vous vous habillez, vous avez ressenti une d\u00e9charge \u00e9lectrique","og_url":"https:\/\/www.profaqua.ca\/fr\/produit\/electricite-statique\/","og_site_name":"Profaqua","article_publisher":"https:\/\/www.facebook.com\/profaqua\/","article_modified_time":"2024-09-05T00:35:34+00:00","og_image":[{"width":1800,"height":1800,"url":"https:\/\/www.profaqua.ca\/wp-content\/uploads\/2017\/07\/2.9_\u00c9lectricit\u00e9_statique-002.png","type":"image\/png"}],"twitter_card":"summary_large_image","twitter_misc":{"Dur\u00e9e de lecture estim\u00e9e":"1 minute"},"schema":{"@context":"https:\/\/schema.org","@graph":[{"@type":"WebPage","@id":"https:\/\/www.profaqua.ca\/fr\/produit\/electricite-statique\/","url":"https:\/\/www.profaqua.ca\/fr\/produit\/electricite-statique\/","name":"\u00c9lectricit\u00e9 statique (Colombie-Britannique) - Profaqua","isPartOf":{"@id":"https:\/\/www.profaqua.ca\/fr\/#website"},"datePublished":"2017-07-26T08:35:39+00:00","dateModified":"2024-09-05T00:35:34+00:00","description":"Vous en serez tout choqu\u00e9 ! Vos cheveux restent en l\u2019air, des \u00e9tincelles jaillissent quand vous vous habillez, vous avez ressenti une d\u00e9charge \u00e9lectrique","breadcrumb":{"@id":"https:\/\/www.profaqua.ca\/fr\/produit\/electricite-statique\/#breadcrumb"},"inLanguage":"fr-FR","potentialAction":[{"@type":"ReadAction","target":["https:\/\/www.profaqua.ca\/fr\/produit\/electricite-statique\/"]}]},{"@type":"BreadcrumbList","@id":"https:\/\/www.profaqua.ca\/fr\/produit\/electricite-statique\/#breadcrumb","itemListElement":[{"@type":"ListItem","position":1,"name":"Home","item":"https:\/\/www.profaqua.ca\/fr\/"},{"@type":"ListItem","position":2,"name":"Produits","item":"https:\/\/www.profaqua.ca\/fr\/shop\/"},{"@type":"ListItem","position":3,"name":"\u00c9lectricit\u00e9 statique (Colombie-Britannique)"}]},{"@type":"WebSite","@id":"https:\/\/www.profaqua.ca\/fr\/#website","url":"https:\/\/www.profaqua.ca\/fr\/","name":"Profaqua","description":"","potentialAction":[{"@type":"SearchAction","target":{"@type":"EntryPoint","urlTemplate":"https:\/\/www.profaqua.ca\/fr\/?s={search_term_string}"},"query-input":"required name=search_term_string"}],"inLanguage":"fr-FR"}]}},"_links":{"self":[{"href":"https:\/\/www.profaqua.ca\/fr\/wp-json\/wp\/v2\/product\/1106"}],"collection":[{"href":"https:\/\/www.profaqua.ca\/fr\/wp-json\/wp\/v2\/product"}],"about":[{"href":"https:\/\/www.profaqua.ca\/fr\/wp-json\/wp\/v2\/types\/product"}],"wp:featuredmedia":[{"embeddable":true,"href":"https:\/\/www.profaqua.ca\/fr\/wp-json\/wp\/v2\/media\/1282"}],"wp:attachment":[{"href":"https:\/\/www.profaqua.ca\/fr\/wp-json\/wp\/v2\/media?parent=1106"}],"wp:term":[{"taxonomy":"product_cat","embeddable":true,"href":"https:\/\/www.profaqua.ca\/fr\/wp-json\/wp\/v2\/product_cat?post=1106"},{"taxonomy":"product_tag","embeddable":true,"href":"https:\/\/www.profaqua.ca\/fr\/wp-json\/wp\/v2\/product_tag?post=1106"}],"curies":[{"name":"wp","href":"https:\/\/api.w.org\/{rel}","templated":true}]}}