{"id":1104,"date":"2017-07-26T03:34:13","date_gmt":"2017-07-26T08:34:13","guid":{"rendered":"https:\/\/www.profaqua.ca\/?post_type=product&#038;p=1104\/"},"modified":"2024-09-04T19:37:07","modified_gmt":"2024-09-05T00:37:07","slug":"edifices-lego","status":"publish","type":"product","link":"https:\/\/www.profaqua.ca\/fr\/produit\/edifices-lego\/","title":{"rendered":"\u00c9difices Lego\u00ae (Colombie-Britannique)"},"content":{"rendered":"<p><strong>L\u2019exposition d\u2019architecture !<\/strong><\/p>\n<p>Venez visiter la magnifique exposition r\u00e9alis\u00e9e par nos apprentis architectes ! Les jeunes nous feront voyager de Paris \u00e0 Duba\u00ef, de New York \u00e0 Toronto gr\u00e2ce \u00e0 leurs constructions de Lego\u00ae architecture.<\/p>\n<p>Une petite s\u00e9ance d\u2019informations (architecte \u2013 structure \u2013 histoire \u2013 anecdote) sur l\u2019\u00e9difice choisi accompagnera leurs projets.<\/p>\n<p>Ces reproductions de plusieurs de nos grands \u00e9difices de renomm\u00e9e mondiale ne manqueront pas de vous \u00e9blouir ! Compl\u00e9tez votre atelier avec un petit travail de recherche par vos architectes en herbe sur l\u2019\u00e9difice qu\u2019ils auront choisi.<\/p>\n<h2><strong><u>Objectifs du primaire:<\/u><\/strong><\/h2>\n<ul>\n<li>Fabrication d\u2019\u00e9difices vari\u00e9s. Ex. : tour de Burdj Khalifa, tour de Pise, Empire State Building, Mus\u00e9e du Louvre, etc.<\/li>\n<li>Interpr\u00e9ter les notices de construction Lego\u00ae sur des \u00e9difices connus mondialement.<\/li>\n<li>Reconna\u00eetre les diff\u00e9rentes pi\u00e8ces n\u00e9cessaires \u00e0 la construction.<\/li>\n<li>Prendre en consid\u00e9ration les contraintes \u00e0 la r\u00e9alisation du projet (temps, dimensions, travail d\u2019\u00e9quipe, d\u00e9fis d\u2019ex\u00e9cution).<\/li>\n<\/ul>\n","protected":false},"excerpt":{"rendered":"<p>L\u2019exposition d\u2019architecture ! Venez visiter la magnifique exposition r\u00e9alis\u00e9e par nos apprentis architectes ! Les jeunes nous feront voyager de Paris \u00e0 Duba\u00ef, de New York \u00e0 Toronto gr\u00e2ce \u00e0 leurs constructions de Lego\u00ae architecture. Une petite s\u00e9ance d\u2019informations (architecte \u2013 structure \u2013 histoire \u2013 anecdote) sur l\u2019\u00e9difice choisi accompagnera leurs projets. Ces reproductions de plusieurs de nos grands \u00e9difices<\/p>\n<div class=\"h10\"><\/div>\n<p><a class=\"more-link1\" href=\"https:\/\/www.profaqua.ca\/fr\/produit\/edifices-lego\/\">Voir plus<\/a><\/p>\n","protected":false},"featured_media":1280,"template":"","meta":[],"product_cat":[62],"product_tag":[],"acf":[],"yoast_head":"<!-- This site is optimized with the Yoast SEO plugin v20.13 - https:\/\/yoast.com\/wordpress\/plugins\/seo\/ -->\n<title>\u00c9difices Lego\u00ae (Colombie-Britannique) - Profaqua<\/title>\n<meta name=\"description\" content=\"L\u2019exposition d\u2019architecture ! Venez visiter la magnifique exposition r\u00e9alis\u00e9e par nos apprentis architectes ! Les jeunes nous feront voyager de Paris \u00e0\" \/>\n<meta name=\"robots\" content=\"index, follow, max-snippet:-1, max-image-preview:large, max-video-preview:-1\" \/>\n<link rel=\"canonical\" href=\"https:\/\/www.profaqua.ca\/fr\/produit\/edifices-lego\/\" \/>\n<meta property=\"og:locale\" content=\"fr_FR\" \/>\n<meta property=\"og:type\" content=\"article\" \/>\n<meta property=\"og:title\" content=\"\u00c9difices Lego\u00ae (Colombie-Britannique) - Profaqua\" \/>\n<meta property=\"og:description\" content=\"L\u2019exposition d\u2019architecture ! Venez visiter la magnifique exposition r\u00e9alis\u00e9e par nos apprentis architectes ! Les jeunes nous feront voyager de Paris \u00e0\" \/>\n<meta property=\"og:url\" content=\"https:\/\/www.profaqua.ca\/fr\/produit\/edifices-lego\/\" \/>\n<meta property=\"og:site_name\" content=\"Profaqua\" \/>\n<meta property=\"article:publisher\" content=\"https:\/\/www.facebook.com\/profaqua\/\" \/>\n<meta property=\"article:modified_time\" content=\"2024-09-05T00:37:07+00:00\" \/>\n<meta property=\"og:image\" content=\"https:\/\/www.profaqua.ca\/wp-content\/uploads\/2017\/07\/2.7_\u00e9difices_lego-002.png\" \/>\n\t<meta property=\"og:image:width\" content=\"1800\" \/>\n\t<meta property=\"og:image:height\" content=\"1800\" \/>\n\t<meta property=\"og:image:type\" content=\"image\/png\" \/>\n<meta name=\"twitter:card\" content=\"summary_large_image\" \/>\n<meta name=\"twitter:label1\" content=\"Dur\u00e9e de lecture estim\u00e9e\" \/>\n\t<meta name=\"twitter:data1\" content=\"1 minute\" \/>\n<script type=\"application\/ld+json\" class=\"yoast-schema-graph\">{\"@context\":\"https:\/\/schema.org\",\"@graph\":[{\"@type\":\"WebPage\",\"@id\":\"https:\/\/www.profaqua.ca\/fr\/produit\/edifices-lego\/\",\"url\":\"https:\/\/www.profaqua.ca\/fr\/produit\/edifices-lego\/\",\"name\":\"\u00c9difices Lego\u00ae (Colombie-Britannique) - Profaqua\",\"isPartOf\":{\"@id\":\"https:\/\/www.profaqua.ca\/fr\/#website\"},\"datePublished\":\"2017-07-26T08:34:13+00:00\",\"dateModified\":\"2024-09-05T00:37:07+00:00\",\"description\":\"L\u2019exposition d\u2019architecture ! Venez visiter la magnifique exposition r\u00e9alis\u00e9e par nos apprentis architectes ! Les jeunes nous feront voyager de Paris \u00e0\",\"breadcrumb\":{\"@id\":\"https:\/\/www.profaqua.ca\/fr\/produit\/edifices-lego\/#breadcrumb\"},\"inLanguage\":\"fr-FR\",\"potentialAction\":[{\"@type\":\"ReadAction\",\"target\":[\"https:\/\/www.profaqua.ca\/fr\/produit\/edifices-lego\/\"]}]},{\"@type\":\"BreadcrumbList\",\"@id\":\"https:\/\/www.profaqua.ca\/fr\/produit\/edifices-lego\/#breadcrumb\",\"itemListElement\":[{\"@type\":\"ListItem\",\"position\":1,\"name\":\"Home\",\"item\":\"https:\/\/www.profaqua.ca\/fr\/\"},{\"@type\":\"ListItem\",\"position\":2,\"name\":\"Produits\",\"item\":\"https:\/\/www.profaqua.ca\/fr\/shop\/\"},{\"@type\":\"ListItem\",\"position\":3,\"name\":\"\u00c9difices Lego\u00ae (Colombie-Britannique)\"}]},{\"@type\":\"WebSite\",\"@id\":\"https:\/\/www.profaqua.ca\/fr\/#website\",\"url\":\"https:\/\/www.profaqua.ca\/fr\/\",\"name\":\"Profaqua\",\"description\":\"\",\"potentialAction\":[{\"@type\":\"SearchAction\",\"target\":{\"@type\":\"EntryPoint\",\"urlTemplate\":\"https:\/\/www.profaqua.ca\/fr\/?s={search_term_string}\"},\"query-input\":\"required name=search_term_string\"}],\"inLanguage\":\"fr-FR\"}]}<\/script>\n<!-- \/ Yoast SEO plugin. -->","yoast_head_json":{"title":"\u00c9difices Lego\u00ae (Colombie-Britannique) - Profaqua","description":"L\u2019exposition d\u2019architecture ! Venez visiter la magnifique exposition r\u00e9alis\u00e9e par nos apprentis architectes ! Les jeunes nous feront voyager de Paris \u00e0","robots":{"index":"index","follow":"follow","max-snippet":"max-snippet:-1","max-image-preview":"max-image-preview:large","max-video-preview":"max-video-preview:-1"},"canonical":"https:\/\/www.profaqua.ca\/fr\/produit\/edifices-lego\/","og_locale":"fr_FR","og_type":"article","og_title":"\u00c9difices Lego\u00ae (Colombie-Britannique) - Profaqua","og_description":"L\u2019exposition d\u2019architecture ! Venez visiter la magnifique exposition r\u00e9alis\u00e9e par nos apprentis architectes ! Les jeunes nous feront voyager de Paris \u00e0","og_url":"https:\/\/www.profaqua.ca\/fr\/produit\/edifices-lego\/","og_site_name":"Profaqua","article_publisher":"https:\/\/www.facebook.com\/profaqua\/","article_modified_time":"2024-09-05T00:37:07+00:00","og_image":[{"width":1800,"height":1800,"url":"https:\/\/www.profaqua.ca\/wp-content\/uploads\/2017\/07\/2.7_\u00e9difices_lego-002.png","type":"image\/png"}],"twitter_card":"summary_large_image","twitter_misc":{"Dur\u00e9e de lecture estim\u00e9e":"1 minute"},"schema":{"@context":"https:\/\/schema.org","@graph":[{"@type":"WebPage","@id":"https:\/\/www.profaqua.ca\/fr\/produit\/edifices-lego\/","url":"https:\/\/www.profaqua.ca\/fr\/produit\/edifices-lego\/","name":"\u00c9difices Lego\u00ae (Colombie-Britannique) - Profaqua","isPartOf":{"@id":"https:\/\/www.profaqua.ca\/fr\/#website"},"datePublished":"2017-07-26T08:34:13+00:00","dateModified":"2024-09-05T00:37:07+00:00","description":"L\u2019exposition d\u2019architecture ! Venez visiter la magnifique exposition r\u00e9alis\u00e9e par nos apprentis architectes ! Les jeunes nous feront voyager de Paris \u00e0","breadcrumb":{"@id":"https:\/\/www.profaqua.ca\/fr\/produit\/edifices-lego\/#breadcrumb"},"inLanguage":"fr-FR","potentialAction":[{"@type":"ReadAction","target":["https:\/\/www.profaqua.ca\/fr\/produit\/edifices-lego\/"]}]},{"@type":"BreadcrumbList","@id":"https:\/\/www.profaqua.ca\/fr\/produit\/edifices-lego\/#breadcrumb","itemListElement":[{"@type":"ListItem","position":1,"name":"Home","item":"https:\/\/www.profaqua.ca\/fr\/"},{"@type":"ListItem","position":2,"name":"Produits","item":"https:\/\/www.profaqua.ca\/fr\/shop\/"},{"@type":"ListItem","position":3,"name":"\u00c9difices Lego\u00ae (Colombie-Britannique)"}]},{"@type":"WebSite","@id":"https:\/\/www.profaqua.ca\/fr\/#website","url":"https:\/\/www.profaqua.ca\/fr\/","name":"Profaqua","description":"","potentialAction":[{"@type":"SearchAction","target":{"@type":"EntryPoint","urlTemplate":"https:\/\/www.profaqua.ca\/fr\/?s={search_term_string}"},"query-input":"required name=search_term_string"}],"inLanguage":"fr-FR"}]}},"_links":{"self":[{"href":"https:\/\/www.profaqua.ca\/fr\/wp-json\/wp\/v2\/product\/1104"}],"collection":[{"href":"https:\/\/www.profaqua.ca\/fr\/wp-json\/wp\/v2\/product"}],"about":[{"href":"https:\/\/www.profaqua.ca\/fr\/wp-json\/wp\/v2\/types\/product"}],"wp:featuredmedia":[{"embeddable":true,"href":"https:\/\/www.profaqua.ca\/fr\/wp-json\/wp\/v2\/media\/1280"}],"wp:attachment":[{"href":"https:\/\/www.profaqua.ca\/fr\/wp-json\/wp\/v2\/media?parent=1104"}],"wp:term":[{"taxonomy":"product_cat","embeddable":true,"href":"https:\/\/www.profaqua.ca\/fr\/wp-json\/wp\/v2\/product_cat?post=1104"},{"taxonomy":"product_tag","embeddable":true,"href":"https:\/\/www.profaqua.ca\/fr\/wp-json\/wp\/v2\/product_tag?post=1104"}],"curies":[{"name":"wp","href":"https:\/\/api.w.org\/{rel}","templated":true}]}}