{"id":1102,"date":"2017-07-26T03:29:22","date_gmt":"2017-07-26T08:29:22","guid":{"rendered":"https:\/\/www.profaqua.ca\/?post_type=product&#038;p=1102\/"},"modified":"2024-09-04T19:39:48","modified_gmt":"2024-09-05T00:39:48","slug":"circuits-electriques","status":"publish","type":"product","link":"https:\/\/www.profaqua.ca\/fr\/produit\/circuits-electriques\/","title":{"rendered":"Circuits \u00e9lectriques (Colombie-Britannique)"},"content":{"rendered":"<p><strong>Soyez branch\u00e9 !<\/strong><\/p>\n<p>Est-ce que le courant \u00e9lectrique passe \u00e0 travers le corps humain? Pourquoi la lumi\u00e8re reste-t-elle allum\u00e9e dans la chambre quand on l\u2019\u00e9teint dans le salon?<\/p>\n<p>Les apprentis \u00e9lectriciens vont r\u00e9pondre \u00e0 ces questions en construisant des circuits \u00e9lectriques en s\u00e9rie et en parall\u00e8le de plus en plus complexes.<\/p>\n<p>Mettez vos jeunes au courant! Allumez vos neurones plus longtemps avec le mini d\u00e9tecteur de d\u00e9charge \u00e9lectrique!<\/p>\n<p>&nbsp;<\/p>\n<h2><strong><u>Objectifs du primaire:<\/u><\/strong><\/h2>\n<ul>\n<li>Comprendre ce qu\u2019est l\u2019\u00e9lectricit\u00e9.<\/li>\n<li>D\u00e9crire diff\u00e9rentes formes d\u2019\u00e9nergie (m\u00e9canique, solaire, chimique, hydraulique, nucl\u00e9aire).<\/li>\n<li>D\u00e9crire les transformations d\u2019\u00e9nergie d\u2019une forme \u00e0 l\u2019autre (ex : \u00e9nergie hydraulique \u00e0 \u00e9lectricit\u00e9).<\/li>\n<li>Utiliser diff\u00e9rentes composantes d\u2019un circuit \u00e9lectrique simple (fils, source, ampoule, interrupteur).<\/li>\n<li>Comprendre l\u2019utilit\u00e9 et le fonctionnement de diff\u00e9rents circuits \u00e9lectriques (en s\u00e9rie, parall\u00e8le, ferm\u00e9 et ouvert).<\/li>\n<li>Savoir lire les plans comportant des symboles.<\/li>\n<li>R\u00e9fl\u00e9chir sur ses erreurs afin d\u2019en identifier la source.<\/li>\n<\/ul>\n","protected":false},"excerpt":{"rendered":"<p>Soyez branch\u00e9 ! Est-ce que le courant \u00e9lectrique passe \u00e0 travers le corps humain? Pourquoi la lumi\u00e8re reste-t-elle allum\u00e9e dans la chambre quand on l\u2019\u00e9teint dans le salon? Les apprentis \u00e9lectriciens vont r\u00e9pondre \u00e0 ces questions en construisant des circuits \u00e9lectriques en s\u00e9rie et en parall\u00e8le de plus en plus complexes. Mettez vos jeunes au courant! Allumez vos neurones plus<\/p>\n<div class=\"h10\"><\/div>\n<p><a class=\"more-link1\" href=\"https:\/\/www.profaqua.ca\/fr\/produit\/circuits-electriques\/\">Voir plus<\/a><\/p>\n","protected":false},"featured_media":1276,"template":"","meta":[],"product_cat":[62],"product_tag":[],"acf":[],"yoast_head":"<!-- This site is optimized with the Yoast SEO plugin v20.13 - https:\/\/yoast.com\/wordpress\/plugins\/seo\/ -->\n<title>Circuits \u00e9lectriques (Colombie-Britannique) - Profaqua<\/title>\n<meta name=\"description\" content=\"Soyez branch\u00e9 ! Est-ce que le courant \u00e9lectrique passe \u00e0 travers le corps humain? Pourquoi la lumi\u00e8re reste-t-elle allum\u00e9e dans la chambre quand on\" \/>\n<meta name=\"robots\" content=\"index, follow, max-snippet:-1, max-image-preview:large, max-video-preview:-1\" \/>\n<link rel=\"canonical\" href=\"https:\/\/www.profaqua.ca\/fr\/produit\/circuits-electriques\/\" \/>\n<meta property=\"og:locale\" content=\"fr_FR\" \/>\n<meta property=\"og:type\" content=\"article\" \/>\n<meta property=\"og:title\" content=\"Circuits \u00e9lectriques (Colombie-Britannique) - Profaqua\" \/>\n<meta property=\"og:description\" content=\"Soyez branch\u00e9 ! Est-ce que le courant \u00e9lectrique passe \u00e0 travers le corps humain? Pourquoi la lumi\u00e8re reste-t-elle allum\u00e9e dans la chambre quand on\" \/>\n<meta property=\"og:url\" content=\"https:\/\/www.profaqua.ca\/fr\/produit\/circuits-electriques\/\" \/>\n<meta property=\"og:site_name\" content=\"Profaqua\" \/>\n<meta property=\"article:publisher\" content=\"https:\/\/www.facebook.com\/profaqua\/\" \/>\n<meta property=\"article:modified_time\" content=\"2024-09-05T00:39:48+00:00\" \/>\n<meta property=\"og:image\" content=\"https:\/\/www.profaqua.ca\/wp-content\/uploads\/2017\/07\/2.5_Circuits_\u00e9lectriques-002.png\" \/>\n\t<meta property=\"og:image:width\" content=\"1800\" \/>\n\t<meta property=\"og:image:height\" content=\"1800\" \/>\n\t<meta property=\"og:image:type\" content=\"image\/png\" \/>\n<meta name=\"twitter:card\" content=\"summary_large_image\" \/>\n<meta name=\"twitter:label1\" content=\"Dur\u00e9e de lecture estim\u00e9e\" \/>\n\t<meta name=\"twitter:data1\" content=\"1 minute\" \/>\n<script type=\"application\/ld+json\" class=\"yoast-schema-graph\">{\"@context\":\"https:\/\/schema.org\",\"@graph\":[{\"@type\":\"WebPage\",\"@id\":\"https:\/\/www.profaqua.ca\/fr\/produit\/circuits-electriques\/\",\"url\":\"https:\/\/www.profaqua.ca\/fr\/produit\/circuits-electriques\/\",\"name\":\"Circuits \u00e9lectriques (Colombie-Britannique) - Profaqua\",\"isPartOf\":{\"@id\":\"https:\/\/www.profaqua.ca\/fr\/#website\"},\"datePublished\":\"2017-07-26T08:29:22+00:00\",\"dateModified\":\"2024-09-05T00:39:48+00:00\",\"description\":\"Soyez branch\u00e9 ! Est-ce que le courant \u00e9lectrique passe \u00e0 travers le corps humain? Pourquoi la lumi\u00e8re reste-t-elle allum\u00e9e dans la chambre quand on\",\"breadcrumb\":{\"@id\":\"https:\/\/www.profaqua.ca\/fr\/produit\/circuits-electriques\/#breadcrumb\"},\"inLanguage\":\"fr-FR\",\"potentialAction\":[{\"@type\":\"ReadAction\",\"target\":[\"https:\/\/www.profaqua.ca\/fr\/produit\/circuits-electriques\/\"]}]},{\"@type\":\"BreadcrumbList\",\"@id\":\"https:\/\/www.profaqua.ca\/fr\/produit\/circuits-electriques\/#breadcrumb\",\"itemListElement\":[{\"@type\":\"ListItem\",\"position\":1,\"name\":\"Home\",\"item\":\"https:\/\/www.profaqua.ca\/fr\/\"},{\"@type\":\"ListItem\",\"position\":2,\"name\":\"Produits\",\"item\":\"https:\/\/www.profaqua.ca\/fr\/shop\/\"},{\"@type\":\"ListItem\",\"position\":3,\"name\":\"Circuits \u00e9lectriques (Colombie-Britannique)\"}]},{\"@type\":\"WebSite\",\"@id\":\"https:\/\/www.profaqua.ca\/fr\/#website\",\"url\":\"https:\/\/www.profaqua.ca\/fr\/\",\"name\":\"Profaqua\",\"description\":\"\",\"potentialAction\":[{\"@type\":\"SearchAction\",\"target\":{\"@type\":\"EntryPoint\",\"urlTemplate\":\"https:\/\/www.profaqua.ca\/fr\/?s={search_term_string}\"},\"query-input\":\"required name=search_term_string\"}],\"inLanguage\":\"fr-FR\"}]}<\/script>\n<!-- \/ Yoast SEO plugin. -->","yoast_head_json":{"title":"Circuits \u00e9lectriques (Colombie-Britannique) - Profaqua","description":"Soyez branch\u00e9 ! Est-ce que le courant \u00e9lectrique passe \u00e0 travers le corps humain? Pourquoi la lumi\u00e8re reste-t-elle allum\u00e9e dans la chambre quand on","robots":{"index":"index","follow":"follow","max-snippet":"max-snippet:-1","max-image-preview":"max-image-preview:large","max-video-preview":"max-video-preview:-1"},"canonical":"https:\/\/www.profaqua.ca\/fr\/produit\/circuits-electriques\/","og_locale":"fr_FR","og_type":"article","og_title":"Circuits \u00e9lectriques (Colombie-Britannique) - Profaqua","og_description":"Soyez branch\u00e9 ! Est-ce que le courant \u00e9lectrique passe \u00e0 travers le corps humain? Pourquoi la lumi\u00e8re reste-t-elle allum\u00e9e dans la chambre quand on","og_url":"https:\/\/www.profaqua.ca\/fr\/produit\/circuits-electriques\/","og_site_name":"Profaqua","article_publisher":"https:\/\/www.facebook.com\/profaqua\/","article_modified_time":"2024-09-05T00:39:48+00:00","og_image":[{"width":1800,"height":1800,"url":"https:\/\/www.profaqua.ca\/wp-content\/uploads\/2017\/07\/2.5_Circuits_\u00e9lectriques-002.png","type":"image\/png"}],"twitter_card":"summary_large_image","twitter_misc":{"Dur\u00e9e de lecture estim\u00e9e":"1 minute"},"schema":{"@context":"https:\/\/schema.org","@graph":[{"@type":"WebPage","@id":"https:\/\/www.profaqua.ca\/fr\/produit\/circuits-electriques\/","url":"https:\/\/www.profaqua.ca\/fr\/produit\/circuits-electriques\/","name":"Circuits \u00e9lectriques (Colombie-Britannique) - Profaqua","isPartOf":{"@id":"https:\/\/www.profaqua.ca\/fr\/#website"},"datePublished":"2017-07-26T08:29:22+00:00","dateModified":"2024-09-05T00:39:48+00:00","description":"Soyez branch\u00e9 ! Est-ce que le courant \u00e9lectrique passe \u00e0 travers le corps humain? Pourquoi la lumi\u00e8re reste-t-elle allum\u00e9e dans la chambre quand on","breadcrumb":{"@id":"https:\/\/www.profaqua.ca\/fr\/produit\/circuits-electriques\/#breadcrumb"},"inLanguage":"fr-FR","potentialAction":[{"@type":"ReadAction","target":["https:\/\/www.profaqua.ca\/fr\/produit\/circuits-electriques\/"]}]},{"@type":"BreadcrumbList","@id":"https:\/\/www.profaqua.ca\/fr\/produit\/circuits-electriques\/#breadcrumb","itemListElement":[{"@type":"ListItem","position":1,"name":"Home","item":"https:\/\/www.profaqua.ca\/fr\/"},{"@type":"ListItem","position":2,"name":"Produits","item":"https:\/\/www.profaqua.ca\/fr\/shop\/"},{"@type":"ListItem","position":3,"name":"Circuits \u00e9lectriques (Colombie-Britannique)"}]},{"@type":"WebSite","@id":"https:\/\/www.profaqua.ca\/fr\/#website","url":"https:\/\/www.profaqua.ca\/fr\/","name":"Profaqua","description":"","potentialAction":[{"@type":"SearchAction","target":{"@type":"EntryPoint","urlTemplate":"https:\/\/www.profaqua.ca\/fr\/?s={search_term_string}"},"query-input":"required name=search_term_string"}],"inLanguage":"fr-FR"}]}},"_links":{"self":[{"href":"https:\/\/www.profaqua.ca\/fr\/wp-json\/wp\/v2\/product\/1102"}],"collection":[{"href":"https:\/\/www.profaqua.ca\/fr\/wp-json\/wp\/v2\/product"}],"about":[{"href":"https:\/\/www.profaqua.ca\/fr\/wp-json\/wp\/v2\/types\/product"}],"wp:featuredmedia":[{"embeddable":true,"href":"https:\/\/www.profaqua.ca\/fr\/wp-json\/wp\/v2\/media\/1276"}],"wp:attachment":[{"href":"https:\/\/www.profaqua.ca\/fr\/wp-json\/wp\/v2\/media?parent=1102"}],"wp:term":[{"taxonomy":"product_cat","embeddable":true,"href":"https:\/\/www.profaqua.ca\/fr\/wp-json\/wp\/v2\/product_cat?post=1102"},{"taxonomy":"product_tag","embeddable":true,"href":"https:\/\/www.profaqua.ca\/fr\/wp-json\/wp\/v2\/product_tag?post=1102"}],"curies":[{"name":"wp","href":"https:\/\/api.w.org\/{rel}","templated":true}]}}