{"id":1101,"date":"2017-07-26T03:28:51","date_gmt":"2017-07-26T08:28:51","guid":{"rendered":"https:\/\/www.profaqua.ca\/?post_type=product&#038;p=1101\/"},"modified":"2024-09-04T19:42:37","modified_gmt":"2024-09-05T00:42:37","slug":"ecole-d-espionnage","status":"publish","type":"product","link":"https:\/\/www.profaqua.ca\/fr\/produit\/ecole-d-espionnage\/","title":{"rendered":"\u00c9cole d&rsquo;espionnage (Colombie-Britannique)"},"content":{"rendered":"<p><strong>Menez l\u2019enqu\u00eate !<\/strong><\/p>\n<p>Au voleur! La bo\u00eete de l\u2019animateur a disparu! Le cellulaire de l\u2019enseignant s\u2019est volatilis\u00e9! Qui a mang\u00e9 le g\u00e2teau d\u2019anniversaire? Mais o\u00f9 est le cadeau?<\/p>\n<p>Autant de sc\u00e9narios possibles pour un plaisir personnalis\u00e9!<\/p>\n<p>Comment faire pour retrouver ces objets et \u00e9pingler le coupable?<\/p>\n<p>Vos d\u00e9tectives en herbe partiront \u00e0 la poursuite du d\u00e9linquant avec une trousse d\u2019enqu\u00eate des plus sophistiqu\u00e9es et une \u00e9quipe sp\u00e9cialis\u00e9e!<\/p>\n<p>Des portraits robots aux empreintes digitales, des codes secrets \u00e0 la lampe UV, rien ne sera n\u00e9glig\u00e9 pour retrouver le trouble-f\u00eate et r\u00e9tablir la justice!<\/p>\n<h2><strong><u>Objectifs du primaire:<\/u><\/strong><\/h2>\n<ul>\n<li>D\u00e9couvrir et cataloguer des indices en fonction de leur pertinence.<\/li>\n<li>Recourir \u00e0 des techniques et \u00e0 des outils d\u2019observation vari\u00e9s.<\/li>\n<li>D\u00e9montrer que des changements chimiques\u00a0(ex.\u00a0:\u00a0encre invisible)\u00a0modifient les propri\u00e9t\u00e9s de la mati\u00e8re.<\/li>\n<li>Comprendre l\u2019int\u00e9r\u00eat scientifique des empreintes digitales, des portraits-robots et des messages cod\u00e9s.<\/li>\n<li>Construction d\u2019un raisonnement scientifique.<\/li>\n<\/ul>\n","protected":false},"excerpt":{"rendered":"<p>Menez l\u2019enqu\u00eate ! Au voleur! La bo\u00eete de l\u2019animateur a disparu! Le cellulaire de l\u2019enseignant s\u2019est volatilis\u00e9! Qui a mang\u00e9 le g\u00e2teau d\u2019anniversaire? Mais o\u00f9 est le cadeau? Autant de sc\u00e9narios possibles pour un plaisir personnalis\u00e9! Comment faire pour retrouver ces objets et \u00e9pingler le coupable? Vos d\u00e9tectives en herbe partiront \u00e0 la poursuite du d\u00e9linquant avec une trousse d\u2019enqu\u00eate<\/p>\n<div class=\"h10\"><\/div>\n<p><a class=\"more-link1\" href=\"https:\/\/www.profaqua.ca\/fr\/produit\/ecole-d-espionnage\/\">Voir plus<\/a><\/p>\n","protected":false},"featured_media":1274,"template":"","meta":[],"product_cat":[62],"product_tag":[],"acf":[],"yoast_head":"<!-- This site is optimized with the Yoast SEO plugin v20.13 - https:\/\/yoast.com\/wordpress\/plugins\/seo\/ -->\n<title>\u00c9cole d&#039;espionnage (Colombie-Britannique) - Profaqua<\/title>\n<meta name=\"description\" content=\"Menez l\u2019enqu\u00eate ! Au voleur! La bo\u00eete de l\u2019animateur a disparu! Le cellulaire de l\u2019enseignant s\u2019est volatilis\u00e9! Qui a mang\u00e9 le g\u00e2teau d\u2019anniversaire? Mais\" \/>\n<meta name=\"robots\" content=\"index, follow, max-snippet:-1, max-image-preview:large, max-video-preview:-1\" \/>\n<link rel=\"canonical\" href=\"https:\/\/www.profaqua.ca\/fr\/produit\/ecole-d-espionnage\/\" \/>\n<meta property=\"og:locale\" content=\"fr_FR\" \/>\n<meta property=\"og:type\" content=\"article\" \/>\n<meta property=\"og:title\" content=\"\u00c9cole d&#039;espionnage (Colombie-Britannique) - Profaqua\" \/>\n<meta property=\"og:description\" content=\"Menez l\u2019enqu\u00eate ! Au voleur! La bo\u00eete de l\u2019animateur a disparu! Le cellulaire de l\u2019enseignant s\u2019est volatilis\u00e9! Qui a mang\u00e9 le g\u00e2teau d\u2019anniversaire? Mais\" \/>\n<meta property=\"og:url\" content=\"https:\/\/www.profaqua.ca\/fr\/produit\/ecole-d-espionnage\/\" \/>\n<meta property=\"og:site_name\" content=\"Profaqua\" \/>\n<meta property=\"article:publisher\" content=\"https:\/\/www.facebook.com\/profaqua\/\" \/>\n<meta property=\"article:modified_time\" content=\"2024-09-05T00:42:37+00:00\" \/>\n<meta property=\"og:image\" content=\"https:\/\/www.profaqua.ca\/wp-content\/uploads\/2017\/07\/2.3_CSI_les_experts-002.png\" \/>\n\t<meta property=\"og:image:width\" content=\"1800\" \/>\n\t<meta property=\"og:image:height\" content=\"1800\" \/>\n\t<meta property=\"og:image:type\" content=\"image\/png\" \/>\n<meta name=\"twitter:card\" content=\"summary_large_image\" \/>\n<meta name=\"twitter:label1\" content=\"Dur\u00e9e de lecture estim\u00e9e\" \/>\n\t<meta name=\"twitter:data1\" content=\"1 minute\" \/>\n<script type=\"application\/ld+json\" class=\"yoast-schema-graph\">{\"@context\":\"https:\/\/schema.org\",\"@graph\":[{\"@type\":\"WebPage\",\"@id\":\"https:\/\/www.profaqua.ca\/fr\/produit\/ecole-d-espionnage\/\",\"url\":\"https:\/\/www.profaqua.ca\/fr\/produit\/ecole-d-espionnage\/\",\"name\":\"\u00c9cole d'espionnage (Colombie-Britannique) - Profaqua\",\"isPartOf\":{\"@id\":\"https:\/\/www.profaqua.ca\/fr\/#website\"},\"datePublished\":\"2017-07-26T08:28:51+00:00\",\"dateModified\":\"2024-09-05T00:42:37+00:00\",\"description\":\"Menez l\u2019enqu\u00eate ! Au voleur! La bo\u00eete de l\u2019animateur a disparu! Le cellulaire de l\u2019enseignant s\u2019est volatilis\u00e9! Qui a mang\u00e9 le g\u00e2teau d\u2019anniversaire? Mais\",\"breadcrumb\":{\"@id\":\"https:\/\/www.profaqua.ca\/fr\/produit\/ecole-d-espionnage\/#breadcrumb\"},\"inLanguage\":\"fr-FR\",\"potentialAction\":[{\"@type\":\"ReadAction\",\"target\":[\"https:\/\/www.profaqua.ca\/fr\/produit\/ecole-d-espionnage\/\"]}]},{\"@type\":\"BreadcrumbList\",\"@id\":\"https:\/\/www.profaqua.ca\/fr\/produit\/ecole-d-espionnage\/#breadcrumb\",\"itemListElement\":[{\"@type\":\"ListItem\",\"position\":1,\"name\":\"Home\",\"item\":\"https:\/\/www.profaqua.ca\/fr\/\"},{\"@type\":\"ListItem\",\"position\":2,\"name\":\"Produits\",\"item\":\"https:\/\/www.profaqua.ca\/fr\/shop\/\"},{\"@type\":\"ListItem\",\"position\":3,\"name\":\"\u00c9cole d&rsquo;espionnage (Colombie-Britannique)\"}]},{\"@type\":\"WebSite\",\"@id\":\"https:\/\/www.profaqua.ca\/fr\/#website\",\"url\":\"https:\/\/www.profaqua.ca\/fr\/\",\"name\":\"Profaqua\",\"description\":\"\",\"potentialAction\":[{\"@type\":\"SearchAction\",\"target\":{\"@type\":\"EntryPoint\",\"urlTemplate\":\"https:\/\/www.profaqua.ca\/fr\/?s={search_term_string}\"},\"query-input\":\"required name=search_term_string\"}],\"inLanguage\":\"fr-FR\"}]}<\/script>\n<!-- \/ Yoast SEO plugin. -->","yoast_head_json":{"title":"\u00c9cole d'espionnage (Colombie-Britannique) - Profaqua","description":"Menez l\u2019enqu\u00eate ! Au voleur! La bo\u00eete de l\u2019animateur a disparu! Le cellulaire de l\u2019enseignant s\u2019est volatilis\u00e9! Qui a mang\u00e9 le g\u00e2teau d\u2019anniversaire? Mais","robots":{"index":"index","follow":"follow","max-snippet":"max-snippet:-1","max-image-preview":"max-image-preview:large","max-video-preview":"max-video-preview:-1"},"canonical":"https:\/\/www.profaqua.ca\/fr\/produit\/ecole-d-espionnage\/","og_locale":"fr_FR","og_type":"article","og_title":"\u00c9cole d'espionnage (Colombie-Britannique) - Profaqua","og_description":"Menez l\u2019enqu\u00eate ! Au voleur! La bo\u00eete de l\u2019animateur a disparu! Le cellulaire de l\u2019enseignant s\u2019est volatilis\u00e9! Qui a mang\u00e9 le g\u00e2teau d\u2019anniversaire? Mais","og_url":"https:\/\/www.profaqua.ca\/fr\/produit\/ecole-d-espionnage\/","og_site_name":"Profaqua","article_publisher":"https:\/\/www.facebook.com\/profaqua\/","article_modified_time":"2024-09-05T00:42:37+00:00","og_image":[{"width":1800,"height":1800,"url":"https:\/\/www.profaqua.ca\/wp-content\/uploads\/2017\/07\/2.3_CSI_les_experts-002.png","type":"image\/png"}],"twitter_card":"summary_large_image","twitter_misc":{"Dur\u00e9e de lecture estim\u00e9e":"1 minute"},"schema":{"@context":"https:\/\/schema.org","@graph":[{"@type":"WebPage","@id":"https:\/\/www.profaqua.ca\/fr\/produit\/ecole-d-espionnage\/","url":"https:\/\/www.profaqua.ca\/fr\/produit\/ecole-d-espionnage\/","name":"\u00c9cole d'espionnage (Colombie-Britannique) - Profaqua","isPartOf":{"@id":"https:\/\/www.profaqua.ca\/fr\/#website"},"datePublished":"2017-07-26T08:28:51+00:00","dateModified":"2024-09-05T00:42:37+00:00","description":"Menez l\u2019enqu\u00eate ! Au voleur! La bo\u00eete de l\u2019animateur a disparu! Le cellulaire de l\u2019enseignant s\u2019est volatilis\u00e9! Qui a mang\u00e9 le g\u00e2teau d\u2019anniversaire? Mais","breadcrumb":{"@id":"https:\/\/www.profaqua.ca\/fr\/produit\/ecole-d-espionnage\/#breadcrumb"},"inLanguage":"fr-FR","potentialAction":[{"@type":"ReadAction","target":["https:\/\/www.profaqua.ca\/fr\/produit\/ecole-d-espionnage\/"]}]},{"@type":"BreadcrumbList","@id":"https:\/\/www.profaqua.ca\/fr\/produit\/ecole-d-espionnage\/#breadcrumb","itemListElement":[{"@type":"ListItem","position":1,"name":"Home","item":"https:\/\/www.profaqua.ca\/fr\/"},{"@type":"ListItem","position":2,"name":"Produits","item":"https:\/\/www.profaqua.ca\/fr\/shop\/"},{"@type":"ListItem","position":3,"name":"\u00c9cole d&rsquo;espionnage (Colombie-Britannique)"}]},{"@type":"WebSite","@id":"https:\/\/www.profaqua.ca\/fr\/#website","url":"https:\/\/www.profaqua.ca\/fr\/","name":"Profaqua","description":"","potentialAction":[{"@type":"SearchAction","target":{"@type":"EntryPoint","urlTemplate":"https:\/\/www.profaqua.ca\/fr\/?s={search_term_string}"},"query-input":"required name=search_term_string"}],"inLanguage":"fr-FR"}]}},"_links":{"self":[{"href":"https:\/\/www.profaqua.ca\/fr\/wp-json\/wp\/v2\/product\/1101"}],"collection":[{"href":"https:\/\/www.profaqua.ca\/fr\/wp-json\/wp\/v2\/product"}],"about":[{"href":"https:\/\/www.profaqua.ca\/fr\/wp-json\/wp\/v2\/types\/product"}],"wp:featuredmedia":[{"embeddable":true,"href":"https:\/\/www.profaqua.ca\/fr\/wp-json\/wp\/v2\/media\/1274"}],"wp:attachment":[{"href":"https:\/\/www.profaqua.ca\/fr\/wp-json\/wp\/v2\/media?parent=1101"}],"wp:term":[{"taxonomy":"product_cat","embeddable":true,"href":"https:\/\/www.profaqua.ca\/fr\/wp-json\/wp\/v2\/product_cat?post=1101"},{"taxonomy":"product_tag","embeddable":true,"href":"https:\/\/www.profaqua.ca\/fr\/wp-json\/wp\/v2\/product_tag?post=1101"}],"curies":[{"name":"wp","href":"https:\/\/api.w.org\/{rel}","templated":true}]}}