{"id":1100,"date":"2024-08-23T03:27:45","date_gmt":"2024-08-23T08:27:45","guid":{"rendered":"https:\/\/www.profaqua.ca\/?post_type=product&#038;p=1100\/"},"modified":"2024-09-03T12:34:22","modified_gmt":"2024-09-03T17:34:22","slug":"catapulte","status":"publish","type":"product","link":"https:\/\/www.profaqua.ca\/fr\/produit\/catapulte\/","title":{"rendered":"Catapulte (Colombie-Britannique)"},"content":{"rendered":"<p><strong>Ma\u00eetres de la catapulte: Attaquons !<\/strong><\/p>\n<p>Transformez-vous en chevalier du monde contemporain !<\/p>\n<p>Dans cet atelier, les jeunes d\u00e9couvriront les diff\u00e9rentes familles de machines simples (levier, treuil, engrenage, plan inclin\u00e9\u2026) et les notions d\u2019\u00e9nergies potentielle et cin\u00e9tique.<\/p>\n<p>Ils mettront en pratique leurs connaissances gr\u00e2ce \u00e0 deux d\u00e9fis : viser le centre d\u2019une cible et d\u00e9truire des ch\u00e2teaux avec une baliste et une catapulte \u00e0 g\u00e2chette.<\/p>\n<p>\u00c0 vous de jouer !<\/p>\n<h2><strong><u>Objectifs du primaire:<\/u><\/strong><\/h2>\n<ul>\n<li>Montage d\u2019une catapulte fonctionnelle.<\/li>\n<li>Utiliser ad\u00e9quatement des machines simples (levier, plan inclin\u00e9, vis, poulie, treuil, roue).<\/li>\n<li>D\u00e9crire les transformations d\u2019\u00e9nergie qui agissent sur un corps (\u00e9nergie potentielle \u00e0 \u00e9nergie cin\u00e9tique).<\/li>\n<li>Prendre en consid\u00e9ration les contraintes \u00e0 la r\u00e9alisation du projet (temps, travail d\u2019\u00e9quipe, d\u00e9fis d\u2019ex\u00e9cution).<\/li>\n<li>Interpr\u00e9ter les notices de construction et reconna\u00eetre les pi\u00e8ces n\u00e9cessaires \u00e0 la construction.<\/li>\n<\/ul>\n<h2><strong><u>Objectifs du secondaire:<\/u><\/strong><\/h2>\n<ul>\n<li>Conception et fabrication d\u2019une catapulte fonctionnelle.<\/li>\n<li>Comprendre la relation entre l\u2019\u00e9nergie potentielle, la masse, l\u2019acc\u00e9l\u00e9ration gravitationnelle et le d\u00e9placement.<\/li>\n<li>Identifier les machines simples dans la structure des catapultes.<\/li>\n<\/ul>\n","protected":false},"excerpt":{"rendered":"<p>Ma\u00eetres de la catapulte: Attaquons ! Transformez-vous en chevalier du monde contemporain ! Dans cet atelier, les jeunes d\u00e9couvriront les diff\u00e9rentes familles de machines simples (levier, treuil, engrenage, plan inclin\u00e9\u2026) et les notions d\u2019\u00e9nergies potentielle et cin\u00e9tique. Ils mettront en pratique leurs connaissances gr\u00e2ce \u00e0 deux d\u00e9fis : viser le centre d\u2019une cible et d\u00e9truire des ch\u00e2teaux avec une baliste<\/p>\n<div class=\"h10\"><\/div>\n<p><a class=\"more-link1\" href=\"https:\/\/www.profaqua.ca\/fr\/produit\/catapulte\/\">Voir plus<\/a><\/p>\n","protected":false},"featured_media":1272,"template":"","meta":[],"product_cat":[62],"product_tag":[],"acf":[],"yoast_head":"<!-- This site is optimized with the Yoast SEO plugin v20.13 - https:\/\/yoast.com\/wordpress\/plugins\/seo\/ -->\n<title>Catapulte (Colombie-Britannique) - Profaqua<\/title>\n<meta name=\"description\" content=\"Ma\u00eetres de la catapulte: Attaquons ! Transformez-vous en chevalier du monde contemporain ! Dans cet atelier, les jeunes d\u00e9couvriront les diff\u00e9rentes\" \/>\n<meta name=\"robots\" content=\"index, follow, max-snippet:-1, max-image-preview:large, max-video-preview:-1\" \/>\n<link rel=\"canonical\" href=\"https:\/\/www.profaqua.ca\/fr\/produit\/catapulte\/\" \/>\n<meta property=\"og:locale\" content=\"fr_FR\" \/>\n<meta property=\"og:type\" content=\"article\" \/>\n<meta property=\"og:title\" content=\"Catapulte (Colombie-Britannique) - Profaqua\" \/>\n<meta property=\"og:description\" content=\"Ma\u00eetres de la catapulte: Attaquons ! Transformez-vous en chevalier du monde contemporain ! Dans cet atelier, les jeunes d\u00e9couvriront les diff\u00e9rentes\" \/>\n<meta property=\"og:url\" content=\"https:\/\/www.profaqua.ca\/fr\/produit\/catapulte\/\" \/>\n<meta property=\"og:site_name\" content=\"Profaqua\" \/>\n<meta property=\"article:publisher\" content=\"https:\/\/www.facebook.com\/profaqua\/\" \/>\n<meta property=\"article:modified_time\" content=\"2024-09-03T17:34:22+00:00\" \/>\n<meta property=\"og:image\" content=\"https:\/\/www.profaqua.ca\/wp-content\/uploads\/2017\/07\/2.2_Catapulte-002.png\" \/>\n\t<meta property=\"og:image:width\" content=\"1800\" \/>\n\t<meta property=\"og:image:height\" content=\"1800\" \/>\n\t<meta property=\"og:image:type\" content=\"image\/png\" \/>\n<meta name=\"twitter:card\" content=\"summary_large_image\" \/>\n<meta name=\"twitter:label1\" content=\"Dur\u00e9e de lecture estim\u00e9e\" \/>\n\t<meta name=\"twitter:data1\" content=\"1 minute\" \/>\n<script type=\"application\/ld+json\" class=\"yoast-schema-graph\">{\"@context\":\"https:\/\/schema.org\",\"@graph\":[{\"@type\":\"WebPage\",\"@id\":\"https:\/\/www.profaqua.ca\/fr\/produit\/catapulte\/\",\"url\":\"https:\/\/www.profaqua.ca\/fr\/produit\/catapulte\/\",\"name\":\"Catapulte (Colombie-Britannique) - Profaqua\",\"isPartOf\":{\"@id\":\"https:\/\/www.profaqua.ca\/fr\/#website\"},\"datePublished\":\"2024-08-23T08:27:45+00:00\",\"dateModified\":\"2024-09-03T17:34:22+00:00\",\"description\":\"Ma\u00eetres de la catapulte: Attaquons ! Transformez-vous en chevalier du monde contemporain ! Dans cet atelier, les jeunes d\u00e9couvriront les diff\u00e9rentes\",\"breadcrumb\":{\"@id\":\"https:\/\/www.profaqua.ca\/fr\/produit\/catapulte\/#breadcrumb\"},\"inLanguage\":\"fr-FR\",\"potentialAction\":[{\"@type\":\"ReadAction\",\"target\":[\"https:\/\/www.profaqua.ca\/fr\/produit\/catapulte\/\"]}]},{\"@type\":\"BreadcrumbList\",\"@id\":\"https:\/\/www.profaqua.ca\/fr\/produit\/catapulte\/#breadcrumb\",\"itemListElement\":[{\"@type\":\"ListItem\",\"position\":1,\"name\":\"Home\",\"item\":\"https:\/\/www.profaqua.ca\/fr\/\"},{\"@type\":\"ListItem\",\"position\":2,\"name\":\"Produits\",\"item\":\"https:\/\/www.profaqua.ca\/fr\/shop\/\"},{\"@type\":\"ListItem\",\"position\":3,\"name\":\"Catapulte (Colombie-Britannique)\"}]},{\"@type\":\"WebSite\",\"@id\":\"https:\/\/www.profaqua.ca\/fr\/#website\",\"url\":\"https:\/\/www.profaqua.ca\/fr\/\",\"name\":\"Profaqua\",\"description\":\"\",\"potentialAction\":[{\"@type\":\"SearchAction\",\"target\":{\"@type\":\"EntryPoint\",\"urlTemplate\":\"https:\/\/www.profaqua.ca\/fr\/?s={search_term_string}\"},\"query-input\":\"required name=search_term_string\"}],\"inLanguage\":\"fr-FR\"}]}<\/script>\n<!-- \/ Yoast SEO plugin. -->","yoast_head_json":{"title":"Catapulte (Colombie-Britannique) - Profaqua","description":"Ma\u00eetres de la catapulte: Attaquons ! Transformez-vous en chevalier du monde contemporain ! Dans cet atelier, les jeunes d\u00e9couvriront les diff\u00e9rentes","robots":{"index":"index","follow":"follow","max-snippet":"max-snippet:-1","max-image-preview":"max-image-preview:large","max-video-preview":"max-video-preview:-1"},"canonical":"https:\/\/www.profaqua.ca\/fr\/produit\/catapulte\/","og_locale":"fr_FR","og_type":"article","og_title":"Catapulte (Colombie-Britannique) - Profaqua","og_description":"Ma\u00eetres de la catapulte: Attaquons ! Transformez-vous en chevalier du monde contemporain ! Dans cet atelier, les jeunes d\u00e9couvriront les diff\u00e9rentes","og_url":"https:\/\/www.profaqua.ca\/fr\/produit\/catapulte\/","og_site_name":"Profaqua","article_publisher":"https:\/\/www.facebook.com\/profaqua\/","article_modified_time":"2024-09-03T17:34:22+00:00","og_image":[{"width":1800,"height":1800,"url":"https:\/\/www.profaqua.ca\/wp-content\/uploads\/2017\/07\/2.2_Catapulte-002.png","type":"image\/png"}],"twitter_card":"summary_large_image","twitter_misc":{"Dur\u00e9e de lecture estim\u00e9e":"1 minute"},"schema":{"@context":"https:\/\/schema.org","@graph":[{"@type":"WebPage","@id":"https:\/\/www.profaqua.ca\/fr\/produit\/catapulte\/","url":"https:\/\/www.profaqua.ca\/fr\/produit\/catapulte\/","name":"Catapulte (Colombie-Britannique) - Profaqua","isPartOf":{"@id":"https:\/\/www.profaqua.ca\/fr\/#website"},"datePublished":"2024-08-23T08:27:45+00:00","dateModified":"2024-09-03T17:34:22+00:00","description":"Ma\u00eetres de la catapulte: Attaquons ! Transformez-vous en chevalier du monde contemporain ! Dans cet atelier, les jeunes d\u00e9couvriront les diff\u00e9rentes","breadcrumb":{"@id":"https:\/\/www.profaqua.ca\/fr\/produit\/catapulte\/#breadcrumb"},"inLanguage":"fr-FR","potentialAction":[{"@type":"ReadAction","target":["https:\/\/www.profaqua.ca\/fr\/produit\/catapulte\/"]}]},{"@type":"BreadcrumbList","@id":"https:\/\/www.profaqua.ca\/fr\/produit\/catapulte\/#breadcrumb","itemListElement":[{"@type":"ListItem","position":1,"name":"Home","item":"https:\/\/www.profaqua.ca\/fr\/"},{"@type":"ListItem","position":2,"name":"Produits","item":"https:\/\/www.profaqua.ca\/fr\/shop\/"},{"@type":"ListItem","position":3,"name":"Catapulte (Colombie-Britannique)"}]},{"@type":"WebSite","@id":"https:\/\/www.profaqua.ca\/fr\/#website","url":"https:\/\/www.profaqua.ca\/fr\/","name":"Profaqua","description":"","potentialAction":[{"@type":"SearchAction","target":{"@type":"EntryPoint","urlTemplate":"https:\/\/www.profaqua.ca\/fr\/?s={search_term_string}"},"query-input":"required name=search_term_string"}],"inLanguage":"fr-FR"}]}},"_links":{"self":[{"href":"https:\/\/www.profaqua.ca\/fr\/wp-json\/wp\/v2\/product\/1100"}],"collection":[{"href":"https:\/\/www.profaqua.ca\/fr\/wp-json\/wp\/v2\/product"}],"about":[{"href":"https:\/\/www.profaqua.ca\/fr\/wp-json\/wp\/v2\/types\/product"}],"wp:featuredmedia":[{"embeddable":true,"href":"https:\/\/www.profaqua.ca\/fr\/wp-json\/wp\/v2\/media\/1272"}],"wp:attachment":[{"href":"https:\/\/www.profaqua.ca\/fr\/wp-json\/wp\/v2\/media?parent=1100"}],"wp:term":[{"taxonomy":"product_cat","embeddable":true,"href":"https:\/\/www.profaqua.ca\/fr\/wp-json\/wp\/v2\/product_cat?post=1100"},{"taxonomy":"product_tag","embeddable":true,"href":"https:\/\/www.profaqua.ca\/fr\/wp-json\/wp\/v2\/product_tag?post=1100"}],"curies":[{"name":"wp","href":"https:\/\/api.w.org\/{rel}","templated":true}]}}