{"id":1099,"date":"2021-07-25T21:23:02","date_gmt":"2021-07-26T02:23:02","guid":{"rendered":"https:\/\/www.profaqua.ca\/?post_type=product&#038;p=1099\/"},"modified":"2024-09-03T12:55:47","modified_gmt":"2024-09-03T17:55:47","slug":"reactions-chimiques","status":"publish","type":"product","link":"https:\/\/www.profaqua.ca\/fr\/produit\/reactions-chimiques\/","title":{"rendered":"R\u00e9actions chimiques (Colombie-Britannique)"},"content":{"rendered":"<p><strong>Une explosion de couleurs !<\/strong><\/p>\n<p>Transformation de mol\u00e9cules ou changement d\u2019aspect? Chimie ou physique?<\/p>\n<p>D\u00e9couvrez vos talents de chimiste en cr\u00e9ant vos propres potions!<\/p>\n<p>\u00c0 travers quatre exp\u00e9riences color\u00e9es, les jeunes fabriqueront de la teinture pour jeans, un fongicide de type antipelliculaire, et, pour finir, ils utiliseront un indicateur de pH.<\/p>\n<p>Ces exp\u00e9riences nous permettront aussi d\u2019aborder quelques notions de physique comme les couleurs primaires de la lumi\u00e8re et la densit\u00e9 des liquides.<\/p>\n<p>Vous en verrez de toutes les couleurs!<\/p>\n<h2><strong><u>Objectifs du primaire:<\/u><\/strong><\/h2>\n<ul>\n<li>Faire la diff\u00e9rence entre les r\u00e9actions physique et chimique.<\/li>\n<li>\u00c9mettre des hypoth\u00e8ses sur le r\u00e9sultat des m\u00e9langes.<\/li>\n<li>Utiliser des instruments de mesure simples (pince, \u00e9prouvette, compte-goutte, bouteille gradu\u00e9e, cuill\u00e8re).<\/li>\n<li>Comprendre le concept d&rsquo;un atome et d&rsquo;une mol\u00e9cule, dont celle de l\u2019eau (H<sub>2<\/sub>O).<\/li>\n<li>Reconna\u00eetre les pictogrammes de s\u00e9curit\u00e9.<\/li>\n<\/ul>\n","protected":false},"excerpt":{"rendered":"<p>Une explosion de couleurs ! Transformation de mol\u00e9cules ou changement d\u2019aspect? Chimie ou physique? D\u00e9couvrez vos talents de chimiste en cr\u00e9ant vos propres potions! \u00c0 travers quatre exp\u00e9riences color\u00e9es, les jeunes fabriqueront de la teinture pour jeans, un fongicide de type antipelliculaire, et, pour finir, ils utiliseront un indicateur de pH. Ces exp\u00e9riences nous permettront aussi d\u2019aborder quelques notions de<\/p>\n<div class=\"h10\"><\/div>\n<p><a class=\"more-link1\" href=\"https:\/\/www.profaqua.ca\/fr\/produit\/reactions-chimiques\/\">Voir plus<\/a><\/p>\n","protected":false},"featured_media":1284,"template":"","meta":[],"product_cat":[62],"product_tag":[],"acf":[],"yoast_head":"<!-- This site is optimized with the Yoast SEO plugin v20.13 - https:\/\/yoast.com\/wordpress\/plugins\/seo\/ -->\n<title>R\u00e9actions chimiques (Colombie-Britannique) - Profaqua<\/title>\n<meta name=\"description\" content=\"Une explosion de couleurs ! Transformation de mol\u00e9cules ou changement d\u2019aspect? Chimie ou physique? D\u00e9couvrez vos talents de chimiste en cr\u00e9ant vos\" \/>\n<meta name=\"robots\" content=\"index, follow, max-snippet:-1, max-image-preview:large, max-video-preview:-1\" \/>\n<link rel=\"canonical\" href=\"https:\/\/www.profaqua.ca\/fr\/produit\/reactions-chimiques\/\" \/>\n<meta property=\"og:locale\" content=\"fr_FR\" \/>\n<meta property=\"og:type\" content=\"article\" \/>\n<meta property=\"og:title\" content=\"R\u00e9actions chimiques (Colombie-Britannique) - Profaqua\" \/>\n<meta property=\"og:description\" content=\"Une explosion de couleurs ! Transformation de mol\u00e9cules ou changement d\u2019aspect? Chimie ou physique? D\u00e9couvrez vos talents de chimiste en cr\u00e9ant vos\" \/>\n<meta property=\"og:url\" content=\"https:\/\/www.profaqua.ca\/fr\/produit\/reactions-chimiques\/\" \/>\n<meta property=\"og:site_name\" content=\"Profaqua\" \/>\n<meta property=\"article:publisher\" content=\"https:\/\/www.facebook.com\/profaqua\/\" \/>\n<meta property=\"article:modified_time\" content=\"2024-09-03T17:55:47+00:00\" \/>\n<meta property=\"og:image\" content=\"https:\/\/www.profaqua.ca\/wp-content\/uploads\/2017\/07\/1.3_R\u00e9actions_chimiques-002.png\" \/>\n\t<meta property=\"og:image:width\" content=\"1800\" \/>\n\t<meta property=\"og:image:height\" content=\"1800\" \/>\n\t<meta property=\"og:image:type\" content=\"image\/png\" \/>\n<meta name=\"twitter:card\" content=\"summary_large_image\" \/>\n<meta name=\"twitter:label1\" content=\"Dur\u00e9e de lecture estim\u00e9e\" \/>\n\t<meta name=\"twitter:data1\" content=\"1 minute\" \/>\n<script type=\"application\/ld+json\" class=\"yoast-schema-graph\">{\"@context\":\"https:\/\/schema.org\",\"@graph\":[{\"@type\":\"WebPage\",\"@id\":\"https:\/\/www.profaqua.ca\/fr\/produit\/reactions-chimiques\/\",\"url\":\"https:\/\/www.profaqua.ca\/fr\/produit\/reactions-chimiques\/\",\"name\":\"R\u00e9actions chimiques (Colombie-Britannique) - Profaqua\",\"isPartOf\":{\"@id\":\"https:\/\/www.profaqua.ca\/fr\/#website\"},\"datePublished\":\"2021-07-26T02:23:02+00:00\",\"dateModified\":\"2024-09-03T17:55:47+00:00\",\"description\":\"Une explosion de couleurs ! Transformation de mol\u00e9cules ou changement d\u2019aspect? Chimie ou physique? D\u00e9couvrez vos talents de chimiste en cr\u00e9ant vos\",\"breadcrumb\":{\"@id\":\"https:\/\/www.profaqua.ca\/fr\/produit\/reactions-chimiques\/#breadcrumb\"},\"inLanguage\":\"fr-FR\",\"potentialAction\":[{\"@type\":\"ReadAction\",\"target\":[\"https:\/\/www.profaqua.ca\/fr\/produit\/reactions-chimiques\/\"]}]},{\"@type\":\"BreadcrumbList\",\"@id\":\"https:\/\/www.profaqua.ca\/fr\/produit\/reactions-chimiques\/#breadcrumb\",\"itemListElement\":[{\"@type\":\"ListItem\",\"position\":1,\"name\":\"Home\",\"item\":\"https:\/\/www.profaqua.ca\/fr\/\"},{\"@type\":\"ListItem\",\"position\":2,\"name\":\"Produits\",\"item\":\"https:\/\/www.profaqua.ca\/fr\/shop\/\"},{\"@type\":\"ListItem\",\"position\":3,\"name\":\"R\u00e9actions chimiques (Colombie-Britannique)\"}]},{\"@type\":\"WebSite\",\"@id\":\"https:\/\/www.profaqua.ca\/fr\/#website\",\"url\":\"https:\/\/www.profaqua.ca\/fr\/\",\"name\":\"Profaqua\",\"description\":\"\",\"potentialAction\":[{\"@type\":\"SearchAction\",\"target\":{\"@type\":\"EntryPoint\",\"urlTemplate\":\"https:\/\/www.profaqua.ca\/fr\/?s={search_term_string}\"},\"query-input\":\"required name=search_term_string\"}],\"inLanguage\":\"fr-FR\"}]}<\/script>\n<!-- \/ Yoast SEO plugin. -->","yoast_head_json":{"title":"R\u00e9actions chimiques (Colombie-Britannique) - Profaqua","description":"Une explosion de couleurs ! Transformation de mol\u00e9cules ou changement d\u2019aspect? Chimie ou physique? D\u00e9couvrez vos talents de chimiste en cr\u00e9ant vos","robots":{"index":"index","follow":"follow","max-snippet":"max-snippet:-1","max-image-preview":"max-image-preview:large","max-video-preview":"max-video-preview:-1"},"canonical":"https:\/\/www.profaqua.ca\/fr\/produit\/reactions-chimiques\/","og_locale":"fr_FR","og_type":"article","og_title":"R\u00e9actions chimiques (Colombie-Britannique) - Profaqua","og_description":"Une explosion de couleurs ! Transformation de mol\u00e9cules ou changement d\u2019aspect? Chimie ou physique? D\u00e9couvrez vos talents de chimiste en cr\u00e9ant vos","og_url":"https:\/\/www.profaqua.ca\/fr\/produit\/reactions-chimiques\/","og_site_name":"Profaqua","article_publisher":"https:\/\/www.facebook.com\/profaqua\/","article_modified_time":"2024-09-03T17:55:47+00:00","og_image":[{"width":1800,"height":1800,"url":"https:\/\/www.profaqua.ca\/wp-content\/uploads\/2017\/07\/1.3_R\u00e9actions_chimiques-002.png","type":"image\/png"}],"twitter_card":"summary_large_image","twitter_misc":{"Dur\u00e9e de lecture estim\u00e9e":"1 minute"},"schema":{"@context":"https:\/\/schema.org","@graph":[{"@type":"WebPage","@id":"https:\/\/www.profaqua.ca\/fr\/produit\/reactions-chimiques\/","url":"https:\/\/www.profaqua.ca\/fr\/produit\/reactions-chimiques\/","name":"R\u00e9actions chimiques (Colombie-Britannique) - Profaqua","isPartOf":{"@id":"https:\/\/www.profaqua.ca\/fr\/#website"},"datePublished":"2021-07-26T02:23:02+00:00","dateModified":"2024-09-03T17:55:47+00:00","description":"Une explosion de couleurs ! Transformation de mol\u00e9cules ou changement d\u2019aspect? Chimie ou physique? D\u00e9couvrez vos talents de chimiste en cr\u00e9ant vos","breadcrumb":{"@id":"https:\/\/www.profaqua.ca\/fr\/produit\/reactions-chimiques\/#breadcrumb"},"inLanguage":"fr-FR","potentialAction":[{"@type":"ReadAction","target":["https:\/\/www.profaqua.ca\/fr\/produit\/reactions-chimiques\/"]}]},{"@type":"BreadcrumbList","@id":"https:\/\/www.profaqua.ca\/fr\/produit\/reactions-chimiques\/#breadcrumb","itemListElement":[{"@type":"ListItem","position":1,"name":"Home","item":"https:\/\/www.profaqua.ca\/fr\/"},{"@type":"ListItem","position":2,"name":"Produits","item":"https:\/\/www.profaqua.ca\/fr\/shop\/"},{"@type":"ListItem","position":3,"name":"R\u00e9actions chimiques (Colombie-Britannique)"}]},{"@type":"WebSite","@id":"https:\/\/www.profaqua.ca\/fr\/#website","url":"https:\/\/www.profaqua.ca\/fr\/","name":"Profaqua","description":"","potentialAction":[{"@type":"SearchAction","target":{"@type":"EntryPoint","urlTemplate":"https:\/\/www.profaqua.ca\/fr\/?s={search_term_string}"},"query-input":"required name=search_term_string"}],"inLanguage":"fr-FR"}]}},"_links":{"self":[{"href":"https:\/\/www.profaqua.ca\/fr\/wp-json\/wp\/v2\/product\/1099"}],"collection":[{"href":"https:\/\/www.profaqua.ca\/fr\/wp-json\/wp\/v2\/product"}],"about":[{"href":"https:\/\/www.profaqua.ca\/fr\/wp-json\/wp\/v2\/types\/product"}],"wp:featuredmedia":[{"embeddable":true,"href":"https:\/\/www.profaqua.ca\/fr\/wp-json\/wp\/v2\/media\/1284"}],"wp:attachment":[{"href":"https:\/\/www.profaqua.ca\/fr\/wp-json\/wp\/v2\/media?parent=1099"}],"wp:term":[{"taxonomy":"product_cat","embeddable":true,"href":"https:\/\/www.profaqua.ca\/fr\/wp-json\/wp\/v2\/product_cat?post=1099"},{"taxonomy":"product_tag","embeddable":true,"href":"https:\/\/www.profaqua.ca\/fr\/wp-json\/wp\/v2\/product_tag?post=1099"}],"curies":[{"name":"wp","href":"https:\/\/api.w.org\/{rel}","templated":true}]}}