{"id":1098,"date":"2017-07-26T03:24:32","date_gmt":"2017-07-26T02:24:32","guid":{"rendered":"https:\/\/www.profaqua.ca\/?post_type=product&#038;p=1098\/"},"modified":"2024-09-04T19:42:33","modified_gmt":"2024-09-05T00:42:33","slug":"glace-seche","status":"publish","type":"product","link":"https:\/\/www.profaqua.ca\/fr\/produit\/glace-seche\/","title":{"rendered":"Glace s\u00e8che (Colombie-Britannique)"},"content":{"rendered":"<p><strong>Potions glac\u00e9es fumantes !<\/strong><\/p>\n<p>La glace s\u00e8che, un beau souvenir ramen\u00e9 de notre voyage sur la plan\u00e8te Mars.<\/p>\n<p>Avec cette myst\u00e9rieuse substance glaciale (-78 degr\u00e9s Celsius!), les jeunes participeront \u00e0 plusieurs exp\u00e9riences \u00e0 en perdre leur sang-froid : chant du Caribou, danse de la reine, geysers de l\u2019Islande, volcans de jus de soleil, potion de sorci\u00e8re baveuse, marmite d\u00e9goutante\u2026<\/p>\n<p>Un atelier magique qu\u2019ils n\u2019oublieront jamais!<\/p>\n<h2><strong><u>Objectifs du primaire:<\/u><\/strong><\/h2>\n<ul>\n<li>Distinguer les \u00e9tats de la mati\u00e8re (solide, liquide, gazeux).<\/li>\n<li>Comparer les \u00e9tats de la mati\u00e8re du gaz carbonique avec l\u2019eau (H<sub>2<\/sub>O).<\/li>\n<li>Exp\u00e9rimenter l\u2019effet de sublimation de la glace s\u00e8che.<\/li>\n<li>Utiliser des instruments de mesure simples (pince, compte-goutte, bouteille gradu\u00e9e).<\/li>\n<li>\u00c9mettre des hypoth\u00e8ses sur le r\u00e9sultat des m\u00e9langes.<\/li>\n<\/ul>\n","protected":false},"excerpt":{"rendered":"<p>Potions glac\u00e9es fumantes ! La glace s\u00e8che, un beau souvenir ramen\u00e9 de notre voyage sur la plan\u00e8te Mars. Avec cette myst\u00e9rieuse substance glaciale (-78 degr\u00e9s Celsius!), les jeunes participeront \u00e0 plusieurs exp\u00e9riences \u00e0 en perdre leur sang-froid : chant du Caribou, danse de la reine, geysers de l\u2019Islande, volcans de jus de soleil, potion de sorci\u00e8re baveuse, marmite d\u00e9goutante\u2026 Un<\/p>\n<div class=\"h10\"><\/div>\n<p><a class=\"more-link1\" href=\"https:\/\/www.profaqua.ca\/fr\/produit\/glace-seche\/\">Voir plus<\/a><\/p>\n","protected":false},"featured_media":1286,"template":"","meta":[],"product_cat":[62],"product_tag":[],"acf":[],"yoast_head":"<!-- This site is optimized with the Yoast SEO plugin v20.13 - https:\/\/yoast.com\/wordpress\/plugins\/seo\/ -->\n<title>Glace s\u00e8che (Colombie-Britannique) - Profaqua<\/title>\n<meta name=\"description\" content=\"Potions glac\u00e9es fumantes ! La glace s\u00e8che, un beau souvenir ramen\u00e9 de notre voyage sur la plan\u00e8te Mars. Avec cette myst\u00e9rieuse substance glaciale (-78\" \/>\n<meta name=\"robots\" content=\"index, follow, max-snippet:-1, max-image-preview:large, max-video-preview:-1\" \/>\n<link rel=\"canonical\" href=\"https:\/\/www.profaqua.ca\/fr\/produit\/glace-seche\/\" \/>\n<meta property=\"og:locale\" content=\"fr_FR\" \/>\n<meta property=\"og:type\" content=\"article\" \/>\n<meta property=\"og:title\" content=\"Glace s\u00e8che (Colombie-Britannique) - Profaqua\" \/>\n<meta property=\"og:description\" content=\"Potions glac\u00e9es fumantes ! La glace s\u00e8che, un beau souvenir ramen\u00e9 de notre voyage sur la plan\u00e8te Mars. Avec cette myst\u00e9rieuse substance glaciale (-78\" \/>\n<meta property=\"og:url\" content=\"https:\/\/www.profaqua.ca\/fr\/produit\/glace-seche\/\" \/>\n<meta property=\"og:site_name\" content=\"Profaqua\" \/>\n<meta property=\"article:publisher\" content=\"https:\/\/www.facebook.com\/profaqua\/\" \/>\n<meta property=\"article:modified_time\" content=\"2024-09-05T00:42:33+00:00\" \/>\n<meta property=\"og:image\" content=\"https:\/\/www.profaqua.ca\/wp-content\/uploads\/2017\/07\/1.2_Glace_s\u00e8che-002.png\" \/>\n\t<meta property=\"og:image:width\" content=\"1800\" \/>\n\t<meta property=\"og:image:height\" content=\"1800\" \/>\n\t<meta property=\"og:image:type\" content=\"image\/png\" \/>\n<meta name=\"twitter:card\" content=\"summary_large_image\" \/>\n<meta name=\"twitter:label1\" content=\"Dur\u00e9e de lecture estim\u00e9e\" \/>\n\t<meta name=\"twitter:data1\" content=\"1 minute\" \/>\n<script type=\"application\/ld+json\" class=\"yoast-schema-graph\">{\"@context\":\"https:\/\/schema.org\",\"@graph\":[{\"@type\":\"WebPage\",\"@id\":\"https:\/\/www.profaqua.ca\/fr\/produit\/glace-seche\/\",\"url\":\"https:\/\/www.profaqua.ca\/fr\/produit\/glace-seche\/\",\"name\":\"Glace s\u00e8che (Colombie-Britannique) - Profaqua\",\"isPartOf\":{\"@id\":\"https:\/\/www.profaqua.ca\/fr\/#website\"},\"datePublished\":\"2017-07-26T02:24:32+00:00\",\"dateModified\":\"2024-09-05T00:42:33+00:00\",\"description\":\"Potions glac\u00e9es fumantes ! La glace s\u00e8che, un beau souvenir ramen\u00e9 de notre voyage sur la plan\u00e8te Mars. Avec cette myst\u00e9rieuse substance glaciale (-78\",\"breadcrumb\":{\"@id\":\"https:\/\/www.profaqua.ca\/fr\/produit\/glace-seche\/#breadcrumb\"},\"inLanguage\":\"fr-FR\",\"potentialAction\":[{\"@type\":\"ReadAction\",\"target\":[\"https:\/\/www.profaqua.ca\/fr\/produit\/glace-seche\/\"]}]},{\"@type\":\"BreadcrumbList\",\"@id\":\"https:\/\/www.profaqua.ca\/fr\/produit\/glace-seche\/#breadcrumb\",\"itemListElement\":[{\"@type\":\"ListItem\",\"position\":1,\"name\":\"Home\",\"item\":\"https:\/\/www.profaqua.ca\/fr\/\"},{\"@type\":\"ListItem\",\"position\":2,\"name\":\"Produits\",\"item\":\"https:\/\/www.profaqua.ca\/fr\/shop\/\"},{\"@type\":\"ListItem\",\"position\":3,\"name\":\"Glace s\u00e8che (Colombie-Britannique)\"}]},{\"@type\":\"WebSite\",\"@id\":\"https:\/\/www.profaqua.ca\/fr\/#website\",\"url\":\"https:\/\/www.profaqua.ca\/fr\/\",\"name\":\"Profaqua\",\"description\":\"\",\"potentialAction\":[{\"@type\":\"SearchAction\",\"target\":{\"@type\":\"EntryPoint\",\"urlTemplate\":\"https:\/\/www.profaqua.ca\/fr\/?s={search_term_string}\"},\"query-input\":\"required name=search_term_string\"}],\"inLanguage\":\"fr-FR\"}]}<\/script>\n<!-- \/ Yoast SEO plugin. -->","yoast_head_json":{"title":"Glace s\u00e8che (Colombie-Britannique) - Profaqua","description":"Potions glac\u00e9es fumantes ! La glace s\u00e8che, un beau souvenir ramen\u00e9 de notre voyage sur la plan\u00e8te Mars. Avec cette myst\u00e9rieuse substance glaciale (-78","robots":{"index":"index","follow":"follow","max-snippet":"max-snippet:-1","max-image-preview":"max-image-preview:large","max-video-preview":"max-video-preview:-1"},"canonical":"https:\/\/www.profaqua.ca\/fr\/produit\/glace-seche\/","og_locale":"fr_FR","og_type":"article","og_title":"Glace s\u00e8che (Colombie-Britannique) - Profaqua","og_description":"Potions glac\u00e9es fumantes ! La glace s\u00e8che, un beau souvenir ramen\u00e9 de notre voyage sur la plan\u00e8te Mars. Avec cette myst\u00e9rieuse substance glaciale (-78","og_url":"https:\/\/www.profaqua.ca\/fr\/produit\/glace-seche\/","og_site_name":"Profaqua","article_publisher":"https:\/\/www.facebook.com\/profaqua\/","article_modified_time":"2024-09-05T00:42:33+00:00","og_image":[{"width":1800,"height":1800,"url":"https:\/\/www.profaqua.ca\/wp-content\/uploads\/2017\/07\/1.2_Glace_s\u00e8che-002.png","type":"image\/png"}],"twitter_card":"summary_large_image","twitter_misc":{"Dur\u00e9e de lecture estim\u00e9e":"1 minute"},"schema":{"@context":"https:\/\/schema.org","@graph":[{"@type":"WebPage","@id":"https:\/\/www.profaqua.ca\/fr\/produit\/glace-seche\/","url":"https:\/\/www.profaqua.ca\/fr\/produit\/glace-seche\/","name":"Glace s\u00e8che (Colombie-Britannique) - Profaqua","isPartOf":{"@id":"https:\/\/www.profaqua.ca\/fr\/#website"},"datePublished":"2017-07-26T02:24:32+00:00","dateModified":"2024-09-05T00:42:33+00:00","description":"Potions glac\u00e9es fumantes ! La glace s\u00e8che, un beau souvenir ramen\u00e9 de notre voyage sur la plan\u00e8te Mars. Avec cette myst\u00e9rieuse substance glaciale (-78","breadcrumb":{"@id":"https:\/\/www.profaqua.ca\/fr\/produit\/glace-seche\/#breadcrumb"},"inLanguage":"fr-FR","potentialAction":[{"@type":"ReadAction","target":["https:\/\/www.profaqua.ca\/fr\/produit\/glace-seche\/"]}]},{"@type":"BreadcrumbList","@id":"https:\/\/www.profaqua.ca\/fr\/produit\/glace-seche\/#breadcrumb","itemListElement":[{"@type":"ListItem","position":1,"name":"Home","item":"https:\/\/www.profaqua.ca\/fr\/"},{"@type":"ListItem","position":2,"name":"Produits","item":"https:\/\/www.profaqua.ca\/fr\/shop\/"},{"@type":"ListItem","position":3,"name":"Glace s\u00e8che (Colombie-Britannique)"}]},{"@type":"WebSite","@id":"https:\/\/www.profaqua.ca\/fr\/#website","url":"https:\/\/www.profaqua.ca\/fr\/","name":"Profaqua","description":"","potentialAction":[{"@type":"SearchAction","target":{"@type":"EntryPoint","urlTemplate":"https:\/\/www.profaqua.ca\/fr\/?s={search_term_string}"},"query-input":"required name=search_term_string"}],"inLanguage":"fr-FR"}]}},"_links":{"self":[{"href":"https:\/\/www.profaqua.ca\/fr\/wp-json\/wp\/v2\/product\/1098"}],"collection":[{"href":"https:\/\/www.profaqua.ca\/fr\/wp-json\/wp\/v2\/product"}],"about":[{"href":"https:\/\/www.profaqua.ca\/fr\/wp-json\/wp\/v2\/types\/product"}],"wp:featuredmedia":[{"embeddable":true,"href":"https:\/\/www.profaqua.ca\/fr\/wp-json\/wp\/v2\/media\/1286"}],"wp:attachment":[{"href":"https:\/\/www.profaqua.ca\/fr\/wp-json\/wp\/v2\/media?parent=1098"}],"wp:term":[{"taxonomy":"product_cat","embeddable":true,"href":"https:\/\/www.profaqua.ca\/fr\/wp-json\/wp\/v2\/product_cat?post=1098"},{"taxonomy":"product_tag","embeddable":true,"href":"https:\/\/www.profaqua.ca\/fr\/wp-json\/wp\/v2\/product_tag?post=1098"}],"curies":[{"name":"wp","href":"https:\/\/api.w.org\/{rel}","templated":true}]}}