{"id":1092,"date":"2017-07-26T03:23:38","date_gmt":"2017-07-26T08:23:38","guid":{"rendered":"https:\/\/www.profaqua.ca\/?post_type=product&#038;p=1092\/"},"modified":"2024-09-04T19:44:36","modified_gmt":"2024-09-05T00:44:36","slug":"electrolyse-pile-electrique","status":"publish","type":"product","link":"https:\/\/www.profaqua.ca\/fr\/produit\/electrolyse-pile-electrique\/","title":{"rendered":"\u00c9lectrolyse et pile \u00e9lectrique (Colombie-Britannique)"},"content":{"rendered":"<p><strong>Le pouvoir \u00e9lectrique des liquides !<\/strong><\/p>\n<p>Nettoyer ses vieux bijoux et fabriquer du chlore avec le sel de table en utilisant de l\u2019eau et de l\u2019\u00e9lectricit\u00e9, c\u2019est possible!<\/p>\n<p>Nous comprendrons ensemble ces ph\u00e9nom\u00e8nes gr\u00e2ce \u00e0 des exp\u00e9riences sur la conductivit\u00e9 de l\u2019eau.<\/p>\n<p>Pour cela, nous comparerons l\u2019intensit\u00e9 lumineuse d\u2019une ampoule DEL en pr\u00e9sence d\u2019eau ou d\u2019eau enrichie en sel.<\/p>\n<p>Par la suite, sur les traces d&rsquo;Alessandro Volta, les \u00e9l\u00e8ves rel\u00e8veront un d\u00e9fi, fabriquer une pile \u00e9lectrique avec de l&rsquo;eau et de l&rsquo;acide citrique, en trouvant la dose exacte pour alimenter un r\u00e9veille-matin!<\/p>\n<p>Vous en serez \u00e9lectris\u00e9s!<\/p>\n<h2><strong><u>Objectifs du primaire:<\/u><\/strong><\/h2>\n<ul>\n<li>D\u00e9montrer comment d\u00e9composer chimiquement des mol\u00e9cules pour en obtenir d\u2019autres.<\/li>\n<li>Assembler des circuits \u00e9lectriques simples.<\/li>\n<li>Comprendre le principe de conductivit\u00e9.<\/li>\n<\/ul>\n","protected":false},"excerpt":{"rendered":"<p>Le pouvoir \u00e9lectrique des liquides ! Nettoyer ses vieux bijoux et fabriquer du chlore avec le sel de table en utilisant de l\u2019eau et de l\u2019\u00e9lectricit\u00e9, c\u2019est possible! Nous comprendrons ensemble ces ph\u00e9nom\u00e8nes gr\u00e2ce \u00e0 des exp\u00e9riences sur la conductivit\u00e9 de l\u2019eau. Pour cela, nous comparerons l\u2019intensit\u00e9 lumineuse d\u2019une ampoule DEL en pr\u00e9sence d\u2019eau ou d\u2019eau enrichie en sel. Par<\/p>\n<div class=\"h10\"><\/div>\n<p><a class=\"more-link1\" href=\"https:\/\/www.profaqua.ca\/fr\/produit\/electrolyse-pile-electrique\/\">Voir plus<\/a><\/p>\n","protected":false},"featured_media":1288,"template":"","meta":[],"product_cat":[62],"product_tag":[],"acf":[],"yoast_head":"<!-- This site is optimized with the Yoast SEO plugin v20.13 - https:\/\/yoast.com\/wordpress\/plugins\/seo\/ -->\n<title>\u00c9lectrolyse et pile \u00e9lectrique (Colombie-Britannique) - Profaqua<\/title>\n<meta name=\"description\" content=\"Le pouvoir \u00e9lectrique des liquides ! Nettoyer ses vieux bijoux et fabriquer du chlore avec le sel de table en utilisant de l\u2019eau et de l\u2019\u00e9lectricit\u00e9,\" \/>\n<meta name=\"robots\" content=\"index, follow, max-snippet:-1, max-image-preview:large, max-video-preview:-1\" \/>\n<link rel=\"canonical\" href=\"https:\/\/www.profaqua.ca\/fr\/produit\/electrolyse-pile-electrique\/\" \/>\n<meta property=\"og:locale\" content=\"fr_FR\" \/>\n<meta property=\"og:type\" content=\"article\" \/>\n<meta property=\"og:title\" content=\"\u00c9lectrolyse et pile \u00e9lectrique (Colombie-Britannique) - Profaqua\" \/>\n<meta property=\"og:description\" content=\"Le pouvoir \u00e9lectrique des liquides ! Nettoyer ses vieux bijoux et fabriquer du chlore avec le sel de table en utilisant de l\u2019eau et de l\u2019\u00e9lectricit\u00e9,\" \/>\n<meta property=\"og:url\" content=\"https:\/\/www.profaqua.ca\/fr\/produit\/electrolyse-pile-electrique\/\" \/>\n<meta property=\"og:site_name\" content=\"Profaqua\" \/>\n<meta property=\"article:publisher\" content=\"https:\/\/www.facebook.com\/profaqua\/\" \/>\n<meta property=\"article:modified_time\" content=\"2024-09-05T00:44:36+00:00\" \/>\n<meta property=\"og:image\" content=\"https:\/\/www.profaqua.ca\/wp-content\/uploads\/2017\/07\/1.1_\u00c9lectrolyse_et_pile_\u00e9lectrique-002.png\" \/>\n\t<meta property=\"og:image:width\" content=\"1800\" \/>\n\t<meta property=\"og:image:height\" content=\"1800\" \/>\n\t<meta property=\"og:image:type\" content=\"image\/png\" \/>\n<meta name=\"twitter:card\" content=\"summary_large_image\" \/>\n<meta name=\"twitter:label1\" content=\"Dur\u00e9e de lecture estim\u00e9e\" \/>\n\t<meta name=\"twitter:data1\" content=\"1 minute\" \/>\n<script type=\"application\/ld+json\" class=\"yoast-schema-graph\">{\"@context\":\"https:\/\/schema.org\",\"@graph\":[{\"@type\":\"WebPage\",\"@id\":\"https:\/\/www.profaqua.ca\/fr\/produit\/electrolyse-pile-electrique\/\",\"url\":\"https:\/\/www.profaqua.ca\/fr\/produit\/electrolyse-pile-electrique\/\",\"name\":\"\u00c9lectrolyse et pile \u00e9lectrique (Colombie-Britannique) - Profaqua\",\"isPartOf\":{\"@id\":\"https:\/\/www.profaqua.ca\/fr\/#website\"},\"datePublished\":\"2017-07-26T08:23:38+00:00\",\"dateModified\":\"2024-09-05T00:44:36+00:00\",\"description\":\"Le pouvoir \u00e9lectrique des liquides ! Nettoyer ses vieux bijoux et fabriquer du chlore avec le sel de table en utilisant de l\u2019eau et de l\u2019\u00e9lectricit\u00e9,\",\"breadcrumb\":{\"@id\":\"https:\/\/www.profaqua.ca\/fr\/produit\/electrolyse-pile-electrique\/#breadcrumb\"},\"inLanguage\":\"fr-FR\",\"potentialAction\":[{\"@type\":\"ReadAction\",\"target\":[\"https:\/\/www.profaqua.ca\/fr\/produit\/electrolyse-pile-electrique\/\"]}]},{\"@type\":\"BreadcrumbList\",\"@id\":\"https:\/\/www.profaqua.ca\/fr\/produit\/electrolyse-pile-electrique\/#breadcrumb\",\"itemListElement\":[{\"@type\":\"ListItem\",\"position\":1,\"name\":\"Home\",\"item\":\"https:\/\/www.profaqua.ca\/fr\/\"},{\"@type\":\"ListItem\",\"position\":2,\"name\":\"Produits\",\"item\":\"https:\/\/www.profaqua.ca\/fr\/shop\/\"},{\"@type\":\"ListItem\",\"position\":3,\"name\":\"\u00c9lectrolyse et pile \u00e9lectrique (Colombie-Britannique)\"}]},{\"@type\":\"WebSite\",\"@id\":\"https:\/\/www.profaqua.ca\/fr\/#website\",\"url\":\"https:\/\/www.profaqua.ca\/fr\/\",\"name\":\"Profaqua\",\"description\":\"\",\"potentialAction\":[{\"@type\":\"SearchAction\",\"target\":{\"@type\":\"EntryPoint\",\"urlTemplate\":\"https:\/\/www.profaqua.ca\/fr\/?s={search_term_string}\"},\"query-input\":\"required name=search_term_string\"}],\"inLanguage\":\"fr-FR\"}]}<\/script>\n<!-- \/ Yoast SEO plugin. -->","yoast_head_json":{"title":"\u00c9lectrolyse et pile \u00e9lectrique (Colombie-Britannique) - Profaqua","description":"Le pouvoir \u00e9lectrique des liquides ! Nettoyer ses vieux bijoux et fabriquer du chlore avec le sel de table en utilisant de l\u2019eau et de l\u2019\u00e9lectricit\u00e9,","robots":{"index":"index","follow":"follow","max-snippet":"max-snippet:-1","max-image-preview":"max-image-preview:large","max-video-preview":"max-video-preview:-1"},"canonical":"https:\/\/www.profaqua.ca\/fr\/produit\/electrolyse-pile-electrique\/","og_locale":"fr_FR","og_type":"article","og_title":"\u00c9lectrolyse et pile \u00e9lectrique (Colombie-Britannique) - Profaqua","og_description":"Le pouvoir \u00e9lectrique des liquides ! Nettoyer ses vieux bijoux et fabriquer du chlore avec le sel de table en utilisant de l\u2019eau et de l\u2019\u00e9lectricit\u00e9,","og_url":"https:\/\/www.profaqua.ca\/fr\/produit\/electrolyse-pile-electrique\/","og_site_name":"Profaqua","article_publisher":"https:\/\/www.facebook.com\/profaqua\/","article_modified_time":"2024-09-05T00:44:36+00:00","og_image":[{"width":1800,"height":1800,"url":"https:\/\/www.profaqua.ca\/wp-content\/uploads\/2017\/07\/1.1_\u00c9lectrolyse_et_pile_\u00e9lectrique-002.png","type":"image\/png"}],"twitter_card":"summary_large_image","twitter_misc":{"Dur\u00e9e de lecture estim\u00e9e":"1 minute"},"schema":{"@context":"https:\/\/schema.org","@graph":[{"@type":"WebPage","@id":"https:\/\/www.profaqua.ca\/fr\/produit\/electrolyse-pile-electrique\/","url":"https:\/\/www.profaqua.ca\/fr\/produit\/electrolyse-pile-electrique\/","name":"\u00c9lectrolyse et pile \u00e9lectrique (Colombie-Britannique) - Profaqua","isPartOf":{"@id":"https:\/\/www.profaqua.ca\/fr\/#website"},"datePublished":"2017-07-26T08:23:38+00:00","dateModified":"2024-09-05T00:44:36+00:00","description":"Le pouvoir \u00e9lectrique des liquides ! Nettoyer ses vieux bijoux et fabriquer du chlore avec le sel de table en utilisant de l\u2019eau et de l\u2019\u00e9lectricit\u00e9,","breadcrumb":{"@id":"https:\/\/www.profaqua.ca\/fr\/produit\/electrolyse-pile-electrique\/#breadcrumb"},"inLanguage":"fr-FR","potentialAction":[{"@type":"ReadAction","target":["https:\/\/www.profaqua.ca\/fr\/produit\/electrolyse-pile-electrique\/"]}]},{"@type":"BreadcrumbList","@id":"https:\/\/www.profaqua.ca\/fr\/produit\/electrolyse-pile-electrique\/#breadcrumb","itemListElement":[{"@type":"ListItem","position":1,"name":"Home","item":"https:\/\/www.profaqua.ca\/fr\/"},{"@type":"ListItem","position":2,"name":"Produits","item":"https:\/\/www.profaqua.ca\/fr\/shop\/"},{"@type":"ListItem","position":3,"name":"\u00c9lectrolyse et pile \u00e9lectrique (Colombie-Britannique)"}]},{"@type":"WebSite","@id":"https:\/\/www.profaqua.ca\/fr\/#website","url":"https:\/\/www.profaqua.ca\/fr\/","name":"Profaqua","description":"","potentialAction":[{"@type":"SearchAction","target":{"@type":"EntryPoint","urlTemplate":"https:\/\/www.profaqua.ca\/fr\/?s={search_term_string}"},"query-input":"required name=search_term_string"}],"inLanguage":"fr-FR"}]}},"_links":{"self":[{"href":"https:\/\/www.profaqua.ca\/fr\/wp-json\/wp\/v2\/product\/1092"}],"collection":[{"href":"https:\/\/www.profaqua.ca\/fr\/wp-json\/wp\/v2\/product"}],"about":[{"href":"https:\/\/www.profaqua.ca\/fr\/wp-json\/wp\/v2\/types\/product"}],"wp:featuredmedia":[{"embeddable":true,"href":"https:\/\/www.profaqua.ca\/fr\/wp-json\/wp\/v2\/media\/1288"}],"wp:attachment":[{"href":"https:\/\/www.profaqua.ca\/fr\/wp-json\/wp\/v2\/media?parent=1092"}],"wp:term":[{"taxonomy":"product_cat","embeddable":true,"href":"https:\/\/www.profaqua.ca\/fr\/wp-json\/wp\/v2\/product_cat?post=1092"},{"taxonomy":"product_tag","embeddable":true,"href":"https:\/\/www.profaqua.ca\/fr\/wp-json\/wp\/v2\/product_tag?post=1092"}],"curies":[{"name":"wp","href":"https:\/\/api.w.org\/{rel}","templated":true}]}}