{"id":864,"date":"2024-08-17T16:00:49","date_gmt":"2024-08-17T21:00:49","guid":{"rendered":"https:\/\/www.profaqua.ca\/?page_id=864\/"},"modified":"2024-08-26T21:31:07","modified_gmt":"2024-08-27T02:31:07","slug":"projet-en-classe","status":"publish","type":"page","link":"https:\/\/www.profaqua.ca\/fr\/nos-services\/projet-en-classe\/","title":{"rendered":"Projets en classe"},"content":{"rendered":"<p>[vc_row][vc_column][vc_column_text]<\/p>\n<h3 style=\"text-align: center;\">Ce service est offert uniquement en <strong>Colombie-Britannique<\/strong>, sauf indication contraire.<\/h3>\n<p>[\/vc_column_text]<div class=\"boc_divider_holder\"><div class=\"boc_divider  \"  style=\"margin-top: 20px;margin-bottom: 20px;height: 1px;background: #eeeeee;\"><\/div><\/div>[\/vc_column][\/vc_row][vc_row][vc_column width=\u00a0\u00bb1\/2&Prime; css=\u00a0\u00bb.vc_custom_1485967912254{background-image: url(https:\/\/www.profaqua.ca\/wp-content\/uploads\/2017\/02\/pattern-header.png?id=201) !important;}\u00a0\u00bb]<h2 class=\"boc_heading  al_left  \"  style=\"margin-bottom: 20px;margin-top: 0px;color: #dd9933;\"><span><strong>L\u2019enseignement par projet a tendance \u00e0 augmenter l\u2019int\u00e9r\u00eat des \u00e9l\u00e8ves en ce qui a trait \u00e0 la science et technologie.<\/strong><\/span><\/h2>[vc_column_text]Choisir l&rsquo;un des 34 projets par rapport \u00e0 des ateliers individuels permet, une fois les principes de bases expliqu\u00e9s, de consacrer plus de temps aux questionnements li\u00e9s \u00e0 la vie quotidienne et d\u2019augmenter le temps de manipulation. Il ne s\u2019agit plus seulement de pr\u00e9senter un th\u00e8me donn\u00e9, mais de confronter les \u00e9l\u00e8ves \u00e0 un probl\u00e8me ou \u00e0 une question li\u00e9e \u00e0 la vraie vie, n\u00e9cessitant une r\u00e9flexion plus importante.<\/p>\n<p>D\u2019ateliers en ateliers, il sera possible d\u2019\u00e9valuer la compr\u00e9hension des concepts et d\u2019ajuster son enseignement afin d\u2019assurer une exp\u00e9rience de qualit\u00e9 et une autonomie dans la r\u00e9flexion des jeunes lors de l\u2019\u00e9laboration d\u2019une d\u00e9marche scientifique.[\/vc_column_text]<h2 class=\"boc_heading  al_left  \"  style=\"margin-bottom: 20px;margin-top: 0px;color: #dd9933;\"><span><strong>Tarification des projets en classe<\/strong><\/span><\/h2>[vc_column_text]<em>Minimum de deux classes par jour pour cette tarification:<\/em><\/p>\n<ul>\n<li>Minimum de <strong>2 rencontres<\/strong> de <strong>60 minutes<\/strong>: \u00c0 partir de <strong>400$<\/strong><\/li>\n<li>Minimum de <strong>2 rencontres<\/strong> de <strong>75 minutes<\/strong>: \u00c0 partir de <strong>500$<\/strong><\/li>\n<li>Minimum de <strong>2\u00a0rencontres<\/strong> de <strong>90 minutes<\/strong>: \u00c0 partir de <strong>600$<\/strong><\/li>\n<\/ul>\n<p>[\/vc_column_text][\/vc_column][vc_column width=\u00a0\u00bb1\/2&Prime;][vc_single_image alignment=\u00a0\u00bbright\u00a0\u00bb image=\u00a0\u00bb914&Prime;]<h2 class=\"boc_heading  al_left  \"  style=\"margin-bottom: 20px;margin-top: 0px;color: #dd9933;\"><span><strong>Frais suppl\u00e9mentaires<\/strong><\/span><\/h2>[vc_column_text]<\/p>\n<ul>\n<li>Frais de d\u00e9placement: un minimum de <strong>25$ plus 0.90 $<\/strong> par kilom\u00e8tre entre nos bureaux et le lieu de l&rsquo;animation (aller-retour).<\/li>\n<li>Frais suppl\u00e9mentaires sur les produits p\u00e9rissables, qui peuvent s&rsquo;appliquer sur quelques projets. L&rsquo;information se retrouvera sur le produit choisi.<\/li>\n<li>Frais de <strong>60 $<\/strong>, qui seront factur\u00e9s s&rsquo;il y a un d\u00e9lai de plus de 90 minutes entre deux ateliers.<\/li>\n<li>Ajoutez les taxes (GST et PST)<\/li>\n<\/ul>\n<p>[\/vc_column_text][\/vc_column][\/vc_row][vc_row][vc_column]<a\thref=\"https:\/\/www.profaqua.ca\/fr\/catalogue\/projets\/?swoof=1&#038;pa_type-de-service=atelier-intrascolaire&#038;really_curr_tax=63-product_cat\" \n\t\t\t\tclass=\"button btn_large_stretched btn_orange btn_rounded btn_normal_style    \"  target='_self'><span>VOIR NOS PROJETS<\/span><\/a>[\/vc_column][\/vc_row]<\/p>\n","protected":false},"excerpt":{"rendered":"<p>[vc_row][vc_column][vc_column_text] Ce service est offert uniquement en Colombie-Britannique, sauf indication contraire. [\/vc_column_text][\/vc_column][\/vc_row][vc_row][vc_column width=\u00a0\u00bb1\/2&Prime; css=\u00a0\u00bb.vc_custom_1485967912254{background-image: url(https:\/\/www.profaqua.ca\/wp-content\/uploads\/2017\/02\/pattern-header.png?id=201) !important;}\u00a0\u00bb][vc_column_text]Choisir l&rsquo;un des 34 projets par rapport \u00e0 des ateliers individuels permet, une fois les principes de bases expliqu\u00e9s, de consacrer plus de temps aux questionnements li\u00e9s \u00e0 la vie quotidienne et d\u2019augmenter le temps de manipulation. Il ne s\u2019agit plus seulement de pr\u00e9senter un<\/p>\n<div class=\"h10\"><\/div>\n<p><a class=\"more-link1\" href=\"https:\/\/www.profaqua.ca\/fr\/nos-services\/projet-en-classe\/\">Voir plus<\/a><\/p>\n","protected":false},"author":1,"featured_media":0,"parent":423,"menu_order":0,"comment_status":"closed","ping_status":"closed","template":"","meta":{"footnotes":""},"acf":[],"yoast_head":"<!-- This site is optimized with the Yoast SEO plugin v20.13 - https:\/\/yoast.com\/wordpress\/plugins\/seo\/ -->\n<title>Projets en classe - Profaqua<\/title>\n<meta name=\"description\" content=\"Ce service est offert uniquement en Colombie-Britannique, sauf indication contraire. Choisir l&#039;un des 34 projets par rapport \u00e0 des ateliers individuels\" \/>\n<meta name=\"robots\" content=\"index, follow, max-snippet:-1, max-image-preview:large, max-video-preview:-1\" \/>\n<link rel=\"canonical\" href=\"https:\/\/www.profaqua.ca\/fr\/nos-services\/projet-en-classe\/\" \/>\n<meta property=\"og:locale\" content=\"fr_FR\" \/>\n<meta property=\"og:type\" content=\"article\" \/>\n<meta property=\"og:title\" content=\"Projets en classe - Profaqua\" \/>\n<meta property=\"og:description\" content=\"Ce service est offert uniquement en Colombie-Britannique, sauf indication contraire. Choisir l&#039;un des 34 projets par rapport \u00e0 des ateliers individuels\" \/>\n<meta property=\"og:url\" content=\"https:\/\/www.profaqua.ca\/fr\/nos-services\/projet-en-classe\/\" \/>\n<meta property=\"og:site_name\" content=\"Profaqua\" \/>\n<meta property=\"article:publisher\" content=\"https:\/\/www.facebook.com\/profaqua\/\" \/>\n<meta property=\"article:modified_time\" content=\"2024-08-27T02:31:07+00:00\" \/>\n<meta property=\"og:image\" content=\"https:\/\/www.profaqua.ca\/wp-content\/uploads\/2017\/01\/logo.jpg\" \/>\n\t<meta property=\"og:image:width\" content=\"180\" \/>\n\t<meta property=\"og:image:height\" content=\"59\" \/>\n\t<meta property=\"og:image:type\" content=\"image\/jpeg\" \/>\n<meta name=\"twitter:card\" content=\"summary_large_image\" \/>\n<meta name=\"twitter:label1\" content=\"Dur\u00e9e de lecture estim\u00e9e\" \/>\n\t<meta name=\"twitter:data1\" content=\"2 minutes\" \/>\n<script type=\"application\/ld+json\" class=\"yoast-schema-graph\">{\"@context\":\"https:\/\/schema.org\",\"@graph\":[{\"@type\":\"WebPage\",\"@id\":\"https:\/\/www.profaqua.ca\/fr\/nos-services\/projet-en-classe\/\",\"url\":\"https:\/\/www.profaqua.ca\/fr\/nos-services\/projet-en-classe\/\",\"name\":\"Projets en classe - Profaqua\",\"isPartOf\":{\"@id\":\"https:\/\/www.profaqua.ca\/fr\/#website\"},\"datePublished\":\"2024-08-17T21:00:49+00:00\",\"dateModified\":\"2024-08-27T02:31:07+00:00\",\"description\":\"Ce service est offert uniquement en Colombie-Britannique, sauf indication contraire. Choisir l'un des 34 projets par rapport \u00e0 des ateliers individuels\",\"breadcrumb\":{\"@id\":\"https:\/\/www.profaqua.ca\/fr\/nos-services\/projet-en-classe\/#breadcrumb\"},\"inLanguage\":\"fr-FR\",\"potentialAction\":[{\"@type\":\"ReadAction\",\"target\":[\"https:\/\/www.profaqua.ca\/fr\/nos-services\/projet-en-classe\/\"]}]},{\"@type\":\"BreadcrumbList\",\"@id\":\"https:\/\/www.profaqua.ca\/fr\/nos-services\/projet-en-classe\/#breadcrumb\",\"itemListElement\":[{\"@type\":\"ListItem\",\"position\":1,\"name\":\"Home\",\"item\":\"https:\/\/www.profaqua.ca\/fr\/\"},{\"@type\":\"ListItem\",\"position\":2,\"name\":\"Nos services\",\"item\":\"https:\/\/www.profaqua.ca\/fr\/nos-services\/\"},{\"@type\":\"ListItem\",\"position\":3,\"name\":\"Projets en classe\"}]},{\"@type\":\"WebSite\",\"@id\":\"https:\/\/www.profaqua.ca\/fr\/#website\",\"url\":\"https:\/\/www.profaqua.ca\/fr\/\",\"name\":\"Profaqua\",\"description\":\"\",\"potentialAction\":[{\"@type\":\"SearchAction\",\"target\":{\"@type\":\"EntryPoint\",\"urlTemplate\":\"https:\/\/www.profaqua.ca\/fr\/?s={search_term_string}\"},\"query-input\":\"required name=search_term_string\"}],\"inLanguage\":\"fr-FR\"}]}<\/script>\n<!-- \/ Yoast SEO plugin. -->","yoast_head_json":{"title":"Projets en classe - Profaqua","description":"Ce service est offert uniquement en Colombie-Britannique, sauf indication contraire. Choisir l'un des 34 projets par rapport \u00e0 des ateliers individuels","robots":{"index":"index","follow":"follow","max-snippet":"max-snippet:-1","max-image-preview":"max-image-preview:large","max-video-preview":"max-video-preview:-1"},"canonical":"https:\/\/www.profaqua.ca\/fr\/nos-services\/projet-en-classe\/","og_locale":"fr_FR","og_type":"article","og_title":"Projets en classe - Profaqua","og_description":"Ce service est offert uniquement en Colombie-Britannique, sauf indication contraire. Choisir l'un des 34 projets par rapport \u00e0 des ateliers individuels","og_url":"https:\/\/www.profaqua.ca\/fr\/nos-services\/projet-en-classe\/","og_site_name":"Profaqua","article_publisher":"https:\/\/www.facebook.com\/profaqua\/","article_modified_time":"2024-08-27T02:31:07+00:00","og_image":[{"width":180,"height":59,"url":"https:\/\/www.profaqua.ca\/wp-content\/uploads\/2017\/01\/logo.jpg","type":"image\/jpeg"}],"twitter_card":"summary_large_image","twitter_misc":{"Dur\u00e9e de lecture estim\u00e9e":"2 minutes"},"schema":{"@context":"https:\/\/schema.org","@graph":[{"@type":"WebPage","@id":"https:\/\/www.profaqua.ca\/fr\/nos-services\/projet-en-classe\/","url":"https:\/\/www.profaqua.ca\/fr\/nos-services\/projet-en-classe\/","name":"Projets en classe - Profaqua","isPartOf":{"@id":"https:\/\/www.profaqua.ca\/fr\/#website"},"datePublished":"2024-08-17T21:00:49+00:00","dateModified":"2024-08-27T02:31:07+00:00","description":"Ce service est offert uniquement en Colombie-Britannique, sauf indication contraire. Choisir l'un des 34 projets par rapport \u00e0 des ateliers individuels","breadcrumb":{"@id":"https:\/\/www.profaqua.ca\/fr\/nos-services\/projet-en-classe\/#breadcrumb"},"inLanguage":"fr-FR","potentialAction":[{"@type":"ReadAction","target":["https:\/\/www.profaqua.ca\/fr\/nos-services\/projet-en-classe\/"]}]},{"@type":"BreadcrumbList","@id":"https:\/\/www.profaqua.ca\/fr\/nos-services\/projet-en-classe\/#breadcrumb","itemListElement":[{"@type":"ListItem","position":1,"name":"Home","item":"https:\/\/www.profaqua.ca\/fr\/"},{"@type":"ListItem","position":2,"name":"Nos services","item":"https:\/\/www.profaqua.ca\/fr\/nos-services\/"},{"@type":"ListItem","position":3,"name":"Projets en classe"}]},{"@type":"WebSite","@id":"https:\/\/www.profaqua.ca\/fr\/#website","url":"https:\/\/www.profaqua.ca\/fr\/","name":"Profaqua","description":"","potentialAction":[{"@type":"SearchAction","target":{"@type":"EntryPoint","urlTemplate":"https:\/\/www.profaqua.ca\/fr\/?s={search_term_string}"},"query-input":"required name=search_term_string"}],"inLanguage":"fr-FR"}]}},"_links":{"self":[{"href":"https:\/\/www.profaqua.ca\/fr\/wp-json\/wp\/v2\/pages\/864"}],"collection":[{"href":"https:\/\/www.profaqua.ca\/fr\/wp-json\/wp\/v2\/pages"}],"about":[{"href":"https:\/\/www.profaqua.ca\/fr\/wp-json\/wp\/v2\/types\/page"}],"author":[{"embeddable":true,"href":"https:\/\/www.profaqua.ca\/fr\/wp-json\/wp\/v2\/users\/1"}],"replies":[{"embeddable":true,"href":"https:\/\/www.profaqua.ca\/fr\/wp-json\/wp\/v2\/comments?post=864"}],"version-history":[{"count":30,"href":"https:\/\/www.profaqua.ca\/fr\/wp-json\/wp\/v2\/pages\/864\/revisions"}],"predecessor-version":[{"id":38228,"href":"https:\/\/www.profaqua.ca\/fr\/wp-json\/wp\/v2\/pages\/864\/revisions\/38228"}],"up":[{"embeddable":true,"href":"https:\/\/www.profaqua.ca\/fr\/wp-json\/wp\/v2\/pages\/423"}],"wp:attachment":[{"href":"https:\/\/www.profaqua.ca\/fr\/wp-json\/wp\/v2\/media?parent=864"}],"curies":[{"name":"wp","href":"https:\/\/api.w.org\/{rel}","templated":true}]}}