{"id":860,"date":"2024-08-16T17:57:23","date_gmt":"2024-08-16T22:57:23","guid":{"rendered":"https:\/\/www.profaqua.ca\/?page_id=860\/"},"modified":"2024-09-06T00:23:52","modified_gmt":"2024-09-06T05:23:52","slug":"mariage","status":"publish","type":"page","link":"https:\/\/www.profaqua.ca\/fr\/nos-services\/mariage\/","title":{"rendered":"Mariages"},"content":{"rendered":"<p>[vc_row][vc_column][vc_column_text]<\/p>\n<h3 style=\"text-align: center;\">Ce service est offert uniquement en <strong>Colombie-Britannique<\/strong>, sauf indication contraire.<\/h3>\n<p>[\/vc_column_text]<div class=\"boc_divider_holder\"><div class=\"boc_divider  \"  style=\"margin-top: 20px;margin-bottom: 20px;height: 1px;background: #eeeeee;\"><\/div><\/div>[\/vc_column][\/vc_row][vc_row][vc_column width=\u00a0\u00bb1\/2&Prime; css=\u00a0\u00bb.vc_custom_1485967912254{background-image: url(https:\/\/www.profaqua.ca\/wp-content\/uploads\/2017\/02\/pattern-header.png?id=201) !important;}\u00a0\u00bb][vc_single_image image=\u00a0\u00bb910&Prime;][\/vc_column][vc_column width=\u00a0\u00bb1\/2&Prime;]<h2 class=\"boc_heading  al_left  \"  style=\"margin-bottom: 20px;margin-top: 0px;color: #dd9933;\"><span><strong>Vous vous mariez? F\u00e9licitations! Mais que ferez-vous des enfants?<\/strong><\/span><\/h2>[vc_column_text]Prof<strong>aqua<\/strong> a la solution! Engagez, pour une partie de la soir\u00e9e, un professionnel qui saura divertir les enfants.<\/p>\n<p>Spectacle de science ou ateliers scientifiques vous seront propos\u00e9s et pourront \u00eatre adapt\u00e9s en fonction d\u2019une th\u00e9matique que vous aurez choisie.<\/p>\n<p>Nous saurons prendre soin de vos petits et permettre aux adultes de s\u2019amuser en toute tranquillit\u00e9.<\/p>\n<p>Votre mariage est un \u00e9v\u00e9nement unique et ils en garderont un souvenir m\u00e9morable![\/vc_column_text]<h2 class=\"boc_heading  al_left  \"  style=\"margin-bottom: 20px;margin-top: 0px;color: #dd9933;\"><span><strong>Frais<\/strong><\/span><\/h2>[vc_column_text]<\/p>\n<ul>\n<li>Atelier de\u00a0<strong>60 minutes<\/strong>: \u00c0 partir de\u00a0<strong>300$<\/strong><\/li>\n<li>Spectacle magie et science de <strong>60 minutes<\/strong>: \u00c0 partir de <strong>800$<\/strong><\/li>\n<li>Spectacle scientifique de <strong>60 minutes<\/strong>: \u00c0 partir de\u00a0<strong>1000$<\/strong><\/li>\n<\/ul>\n<p>[\/vc_column_text]<h2 class=\"boc_heading  al_left  \"  style=\"margin-bottom: 20px;margin-top: 0px;color: #dd9933;\"><span><strong>Frais suppl\u00e9mentaires<\/strong><\/span><\/h2>[vc_column_text]<\/p>\n<ul>\n<li>Frais de d\u00e9placement: un minimum de\u00a0<strong>25$ plus 0.90 $<\/strong>\u00a0par kilom\u00e8tre entre nos bureaux et le lieu de l\u2019animation (aller-retour).<\/li>\n<li>Frais suppl\u00e9mentaires sur les produits p\u00e9rissables, qui peuvent s\u2019appliquer sur quelques ateliers. L\u2019information se retrouvera sur le produit choisi.<\/li>\n<li>Ajoutez les taxes (GST et PST)<\/li>\n<\/ul>\n<p>[\/vc_column_text]<a\thref=\"https:\/\/www.profaqua.ca\/fr\/catalogue\/ateliers\/?swoof=1&#038;pa_type-de-service=mariage&#038;really_curr_tax=62-product_cat\" \n\t\t\t\tclass=\"button btn_large_stretched btn_orange btn_rounded btn_normal_style    \"  target='_self'><span>VOIR NOS ATELIERS<\/span><\/a><a\thref=\"https:\/\/www.profaqua.ca\/fr\/catalogue\/spectacles\/\" \n\t\t\t\tclass=\"button btn_large_stretched btn_orange btn_rounded btn_normal_style    \"  target='_self'><span>VOIR NOS SPECTACLES<\/span><\/a>[\/vc_column][\/vc_row]<\/p>\n","protected":false},"excerpt":{"rendered":"<p>[vc_row][vc_column][vc_column_text] Ce service est offert uniquement en Colombie-Britannique, sauf indication contraire. [\/vc_column_text][\/vc_column][\/vc_row][vc_row][vc_column width=\u00a0\u00bb1\/2&Prime; css=\u00a0\u00bb.vc_custom_1485967912254{background-image: url(https:\/\/www.profaqua.ca\/wp-content\/uploads\/2017\/02\/pattern-header.png?id=201) !important;}\u00a0\u00bb][vc_single_image image=\u00a0\u00bb910&Prime;][\/vc_column][vc_column width=\u00a0\u00bb1\/2&Prime;][vc_column_text]Profaqua a la solution! Engagez, pour une partie de la soir\u00e9e, un professionnel qui saura divertir les enfants. Spectacle de science ou ateliers scientifiques vous seront propos\u00e9s et pourront \u00eatre adapt\u00e9s en fonction d\u2019une th\u00e9matique que vous aurez choisie. Nous saurons prendre soin<\/p>\n<div class=\"h10\"><\/div>\n<p><a class=\"more-link1\" href=\"https:\/\/www.profaqua.ca\/fr\/nos-services\/mariage\/\">Voir plus<\/a><\/p>\n","protected":false},"author":1,"featured_media":0,"parent":423,"menu_order":0,"comment_status":"closed","ping_status":"closed","template":"","meta":{"footnotes":""},"acf":[],"yoast_head":"<!-- This site is optimized with the Yoast SEO plugin v20.13 - https:\/\/yoast.com\/wordpress\/plugins\/seo\/ -->\n<title>Mariages - Profaqua<\/title>\n<meta name=\"description\" content=\"Ce service est offert uniquement en Colombie-Britannique, sauf indication contraire. Profaqua a la solution! Engagez, pour une partie de la soir\u00e9e, un\" \/>\n<meta name=\"robots\" content=\"index, follow, max-snippet:-1, max-image-preview:large, max-video-preview:-1\" \/>\n<link rel=\"canonical\" href=\"https:\/\/www.profaqua.ca\/fr\/nos-services\/mariage\/\" \/>\n<meta property=\"og:locale\" content=\"fr_FR\" \/>\n<meta property=\"og:type\" content=\"article\" \/>\n<meta property=\"og:title\" content=\"Mariages - Profaqua\" \/>\n<meta property=\"og:description\" content=\"Ce service est offert uniquement en Colombie-Britannique, sauf indication contraire. Profaqua a la solution! Engagez, pour une partie de la soir\u00e9e, un\" \/>\n<meta property=\"og:url\" content=\"https:\/\/www.profaqua.ca\/fr\/nos-services\/mariage\/\" \/>\n<meta property=\"og:site_name\" content=\"Profaqua\" \/>\n<meta property=\"article:publisher\" content=\"https:\/\/www.facebook.com\/profaqua\/\" \/>\n<meta property=\"article:modified_time\" content=\"2024-09-06T05:23:52+00:00\" \/>\n<meta property=\"og:image\" content=\"https:\/\/www.profaqua.ca\/wp-content\/uploads\/2017\/01\/logo.jpg\" \/>\n\t<meta property=\"og:image:width\" content=\"180\" \/>\n\t<meta property=\"og:image:height\" content=\"59\" \/>\n\t<meta property=\"og:image:type\" content=\"image\/jpeg\" \/>\n<meta name=\"twitter:card\" content=\"summary_large_image\" \/>\n<meta name=\"twitter:label1\" content=\"Dur\u00e9e de lecture estim\u00e9e\" \/>\n\t<meta name=\"twitter:data1\" content=\"1 minute\" \/>\n<script type=\"application\/ld+json\" class=\"yoast-schema-graph\">{\"@context\":\"https:\/\/schema.org\",\"@graph\":[{\"@type\":\"WebPage\",\"@id\":\"https:\/\/www.profaqua.ca\/fr\/nos-services\/mariage\/\",\"url\":\"https:\/\/www.profaqua.ca\/fr\/nos-services\/mariage\/\",\"name\":\"Mariages - Profaqua\",\"isPartOf\":{\"@id\":\"https:\/\/www.profaqua.ca\/fr\/#website\"},\"datePublished\":\"2024-08-16T22:57:23+00:00\",\"dateModified\":\"2024-09-06T05:23:52+00:00\",\"description\":\"Ce service est offert uniquement en Colombie-Britannique, sauf indication contraire. Profaqua a la solution! Engagez, pour une partie de la soir\u00e9e, un\",\"breadcrumb\":{\"@id\":\"https:\/\/www.profaqua.ca\/fr\/nos-services\/mariage\/#breadcrumb\"},\"inLanguage\":\"fr-FR\",\"potentialAction\":[{\"@type\":\"ReadAction\",\"target\":[\"https:\/\/www.profaqua.ca\/fr\/nos-services\/mariage\/\"]}]},{\"@type\":\"BreadcrumbList\",\"@id\":\"https:\/\/www.profaqua.ca\/fr\/nos-services\/mariage\/#breadcrumb\",\"itemListElement\":[{\"@type\":\"ListItem\",\"position\":1,\"name\":\"Home\",\"item\":\"https:\/\/www.profaqua.ca\/fr\/\"},{\"@type\":\"ListItem\",\"position\":2,\"name\":\"Nos services\",\"item\":\"https:\/\/www.profaqua.ca\/fr\/nos-services\/\"},{\"@type\":\"ListItem\",\"position\":3,\"name\":\"Mariages\"}]},{\"@type\":\"WebSite\",\"@id\":\"https:\/\/www.profaqua.ca\/fr\/#website\",\"url\":\"https:\/\/www.profaqua.ca\/fr\/\",\"name\":\"Profaqua\",\"description\":\"\",\"potentialAction\":[{\"@type\":\"SearchAction\",\"target\":{\"@type\":\"EntryPoint\",\"urlTemplate\":\"https:\/\/www.profaqua.ca\/fr\/?s={search_term_string}\"},\"query-input\":\"required name=search_term_string\"}],\"inLanguage\":\"fr-FR\"}]}<\/script>\n<!-- \/ Yoast SEO plugin. -->","yoast_head_json":{"title":"Mariages - Profaqua","description":"Ce service est offert uniquement en Colombie-Britannique, sauf indication contraire. Profaqua a la solution! Engagez, pour une partie de la soir\u00e9e, un","robots":{"index":"index","follow":"follow","max-snippet":"max-snippet:-1","max-image-preview":"max-image-preview:large","max-video-preview":"max-video-preview:-1"},"canonical":"https:\/\/www.profaqua.ca\/fr\/nos-services\/mariage\/","og_locale":"fr_FR","og_type":"article","og_title":"Mariages - Profaqua","og_description":"Ce service est offert uniquement en Colombie-Britannique, sauf indication contraire. Profaqua a la solution! Engagez, pour une partie de la soir\u00e9e, un","og_url":"https:\/\/www.profaqua.ca\/fr\/nos-services\/mariage\/","og_site_name":"Profaqua","article_publisher":"https:\/\/www.facebook.com\/profaqua\/","article_modified_time":"2024-09-06T05:23:52+00:00","og_image":[{"width":180,"height":59,"url":"https:\/\/www.profaqua.ca\/wp-content\/uploads\/2017\/01\/logo.jpg","type":"image\/jpeg"}],"twitter_card":"summary_large_image","twitter_misc":{"Dur\u00e9e de lecture estim\u00e9e":"1 minute"},"schema":{"@context":"https:\/\/schema.org","@graph":[{"@type":"WebPage","@id":"https:\/\/www.profaqua.ca\/fr\/nos-services\/mariage\/","url":"https:\/\/www.profaqua.ca\/fr\/nos-services\/mariage\/","name":"Mariages - Profaqua","isPartOf":{"@id":"https:\/\/www.profaqua.ca\/fr\/#website"},"datePublished":"2024-08-16T22:57:23+00:00","dateModified":"2024-09-06T05:23:52+00:00","description":"Ce service est offert uniquement en Colombie-Britannique, sauf indication contraire. Profaqua a la solution! Engagez, pour une partie de la soir\u00e9e, un","breadcrumb":{"@id":"https:\/\/www.profaqua.ca\/fr\/nos-services\/mariage\/#breadcrumb"},"inLanguage":"fr-FR","potentialAction":[{"@type":"ReadAction","target":["https:\/\/www.profaqua.ca\/fr\/nos-services\/mariage\/"]}]},{"@type":"BreadcrumbList","@id":"https:\/\/www.profaqua.ca\/fr\/nos-services\/mariage\/#breadcrumb","itemListElement":[{"@type":"ListItem","position":1,"name":"Home","item":"https:\/\/www.profaqua.ca\/fr\/"},{"@type":"ListItem","position":2,"name":"Nos services","item":"https:\/\/www.profaqua.ca\/fr\/nos-services\/"},{"@type":"ListItem","position":3,"name":"Mariages"}]},{"@type":"WebSite","@id":"https:\/\/www.profaqua.ca\/fr\/#website","url":"https:\/\/www.profaqua.ca\/fr\/","name":"Profaqua","description":"","potentialAction":[{"@type":"SearchAction","target":{"@type":"EntryPoint","urlTemplate":"https:\/\/www.profaqua.ca\/fr\/?s={search_term_string}"},"query-input":"required name=search_term_string"}],"inLanguage":"fr-FR"}]}},"_links":{"self":[{"href":"https:\/\/www.profaqua.ca\/fr\/wp-json\/wp\/v2\/pages\/860"}],"collection":[{"href":"https:\/\/www.profaqua.ca\/fr\/wp-json\/wp\/v2\/pages"}],"about":[{"href":"https:\/\/www.profaqua.ca\/fr\/wp-json\/wp\/v2\/types\/page"}],"author":[{"embeddable":true,"href":"https:\/\/www.profaqua.ca\/fr\/wp-json\/wp\/v2\/users\/1"}],"replies":[{"embeddable":true,"href":"https:\/\/www.profaqua.ca\/fr\/wp-json\/wp\/v2\/comments?post=860"}],"version-history":[{"count":22,"href":"https:\/\/www.profaqua.ca\/fr\/wp-json\/wp\/v2\/pages\/860\/revisions"}],"predecessor-version":[{"id":39210,"href":"https:\/\/www.profaqua.ca\/fr\/wp-json\/wp\/v2\/pages\/860\/revisions\/39210"}],"up":[{"embeddable":true,"href":"https:\/\/www.profaqua.ca\/fr\/wp-json\/wp\/v2\/pages\/423"}],"wp:attachment":[{"href":"https:\/\/www.profaqua.ca\/fr\/wp-json\/wp\/v2\/media?parent=860"}],"curies":[{"name":"wp","href":"https:\/\/api.w.org\/{rel}","templated":true}]}}