{"id":855,"date":"2024-08-16T17:54:25","date_gmt":"2024-08-16T22:54:25","guid":{"rendered":"https:\/\/www.profaqua.ca\/?page_id=855\/"},"modified":"2024-08-26T21:11:22","modified_gmt":"2024-08-27T02:11:22","slug":"formation","status":"publish","type":"page","link":"https:\/\/www.profaqua.ca\/fr\/nos-services\/formation\/","title":{"rendered":"Formations"},"content":{"rendered":"<p>[vc_row][vc_column][vc_column_text]<\/p>\n<h3 style=\"text-align: center;\">Ce service est offert uniquement en <strong>Colombie-Britannique<\/strong>, sauf indication contraire.<\/h3>\n<p>[\/vc_column_text]<div class=\"boc_divider_holder\"><div class=\"boc_divider  \"  style=\"margin-top: 20px;margin-bottom: 20px;height: 1px;background: #eee;\"><\/div><\/div>[\/vc_column][\/vc_row][vc_row][vc_column width=\u00a0\u00bb1\/2&Prime; css=\u00a0\u00bb.vc_custom_1485967912254{background-image: url(https:\/\/www.profaqua.ca\/wp-content\/uploads\/2017\/02\/pattern-header.png?id=201) !important;}\u00a0\u00bb]<h2 class=\"boc_heading  al_left  \"  style=\"margin-bottom: 20px;margin-top: 0px;color: #333;\"><span><strong>Devoir d\u00e9velopper une d\u00e9marche pour un projet ou une animation peut rapidement nous faire sentir \u00ab\u00a0pass\u00e9 de mode\u00a0\u00bb lorsque les connaissances ne nous sont pas famili\u00e8res.<\/strong><\/span><\/h2>[vc_column_text]Que vous soyez enseignants, \u00e9ducateurs ou animateurs de camps de jour, nous pouvons vous outiller afin de monter et d\u2019animer un projet ou un atelier scientifique ou robotique.<\/p>\n<p>Avec plus de 25 ans d\u2019exp\u00e9rience, notre passion qui est de transmettre nos connaissances s\u2019est aussi dirig\u00e9e vers les professionnels de l\u2019\u00e9ducation et nous savons vous mettre en confiance dans le d\u00e9veloppement de vos projets.<\/p>\n<p>Vous avez du mat\u00e9riel scientifique ou de robotique et vous ne savez pas ce que vous pourriez en faire ou vous avez une belle \u00e9quipe \u00e0 pr\u00e9parer pour votre \u00e9t\u00e9?<\/p>\n<p>L\u2019\u00e9quipe de prof<strong>aqua,<\/strong>\u00a0est sp\u00e9cialis\u00e9e en formation g\u00e9n\u00e9rale.[\/vc_column_text][\/vc_column][vc_column width=\u00a0\u00bb1\/2&Prime;][vc_single_image img_size=\u00a0\u00bblarge\u00a0\u00bb alignment=\u00a0\u00bbright\u00a0\u00bb image=\u00a0\u00bb906&Prime;][\/vc_column][\/vc_row][vc_row][vc_column][vc_column_text]<strong>Vous avez besoin d&rsquo;une aide pour former votre nouvelle \u00e9quipe d&rsquo;animation? Nous sommes l\u00e0 pour plusieurs sujets comme:<\/strong><\/p>\n<p>[\/vc_column_text][\/vc_column][\/vc_row][vc_row][vc_column width=\u00a0\u00bb1\/3&Prime;][vc_column_text]<\/p>\n<h4><strong>Connaissance de l&rsquo;enfant<\/strong><\/h4>\n<h4><strong>Cr\u00e9ativit\u00e9<\/strong><\/h4>\n<h4><strong>Motivation et ambiance d&rsquo;une \u00e9quipe de travail<\/strong><\/h4>\n<h4><strong>R\u00e9solution cas probl\u00e8mes<\/strong><\/h4>\n<h4><strong>Planification des activit\u00e9s<\/strong><\/h4>\n<h4><strong>Techniques d&rsquo;animation<\/strong><\/h4>\n<h4><strong>Travail en \u00e9quipe<\/strong><\/h4>\n<p>[\/vc_column_text][\/vc_column][vc_column width=\u00a0\u00bb1\/3&Prime;][vc_column_text]<\/p>\n<h4><strong>Leadership du moniteur et motivation d&rsquo;un groupe de jeunes<\/strong><\/h4>\n<h4><strong>S\u00e9curit\u00e9 au camp<\/strong><\/h4>\n<h4><strong>Code de vie au camp<\/strong><\/h4>\n<h4><strong>Chants et bans dans un camp<\/strong><\/h4>\n<h4><strong>Jeux (connaissance, coop\u00e9ratifs, sportif&#8230;)<\/strong><\/h4>\n<h4><strong>Gestion du risque et de la crise<\/strong><\/h4>\n<h4><strong>Animation de r\u00e9union et communication<\/strong><\/h4>\n<p>[\/vc_column_text][\/vc_column][vc_column width=\u00a0\u00bb1\/3&Prime;][vc_column_text]<\/p>\n<h4><strong>Th\u00e9matique d&rsquo;un \u00e9t\u00e9<\/strong><\/h4>\n<h4><strong>\u00c9valuation du personnel<\/strong><\/h4>\n<h4><strong>Relations interpersonnelles<\/strong><\/h4>\n<h4><strong>Outils de gestion pour les coordonnateurs<\/strong><\/h4>\n<h4><strong>R\u00f4les, devoirs et responsabilit\u00e9s du moniteur<\/strong><\/h4>\n<h4><strong>R\u00f4les, devoirs et responsabilit\u00e9s du coordonnateur<\/strong><\/h4>\n<p>[\/vc_column_text][\/vc_column][\/vc_row][vc_row][vc_column][vc_column_text]<strong>Vous avez besoin d&rsquo;une aide pour l&rsquo;initiation \u00e0 la robotique sur diff\u00e9rentes plateformes? Nos animateurs ont tous plusieurs ann\u00e9es d\u2019exp\u00e9rience:<\/strong>[\/vc_column_text][\/vc_column][\/vc_row][vc_row][vc_column width=\u00a0\u00bb1\/3&Prime;][vc_column_text]<\/p>\n<h4><strong>Robotique WeDo\u00ae 1.0 <\/strong><strong>de LEGO\u00ae<\/strong><\/h4>\n<h4><strong>Robotique WeDo\u00ae 2.0 <\/strong><strong>de LEGO\u00ae<\/strong><\/h4>\n<h4><strong>Robotique NXT\u00ae <\/strong><strong>de LEGO\u00ae<\/strong><\/h4>\n<h4><strong>Robotique MINDSTORMS\u00ae EV3 <\/strong><strong>de LEGO\u00ae<\/strong><\/h4>\n<h4><strong>Robotique SPIKE\u2122 de LEGO\u00ae<\/strong><\/h4>\n<h4><strong>LEGO\u00ae Boost<\/strong><\/h4>\n<p>[\/vc_column_text][\/vc_column][vc_column width=\u00a0\u00bb1\/3&Prime;][vc_column_text]<\/p>\n<h4><strong>Bee-Bot\u00ae<\/strong><\/h4>\n<h4><strong>Blue-Bot\u00ae<\/strong><\/h4>\n<h4><strong>Robotique Botley 1.0<\/strong><\/h4>\n<h4><strong>Robotique Botley 2.0<\/strong><\/h4>\n<h4><strong>KUBO\u00ae Coding<\/strong><\/h4>\n<h4><strong>Dash &amp; Dot Robots<\/strong><\/h4>\n<p>[\/vc_column_text][\/vc_column][vc_column width=\u00a0\u00bb1\/3&Prime;][vc_column_text]<\/p>\n<h4><strong>Turing Tumble<\/strong><\/h4>\n<h4><strong>Scratch<\/strong><\/h4>\n<h4><strong>Python<\/strong><\/h4>\n<h4><strong>Arduino<\/strong><\/h4>\n<h4><strong>JavaScript<\/strong><\/h4>\n<h4><strong>Kodu Video Games<\/strong><\/h4>\n<p>[\/vc_column_text][\/vc_column][\/vc_row][vc_row][vc_column width=\u00a0\u00bb1\/2&Prime;]<h2 class=\"boc_heading  al_left  \"  style=\"margin-bottom: 20px;margin-top: 0px;color: #333;\"><span><strong>Ce ne sont pas les id\u00e9es qui nous manquent!<\/strong><\/span><\/h2>[vc_column_text]Pour ce service, veuillez contacter <a href=\"mailto:eric.tremblay@profaqua.ca\">eric.tremblay@profaqua.ca<\/a> pour plus de d\u00e9tails.[\/vc_column_text][\/vc_column][vc_column width=\u00a0\u00bb1\/2&Prime;][\/vc_column][\/vc_row]<\/p>\n","protected":false},"excerpt":{"rendered":"<p>[vc_row][vc_column][vc_column_text] Ce service est offert uniquement en Colombie-Britannique, sauf indication contraire. [\/vc_column_text][\/vc_column][\/vc_row][vc_row][vc_column width=\u00a0\u00bb1\/2&Prime; css=\u00a0\u00bb.vc_custom_1485967912254{background-image: url(https:\/\/www.profaqua.ca\/wp-content\/uploads\/2017\/02\/pattern-header.png?id=201) !important;}\u00a0\u00bb][vc_column_text]Que vous soyez enseignants, \u00e9ducateurs ou animateurs de camps de jour, nous pouvons vous outiller afin de monter et d\u2019animer un projet ou un atelier scientifique ou robotique. Avec plus de 25 ans d\u2019exp\u00e9rience, notre passion qui est de transmettre nos connaissances s\u2019est aussi dirig\u00e9e<\/p>\n<div class=\"h10\"><\/div>\n<p><a class=\"more-link1\" href=\"https:\/\/www.profaqua.ca\/fr\/nos-services\/formation\/\">Voir plus<\/a><\/p>\n","protected":false},"author":1,"featured_media":0,"parent":423,"menu_order":0,"comment_status":"closed","ping_status":"closed","template":"","meta":{"footnotes":""},"acf":[],"yoast_head":"<!-- This site is optimized with the Yoast SEO plugin v20.13 - https:\/\/yoast.com\/wordpress\/plugins\/seo\/ -->\n<title>Formations - Profaqua<\/title>\n<meta name=\"description\" content=\"Ce service est offert uniquement en Colombie-Britannique, sauf indication contraire. Que vous soyez enseignants, \u00e9ducateurs ou animateurs de camps de\" \/>\n<meta name=\"robots\" content=\"index, follow, max-snippet:-1, max-image-preview:large, max-video-preview:-1\" \/>\n<link rel=\"canonical\" href=\"https:\/\/www.profaqua.ca\/fr\/nos-services\/formation\/\" \/>\n<meta property=\"og:locale\" content=\"fr_FR\" \/>\n<meta property=\"og:type\" content=\"article\" \/>\n<meta property=\"og:title\" content=\"Formations - Profaqua\" \/>\n<meta property=\"og:description\" content=\"Ce service est offert uniquement en Colombie-Britannique, sauf indication contraire. Que vous soyez enseignants, \u00e9ducateurs ou animateurs de camps de\" \/>\n<meta property=\"og:url\" content=\"https:\/\/www.profaqua.ca\/fr\/nos-services\/formation\/\" \/>\n<meta property=\"og:site_name\" content=\"Profaqua\" \/>\n<meta property=\"article:publisher\" content=\"https:\/\/www.facebook.com\/profaqua\/\" \/>\n<meta property=\"article:modified_time\" content=\"2024-08-27T02:11:22+00:00\" \/>\n<meta property=\"og:image\" content=\"https:\/\/www.profaqua.ca\/wp-content\/uploads\/2017\/01\/logo.jpg\" \/>\n\t<meta property=\"og:image:width\" content=\"180\" \/>\n\t<meta property=\"og:image:height\" content=\"59\" \/>\n\t<meta property=\"og:image:type\" content=\"image\/jpeg\" \/>\n<meta name=\"twitter:card\" content=\"summary_large_image\" \/>\n<meta name=\"twitter:label1\" content=\"Dur\u00e9e de lecture estim\u00e9e\" \/>\n\t<meta name=\"twitter:data1\" content=\"2 minutes\" \/>\n<script type=\"application\/ld+json\" class=\"yoast-schema-graph\">{\"@context\":\"https:\/\/schema.org\",\"@graph\":[{\"@type\":\"WebPage\",\"@id\":\"https:\/\/www.profaqua.ca\/fr\/nos-services\/formation\/\",\"url\":\"https:\/\/www.profaqua.ca\/fr\/nos-services\/formation\/\",\"name\":\"Formations - Profaqua\",\"isPartOf\":{\"@id\":\"https:\/\/www.profaqua.ca\/fr\/#website\"},\"datePublished\":\"2024-08-16T22:54:25+00:00\",\"dateModified\":\"2024-08-27T02:11:22+00:00\",\"description\":\"Ce service est offert uniquement en Colombie-Britannique, sauf indication contraire. Que vous soyez enseignants, \u00e9ducateurs ou animateurs de camps de\",\"breadcrumb\":{\"@id\":\"https:\/\/www.profaqua.ca\/fr\/nos-services\/formation\/#breadcrumb\"},\"inLanguage\":\"fr-FR\",\"potentialAction\":[{\"@type\":\"ReadAction\",\"target\":[\"https:\/\/www.profaqua.ca\/fr\/nos-services\/formation\/\"]}]},{\"@type\":\"BreadcrumbList\",\"@id\":\"https:\/\/www.profaqua.ca\/fr\/nos-services\/formation\/#breadcrumb\",\"itemListElement\":[{\"@type\":\"ListItem\",\"position\":1,\"name\":\"Home\",\"item\":\"https:\/\/www.profaqua.ca\/fr\/\"},{\"@type\":\"ListItem\",\"position\":2,\"name\":\"Nos services\",\"item\":\"https:\/\/www.profaqua.ca\/fr\/nos-services\/\"},{\"@type\":\"ListItem\",\"position\":3,\"name\":\"Formations\"}]},{\"@type\":\"WebSite\",\"@id\":\"https:\/\/www.profaqua.ca\/fr\/#website\",\"url\":\"https:\/\/www.profaqua.ca\/fr\/\",\"name\":\"Profaqua\",\"description\":\"\",\"potentialAction\":[{\"@type\":\"SearchAction\",\"target\":{\"@type\":\"EntryPoint\",\"urlTemplate\":\"https:\/\/www.profaqua.ca\/fr\/?s={search_term_string}\"},\"query-input\":\"required name=search_term_string\"}],\"inLanguage\":\"fr-FR\"}]}<\/script>\n<!-- \/ Yoast SEO plugin. -->","yoast_head_json":{"title":"Formations - Profaqua","description":"Ce service est offert uniquement en Colombie-Britannique, sauf indication contraire. Que vous soyez enseignants, \u00e9ducateurs ou animateurs de camps de","robots":{"index":"index","follow":"follow","max-snippet":"max-snippet:-1","max-image-preview":"max-image-preview:large","max-video-preview":"max-video-preview:-1"},"canonical":"https:\/\/www.profaqua.ca\/fr\/nos-services\/formation\/","og_locale":"fr_FR","og_type":"article","og_title":"Formations - Profaqua","og_description":"Ce service est offert uniquement en Colombie-Britannique, sauf indication contraire. Que vous soyez enseignants, \u00e9ducateurs ou animateurs de camps de","og_url":"https:\/\/www.profaqua.ca\/fr\/nos-services\/formation\/","og_site_name":"Profaqua","article_publisher":"https:\/\/www.facebook.com\/profaqua\/","article_modified_time":"2024-08-27T02:11:22+00:00","og_image":[{"width":180,"height":59,"url":"https:\/\/www.profaqua.ca\/wp-content\/uploads\/2017\/01\/logo.jpg","type":"image\/jpeg"}],"twitter_card":"summary_large_image","twitter_misc":{"Dur\u00e9e de lecture estim\u00e9e":"2 minutes"},"schema":{"@context":"https:\/\/schema.org","@graph":[{"@type":"WebPage","@id":"https:\/\/www.profaqua.ca\/fr\/nos-services\/formation\/","url":"https:\/\/www.profaqua.ca\/fr\/nos-services\/formation\/","name":"Formations - Profaqua","isPartOf":{"@id":"https:\/\/www.profaqua.ca\/fr\/#website"},"datePublished":"2024-08-16T22:54:25+00:00","dateModified":"2024-08-27T02:11:22+00:00","description":"Ce service est offert uniquement en Colombie-Britannique, sauf indication contraire. Que vous soyez enseignants, \u00e9ducateurs ou animateurs de camps de","breadcrumb":{"@id":"https:\/\/www.profaqua.ca\/fr\/nos-services\/formation\/#breadcrumb"},"inLanguage":"fr-FR","potentialAction":[{"@type":"ReadAction","target":["https:\/\/www.profaqua.ca\/fr\/nos-services\/formation\/"]}]},{"@type":"BreadcrumbList","@id":"https:\/\/www.profaqua.ca\/fr\/nos-services\/formation\/#breadcrumb","itemListElement":[{"@type":"ListItem","position":1,"name":"Home","item":"https:\/\/www.profaqua.ca\/fr\/"},{"@type":"ListItem","position":2,"name":"Nos services","item":"https:\/\/www.profaqua.ca\/fr\/nos-services\/"},{"@type":"ListItem","position":3,"name":"Formations"}]},{"@type":"WebSite","@id":"https:\/\/www.profaqua.ca\/fr\/#website","url":"https:\/\/www.profaqua.ca\/fr\/","name":"Profaqua","description":"","potentialAction":[{"@type":"SearchAction","target":{"@type":"EntryPoint","urlTemplate":"https:\/\/www.profaqua.ca\/fr\/?s={search_term_string}"},"query-input":"required name=search_term_string"}],"inLanguage":"fr-FR"}]}},"_links":{"self":[{"href":"https:\/\/www.profaqua.ca\/fr\/wp-json\/wp\/v2\/pages\/855"}],"collection":[{"href":"https:\/\/www.profaqua.ca\/fr\/wp-json\/wp\/v2\/pages"}],"about":[{"href":"https:\/\/www.profaqua.ca\/fr\/wp-json\/wp\/v2\/types\/page"}],"author":[{"embeddable":true,"href":"https:\/\/www.profaqua.ca\/fr\/wp-json\/wp\/v2\/users\/1"}],"replies":[{"embeddable":true,"href":"https:\/\/www.profaqua.ca\/fr\/wp-json\/wp\/v2\/comments?post=855"}],"version-history":[{"count":48,"href":"https:\/\/www.profaqua.ca\/fr\/wp-json\/wp\/v2\/pages\/855\/revisions"}],"predecessor-version":[{"id":38217,"href":"https:\/\/www.profaqua.ca\/fr\/wp-json\/wp\/v2\/pages\/855\/revisions\/38217"}],"up":[{"embeddable":true,"href":"https:\/\/www.profaqua.ca\/fr\/wp-json\/wp\/v2\/pages\/423"}],"wp:attachment":[{"href":"https:\/\/www.profaqua.ca\/fr\/wp-json\/wp\/v2\/media?parent=855"}],"curies":[{"name":"wp","href":"https:\/\/api.w.org\/{rel}","templated":true}]}}