{"id":851,"date":"2024-08-16T17:25:16","date_gmt":"2024-08-16T22:25:16","guid":{"rendered":"https:\/\/www.profaqua.ca\/?page_id=851\/"},"modified":"2024-09-06T00:22:28","modified_gmt":"2024-09-06T05:22:28","slug":"evenements-organisationnels","status":"publish","type":"page","link":"https:\/\/www.profaqua.ca\/fr\/nos-services\/evenements-organisationnels\/","title":{"rendered":"\u00c9v\u00e8nements d&rsquo;entreprise"},"content":{"rendered":"<p>[vc_row][vc_column][vc_column_text]<\/p>\n<h3 style=\"text-align: center;\">Ce service est offert uniquement en <strong>Colombie-Britannique<\/strong>, sauf indication contraire.<\/h3>\n<p>[\/vc_column_text]<div class=\"boc_divider_holder\"><div class=\"boc_divider  \"  style=\"margin-top: 20px;margin-bottom: 20px;height: 1px;background: #eeeeee;\"><\/div><\/div>[\/vc_column][\/vc_row][vc_row][vc_column width=\u00a0\u00bb1\/2&Prime; css=\u00a0\u00bb.vc_custom_1485967912254{background-image: url(https:\/\/www.profaqua.ca\/wp-content\/uploads\/2017\/02\/pattern-header.png?id=201) !important;}\u00a0\u00bb][vc_single_image image=\u00a0\u00bb902&Prime;][\/vc_column][vc_column width=\u00a0\u00bb1\/2&Prime;]<h2 class=\"boc_heading  al_left  \"  style=\"margin-bottom: 20px;margin-top: 0px;color: #dd9933;\"><span><strong>Nous savons qu&rsquo;il peut devenir compliqu\u00e9 pour un employeur de mobiliser le personnel pendant des activit\u00e9s de ralliement en dehors des heures de bureau.<\/strong><\/span><\/h2>[vc_column_text]Les obligations parentales y jouent pour beaucoup. La solution?<\/p>\n<p>Int\u00e9grer la famille dans vos activit\u00e9s! Pendant que les adultes se rassemblent et renforcent leurs liens, prof<strong>aqua<\/strong> fait vivre aux enfants des ateliers exceptionnels et\/ou un spectacle r\u00e9pondant \u00e0 votre th\u00e9matique de la journ\u00e9e.<\/p>\n<p>Notre polyvalence nous permet d&rsquo;offrir une gamme de services r\u00e9pondant \u00e0 tous les besoins! Communiquez avec nous![\/vc_column_text]<h2 class=\"boc_heading  al_left  \"  style=\"margin-bottom: 20px;margin-top: 0px;color: #dd9933;\"><span><strong>Frais<\/strong><\/span><\/h2>[vc_column_text]<\/p>\n<ul>\n<li>Atelier de\u00a0<strong>60 minutes<\/strong>: \u00c0 partir de\u00a0<strong>300$<\/strong><\/li>\n<li>Spectacle magie et science de <strong>60 minutes<\/strong>: \u00c0 partir de <strong>800$<\/strong><\/li>\n<li>Spectacle scientifique de <strong>60 minutes<\/strong>: \u00c0 partir de\u00a0<strong>1000$<\/strong><\/li>\n<\/ul>\n<p>[\/vc_column_text]<h2 class=\"boc_heading  al_left  \"  style=\"margin-bottom: 20px;margin-top: 0px;color: #dd9933;\"><span><strong>Frais suppl\u00e9mentaires<\/strong><\/span><\/h2>[vc_column_text]<\/p>\n<ul>\n<li>Frais de d\u00e9placement: un minimum de\u00a0<strong>25$ plus 0.90 $<\/strong>\u00a0par kilom\u00e8tre entre nos bureaux et le lieu de l\u2019animation (aller-retour).<\/li>\n<li>Frais suppl\u00e9mentaires sur les produits p\u00e9rissables, qui peuvent s\u2019appliquer sur quelques ateliers. L\u2019information se retrouvera sur le produit choisi.<\/li>\n<li>Ajoutez les taxes (GST et PST)<\/li>\n<\/ul>\n<p>[\/vc_column_text]<a\thref=\"https:\/\/www.profaqua.ca\/fr\/catalogue\/ateliers\/?swoof=1&#038;pa_type-de-service=evenements-corporatifs&#038;really_curr_tax=62-product_cat\" \n\t\t\t\tclass=\"button btn_large_stretched btn_orange btn_rounded btn_normal_style    \"  target='_self'><span>VOIR NOS ATELIERS<\/span><\/a><a\thref=\"https:\/\/www.profaqua.ca\/fr\/catalogue\/spectacles\/\" \n\t\t\t\tclass=\"button btn_large_stretched btn_orange btn_rounded btn_normal_style    \"  target='_self'><span>VOIR NOS SPECTACLES<\/span><\/a>[\/vc_column][\/vc_row]<\/p>\n","protected":false},"excerpt":{"rendered":"<p>[vc_row][vc_column][vc_column_text] Ce service est offert uniquement en Colombie-Britannique, sauf indication contraire. [\/vc_column_text][\/vc_column][\/vc_row][vc_row][vc_column width=\u00a0\u00bb1\/2&Prime; css=\u00a0\u00bb.vc_custom_1485967912254{background-image: url(https:\/\/www.profaqua.ca\/wp-content\/uploads\/2017\/02\/pattern-header.png?id=201) !important;}\u00a0\u00bb][vc_single_image image=\u00a0\u00bb902&Prime;][\/vc_column][vc_column width=\u00a0\u00bb1\/2&Prime;][vc_column_text]Les obligations parentales y jouent pour beaucoup. La solution? Int\u00e9grer la famille dans vos activit\u00e9s! Pendant que les adultes se rassemblent et renforcent leurs liens, profaqua fait vivre aux enfants des ateliers exceptionnels et\/ou un spectacle r\u00e9pondant \u00e0 votre th\u00e9matique de la journ\u00e9e.<\/p>\n<div class=\"h10\"><\/div>\n<p><a class=\"more-link1\" href=\"https:\/\/www.profaqua.ca\/fr\/nos-services\/evenements-organisationnels\/\">Voir plus<\/a><\/p>\n","protected":false},"author":1,"featured_media":0,"parent":423,"menu_order":0,"comment_status":"closed","ping_status":"closed","template":"","meta":{"footnotes":""},"acf":[],"yoast_head":"<!-- This site is optimized with the Yoast SEO plugin v20.13 - https:\/\/yoast.com\/wordpress\/plugins\/seo\/ -->\n<title>\u00c9v\u00e8nements d&#039;entreprise - Profaqua<\/title>\n<meta name=\"description\" content=\"Nous savons qu&#039;il peut devenir compliqu\u00e9 pour un employeur de mobiliser le personnel pendant des activit\u00e9s de ralliement en dehors des heures de bureau.\" \/>\n<meta name=\"robots\" content=\"index, follow, max-snippet:-1, max-image-preview:large, max-video-preview:-1\" \/>\n<link rel=\"canonical\" href=\"https:\/\/www.profaqua.ca\/fr\/nos-services\/evenements-organisationnels\/\" \/>\n<meta property=\"og:locale\" content=\"fr_FR\" \/>\n<meta property=\"og:type\" content=\"article\" \/>\n<meta property=\"og:title\" content=\"\u00c9v\u00e8nements d&#039;entreprise - Profaqua\" \/>\n<meta property=\"og:description\" content=\"Nous savons qu&#039;il peut devenir compliqu\u00e9 pour un employeur de mobiliser le personnel pendant des activit\u00e9s de ralliement en dehors des heures de bureau.\" \/>\n<meta property=\"og:url\" content=\"https:\/\/www.profaqua.ca\/fr\/nos-services\/evenements-organisationnels\/\" \/>\n<meta property=\"og:site_name\" content=\"Profaqua\" \/>\n<meta property=\"article:publisher\" content=\"https:\/\/www.facebook.com\/profaqua\/\" \/>\n<meta property=\"article:modified_time\" content=\"2024-09-06T05:22:28+00:00\" \/>\n<meta property=\"og:image\" content=\"https:\/\/www.profaqua.ca\/wp-content\/uploads\/2017\/01\/logo.jpg\" \/>\n\t<meta property=\"og:image:width\" content=\"180\" \/>\n\t<meta property=\"og:image:height\" content=\"59\" \/>\n\t<meta property=\"og:image:type\" content=\"image\/jpeg\" \/>\n<meta name=\"twitter:card\" content=\"summary_large_image\" \/>\n<meta name=\"twitter:label1\" content=\"Dur\u00e9e de lecture estim\u00e9e\" \/>\n\t<meta name=\"twitter:data1\" content=\"2 minutes\" \/>\n<script type=\"application\/ld+json\" class=\"yoast-schema-graph\">{\"@context\":\"https:\/\/schema.org\",\"@graph\":[{\"@type\":\"WebPage\",\"@id\":\"https:\/\/www.profaqua.ca\/fr\/nos-services\/evenements-organisationnels\/\",\"url\":\"https:\/\/www.profaqua.ca\/fr\/nos-services\/evenements-organisationnels\/\",\"name\":\"\u00c9v\u00e8nements d'entreprise - Profaqua\",\"isPartOf\":{\"@id\":\"https:\/\/www.profaqua.ca\/fr\/#website\"},\"datePublished\":\"2024-08-16T22:25:16+00:00\",\"dateModified\":\"2024-09-06T05:22:28+00:00\",\"description\":\"Nous savons qu'il peut devenir compliqu\u00e9 pour un employeur de mobiliser le personnel pendant des activit\u00e9s de ralliement en dehors des heures de bureau.\",\"breadcrumb\":{\"@id\":\"https:\/\/www.profaqua.ca\/fr\/nos-services\/evenements-organisationnels\/#breadcrumb\"},\"inLanguage\":\"fr-FR\",\"potentialAction\":[{\"@type\":\"ReadAction\",\"target\":[\"https:\/\/www.profaqua.ca\/fr\/nos-services\/evenements-organisationnels\/\"]}]},{\"@type\":\"BreadcrumbList\",\"@id\":\"https:\/\/www.profaqua.ca\/fr\/nos-services\/evenements-organisationnels\/#breadcrumb\",\"itemListElement\":[{\"@type\":\"ListItem\",\"position\":1,\"name\":\"Home\",\"item\":\"https:\/\/www.profaqua.ca\/fr\/\"},{\"@type\":\"ListItem\",\"position\":2,\"name\":\"Nos services\",\"item\":\"https:\/\/www.profaqua.ca\/fr\/nos-services\/\"},{\"@type\":\"ListItem\",\"position\":3,\"name\":\"\u00c9v\u00e8nements d&rsquo;entreprise\"}]},{\"@type\":\"WebSite\",\"@id\":\"https:\/\/www.profaqua.ca\/fr\/#website\",\"url\":\"https:\/\/www.profaqua.ca\/fr\/\",\"name\":\"Profaqua\",\"description\":\"\",\"potentialAction\":[{\"@type\":\"SearchAction\",\"target\":{\"@type\":\"EntryPoint\",\"urlTemplate\":\"https:\/\/www.profaqua.ca\/fr\/?s={search_term_string}\"},\"query-input\":\"required name=search_term_string\"}],\"inLanguage\":\"fr-FR\"}]}<\/script>\n<!-- \/ Yoast SEO plugin. -->","yoast_head_json":{"title":"\u00c9v\u00e8nements d'entreprise - Profaqua","description":"Nous savons qu'il peut devenir compliqu\u00e9 pour un employeur de mobiliser le personnel pendant des activit\u00e9s de ralliement en dehors des heures de bureau.","robots":{"index":"index","follow":"follow","max-snippet":"max-snippet:-1","max-image-preview":"max-image-preview:large","max-video-preview":"max-video-preview:-1"},"canonical":"https:\/\/www.profaqua.ca\/fr\/nos-services\/evenements-organisationnels\/","og_locale":"fr_FR","og_type":"article","og_title":"\u00c9v\u00e8nements d'entreprise - Profaqua","og_description":"Nous savons qu'il peut devenir compliqu\u00e9 pour un employeur de mobiliser le personnel pendant des activit\u00e9s de ralliement en dehors des heures de bureau.","og_url":"https:\/\/www.profaqua.ca\/fr\/nos-services\/evenements-organisationnels\/","og_site_name":"Profaqua","article_publisher":"https:\/\/www.facebook.com\/profaqua\/","article_modified_time":"2024-09-06T05:22:28+00:00","og_image":[{"width":180,"height":59,"url":"https:\/\/www.profaqua.ca\/wp-content\/uploads\/2017\/01\/logo.jpg","type":"image\/jpeg"}],"twitter_card":"summary_large_image","twitter_misc":{"Dur\u00e9e de lecture estim\u00e9e":"2 minutes"},"schema":{"@context":"https:\/\/schema.org","@graph":[{"@type":"WebPage","@id":"https:\/\/www.profaqua.ca\/fr\/nos-services\/evenements-organisationnels\/","url":"https:\/\/www.profaqua.ca\/fr\/nos-services\/evenements-organisationnels\/","name":"\u00c9v\u00e8nements d'entreprise - Profaqua","isPartOf":{"@id":"https:\/\/www.profaqua.ca\/fr\/#website"},"datePublished":"2024-08-16T22:25:16+00:00","dateModified":"2024-09-06T05:22:28+00:00","description":"Nous savons qu'il peut devenir compliqu\u00e9 pour un employeur de mobiliser le personnel pendant des activit\u00e9s de ralliement en dehors des heures de bureau.","breadcrumb":{"@id":"https:\/\/www.profaqua.ca\/fr\/nos-services\/evenements-organisationnels\/#breadcrumb"},"inLanguage":"fr-FR","potentialAction":[{"@type":"ReadAction","target":["https:\/\/www.profaqua.ca\/fr\/nos-services\/evenements-organisationnels\/"]}]},{"@type":"BreadcrumbList","@id":"https:\/\/www.profaqua.ca\/fr\/nos-services\/evenements-organisationnels\/#breadcrumb","itemListElement":[{"@type":"ListItem","position":1,"name":"Home","item":"https:\/\/www.profaqua.ca\/fr\/"},{"@type":"ListItem","position":2,"name":"Nos services","item":"https:\/\/www.profaqua.ca\/fr\/nos-services\/"},{"@type":"ListItem","position":3,"name":"\u00c9v\u00e8nements d&rsquo;entreprise"}]},{"@type":"WebSite","@id":"https:\/\/www.profaqua.ca\/fr\/#website","url":"https:\/\/www.profaqua.ca\/fr\/","name":"Profaqua","description":"","potentialAction":[{"@type":"SearchAction","target":{"@type":"EntryPoint","urlTemplate":"https:\/\/www.profaqua.ca\/fr\/?s={search_term_string}"},"query-input":"required name=search_term_string"}],"inLanguage":"fr-FR"}]}},"_links":{"self":[{"href":"https:\/\/www.profaqua.ca\/fr\/wp-json\/wp\/v2\/pages\/851"}],"collection":[{"href":"https:\/\/www.profaqua.ca\/fr\/wp-json\/wp\/v2\/pages"}],"about":[{"href":"https:\/\/www.profaqua.ca\/fr\/wp-json\/wp\/v2\/types\/page"}],"author":[{"embeddable":true,"href":"https:\/\/www.profaqua.ca\/fr\/wp-json\/wp\/v2\/users\/1"}],"replies":[{"embeddable":true,"href":"https:\/\/www.profaqua.ca\/fr\/wp-json\/wp\/v2\/comments?post=851"}],"version-history":[{"count":23,"href":"https:\/\/www.profaqua.ca\/fr\/wp-json\/wp\/v2\/pages\/851\/revisions"}],"predecessor-version":[{"id":39208,"href":"https:\/\/www.profaqua.ca\/fr\/wp-json\/wp\/v2\/pages\/851\/revisions\/39208"}],"up":[{"embeddable":true,"href":"https:\/\/www.profaqua.ca\/fr\/wp-json\/wp\/v2\/pages\/423"}],"wp:attachment":[{"href":"https:\/\/www.profaqua.ca\/fr\/wp-json\/wp\/v2\/media?parent=851"}],"curies":[{"name":"wp","href":"https:\/\/api.w.org\/{rel}","templated":true}]}}