{"id":845,"date":"2024-08-16T17:23:33","date_gmt":"2024-08-16T22:23:33","guid":{"rendered":"https:\/\/www.profaqua.ca\/?page_id=845\/"},"modified":"2024-09-06T00:24:09","modified_gmt":"2024-09-06T05:24:09","slug":"atelier-communautaire-50-ans-et-plus","status":"publish","type":"page","link":"https:\/\/www.profaqua.ca\/fr\/nos-services\/atelier-communautaire-50-ans-et-plus\/","title":{"rendered":"Communautaires"},"content":{"rendered":"<p>[vc_row][vc_column][vc_column_text]<\/p>\n<h3 style=\"text-align: center;\">Ce service est offert uniquement en <strong>Colombie-Britannique<\/strong>, sauf indication contraire.<\/h3>\n<p>[\/vc_column_text]<div class=\"boc_divider_holder\"><div class=\"boc_divider  \"  style=\"margin-top: 20px;margin-bottom: 20px;height: 1px;background: #eeeeee;\"><\/div><\/div>[\/vc_column][\/vc_row][vc_row][vc_column width=\u00a0\u00bb1\/2&Prime; css=\u00a0\u00bb.vc_custom_1485967912254{background-image: url(https:\/\/www.profaqua.ca\/wp-content\/uploads\/2017\/02\/pattern-header.png?id=201) !important;}\u00a0\u00bb][vc_single_image image=\u00a0\u00bb919&Prime;][\/vc_column][vc_column width=\u00a0\u00bb1\/2&Prime;]<h2 class=\"boc_heading  al_left  \"  style=\"margin-bottom: 20px;margin-top: 0px;color: #dd9933;\"><span><strong>Garder l\u2019esprit jeune de votre client\u00e8le et faire ressortir leur c\u0153ur d\u2019enfant, \u00e7a vous int\u00e9resse?<\/strong><\/span><\/h2>[vc_column_text]Prof<strong>aqua<\/strong> souhaite cr\u00e9er des \u00e9v\u00e8nements o\u00f9 le lien interg\u00e9n\u00e9rationnel sera privil\u00e9gi\u00e9. En invitant les petits-enfants de votre client\u00e8le, prof<strong>aqua\u00a0<\/strong>propose des ateliers communautaires \u00e9nergisants et interactifs favorisant le contact et le partage des connaissances. Que ce soit pour un ou plusieurs ateliers scientifiques, tous saurons trouver du plaisir \u00e0 rencontrer nos animateurs passionn\u00e9s ainsi qu\u2019\u00e0 manipuler le mat\u00e9riel scientifique.[\/vc_column_text]<h2 class=\"boc_heading  al_left  \"  style=\"margin-bottom: 20px;margin-top: 0px;color: #dd9933;\"><span><strong>Frais<\/strong><\/span><\/h2>[vc_column_text]<\/p>\n<ul>\n<li>Atelier de\u00a0<strong>60 minutes<\/strong>: \u00c0 partir de <strong>262$<\/strong><\/li>\n<\/ul>\n<p>[\/vc_column_text]<h2 class=\"boc_heading  al_left  \"  style=\"margin-bottom: 20px;margin-top: 0px;color: #dd9933;\"><span><strong>Frais suppl\u00e9mentaires<\/strong><\/span><\/h2>[vc_column_text]<\/p>\n<ul>\n<li>Frais de d\u00e9placement: un minimum de\u00a0<strong>25$ plus 0.90 $<\/strong>\u00a0par kilom\u00e8tre entre nos bureaux et le lieu de l\u2019animation (aller-retour).<\/li>\n<li>Frais suppl\u00e9mentaires sur les produits p\u00e9rissables, qui peuvent s\u2019appliquer sur quelques ateliers. L\u2019information se retrouvera sur le produit choisi.<\/li>\n<li>Ajoutez les taxes (GST et PST)<\/li>\n<\/ul>\n<p>[\/vc_column_text]<a\thref=\"https:\/\/www.profaqua.ca\/fr\/catalogue\/ateliers\/?swoof=1&#038;pa_type-de-service=atelier-communautaire&#038;really_curr_tax=62-product_cat\" \n\t\t\t\tclass=\"button btn_large_stretched btn_orange btn_rounded btn_normal_style    \"  target='_self'><span>VOIR NOS ATELIERS<\/span><\/a>[\/vc_column][\/vc_row]<\/p>\n","protected":false},"excerpt":{"rendered":"<p>[vc_row][vc_column][vc_column_text] Ce service est offert uniquement en Colombie-Britannique, sauf indication contraire. [\/vc_column_text][\/vc_column][\/vc_row][vc_row][vc_column width=\u00a0\u00bb1\/2&Prime; css=\u00a0\u00bb.vc_custom_1485967912254{background-image: url(https:\/\/www.profaqua.ca\/wp-content\/uploads\/2017\/02\/pattern-header.png?id=201) !important;}\u00a0\u00bb][vc_single_image image=\u00a0\u00bb919&Prime;][\/vc_column][vc_column width=\u00a0\u00bb1\/2&Prime;][vc_column_text]Profaqua souhaite cr\u00e9er des \u00e9v\u00e8nements o\u00f9 le lien interg\u00e9n\u00e9rationnel sera privil\u00e9gi\u00e9. En invitant les petits-enfants de votre client\u00e8le, profaqua\u00a0propose des ateliers communautaires \u00e9nergisants et interactifs favorisant le contact et le partage des connaissances. Que ce soit pour un ou plusieurs ateliers scientifiques, tous<\/p>\n<div class=\"h10\"><\/div>\n<p><a class=\"more-link1\" href=\"https:\/\/www.profaqua.ca\/fr\/nos-services\/atelier-communautaire-50-ans-et-plus\/\">Voir plus<\/a><\/p>\n","protected":false},"author":1,"featured_media":0,"parent":423,"menu_order":0,"comment_status":"closed","ping_status":"closed","template":"","meta":{"footnotes":""},"acf":[],"yoast_head":"<!-- This site is optimized with the Yoast SEO plugin v20.13 - https:\/\/yoast.com\/wordpress\/plugins\/seo\/ -->\n<title>Communautaires - Profaqua<\/title>\n<meta name=\"description\" content=\"Ce service est offert uniquement en Colombie-Britannique, sauf indication contraire. Profaqua souhaite cr\u00e9er des \u00e9v\u00e8nements o\u00f9 le lien interg\u00e9n\u00e9rationnel\" \/>\n<meta name=\"robots\" content=\"index, follow, max-snippet:-1, max-image-preview:large, max-video-preview:-1\" \/>\n<link rel=\"canonical\" href=\"https:\/\/www.profaqua.ca\/fr\/nos-services\/atelier-communautaire-50-ans-et-plus\/\" \/>\n<meta property=\"og:locale\" content=\"fr_FR\" \/>\n<meta property=\"og:type\" content=\"article\" \/>\n<meta property=\"og:title\" content=\"Communautaires - Profaqua\" \/>\n<meta property=\"og:description\" content=\"Ce service est offert uniquement en Colombie-Britannique, sauf indication contraire. Profaqua souhaite cr\u00e9er des \u00e9v\u00e8nements o\u00f9 le lien interg\u00e9n\u00e9rationnel\" \/>\n<meta property=\"og:url\" content=\"https:\/\/www.profaqua.ca\/fr\/nos-services\/atelier-communautaire-50-ans-et-plus\/\" \/>\n<meta property=\"og:site_name\" content=\"Profaqua\" \/>\n<meta property=\"article:publisher\" content=\"https:\/\/www.facebook.com\/profaqua\/\" \/>\n<meta property=\"article:modified_time\" content=\"2024-09-06T05:24:09+00:00\" \/>\n<meta property=\"og:image\" content=\"https:\/\/www.profaqua.ca\/wp-content\/uploads\/2017\/01\/logo.jpg\" \/>\n\t<meta property=\"og:image:width\" content=\"180\" \/>\n\t<meta property=\"og:image:height\" content=\"59\" \/>\n\t<meta property=\"og:image:type\" content=\"image\/jpeg\" \/>\n<meta name=\"twitter:card\" content=\"summary_large_image\" \/>\n<meta name=\"twitter:label1\" content=\"Dur\u00e9e de lecture estim\u00e9e\" \/>\n\t<meta name=\"twitter:data1\" content=\"1 minute\" \/>\n<script type=\"application\/ld+json\" class=\"yoast-schema-graph\">{\"@context\":\"https:\/\/schema.org\",\"@graph\":[{\"@type\":\"WebPage\",\"@id\":\"https:\/\/www.profaqua.ca\/fr\/nos-services\/atelier-communautaire-50-ans-et-plus\/\",\"url\":\"https:\/\/www.profaqua.ca\/fr\/nos-services\/atelier-communautaire-50-ans-et-plus\/\",\"name\":\"Communautaires - Profaqua\",\"isPartOf\":{\"@id\":\"https:\/\/www.profaqua.ca\/fr\/#website\"},\"datePublished\":\"2024-08-16T22:23:33+00:00\",\"dateModified\":\"2024-09-06T05:24:09+00:00\",\"description\":\"Ce service est offert uniquement en Colombie-Britannique, sauf indication contraire. Profaqua souhaite cr\u00e9er des \u00e9v\u00e8nements o\u00f9 le lien interg\u00e9n\u00e9rationnel\",\"breadcrumb\":{\"@id\":\"https:\/\/www.profaqua.ca\/fr\/nos-services\/atelier-communautaire-50-ans-et-plus\/#breadcrumb\"},\"inLanguage\":\"fr-FR\",\"potentialAction\":[{\"@type\":\"ReadAction\",\"target\":[\"https:\/\/www.profaqua.ca\/fr\/nos-services\/atelier-communautaire-50-ans-et-plus\/\"]}]},{\"@type\":\"BreadcrumbList\",\"@id\":\"https:\/\/www.profaqua.ca\/fr\/nos-services\/atelier-communautaire-50-ans-et-plus\/#breadcrumb\",\"itemListElement\":[{\"@type\":\"ListItem\",\"position\":1,\"name\":\"Home\",\"item\":\"https:\/\/www.profaqua.ca\/fr\/\"},{\"@type\":\"ListItem\",\"position\":2,\"name\":\"Nos services\",\"item\":\"https:\/\/www.profaqua.ca\/fr\/nos-services\/\"},{\"@type\":\"ListItem\",\"position\":3,\"name\":\"Communautaires\"}]},{\"@type\":\"WebSite\",\"@id\":\"https:\/\/www.profaqua.ca\/fr\/#website\",\"url\":\"https:\/\/www.profaqua.ca\/fr\/\",\"name\":\"Profaqua\",\"description\":\"\",\"potentialAction\":[{\"@type\":\"SearchAction\",\"target\":{\"@type\":\"EntryPoint\",\"urlTemplate\":\"https:\/\/www.profaqua.ca\/fr\/?s={search_term_string}\"},\"query-input\":\"required name=search_term_string\"}],\"inLanguage\":\"fr-FR\"}]}<\/script>\n<!-- \/ Yoast SEO plugin. -->","yoast_head_json":{"title":"Communautaires - Profaqua","description":"Ce service est offert uniquement en Colombie-Britannique, sauf indication contraire. Profaqua souhaite cr\u00e9er des \u00e9v\u00e8nements o\u00f9 le lien interg\u00e9n\u00e9rationnel","robots":{"index":"index","follow":"follow","max-snippet":"max-snippet:-1","max-image-preview":"max-image-preview:large","max-video-preview":"max-video-preview:-1"},"canonical":"https:\/\/www.profaqua.ca\/fr\/nos-services\/atelier-communautaire-50-ans-et-plus\/","og_locale":"fr_FR","og_type":"article","og_title":"Communautaires - Profaqua","og_description":"Ce service est offert uniquement en Colombie-Britannique, sauf indication contraire. Profaqua souhaite cr\u00e9er des \u00e9v\u00e8nements o\u00f9 le lien interg\u00e9n\u00e9rationnel","og_url":"https:\/\/www.profaqua.ca\/fr\/nos-services\/atelier-communautaire-50-ans-et-plus\/","og_site_name":"Profaqua","article_publisher":"https:\/\/www.facebook.com\/profaqua\/","article_modified_time":"2024-09-06T05:24:09+00:00","og_image":[{"width":180,"height":59,"url":"https:\/\/www.profaqua.ca\/wp-content\/uploads\/2017\/01\/logo.jpg","type":"image\/jpeg"}],"twitter_card":"summary_large_image","twitter_misc":{"Dur\u00e9e de lecture estim\u00e9e":"1 minute"},"schema":{"@context":"https:\/\/schema.org","@graph":[{"@type":"WebPage","@id":"https:\/\/www.profaqua.ca\/fr\/nos-services\/atelier-communautaire-50-ans-et-plus\/","url":"https:\/\/www.profaqua.ca\/fr\/nos-services\/atelier-communautaire-50-ans-et-plus\/","name":"Communautaires - Profaqua","isPartOf":{"@id":"https:\/\/www.profaqua.ca\/fr\/#website"},"datePublished":"2024-08-16T22:23:33+00:00","dateModified":"2024-09-06T05:24:09+00:00","description":"Ce service est offert uniquement en Colombie-Britannique, sauf indication contraire. Profaqua souhaite cr\u00e9er des \u00e9v\u00e8nements o\u00f9 le lien interg\u00e9n\u00e9rationnel","breadcrumb":{"@id":"https:\/\/www.profaqua.ca\/fr\/nos-services\/atelier-communautaire-50-ans-et-plus\/#breadcrumb"},"inLanguage":"fr-FR","potentialAction":[{"@type":"ReadAction","target":["https:\/\/www.profaqua.ca\/fr\/nos-services\/atelier-communautaire-50-ans-et-plus\/"]}]},{"@type":"BreadcrumbList","@id":"https:\/\/www.profaqua.ca\/fr\/nos-services\/atelier-communautaire-50-ans-et-plus\/#breadcrumb","itemListElement":[{"@type":"ListItem","position":1,"name":"Home","item":"https:\/\/www.profaqua.ca\/fr\/"},{"@type":"ListItem","position":2,"name":"Nos services","item":"https:\/\/www.profaqua.ca\/fr\/nos-services\/"},{"@type":"ListItem","position":3,"name":"Communautaires"}]},{"@type":"WebSite","@id":"https:\/\/www.profaqua.ca\/fr\/#website","url":"https:\/\/www.profaqua.ca\/fr\/","name":"Profaqua","description":"","potentialAction":[{"@type":"SearchAction","target":{"@type":"EntryPoint","urlTemplate":"https:\/\/www.profaqua.ca\/fr\/?s={search_term_string}"},"query-input":"required name=search_term_string"}],"inLanguage":"fr-FR"}]}},"_links":{"self":[{"href":"https:\/\/www.profaqua.ca\/fr\/wp-json\/wp\/v2\/pages\/845"}],"collection":[{"href":"https:\/\/www.profaqua.ca\/fr\/wp-json\/wp\/v2\/pages"}],"about":[{"href":"https:\/\/www.profaqua.ca\/fr\/wp-json\/wp\/v2\/types\/page"}],"author":[{"embeddable":true,"href":"https:\/\/www.profaqua.ca\/fr\/wp-json\/wp\/v2\/users\/1"}],"replies":[{"embeddable":true,"href":"https:\/\/www.profaqua.ca\/fr\/wp-json\/wp\/v2\/comments?post=845"}],"version-history":[{"count":26,"href":"https:\/\/www.profaqua.ca\/fr\/wp-json\/wp\/v2\/pages\/845\/revisions"}],"predecessor-version":[{"id":39211,"href":"https:\/\/www.profaqua.ca\/fr\/wp-json\/wp\/v2\/pages\/845\/revisions\/39211"}],"up":[{"embeddable":true,"href":"https:\/\/www.profaqua.ca\/fr\/wp-json\/wp\/v2\/pages\/423"}],"wp:attachment":[{"href":"https:\/\/www.profaqua.ca\/fr\/wp-json\/wp\/v2\/media?parent=845"}],"curies":[{"name":"wp","href":"https:\/\/api.w.org\/{rel}","templated":true}]}}