{"id":425,"date":"2017-02-08T16:36:25","date_gmt":"2017-02-08T15:36:25","guid":{"rendered":"https:\/\/www.profaqua.ca\/?page_id=425\/"},"modified":"2025-08-27T22:55:52","modified_gmt":"2025-08-28T03:55:52","slug":"contactez-nous-2","status":"publish","type":"page","link":"https:\/\/www.profaqua.ca\/fr\/contactez-nous-2\/","title":{"rendered":"Contact"},"content":{"rendered":"<p>[vc_row][vc_column width=\u00a0\u00bb1\/3&Prime;]<h2 class=\"boc_heading  center  \"  style=\"margin-bottom: 20px;margin-top: 0px;color: #000000;\"><span>prof<strong>aqua <\/strong> BC<\/span><\/h2><div class=\"boc_list_item  \"  style=\"margin-bottom: 10px;\">\r\n\t\t\t\t\t<span class=\"li_icon small \" style=\"\"><i class=\"icon icon-mobile3\" style=\"\"><\/i><\/span>\r\n\t\t\t\t\t<div class=\"boc_list_item_text small\"><strong>604-968-7401<\/strong><\/div>\r\n\t\t\t\t   <\/div><div class=\"boc_list_item  \"  style=\"margin-bottom: 10px;\">\r\n\t\t\t\t\t<span class=\"li_icon small \" style=\"\"><i class=\"icon icon-mail2\" style=\"\"><\/i><\/span>\r\n\t\t\t\t\t<div class=\"boc_list_item_text small\"><a href=\"mailto:eric.tremblay@profaqua.ca\">eric.tremblay@profaqua.ca<\/a><\/div>\r\n\t\t\t\t   <\/div><div class=\"boc_list_item  \"  style=\"margin-bottom: 10px;\">\r\n\t\t\t\t\t<span class=\"li_icon small \" style=\"\"><i class=\"icon icon-location2\" style=\"\"><\/i><\/span>\r\n\t\t\t\t\t<div class=\"boc_list_item_text small\"><strong>COLOMBIE-BRITANNIQUE<\/strong><\/p>\n<p>3303-900 Carnarvon Street<br \/>\nNew Westminster, BC Canada V3M 0K9<\/p>\n<h4><strong>Num\u00e9ro (BC): 71307 6727 BT 0001<\/strong><br \/>\n<strong>Num\u00e9ro (PST): 1478 1230<\/strong><br \/>\n<strong>Num\u00e9ro (GST): 713076727 RT 0001<\/strong><\/h4>\n<p><\/div>\r\n\t\t\t\t   <\/div><div class=\"boc_spacing \" style=\"height: 30px\"><\/div><div id=\"map_4521\" style=\"height:284px;\" class=\"boc_google_map\"><\/div>\r\n\t\t<script type=\"text\/javascript\">\r\n\t\tjQuery(window).load(function() {\r\n\t\t\t\r\n\t\t\tvar latlng = new google.maps.LatLng(0, 0);\r\n\t\t\tvar myOptions = {\r\n\t\t\t\tzoom: 15,\r\n\t\t\t\tcenter: latlng,\r\n\t\t\t\tscrollwheel: false,\r\n\t\t\t\tdisableDefaultUI: false,\r\n\t\t\t\tpanControl: false,\r\n\t\t\t\tdraggable: !boc_is_mobile,\r\n\t\t\t\tstreetViewControl: false,\r\n\t\t\t\t\r\n\t\t\t\tmapTypeId: google.maps.MapTypeId.ROADMAP\r\n\t\t\t};\r\n\t\t\tvar map_4521 = new google.maps.Map(document.getElementById(\"map_4521\"), myOptions);\r\n\t\t\t\r\n\t\t\t\tvar geocoder_map_4521 = new google.maps.Geocoder();\r\n\t\t\t\tvar address = '3303-900 Carnarvon Street New Westminster BC V3M 0K4';\r\n\t\t\t\t\r\n\t\t\t\tgeocoder_map_4521.geocode( { 'address': address}, function(results, status) {\r\n\t\t\t\t\tif (status == google.maps.GeocoderStatus.OK) {\r\n\t\t\t\t\t\tmap_4521.setCenter(results[0].geometry.location);\r\n\t\t\t\t\t\t\r\n\t\t\t\t\t\t\tvar marker = new google.maps.Marker({\r\n\t\t\t\t\t\t\t\tmap: map_4521, \r\n\t\t\t\t\t\t\t\t\r\n\t\t\t\t\t\t\t\tposition: map_4521.getCenter()\r\n\t\t\t\t\t\t\t});\r\n\t\t\t\t\t\t\t\r\n\t\t\t\t\t\t\t\tvar contentString = '<strong>Profaqua<\/strong><br \/><strong>MONTR\u00c9AL<\/strong><br \/>266-4000 St-Ambroise,<br \/>Montr\u00e9al QC Canada H4C 2C7<br \/><strong>COLOMBIE-BRITANNIQUE<\/strong><br \/>535-3370 Dewdney Trunk Road,<br \/>Port Moody, B.C. Canada V3H 0K9';\r\n\t\t\t\t\t\t\t\tvar infowindow = new google.maps.InfoWindow({\r\n\t\t\t\t\t\t\t\t\tcontent: contentString\r\n\t\t\t\t\t\t\t\t});\r\n\t\t\t\t\t\t\t\t\t\t\t\r\n\t\t\t\t\t\t\t\tgoogle.maps.event.addListener(marker, 'click', function() {\r\n\t\t\t\t\t\t\t\t  infowindow.open(map_4521,marker);\r\n\t\t\t\t\t\t\t\t});\r\n\t\t\t\t\t\t\t\t\r\n\t\t\t\t\t} else {\r\n\t\t\t\t\t\talert(\"Geocode was not successful for the following reason: \" + status);\r\n\t\t\t\t\t}\r\n\t\t\t\t});\r\n\t\t\t\t\r\n\t\t\t\t\tvar marker = new google.maps.Marker({\r\n\t\t\t\t\tmap: map_4521, \r\n\t\t\t\t\t\r\n\t\t\t\t\tposition: map_4521.getCenter()\r\n\t\t\t\t});\r\n\t\t\t\t\r\n\t\t\t\t\tvar contentString = '&lt;strong&gt;Profaqua&lt;\/strong&gt;&lt;br \/&gt;\\n&lt;strong&gt;MONTR\u00c9AL&lt;\/strong&gt;&lt;br \/&gt;\\n266-4000 St-Ambroise,&lt;br \/&gt;\\nMontr\u00e9al QC Canada H4C 2C7&lt;br \/&gt;\\n&lt;strong&gt;COLOMBIE-BRITANNIQUE&lt;\/strong&gt;&lt;br \/&gt;\\n535-3370 Dewdney Trunk Road,&lt;br \/&gt;\\nPort Moody, B.C. Canada V3H 0K9';\r\n\t\t\t\t\tvar infowindow = new google.maps.InfoWindow({\r\n\t\t\t\t\t\tcontent: contentString\r\n\t\t\t\t\t});\r\n\t\t\t\t\t\t\t\t\r\n\t\t\t\t\tgoogle.maps.event.addListener(marker, 'click', function() {\r\n\t\t\t\t\t  infowindow.open(map_4521,marker);\r\n\t\t\t\t\t});\r\n\t\t\t\t\t});<\/script><div class=\"boc_spacing \" style=\"height: 20px\"><\/div><h2 class=\"boc_heading  center  \"  style=\"margin-bottom: 20px;margin-top: 0px;color: #000000;\"><span>prof<strong>aqua <\/strong> QC<\/span><\/h2><div class=\"boc_list_item  \"  style=\"margin-bottom: 10px;\">\r\n\t\t\t\t\t<span class=\"li_icon small \" style=\"\"><i class=\"icon icon-mobile3\" style=\"\"><\/i><\/span>\r\n\t\t\t\t\t<div class=\"boc_list_item_text small\"><strong>514-500-2225<\/strong><\/div>\r\n\t\t\t\t   <\/div><div class=\"boc_list_item  \"  style=\"margin-bottom: 10px;\">\r\n\t\t\t\t\t<span class=\"li_icon small \" style=\"\"><i class=\"icon icon-mail2\" style=\"\"><\/i><\/span>\r\n\t\t\t\t\t<div class=\"boc_list_item_text small\"><a href=\"mailto:info@campjour.com\">info@campjour.com<\/a><\/div>\r\n\t\t\t\t   <\/div><div class=\"boc_list_item  \"  style=\"margin-bottom: 10px;\">\r\n\t\t\t\t\t<span class=\"li_icon small \" style=\"\"><i class=\"icon icon-location2\" style=\"\"><\/i><\/span>\r\n\t\t\t\t\t<div class=\"boc_list_item_text small\"><strong>MONTR\u00c9AL<\/strong><\/p>\n<h4><strong>Num\u00e9ro (NEQ): 1178407004<\/strong><br \/>\n<strong>Num\u00e9ro (TVQ): 1230337116 TQ 0001<\/strong><br \/>\n<strong>Num\u00e9ro (TPS): 774242010 RT 0001<\/strong><\/h4>\n<p><\/div>\r\n\t\t\t\t   <\/div><div class=\"boc_spacing \" style=\"height: 30px\"><\/div><div id=\"map_9610\" style=\"height:284px;\" class=\"boc_google_map\"><\/div>\r\n\t\t<script type=\"text\/javascript\">\r\n\t\tjQuery(window).load(function() {\r\n\t\t\t\r\n\t\t\tvar latlng = new google.maps.LatLng(0, 0);\r\n\t\t\tvar myOptions = {\r\n\t\t\t\tzoom: 15,\r\n\t\t\t\tcenter: latlng,\r\n\t\t\t\tscrollwheel: false,\r\n\t\t\t\tdisableDefaultUI: false,\r\n\t\t\t\tpanControl: false,\r\n\t\t\t\tdraggable: !boc_is_mobile,\r\n\t\t\t\tstreetViewControl: false,\r\n\t\t\t\t\r\n\t\t\t\tmapTypeId: google.maps.MapTypeId.ROADMAP\r\n\t\t\t};\r\n\t\t\tvar map_9610 = new google.maps.Map(document.getElementById(\"map_9610\"), myOptions);\r\n\t\t\t\r\n\t\t\t\tvar geocoder_map_9610 = new google.maps.Geocoder();\r\n\t\t\t\tvar address = '266-4000 Saint Ambroise Street, Montreal, QC';\r\n\t\t\t\t\r\n\t\t\t\tgeocoder_map_9610.geocode( { 'address': address}, function(results, status) {\r\n\t\t\t\t\tif (status == google.maps.GeocoderStatus.OK) {\r\n\t\t\t\t\t\tmap_9610.setCenter(results[0].geometry.location);\r\n\t\t\t\t\t\t\r\n\t\t\t\t\t\t\tvar marker = new google.maps.Marker({\r\n\t\t\t\t\t\t\t\tmap: map_9610, \r\n\t\t\t\t\t\t\t\t\r\n\t\t\t\t\t\t\t\tposition: map_9610.getCenter()\r\n\t\t\t\t\t\t\t});\r\n\t\t\t\t\t\t\t\r\n\t\t\t\t\t\t\t\tvar contentString = '<strong>Profaqua<\/strong><br \/><strong>MONTR\u00c9AL<\/strong><br \/>266-4000 St-Ambroise,<br \/>Montr\u00e9al QC Canada H4C 2C7<br \/><strong>COLOMBIE-BRITANNIQUE<\/strong><br \/>535-3370 Dewdney Trunk Road,<br \/>Port Moody, B.C. Canada V3H 0K9';\r\n\t\t\t\t\t\t\t\tvar infowindow = new google.maps.InfoWindow({\r\n\t\t\t\t\t\t\t\t\tcontent: contentString\r\n\t\t\t\t\t\t\t\t});\r\n\t\t\t\t\t\t\t\t\t\t\t\r\n\t\t\t\t\t\t\t\tgoogle.maps.event.addListener(marker, 'click', function() {\r\n\t\t\t\t\t\t\t\t  infowindow.open(map_9610,marker);\r\n\t\t\t\t\t\t\t\t});\r\n\t\t\t\t\t\t\t\t\r\n\t\t\t\t\t} else {\r\n\t\t\t\t\t\talert(\"Geocode was not successful for the following reason: \" + status);\r\n\t\t\t\t\t}\r\n\t\t\t\t});\r\n\t\t\t\t\r\n\t\t\t\t\tvar marker = new google.maps.Marker({\r\n\t\t\t\t\tmap: map_9610, \r\n\t\t\t\t\t\r\n\t\t\t\t\tposition: map_9610.getCenter()\r\n\t\t\t\t});\r\n\t\t\t\t\r\n\t\t\t\t\tvar contentString = '&lt;strong&gt;Profaqua&lt;\/strong&gt;&lt;br \/&gt;\\n&lt;strong&gt;MONTR\u00c9AL&lt;\/strong&gt;&lt;br \/&gt;\\n266-4000 St-Ambroise,&lt;br \/&gt;\\nMontr\u00e9al QC Canada H4C 2C7&lt;br \/&gt;\\n&lt;strong&gt;COLOMBIE-BRITANNIQUE&lt;\/strong&gt;&lt;br \/&gt;\\n535-3370 Dewdney Trunk Road,&lt;br \/&gt;\\nPort Moody, B.C. Canada V3H 0K9';\r\n\t\t\t\t\tvar infowindow = new google.maps.InfoWindow({\r\n\t\t\t\t\t\tcontent: contentString\r\n\t\t\t\t\t});\r\n\t\t\t\t\t\t\t\t\r\n\t\t\t\t\tgoogle.maps.event.addListener(marker, 'click', function() {\r\n\t\t\t\t\t  infowindow.open(map_9610,marker);\r\n\t\t\t\t\t});\r\n\t\t\t\t\t});<\/script><div class=\"boc_spacing \" style=\"height: 90px\"><\/div>[\/vc_column][vc_column width=\u00a0\u00bb2\/3&Prime;]<h2 class=\"boc_heading  center  \"  style=\"margin-bottom: 20px;margin-top: 0px;color: #333333;\"><span>Restons en <strong>contact<\/strong><\/span><\/h2>[vc_column_text]<\/p>\n<p style=\"text-align: center;\"><strong>Veuillez NE PAS nous envoyer de courriel pour recevoir une soumission. Vous devrez passer une commande via le site Web.<\/strong><\/p>\n<p style=\"text-align: center;\">En passant une commande, vous ne serez oblig\u00e9 \u00e0 aucun service ou paiement.\u00a0La commande confirme que votre demande est dans la file d\u2019attente pour \u00eatre trait\u00e9e, vous recevrez une soumission officielle dans les 24 \u00e0 72 heures apr\u00e8s avoir soumis la commande.<\/p>\n<p>[\/vc_column_text]\n<div class=\"wpcf7 no-js\" id=\"wpcf7-f73-o1\" lang=\"fr-FR\" dir=\"ltr\">\n<div class=\"screen-reader-response\"><p role=\"status\" aria-live=\"polite\" aria-atomic=\"true\"><\/p> <ul><\/ul><\/div>\n<form action=\"\/fr\/wp-json\/wp\/v2\/pages\/425#wpcf7-f73-o1\" method=\"post\" class=\"wpcf7-form init\" aria-label=\"Contact form\" novalidate=\"novalidate\" data-status=\"init\">\n<div style=\"display: none;\">\n<input type=\"hidden\" name=\"_wpcf7\" value=\"73\" \/>\n<input type=\"hidden\" name=\"_wpcf7_version\" value=\"5.8\" \/>\n<input type=\"hidden\" name=\"_wpcf7_locale\" value=\"fr_FR\" \/>\n<input type=\"hidden\" name=\"_wpcf7_unit_tag\" value=\"wpcf7-f73-o1\" \/>\n<input type=\"hidden\" name=\"_wpcf7_container_post\" value=\"0\" \/>\n<input type=\"hidden\" name=\"_wpcf7_posted_data_hash\" value=\"\" \/>\n<\/div>\n<p><label> Pr\u00e9nom et Nom *<br \/>\n<span class=\"wpcf7-form-control-wrap\" data-name=\"your-name\"><input size=\"40\" class=\"wpcf7-form-control wpcf7-text wpcf7-validates-as-required\" aria-required=\"true\" aria-invalid=\"false\" value=\"\" type=\"text\" name=\"your-name\" \/><\/span> <\/label>\n<\/p>\n<p><label> Courriel *<br \/>\n<span class=\"wpcf7-form-control-wrap\" data-name=\"your-email\"><input size=\"40\" class=\"wpcf7-form-control wpcf7-email wpcf7-validates-as-required wpcf7-text wpcf7-validates-as-email\" aria-required=\"true\" aria-invalid=\"false\" value=\"\" type=\"email\" name=\"your-email\" \/><\/span> <\/label>\n<\/p>\n<p><label> T\u00e9l\u00e9phone<br \/>\n<span class=\"wpcf7-form-control-wrap\" data-name=\"phone\"><input size=\"40\" class=\"wpcf7-form-control wpcf7-text\" aria-invalid=\"false\" value=\"\" type=\"text\" name=\"phone\" \/><\/span> <\/label>\n<\/p>\n<p><label> Sujet *<br \/>\n<span class=\"wpcf7-form-control-wrap\" data-name=\"your-subject\"><input size=\"40\" class=\"wpcf7-form-control wpcf7-text wpcf7-validates-as-required\" aria-required=\"true\" aria-invalid=\"false\" value=\"\" type=\"text\" name=\"your-subject\" \/><\/span> <\/label>\n<\/p>\n<p><label> Message *<br \/>\n<span class=\"wpcf7-form-control-wrap\" data-name=\"your-message\"><textarea cols=\"40\" rows=\"10\" class=\"wpcf7-form-control wpcf7-textarea wpcf7-validates-as-required\" aria-required=\"true\" aria-invalid=\"false\" name=\"your-message\"><\/textarea><\/span> <\/label>\n<\/p>\n<p><input class=\"wpcf7-form-control wpcf7-submit has-spinner\" type=\"submit\" value=\"Envoyer\" \/>\n<\/p><div class=\"inv-recaptcha-holder\"><\/div><div class=\"wpcf7-response-output\" aria-hidden=\"true\"><\/div>\n<\/form>\n<\/div>\n<div class=\"text_box  \"><div class=\"text_box_content \"><h2><\/h2>\r\n\t\t\t\t\t<p>Le responsable de la protection des renseignements personnels de Profaqua inc. est:<\/p>\n<p><strong>M. Eric Tremblay<\/strong><\/p>\n<p>Contacter par t\u00e9l\u00e9phone : <strong>604-968-7401<\/strong><br \/>\nContacter par courriel : <a href=\"mailto:eric.tremblay@profaqua.ca\">eric.tremblay@profaqua.ca<\/a><\/p>\r\n\t\t\t\t<\/div><\/div>[\/vc_column][vc_column][\/vc_column][\/vc_row]<\/p>\n","protected":false},"excerpt":{"rendered":"<p>[vc_row][vc_column width=\u00a0\u00bb1\/3&Prime;][\/vc_column][vc_column width=\u00a0\u00bb2\/3&Prime;][vc_column_text] Veuillez NE PAS nous envoyer de courriel pour recevoir une soumission. Vous devrez passer une commande via le site Web. En passant une commande, vous ne serez oblig\u00e9 \u00e0 aucun service ou paiement.\u00a0La commande confirme que votre demande est dans la file d\u2019attente pour \u00eatre trait\u00e9e, vous recevrez une soumission officielle dans les 24 \u00e0 72 heures<\/p>\n<div class=\"h10\"><\/div>\n<p><a class=\"more-link1\" href=\"https:\/\/www.profaqua.ca\/fr\/contactez-nous-2\/\">Voir plus<\/a><\/p>\n","protected":false},"author":1,"featured_media":0,"parent":0,"menu_order":0,"comment_status":"closed","ping_status":"closed","template":"","meta":{"footnotes":""},"acf":[],"yoast_head":"<!-- This site is optimized with the Yoast SEO plugin v20.13 - https:\/\/yoast.com\/wordpress\/plugins\/seo\/ -->\n<title>Contact - Profaqua<\/title>\n<meta name=\"description\" content=\"Nous sommes une entreprise qui se d\u00e9voue \u00e0 transmettre aux jeunes sa passion pour les sciences.\" \/>\n<meta name=\"robots\" content=\"index, follow, max-snippet:-1, max-image-preview:large, max-video-preview:-1\" \/>\n<link rel=\"canonical\" href=\"https:\/\/www.profaqua.ca\/fr\/contactez-nous-2\/\" \/>\n<meta property=\"og:locale\" content=\"fr_FR\" \/>\n<meta property=\"og:type\" content=\"article\" \/>\n<meta property=\"og:title\" content=\"Contact - Profaqua\" \/>\n<meta property=\"og:description\" content=\"Nous sommes une entreprise qui se d\u00e9voue \u00e0 transmettre aux jeunes sa passion pour les sciences.\" \/>\n<meta property=\"og:url\" content=\"https:\/\/www.profaqua.ca\/fr\/contactez-nous-2\/\" \/>\n<meta property=\"og:site_name\" content=\"Profaqua\" \/>\n<meta property=\"article:publisher\" content=\"https:\/\/www.facebook.com\/profaqua\/\" \/>\n<meta property=\"article:modified_time\" content=\"2025-08-28T03:55:52+00:00\" \/>\n<meta property=\"og:image\" content=\"https:\/\/www.profaqua.ca\/wp-content\/uploads\/2017\/01\/logo.jpg\" \/>\n\t<meta property=\"og:image:width\" content=\"180\" \/>\n\t<meta property=\"og:image:height\" content=\"59\" \/>\n\t<meta property=\"og:image:type\" content=\"image\/jpeg\" \/>\n<meta name=\"twitter:card\" content=\"summary_large_image\" \/>\n<meta name=\"twitter:label1\" content=\"Dur\u00e9e de lecture estim\u00e9e\" \/>\n\t<meta name=\"twitter:data1\" content=\"2 minutes\" \/>\n<script type=\"application\/ld+json\" class=\"yoast-schema-graph\">{\"@context\":\"https:\/\/schema.org\",\"@graph\":[{\"@type\":\"WebPage\",\"@id\":\"https:\/\/www.profaqua.ca\/fr\/contactez-nous-2\/\",\"url\":\"https:\/\/www.profaqua.ca\/fr\/contactez-nous-2\/\",\"name\":\"Contact - Profaqua\",\"isPartOf\":{\"@id\":\"https:\/\/www.profaqua.ca\/fr\/#website\"},\"datePublished\":\"2017-02-08T15:36:25+00:00\",\"dateModified\":\"2025-08-28T03:55:52+00:00\",\"description\":\"Nous sommes une entreprise qui se d\u00e9voue \u00e0 transmettre aux jeunes sa passion pour les sciences.\",\"breadcrumb\":{\"@id\":\"https:\/\/www.profaqua.ca\/fr\/contactez-nous-2\/#breadcrumb\"},\"inLanguage\":\"fr-FR\",\"potentialAction\":[{\"@type\":\"ReadAction\",\"target\":[\"https:\/\/www.profaqua.ca\/fr\/contactez-nous-2\/\"]}]},{\"@type\":\"BreadcrumbList\",\"@id\":\"https:\/\/www.profaqua.ca\/fr\/contactez-nous-2\/#breadcrumb\",\"itemListElement\":[{\"@type\":\"ListItem\",\"position\":1,\"name\":\"Home\",\"item\":\"https:\/\/www.profaqua.ca\/fr\/\"},{\"@type\":\"ListItem\",\"position\":2,\"name\":\"Contact\"}]},{\"@type\":\"WebSite\",\"@id\":\"https:\/\/www.profaqua.ca\/fr\/#website\",\"url\":\"https:\/\/www.profaqua.ca\/fr\/\",\"name\":\"Profaqua\",\"description\":\"\",\"potentialAction\":[{\"@type\":\"SearchAction\",\"target\":{\"@type\":\"EntryPoint\",\"urlTemplate\":\"https:\/\/www.profaqua.ca\/fr\/?s={search_term_string}\"},\"query-input\":\"required name=search_term_string\"}],\"inLanguage\":\"fr-FR\"}]}<\/script>\n<!-- \/ Yoast SEO plugin. -->","yoast_head_json":{"title":"Contact - Profaqua","description":"Nous sommes une entreprise qui se d\u00e9voue \u00e0 transmettre aux jeunes sa passion pour les sciences.","robots":{"index":"index","follow":"follow","max-snippet":"max-snippet:-1","max-image-preview":"max-image-preview:large","max-video-preview":"max-video-preview:-1"},"canonical":"https:\/\/www.profaqua.ca\/fr\/contactez-nous-2\/","og_locale":"fr_FR","og_type":"article","og_title":"Contact - Profaqua","og_description":"Nous sommes une entreprise qui se d\u00e9voue \u00e0 transmettre aux jeunes sa passion pour les sciences.","og_url":"https:\/\/www.profaqua.ca\/fr\/contactez-nous-2\/","og_site_name":"Profaqua","article_publisher":"https:\/\/www.facebook.com\/profaqua\/","article_modified_time":"2025-08-28T03:55:52+00:00","og_image":[{"width":180,"height":59,"url":"https:\/\/www.profaqua.ca\/wp-content\/uploads\/2017\/01\/logo.jpg","type":"image\/jpeg"}],"twitter_card":"summary_large_image","twitter_misc":{"Dur\u00e9e de lecture estim\u00e9e":"2 minutes"},"schema":{"@context":"https:\/\/schema.org","@graph":[{"@type":"WebPage","@id":"https:\/\/www.profaqua.ca\/fr\/contactez-nous-2\/","url":"https:\/\/www.profaqua.ca\/fr\/contactez-nous-2\/","name":"Contact - Profaqua","isPartOf":{"@id":"https:\/\/www.profaqua.ca\/fr\/#website"},"datePublished":"2017-02-08T15:36:25+00:00","dateModified":"2025-08-28T03:55:52+00:00","description":"Nous sommes une entreprise qui se d\u00e9voue \u00e0 transmettre aux jeunes sa passion pour les sciences.","breadcrumb":{"@id":"https:\/\/www.profaqua.ca\/fr\/contactez-nous-2\/#breadcrumb"},"inLanguage":"fr-FR","potentialAction":[{"@type":"ReadAction","target":["https:\/\/www.profaqua.ca\/fr\/contactez-nous-2\/"]}]},{"@type":"BreadcrumbList","@id":"https:\/\/www.profaqua.ca\/fr\/contactez-nous-2\/#breadcrumb","itemListElement":[{"@type":"ListItem","position":1,"name":"Home","item":"https:\/\/www.profaqua.ca\/fr\/"},{"@type":"ListItem","position":2,"name":"Contact"}]},{"@type":"WebSite","@id":"https:\/\/www.profaqua.ca\/fr\/#website","url":"https:\/\/www.profaqua.ca\/fr\/","name":"Profaqua","description":"","potentialAction":[{"@type":"SearchAction","target":{"@type":"EntryPoint","urlTemplate":"https:\/\/www.profaqua.ca\/fr\/?s={search_term_string}"},"query-input":"required name=search_term_string"}],"inLanguage":"fr-FR"}]}},"_links":{"self":[{"href":"https:\/\/www.profaqua.ca\/fr\/wp-json\/wp\/v2\/pages\/425"}],"collection":[{"href":"https:\/\/www.profaqua.ca\/fr\/wp-json\/wp\/v2\/pages"}],"about":[{"href":"https:\/\/www.profaqua.ca\/fr\/wp-json\/wp\/v2\/types\/page"}],"author":[{"embeddable":true,"href":"https:\/\/www.profaqua.ca\/fr\/wp-json\/wp\/v2\/users\/1"}],"replies":[{"embeddable":true,"href":"https:\/\/www.profaqua.ca\/fr\/wp-json\/wp\/v2\/comments?post=425"}],"version-history":[{"count":69,"href":"https:\/\/www.profaqua.ca\/fr\/wp-json\/wp\/v2\/pages\/425\/revisions"}],"predecessor-version":[{"id":39642,"href":"https:\/\/www.profaqua.ca\/fr\/wp-json\/wp\/v2\/pages\/425\/revisions\/39642"}],"wp:attachment":[{"href":"https:\/\/www.profaqua.ca\/fr\/wp-json\/wp\/v2\/media?parent=425"}],"curies":[{"name":"wp","href":"https:\/\/api.w.org\/{rel}","templated":true}]}}