{"id":423,"date":"2017-02-08T16:33:24","date_gmt":"2017-02-08T15:33:24","guid":{"rendered":"https:\/\/www.profaqua.ca\/?page_id=423\/"},"modified":"2024-09-05T19:59:38","modified_gmt":"2024-09-06T00:59:38","slug":"nos-services","status":"publish","type":"page","link":"https:\/\/www.profaqua.ca\/fr\/nos-services\/","title":{"rendered":"Nos services"},"content":{"rendered":"<p>[vc_row][vc_column][vc_column_text]<\/p>\n<h3 style=\"text-align: center;\">Ces services sont offerts uniquement en <strong>Colombie-Britannique<\/strong>, sauf indication contraire.<\/h3>\n<p>[\/vc_column_text]<div class=\"boc_divider_holder\"><div class=\"boc_divider  \"  style=\"margin-top: 20px;margin-bottom: 20px;height: 1px;background: #eeeeee;\"><\/div><\/div>[\/vc_column][\/vc_row][vc_row][vc_column width=\u00a0\u00bb1\/2&Prime;]<h1 class=\"boc_heading  al_left  \"  style=\"margin-bottom: 20px;margin-top: 0px;color: #333;\"><span><strong>Comment int\u00e9resser les jeunes \u00e0 la science et \u00e0 la robotique?<\/strong><\/span><\/h1>[vc_column_text]Prof<strong>aqua<\/strong> s\u2019est donn\u00e9 le mandat de devenir un ambassadeur de la science en offrant plus de <strong>51 ateliers<\/strong>:<\/p>\n<ul>\n<li><strong>41 ateliers pour l&rsquo;\u00e9l\u00e9mentaire<\/strong><\/li>\n<li><strong>26 ateliers pour l&rsquo;interm\u00e9diaire<\/strong><\/li>\n<li><strong>14 ateliers pour le secondaire<\/strong><\/li>\n<\/ul>\n<p>Et <strong>37\u00a0projets<\/strong> diversifi\u00e9s et polyvalents qui privil\u00e9gient le rire et le divertissement comme m\u00e9thode d\u2019apprentissage.<\/p>\n<p>L\u2019\u00e9quipe cherche ainsi \u00e0 d\u00e9mystifier le domaine des sciences et technologies qui semblent parfois ne s\u2019adresser qu\u2019aux connaisseurs.<\/p>\n<p>Tous nos ateliers et nos projets sont class\u00e9s en fonction des univers auxquels ils sont associ\u00e9s en Colombie-Britannique:<\/p>\n<ul>\n<li><strong>M \u00e0 10e ann\u00e9e: biologie, chimie, physique et sciences de la Terre et de l\u2019espace.<\/strong><\/li>\n<li><strong>11e et 12e ann\u00e9e: chimie, physique, sciences de l\u2019environnement, sciences de la Terre, sciences de la vie et sciences et citoyens.<\/strong><\/li>\n<\/ul>\n<p>Il est certain que vous trouverez une activit\u00e9 qui correspondra \u00e0 vos besoins.[\/vc_column_text][\/vc_column][vc_column width=\u00a0\u00bb1\/2&Prime; css=\u00a0\u00bb.vc_custom_1725584648798{padding-left: 40px !important;}\u00a0\u00bb]<h1 class=\"boc_heading  al_left  \"  style=\"margin-bottom: 20px;margin-top: 0px;color: #333;\"><span><strong>Comment nous y prenons-nous?<\/strong><\/span><\/h1>[vc_column_text]En offrant divers ateliers d\u2019une dur\u00e9e variant entre <strong>60, 75 et 90 minutes<\/strong> et divers projets s\u2019\u00e9chelonnant sur <strong>2, 3 ou 4 rencontres<\/strong> dans les classes.<\/p>\n<p>Les projets sont fortement recommand\u00e9s puisqu\u2019ils permettent aux jeunes d\u2019effectuer plus de manipulation.<\/p>\n<p>Chacune de ces animations est adapt\u00e9e en fonction des objectifs du programme scolaire, mais aussi en respectant les besoins du groupe ou des organisateurs.<\/p>\n<p>Prof<strong>aqua<\/strong> adapte aussi ces animations en fonctions de divers autres \u00e9v\u00e8nements que ceux reli\u00e9s au domaine scolaire:<\/p>\n<ul>\n<li><strong>F\u00eates d\u2019anniversaire<\/strong><\/li>\n<li><strong>Spectacles scientifiques<\/strong><\/li>\n<li><strong>\u00c9v\u00e9nements d&rsquo;entreprise<\/strong><\/li>\n<li><strong>Garderie et CPE<\/strong><\/li>\n<li><strong>Mariages<\/strong><\/li>\n<li><strong>Communautaires<\/strong><\/li>\n<li><strong>D\u00e9pouillement d&rsquo;arbre de No\u00ebl<\/strong><\/li>\n<li><strong>Camps de jours<\/strong><\/li>\n<\/ul>\n<p>Sont des occasions o\u00f9 l\u2019\u00e9quipe de prof<strong>aqua<\/strong> animera dynamiquement vos jeunes.[\/vc_column_text][\/vc_column][\/vc_row][vc_row css=\u00a0\u00bb.vc_custom_1489761158324{margin-bottom: 0px !important;}\u00a0\u00bb][vc_column width=\u00a0\u00bb1\/4&Prime;]\r\n\t\t\t\t<a target=\"_self\" href=\"https:\/\/www.profaqua.ca\/fr\/nos-services\/atelier-intrascolaire\/\"  class=\"pic_info_link_type1\">\r\n\t\t\t\t  <div class=\"boc_image_box portfolio_animator_class  \">\r\n\t\t\t\t\t<div class=\"pic_info type1\">\r\n\t\t\t\t\t\t<div class=\"pic \"><div class=\"plus_overlay\"><\/div><div class=\"plus_overlay_icon\"><\/div>\r\n\t\t\t\t\t\t<img width=\"480\" height=\"480\" src=\"https:\/\/www.profaqua.ca\/wp-content\/uploads\/2017\/02\/1_Atelier-en-classe.jpeg\" class=\"attachment-boc_medium size-boc_medium\" alt=\"\" decoding=\"async\" loading=\"lazy\" srcset=\"https:\/\/www.profaqua.ca\/wp-content\/uploads\/2017\/02\/1_Atelier-en-classe.jpeg 480w, https:\/\/www.profaqua.ca\/wp-content\/uploads\/2017\/02\/1_Atelier-en-classe-400x400.jpeg 400w, https:\/\/www.profaqua.ca\/wp-content\/uploads\/2017\/02\/1_Atelier-en-classe-100x100.jpeg 100w, https:\/\/www.profaqua.ca\/wp-content\/uploads\/2017\/02\/1_Atelier-en-classe-150x150.jpeg 150w, https:\/\/www.profaqua.ca\/wp-content\/uploads\/2017\/02\/1_Atelier-en-classe-300x300.jpeg 300w\" sizes=\"(max-width: 480px) 100vw, 480px\" \/>\r\n\t\t\t\t\t\t<div class=\"img_overlay_icon\"><span class=\"portfolio_icon icon_link\"><\/span><\/div><\/div>\r\n\t\t\t\t\t\t<div class=\"info_overlay\">\r\n\t\t\t\t\t\t\t<div class=\"info_overlay_padding\">\r\n\t\t\t\t\t\t\t\t<div class=\"info_desc\">\r\n\t\t\t\t\t\t\t\t\t<span class=\"portfolio_icon icon_link\"><\/span>\t\t\t\t\r\n\t\t\t\t\t\t\t\t\t<h3>Ateliers en intrascolaire<\/h3>\r\n\t\t\t\t\t\t\t\t\t<p><\/p>\r\n\t\t\t\t\t\t\t\t<\/div>\r\n\t\t\t\t\t\t\t<\/div>\r\n\t\t\t\t\t\t<\/div>\r\n\t\t\t\t\t<\/div>\r\n\t\t\t\t  <\/div>\r\n\t\t\t\t<\/a>\r\n\t\t\t<h2 class=\"boc_heading  center  \"  style=\"margin-bottom: 10px;margin-top: 0px;color: #333333;\"><span><strong>Ateliers en intrascolaire<\/strong><\/span><\/h2>[\/vc_column][vc_column width=\u00a0\u00bb1\/4&Prime;]\r\n\t\t\t\t<a target=\"_self\" href=\"https:\/\/www.profaqua.ca\/fr\/ateliers-en-lien-avec-les-peuples-autochtones\/\"  class=\"pic_info_link_type1\">\r\n\t\t\t\t  <div class=\"boc_image_box portfolio_animator_class  \">\r\n\t\t\t\t\t<div class=\"pic_info type1\">\r\n\t\t\t\t\t\t<div class=\"pic \"><div class=\"plus_overlay\"><\/div><div class=\"plus_overlay_icon\"><\/div>\r\n\t\t\t\t\t\t<img width=\"480\" height=\"480\" src=\"https:\/\/www.profaqua.ca\/wp-content\/uploads\/2017\/02\/1_Atelier-en-classe.jpeg\" class=\"attachment-boc_medium size-boc_medium\" alt=\"\" decoding=\"async\" loading=\"lazy\" srcset=\"https:\/\/www.profaqua.ca\/wp-content\/uploads\/2017\/02\/1_Atelier-en-classe.jpeg 480w, https:\/\/www.profaqua.ca\/wp-content\/uploads\/2017\/02\/1_Atelier-en-classe-400x400.jpeg 400w, https:\/\/www.profaqua.ca\/wp-content\/uploads\/2017\/02\/1_Atelier-en-classe-100x100.jpeg 100w, https:\/\/www.profaqua.ca\/wp-content\/uploads\/2017\/02\/1_Atelier-en-classe-150x150.jpeg 150w, https:\/\/www.profaqua.ca\/wp-content\/uploads\/2017\/02\/1_Atelier-en-classe-300x300.jpeg 300w\" sizes=\"(max-width: 480px) 100vw, 480px\" \/>\r\n\t\t\t\t\t\t<div class=\"img_overlay_icon\"><span class=\"portfolio_icon icon_link\"><\/span><\/div><\/div>\r\n\t\t\t\t\t\t<div class=\"info_overlay\">\r\n\t\t\t\t\t\t\t<div class=\"info_overlay_padding\">\r\n\t\t\t\t\t\t\t\t<div class=\"info_desc\">\r\n\t\t\t\t\t\t\t\t\t<span class=\"portfolio_icon icon_link\"><\/span>\t\t\t\t\r\n\t\t\t\t\t\t\t\t\t<h3>Ateliers en lien avec les peuples autochtones<\/h3>\r\n\t\t\t\t\t\t\t\t\t<p><\/p>\r\n\t\t\t\t\t\t\t\t<\/div>\r\n\t\t\t\t\t\t\t<\/div>\r\n\t\t\t\t\t\t<\/div>\r\n\t\t\t\t\t<\/div>\r\n\t\t\t\t  <\/div>\r\n\t\t\t\t<\/a>\r\n\t\t\t<h2 class=\"boc_heading  center  \"  style=\"margin-bottom: 10px;margin-top: 0px;color: #333333;\"><span><strong>Ateliers en lien avec les peuples autochtones<\/strong><\/span><\/h2>[\/vc_column][vc_column width=\u00a0\u00bb1\/4&Prime;]\r\n\t\t\t\t<a target=\"_self\" href=\"https:\/\/www.profaqua.ca\/fr\/ateliers-en-plein-air\/\"  class=\"pic_info_link_type1\">\r\n\t\t\t\t  <div class=\"boc_image_box portfolio_animator_class  \">\r\n\t\t\t\t\t<div class=\"pic_info type1\">\r\n\t\t\t\t\t\t<div class=\"pic \"><div class=\"plus_overlay\"><\/div><div class=\"plus_overlay_icon\"><\/div>\r\n\t\t\t\t\t\t<img width=\"480\" height=\"480\" src=\"https:\/\/www.profaqua.ca\/wp-content\/uploads\/2017\/02\/4_Camps-scientifiques.jpeg\" class=\"attachment-boc_medium size-boc_medium\" alt=\"\" decoding=\"async\" loading=\"lazy\" srcset=\"https:\/\/www.profaqua.ca\/wp-content\/uploads\/2017\/02\/4_Camps-scientifiques.jpeg 480w, https:\/\/www.profaqua.ca\/wp-content\/uploads\/2017\/02\/4_Camps-scientifiques-400x400.jpeg 400w, https:\/\/www.profaqua.ca\/wp-content\/uploads\/2017\/02\/4_Camps-scientifiques-100x100.jpeg 100w, https:\/\/www.profaqua.ca\/wp-content\/uploads\/2017\/02\/4_Camps-scientifiques-150x150.jpeg 150w, https:\/\/www.profaqua.ca\/wp-content\/uploads\/2017\/02\/4_Camps-scientifiques-300x300.jpeg 300w\" sizes=\"(max-width: 480px) 100vw, 480px\" \/>\r\n\t\t\t\t\t\t<div class=\"img_overlay_icon\"><span class=\"portfolio_icon icon_link\"><\/span><\/div><\/div>\r\n\t\t\t\t\t\t<div class=\"info_overlay\">\r\n\t\t\t\t\t\t\t<div class=\"info_overlay_padding\">\r\n\t\t\t\t\t\t\t\t<div class=\"info_desc\">\r\n\t\t\t\t\t\t\t\t\t<span class=\"portfolio_icon icon_link\"><\/span>\t\t\t\t\r\n\t\t\t\t\t\t\t\t\t<h3>Ateliers en plein air<\/h3>\r\n\t\t\t\t\t\t\t\t\t<p><\/p>\r\n\t\t\t\t\t\t\t\t<\/div>\r\n\t\t\t\t\t\t\t<\/div>\r\n\t\t\t\t\t\t<\/div>\r\n\t\t\t\t\t<\/div>\r\n\t\t\t\t  <\/div>\r\n\t\t\t\t<\/a>\r\n\t\t\t<h2 class=\"boc_heading  center  \"  style=\"margin-bottom: 10px;margin-top: 0px;color: #333333;\"><span><strong>Ateliers en plein air<\/strong><\/span><\/h2>[\/vc_column][vc_column width=\u00a0\u00bb1\/4&Prime;]\r\n\t\t\t\t<a target=\"_self\" href=\"https:\/\/www.profaqua.ca\/fr\/nos-services\/projet-en-classe\/\"  class=\"pic_info_link_type1\">\r\n\t\t\t\t  <div class=\"boc_image_box portfolio_animator_class  \">\r\n\t\t\t\t\t<div class=\"pic_info type1\">\r\n\t\t\t\t\t\t<div class=\"pic \"><div class=\"plus_overlay\"><\/div><div class=\"plus_overlay_icon\"><\/div>\r\n\t\t\t\t\t\t<img width=\"480\" height=\"480\" src=\"https:\/\/www.profaqua.ca\/wp-content\/uploads\/2017\/02\/12_Projet-en-classe.jpeg\" class=\"attachment-boc_medium size-boc_medium\" alt=\"\" decoding=\"async\" loading=\"lazy\" srcset=\"https:\/\/www.profaqua.ca\/wp-content\/uploads\/2017\/02\/12_Projet-en-classe.jpeg 480w, https:\/\/www.profaqua.ca\/wp-content\/uploads\/2017\/02\/12_Projet-en-classe-400x400.jpeg 400w, https:\/\/www.profaqua.ca\/wp-content\/uploads\/2017\/02\/12_Projet-en-classe-100x100.jpeg 100w, https:\/\/www.profaqua.ca\/wp-content\/uploads\/2017\/02\/12_Projet-en-classe-150x150.jpeg 150w, https:\/\/www.profaqua.ca\/wp-content\/uploads\/2017\/02\/12_Projet-en-classe-300x300.jpeg 300w\" sizes=\"(max-width: 480px) 100vw, 480px\" \/>\r\n\t\t\t\t\t\t<div class=\"img_overlay_icon\"><span class=\"portfolio_icon icon_link\"><\/span><\/div><\/div>\r\n\t\t\t\t\t\t<div class=\"info_overlay\">\r\n\t\t\t\t\t\t\t<div class=\"info_overlay_padding\">\r\n\t\t\t\t\t\t\t\t<div class=\"info_desc\">\r\n\t\t\t\t\t\t\t\t\t<span class=\"portfolio_icon icon_link\"><\/span>\t\t\t\t\r\n\t\t\t\t\t\t\t\t\t<h3>Projets en classe<\/h3>\r\n\t\t\t\t\t\t\t\t\t<p><\/p>\r\n\t\t\t\t\t\t\t\t<\/div>\r\n\t\t\t\t\t\t\t<\/div>\r\n\t\t\t\t\t\t<\/div>\r\n\t\t\t\t\t<\/div>\r\n\t\t\t\t  <\/div>\r\n\t\t\t\t<\/a>\r\n\t\t\t<h2 class=\"boc_heading  center  \"  style=\"margin-bottom: 10px;margin-top: 0px;color: #333333;\"><span><strong>Projets en classe<\/strong><\/span><\/h2>[\/vc_column][\/vc_row][vc_row css=\u00a0\u00bb.vc_custom_1489761202448{margin-bottom: 0px !important;}\u00a0\u00bb][vc_column width=\u00a0\u00bb1\/4&Prime;]\r\n\t\t\t\t<a target=\"_self\" href=\"https:\/\/www.profaqua.ca\/fr\/nos-services\/journee-pedagogique-2\/\"  class=\"pic_info_link_type1\">\r\n\t\t\t\t  <div class=\"boc_image_box portfolio_animator_class  \">\r\n\t\t\t\t\t<div class=\"pic_info type1\">\r\n\t\t\t\t\t\t<div class=\"pic \"><div class=\"plus_overlay\"><\/div><div class=\"plus_overlay_icon\"><\/div>\r\n\t\t\t\t\t\t<img width=\"480\" height=\"480\" src=\"https:\/\/www.profaqua.ca\/wp-content\/uploads\/2017\/02\/9_Journe\u0301e-service-de-garde.jpeg\" class=\"attachment-boc_medium size-boc_medium\" alt=\"\" decoding=\"async\" loading=\"lazy\" srcset=\"https:\/\/www.profaqua.ca\/wp-content\/uploads\/2017\/02\/9_Journe\u0301e-service-de-garde.jpeg 480w, https:\/\/www.profaqua.ca\/wp-content\/uploads\/2017\/02\/9_Journe\u0301e-service-de-garde-400x400.jpeg 400w, https:\/\/www.profaqua.ca\/wp-content\/uploads\/2017\/02\/9_Journe\u0301e-service-de-garde-100x100.jpeg 100w, https:\/\/www.profaqua.ca\/wp-content\/uploads\/2017\/02\/9_Journe\u0301e-service-de-garde-150x150.jpeg 150w, https:\/\/www.profaqua.ca\/wp-content\/uploads\/2017\/02\/9_Journe\u0301e-service-de-garde-300x300.jpeg 300w\" sizes=\"(max-width: 480px) 100vw, 480px\" \/>\r\n\t\t\t\t\t\t<div class=\"img_overlay_icon\"><span class=\"portfolio_icon icon_link\"><\/span><\/div><\/div>\r\n\t\t\t\t\t\t<div class=\"info_overlay\">\r\n\t\t\t\t\t\t\t<div class=\"info_overlay_padding\">\r\n\t\t\t\t\t\t\t\t<div class=\"info_desc\">\r\n\t\t\t\t\t\t\t\t\t<span class=\"portfolio_icon icon_link\"><\/span>\t\t\t\t\r\n\t\t\t\t\t\t\t\t\t<h3>Journ\u00e9e P\u00e9dagogique<\/h3>\r\n\t\t\t\t\t\t\t\t\t<p><\/p>\r\n\t\t\t\t\t\t\t\t<\/div>\r\n\t\t\t\t\t\t\t<\/div>\r\n\t\t\t\t\t\t<\/div>\r\n\t\t\t\t\t<\/div>\r\n\t\t\t\t  <\/div>\r\n\t\t\t\t<\/a>\r\n\t\t\t<h2 class=\"boc_heading  center  \"  style=\"margin-bottom: 10px;margin-top: 0px;color: #333333;\"><span><strong>Journ\u00e9e P\u00e9dagogique<\/strong><\/span><\/h2>[\/vc_column][vc_column width=\u00a0\u00bb1\/4&Prime;]\r\n\t\t\t\t<a target=\"_self\" href=\"https:\/\/www.profaqua.ca\/fr\/nos-services\/atelier-parascolaire\/\"  class=\"pic_info_link_type1\">\r\n\t\t\t\t  <div class=\"boc_image_box portfolio_animator_class  \">\r\n\t\t\t\t\t<div class=\"pic_info type1\">\r\n\t\t\t\t\t\t<div class=\"pic \"><div class=\"plus_overlay\"><\/div><div class=\"plus_overlay_icon\"><\/div>\r\n\t\t\t\t\t\t<img width=\"480\" height=\"480\" src=\"https:\/\/www.profaqua.ca\/wp-content\/uploads\/2017\/02\/2_Atelier-parascolaire.jpeg\" class=\"attachment-boc_medium size-boc_medium\" alt=\"\" decoding=\"async\" loading=\"lazy\" srcset=\"https:\/\/www.profaqua.ca\/wp-content\/uploads\/2017\/02\/2_Atelier-parascolaire.jpeg 480w, https:\/\/www.profaqua.ca\/wp-content\/uploads\/2017\/02\/2_Atelier-parascolaire-400x400.jpeg 400w, https:\/\/www.profaqua.ca\/wp-content\/uploads\/2017\/02\/2_Atelier-parascolaire-100x100.jpeg 100w, https:\/\/www.profaqua.ca\/wp-content\/uploads\/2017\/02\/2_Atelier-parascolaire-150x150.jpeg 150w, https:\/\/www.profaqua.ca\/wp-content\/uploads\/2017\/02\/2_Atelier-parascolaire-300x300.jpeg 300w\" sizes=\"(max-width: 480px) 100vw, 480px\" \/>\r\n\t\t\t\t\t\t<div class=\"img_overlay_icon\"><span class=\"portfolio_icon icon_link\"><\/span><\/div><\/div>\r\n\t\t\t\t\t\t<div class=\"info_overlay\">\r\n\t\t\t\t\t\t\t<div class=\"info_overlay_padding\">\r\n\t\t\t\t\t\t\t\t<div class=\"info_desc\">\r\n\t\t\t\t\t\t\t\t\t<span class=\"portfolio_icon icon_link\"><\/span>\t\t\t\t\r\n\t\t\t\t\t\t\t\t\t<h3>Ateliers parascolaire<\/h3>\r\n\t\t\t\t\t\t\t\t\t<p><\/p>\r\n\t\t\t\t\t\t\t\t<\/div>\r\n\t\t\t\t\t\t\t<\/div>\r\n\t\t\t\t\t\t<\/div>\r\n\t\t\t\t\t<\/div>\r\n\t\t\t\t  <\/div>\r\n\t\t\t\t<\/a>\r\n\t\t\t<h2 class=\"boc_heading  center  \"  style=\"margin-bottom: 10px;margin-top: 0px;color: #333333;\"><span><strong>Ateliers parascolaire<\/strong><\/span><\/h2>[\/vc_column][vc_column width=\u00a0\u00bb1\/4&Prime;]\r\n\t\t\t\t<a target=\"_self\" href=\"https:\/\/www.profaqua.ca\/fr\/formations\/\"  class=\"pic_info_link_type1\">\r\n\t\t\t\t  <div class=\"boc_image_box portfolio_animator_class  \">\r\n\t\t\t\t\t<div class=\"pic_info type1\">\r\n\t\t\t\t\t\t<div class=\"pic \"><div class=\"plus_overlay\"><\/div><div class=\"plus_overlay_icon\"><\/div>\r\n\t\t\t\t\t\t<img width=\"480\" height=\"480\" src=\"https:\/\/www.profaqua.ca\/wp-content\/uploads\/2017\/02\/8_Formation.jpeg\" class=\"attachment-boc_medium size-boc_medium\" alt=\"\" decoding=\"async\" loading=\"lazy\" srcset=\"https:\/\/www.profaqua.ca\/wp-content\/uploads\/2017\/02\/8_Formation.jpeg 480w, https:\/\/www.profaqua.ca\/wp-content\/uploads\/2017\/02\/8_Formation-400x400.jpeg 400w, https:\/\/www.profaqua.ca\/wp-content\/uploads\/2017\/02\/8_Formation-100x100.jpeg 100w, https:\/\/www.profaqua.ca\/wp-content\/uploads\/2017\/02\/8_Formation-150x150.jpeg 150w, https:\/\/www.profaqua.ca\/wp-content\/uploads\/2017\/02\/8_Formation-300x300.jpeg 300w\" sizes=\"(max-width: 480px) 100vw, 480px\" \/>\r\n\t\t\t\t\t\t<div class=\"img_overlay_icon\"><span class=\"portfolio_icon icon_link\"><\/span><\/div><\/div>\r\n\t\t\t\t\t\t<div class=\"info_overlay\">\r\n\t\t\t\t\t\t\t<div class=\"info_overlay_padding\">\r\n\t\t\t\t\t\t\t\t<div class=\"info_desc\">\r\n\t\t\t\t\t\t\t\t\t<span class=\"portfolio_icon icon_link\"><\/span>\t\t\t\t\r\n\t\t\t\t\t\t\t\t\t<h3>Formations<\/h3>\r\n\t\t\t\t\t\t\t\t\t<p><\/p>\r\n\t\t\t\t\t\t\t\t<\/div>\r\n\t\t\t\t\t\t\t<\/div>\r\n\t\t\t\t\t\t<\/div>\r\n\t\t\t\t\t<\/div>\r\n\t\t\t\t  <\/div>\r\n\t\t\t\t<\/a>\r\n\t\t\t<h2 class=\"boc_heading  center  \"  style=\"margin-bottom: 10px;margin-top: 0px;color: #333333;\"><span><strong>Formations<\/strong><\/span><\/h2>[\/vc_column][vc_column width=\u00a0\u00bb1\/4&Prime;]\r\n\t\t\t\t<a target=\"_self\" href=\"https:\/\/www.profaqua.ca\/fr\/nos-services\/autres-services\/\"  class=\"pic_info_link_type1\">\r\n\t\t\t\t  <div class=\"boc_image_box portfolio_animator_class  \">\r\n\t\t\t\t\t<div class=\"pic_info type1\">\r\n\t\t\t\t\t\t<div class=\"pic \"><div class=\"plus_overlay\"><\/div><div class=\"plus_overlay_icon\"><\/div>\r\n\t\t\t\t\t\t<img width=\"600\" height=\"600\" src=\"https:\/\/www.profaqua.ca\/wp-content\/uploads\/2017\/01\/banner-home-bleu-600x600.jpg\" class=\"attachment-boc_medium size-boc_medium\" alt=\"\" decoding=\"async\" loading=\"lazy\" srcset=\"https:\/\/www.profaqua.ca\/wp-content\/uploads\/2017\/01\/banner-home-bleu-600x600.jpg 600w, https:\/\/www.profaqua.ca\/wp-content\/uploads\/2017\/01\/banner-home-bleu-400x400.jpg 400w, https:\/\/www.profaqua.ca\/wp-content\/uploads\/2017\/01\/banner-home-bleu-100x100.jpg 100w, https:\/\/www.profaqua.ca\/wp-content\/uploads\/2017\/01\/banner-home-bleu-150x150.jpg 150w\" sizes=\"(max-width: 600px) 100vw, 600px\" \/>\r\n\t\t\t\t\t\t<div class=\"img_overlay_icon\"><span class=\"portfolio_icon icon_link\"><\/span><\/div><\/div>\r\n\t\t\t\t\t\t<div class=\"info_overlay\">\r\n\t\t\t\t\t\t\t<div class=\"info_overlay_padding\">\r\n\t\t\t\t\t\t\t\t<div class=\"info_desc\">\r\n\t\t\t\t\t\t\t\t\t<span class=\"portfolio_icon icon_link\"><\/span>\t\t\t\t\r\n\t\t\t\t\t\t\t\t\t<h3>Autres services<\/h3>\r\n\t\t\t\t\t\t\t\t\t<p><\/p>\r\n\t\t\t\t\t\t\t\t<\/div>\r\n\t\t\t\t\t\t\t<\/div>\r\n\t\t\t\t\t\t<\/div>\r\n\t\t\t\t\t<\/div>\r\n\t\t\t\t  <\/div>\r\n\t\t\t\t<\/a>\r\n\t\t\t<h2 class=\"boc_heading  center  \"  style=\"margin-bottom: 10px;margin-top: 0px;color: #333333;\"><span><strong>Autres services<\/strong><\/span><\/h2>[\/vc_column][\/vc_row][vc_row][vc_column]<div class=\"boc_spacing \" style=\"height: 20px\"><\/div>[\/vc_column][\/vc_row]<\/p>\n","protected":false},"excerpt":{"rendered":"<p>[vc_row][vc_column][vc_column_text] Ces services sont offerts uniquement en Colombie-Britannique, sauf indication contraire. [\/vc_column_text][\/vc_column][\/vc_row][vc_row][vc_column width=\u00a0\u00bb1\/2&Prime;][vc_column_text]Profaqua s\u2019est donn\u00e9 le mandat de devenir un ambassadeur de la science en offrant plus de 51 ateliers: 41 ateliers pour l&rsquo;\u00e9l\u00e9mentaire 26 ateliers pour l&rsquo;interm\u00e9diaire 14 ateliers pour le secondaire Et 37\u00a0projets diversifi\u00e9s et polyvalents qui privil\u00e9gient le rire et le divertissement comme m\u00e9thode d\u2019apprentissage. L\u2019\u00e9quipe cherche<\/p>\n<div class=\"h10\"><\/div>\n<p><a class=\"more-link1\" href=\"https:\/\/www.profaqua.ca\/fr\/nos-services\/\">Voir plus<\/a><\/p>\n","protected":false},"author":1,"featured_media":0,"parent":0,"menu_order":0,"comment_status":"closed","ping_status":"closed","template":"","meta":{"footnotes":""},"acf":[],"yoast_head":"<!-- This site is optimized with the Yoast SEO plugin v20.13 - https:\/\/yoast.com\/wordpress\/plugins\/seo\/ -->\n<title>Nos services - Profaqua<\/title>\n<meta name=\"description\" content=\"Ces services sont offerts uniquement en Colombie-Britannique, sauf indication contraire. Profaqua s\u2019est donn\u00e9 le mandat de devenir un ambassadeur de la\" \/>\n<meta name=\"robots\" content=\"index, follow, max-snippet:-1, max-image-preview:large, max-video-preview:-1\" \/>\n<link rel=\"canonical\" href=\"https:\/\/www.profaqua.ca\/fr\/nos-services\/\" \/>\n<meta property=\"og:locale\" content=\"fr_FR\" \/>\n<meta property=\"og:type\" content=\"article\" \/>\n<meta property=\"og:title\" content=\"Nos services - Profaqua\" \/>\n<meta property=\"og:description\" content=\"Ces services sont offerts uniquement en Colombie-Britannique, sauf indication contraire. Profaqua s\u2019est donn\u00e9 le mandat de devenir un ambassadeur de la\" \/>\n<meta property=\"og:url\" content=\"https:\/\/www.profaqua.ca\/fr\/nos-services\/\" \/>\n<meta property=\"og:site_name\" content=\"Profaqua\" \/>\n<meta property=\"article:publisher\" content=\"https:\/\/www.facebook.com\/profaqua\/\" \/>\n<meta property=\"article:modified_time\" content=\"2024-09-06T00:59:38+00:00\" \/>\n<meta property=\"og:image\" content=\"https:\/\/www.profaqua.ca\/wp-content\/uploads\/2017\/01\/logo.jpg\" \/>\n\t<meta property=\"og:image:width\" content=\"180\" \/>\n\t<meta property=\"og:image:height\" content=\"59\" \/>\n\t<meta property=\"og:image:type\" content=\"image\/jpeg\" \/>\n<meta name=\"twitter:card\" content=\"summary_large_image\" \/>\n<meta name=\"twitter:label1\" content=\"Dur\u00e9e de lecture estim\u00e9e\" \/>\n\t<meta name=\"twitter:data1\" content=\"3 minutes\" \/>\n<script type=\"application\/ld+json\" class=\"yoast-schema-graph\">{\"@context\":\"https:\/\/schema.org\",\"@graph\":[{\"@type\":\"WebPage\",\"@id\":\"https:\/\/www.profaqua.ca\/fr\/nos-services\/\",\"url\":\"https:\/\/www.profaqua.ca\/fr\/nos-services\/\",\"name\":\"Nos services - Profaqua\",\"isPartOf\":{\"@id\":\"https:\/\/www.profaqua.ca\/fr\/#website\"},\"datePublished\":\"2017-02-08T15:33:24+00:00\",\"dateModified\":\"2024-09-06T00:59:38+00:00\",\"description\":\"Ces services sont offerts uniquement en Colombie-Britannique, sauf indication contraire. Profaqua s\u2019est donn\u00e9 le mandat de devenir un ambassadeur de la\",\"breadcrumb\":{\"@id\":\"https:\/\/www.profaqua.ca\/fr\/nos-services\/#breadcrumb\"},\"inLanguage\":\"fr-FR\",\"potentialAction\":[{\"@type\":\"ReadAction\",\"target\":[\"https:\/\/www.profaqua.ca\/fr\/nos-services\/\"]}]},{\"@type\":\"BreadcrumbList\",\"@id\":\"https:\/\/www.profaqua.ca\/fr\/nos-services\/#breadcrumb\",\"itemListElement\":[{\"@type\":\"ListItem\",\"position\":1,\"name\":\"Home\",\"item\":\"https:\/\/www.profaqua.ca\/fr\/\"},{\"@type\":\"ListItem\",\"position\":2,\"name\":\"Nos services\"}]},{\"@type\":\"WebSite\",\"@id\":\"https:\/\/www.profaqua.ca\/fr\/#website\",\"url\":\"https:\/\/www.profaqua.ca\/fr\/\",\"name\":\"Profaqua\",\"description\":\"\",\"potentialAction\":[{\"@type\":\"SearchAction\",\"target\":{\"@type\":\"EntryPoint\",\"urlTemplate\":\"https:\/\/www.profaqua.ca\/fr\/?s={search_term_string}\"},\"query-input\":\"required name=search_term_string\"}],\"inLanguage\":\"fr-FR\"}]}<\/script>\n<!-- \/ Yoast SEO plugin. -->","yoast_head_json":{"title":"Nos services - Profaqua","description":"Ces services sont offerts uniquement en Colombie-Britannique, sauf indication contraire. Profaqua s\u2019est donn\u00e9 le mandat de devenir un ambassadeur de la","robots":{"index":"index","follow":"follow","max-snippet":"max-snippet:-1","max-image-preview":"max-image-preview:large","max-video-preview":"max-video-preview:-1"},"canonical":"https:\/\/www.profaqua.ca\/fr\/nos-services\/","og_locale":"fr_FR","og_type":"article","og_title":"Nos services - Profaqua","og_description":"Ces services sont offerts uniquement en Colombie-Britannique, sauf indication contraire. Profaqua s\u2019est donn\u00e9 le mandat de devenir un ambassadeur de la","og_url":"https:\/\/www.profaqua.ca\/fr\/nos-services\/","og_site_name":"Profaqua","article_publisher":"https:\/\/www.facebook.com\/profaqua\/","article_modified_time":"2024-09-06T00:59:38+00:00","og_image":[{"width":180,"height":59,"url":"https:\/\/www.profaqua.ca\/wp-content\/uploads\/2017\/01\/logo.jpg","type":"image\/jpeg"}],"twitter_card":"summary_large_image","twitter_misc":{"Dur\u00e9e de lecture estim\u00e9e":"3 minutes"},"schema":{"@context":"https:\/\/schema.org","@graph":[{"@type":"WebPage","@id":"https:\/\/www.profaqua.ca\/fr\/nos-services\/","url":"https:\/\/www.profaqua.ca\/fr\/nos-services\/","name":"Nos services - Profaqua","isPartOf":{"@id":"https:\/\/www.profaqua.ca\/fr\/#website"},"datePublished":"2017-02-08T15:33:24+00:00","dateModified":"2024-09-06T00:59:38+00:00","description":"Ces services sont offerts uniquement en Colombie-Britannique, sauf indication contraire. Profaqua s\u2019est donn\u00e9 le mandat de devenir un ambassadeur de la","breadcrumb":{"@id":"https:\/\/www.profaqua.ca\/fr\/nos-services\/#breadcrumb"},"inLanguage":"fr-FR","potentialAction":[{"@type":"ReadAction","target":["https:\/\/www.profaqua.ca\/fr\/nos-services\/"]}]},{"@type":"BreadcrumbList","@id":"https:\/\/www.profaqua.ca\/fr\/nos-services\/#breadcrumb","itemListElement":[{"@type":"ListItem","position":1,"name":"Home","item":"https:\/\/www.profaqua.ca\/fr\/"},{"@type":"ListItem","position":2,"name":"Nos services"}]},{"@type":"WebSite","@id":"https:\/\/www.profaqua.ca\/fr\/#website","url":"https:\/\/www.profaqua.ca\/fr\/","name":"Profaqua","description":"","potentialAction":[{"@type":"SearchAction","target":{"@type":"EntryPoint","urlTemplate":"https:\/\/www.profaqua.ca\/fr\/?s={search_term_string}"},"query-input":"required name=search_term_string"}],"inLanguage":"fr-FR"}]}},"_links":{"self":[{"href":"https:\/\/www.profaqua.ca\/fr\/wp-json\/wp\/v2\/pages\/423"}],"collection":[{"href":"https:\/\/www.profaqua.ca\/fr\/wp-json\/wp\/v2\/pages"}],"about":[{"href":"https:\/\/www.profaqua.ca\/fr\/wp-json\/wp\/v2\/types\/page"}],"author":[{"embeddable":true,"href":"https:\/\/www.profaqua.ca\/fr\/wp-json\/wp\/v2\/users\/1"}],"replies":[{"embeddable":true,"href":"https:\/\/www.profaqua.ca\/fr\/wp-json\/wp\/v2\/comments?post=423"}],"version-history":[{"count":104,"href":"https:\/\/www.profaqua.ca\/fr\/wp-json\/wp\/v2\/pages\/423\/revisions"}],"predecessor-version":[{"id":39139,"href":"https:\/\/www.profaqua.ca\/fr\/wp-json\/wp\/v2\/pages\/423\/revisions\/39139"}],"wp:attachment":[{"href":"https:\/\/www.profaqua.ca\/fr\/wp-json\/wp\/v2\/media?parent=423"}],"curies":[{"name":"wp","href":"https:\/\/api.w.org\/{rel}","templated":true}]}}