{"id":39108,"date":"2024-09-05T13:31:04","date_gmt":"2024-09-05T18:31:04","guid":{"rendered":"https:\/\/www.profaqua.ca\/?page_id=39108"},"modified":"2024-09-05T13:37:18","modified_gmt":"2024-09-05T18:37:18","slug":"semaine-de-relache-vancouver-2025","status":"publish","type":"page","link":"https:\/\/www.profaqua.ca\/fr\/semaine-de-relache-vancouver-2025\/","title":{"rendered":"Semaine de rel\u00e2che \u00e0 Vancouver &#8211; Printemps 2025"},"content":{"rendered":"<p>[vc_row][vc_column][vc_column_text]<\/p>\n<h3 style=\"text-align: center;\">Ce service est offert uniquement en\u00a0<strong>Colombie-Britannique<\/strong>, sauf indication contraire.<\/h3>\n<p>[\/vc_column_text]<div class=\"boc_divider_holder\"><div class=\"boc_divider  \"  style=\"margin-top: 20px;margin-bottom: 20px;height: 1px;background: #eeeeee;\"><\/div><\/div>[vc_row_inner equal_height=\u00a0\u00bbyes\u00a0\u00bb][vc_column_inner width=\u00a0\u00bb7\/12&Prime;]<h2 class=\"boc_heading  center  \"  style=\"margin-bottom: 20px;margin-top: 0px;color: #333;\"><span><strong>Semaine de rel\u00e2che \u00e0 Vancouver<\/strong><\/span><\/h2><h2 class=\"boc_heading  center  \"  style=\"margin-bottom: 20px;margin-top: 0px;color: #333;\"><span><strong>Les d\u00e9tails pour 2025 seront d\u00e9voil\u00e9s sous peu !<\/strong><\/span><\/h2>[vc_column_text]<\/p>\n<p style=\"text-align: center;\"><span data-contrast=\"auto\">Le camp de jour de la semaine de rel\u00e2che de Profaqua offre une exp\u00e9rience inoubliable aux enfants \u00e2g\u00e9s de 7 \u00e0 12 ans, garantissent du plaisir et des opportunit\u00e9s d&rsquo;apprentissage amusantes. <\/span><\/p>\n<p style=\"text-align: center;\"><span data-contrast=\"auto\">Si vous souhaitez \u00eatre ajout\u00e9 \u00e0 notre liste de diffusion, veuillez envoyer une demande \u00e0 <a href=\"mailto:administration@profaqua.ca\">eric.tremblay@profaqua.ca<\/a>.<\/span><\/p>\n<p style=\"text-align: center;\"><em>Notre liste de diffusion comprendra \u00e9galement des mises \u00e0 jour sur notre camp d&rsquo;\u00e9t\u00e9 2025 !<\/em><\/p>\n<p style=\"text-align: center;\"><strong>Toutes les inscriptions pour 2025 se feront sur le site <a href=\"https:\/\/www.profaqua.ca\/fr\/camp-scientifique-vancouver-2025\/\">campjour.com<\/a><\/strong><\/p>\n<p style=\"text-align: center;\"><em>Ces activit\u00e9s seront \u00e9ligibles pour la Relev\u00e9 24, qui sera disponible dans votre compte Amilia \u00e0 compter de f\u00e9vrier de l&rsquo;ann\u00e9e suivante.<\/em><\/p>\n<p>[\/vc_column_text][vc_single_image img_size=\u00a0\u00bbmedium\u00a0\u00bb alignment=\u00a0\u00bbcenter\u00a0\u00bb image=\u00a0\u00bb12647&Prime;][\/vc_column_inner][vc_column_inner width=\u00a0\u00bb5\/12&Prime;][vc_single_image alignment=\u00a0\u00bbright\u00a0\u00bb image=\u00a0\u00bb39113&Prime;][\/vc_column_inner][\/vc_row_inner][\/vc_column][\/vc_row]<\/p>\n","protected":false},"excerpt":{"rendered":"<p>[vc_row][vc_column][vc_column_text] Ce service est offert uniquement en\u00a0Colombie-Britannique, sauf indication contraire. [\/vc_column_text][vc_row_inner equal_height=\u00a0\u00bbyes\u00a0\u00bb][vc_column_inner width=\u00a0\u00bb7\/12&Prime;][vc_column_text] Le camp de jour de la semaine de rel\u00e2che de Profaqua offre une exp\u00e9rience inoubliable aux enfants \u00e2g\u00e9s de 7 \u00e0 12 ans, garantissent du plaisir et des opportunit\u00e9s d&rsquo;apprentissage amusantes. Si vous souhaitez \u00eatre ajout\u00e9 \u00e0 notre liste de diffusion, veuillez envoyer une demande \u00e0 eric.tremblay@profaqua.ca.<\/p>\n<div class=\"h10\"><\/div>\n<p><a class=\"more-link1\" href=\"https:\/\/www.profaqua.ca\/fr\/semaine-de-relache-vancouver-2025\/\">Voir plus<\/a><\/p>\n","protected":false},"author":1,"featured_media":0,"parent":0,"menu_order":0,"comment_status":"closed","ping_status":"closed","template":"pageCamp.php","meta":{"footnotes":""},"acf":[],"yoast_head":"<!-- This site is optimized with the Yoast SEO plugin v20.13 - https:\/\/yoast.com\/wordpress\/plugins\/seo\/ -->\n<title>Semaine de rel\u00e2che \u00e0 Vancouver - Printemps 2025 - Profaqua<\/title>\n<meta name=\"description\" content=\"Ce service est offert uniquement en\u00a0Colombie-Britannique, sauf indication contraire. Le camp de jour de la semaine de rel\u00e2che de Profaqua offre une\" \/>\n<meta name=\"robots\" content=\"index, follow, max-snippet:-1, max-image-preview:large, max-video-preview:-1\" \/>\n<link rel=\"canonical\" href=\"https:\/\/www.profaqua.ca\/fr\/semaine-de-relache-vancouver-2025\/\" \/>\n<meta property=\"og:locale\" content=\"fr_FR\" \/>\n<meta property=\"og:type\" content=\"article\" \/>\n<meta property=\"og:title\" content=\"Semaine de rel\u00e2che \u00e0 Vancouver - Printemps 2025 - Profaqua\" \/>\n<meta property=\"og:description\" content=\"Ce service est offert uniquement en\u00a0Colombie-Britannique, sauf indication contraire. Le camp de jour de la semaine de rel\u00e2che de Profaqua offre une\" \/>\n<meta property=\"og:url\" content=\"https:\/\/www.profaqua.ca\/fr\/semaine-de-relache-vancouver-2025\/\" \/>\n<meta property=\"og:site_name\" content=\"Profaqua\" \/>\n<meta property=\"article:publisher\" content=\"https:\/\/www.facebook.com\/profaqua\/\" \/>\n<meta property=\"article:modified_time\" content=\"2024-09-05T18:37:18+00:00\" \/>\n<meta property=\"og:image\" content=\"https:\/\/www.profaqua.ca\/wp-content\/uploads\/2017\/01\/logo.jpg\" \/>\n\t<meta property=\"og:image:width\" content=\"180\" \/>\n\t<meta property=\"og:image:height\" content=\"59\" \/>\n\t<meta property=\"og:image:type\" content=\"image\/jpeg\" \/>\n<meta name=\"twitter:card\" content=\"summary_large_image\" \/>\n<meta name=\"twitter:label1\" content=\"Dur\u00e9e de lecture estim\u00e9e\" \/>\n\t<meta name=\"twitter:data1\" content=\"1 minute\" \/>\n<script type=\"application\/ld+json\" class=\"yoast-schema-graph\">{\"@context\":\"https:\/\/schema.org\",\"@graph\":[{\"@type\":\"WebPage\",\"@id\":\"https:\/\/www.profaqua.ca\/fr\/semaine-de-relache-vancouver-2025\/\",\"url\":\"https:\/\/www.profaqua.ca\/fr\/semaine-de-relache-vancouver-2025\/\",\"name\":\"Semaine de rel\u00e2che \u00e0 Vancouver - Printemps 2025 - Profaqua\",\"isPartOf\":{\"@id\":\"https:\/\/www.profaqua.ca\/fr\/#website\"},\"datePublished\":\"2024-09-05T18:31:04+00:00\",\"dateModified\":\"2024-09-05T18:37:18+00:00\",\"description\":\"Ce service est offert uniquement en\u00a0Colombie-Britannique, sauf indication contraire. Le camp de jour de la semaine de rel\u00e2che de Profaqua offre une\",\"breadcrumb\":{\"@id\":\"https:\/\/www.profaqua.ca\/fr\/semaine-de-relache-vancouver-2025\/#breadcrumb\"},\"inLanguage\":\"fr-FR\",\"potentialAction\":[{\"@type\":\"ReadAction\",\"target\":[\"https:\/\/www.profaqua.ca\/fr\/semaine-de-relache-vancouver-2025\/\"]}]},{\"@type\":\"BreadcrumbList\",\"@id\":\"https:\/\/www.profaqua.ca\/fr\/semaine-de-relache-vancouver-2025\/#breadcrumb\",\"itemListElement\":[{\"@type\":\"ListItem\",\"position\":1,\"name\":\"Home\",\"item\":\"https:\/\/www.profaqua.ca\/fr\/\"},{\"@type\":\"ListItem\",\"position\":2,\"name\":\"Semaine de rel\u00e2che \u00e0 Vancouver &#8211; Printemps 2025\"}]},{\"@type\":\"WebSite\",\"@id\":\"https:\/\/www.profaqua.ca\/fr\/#website\",\"url\":\"https:\/\/www.profaqua.ca\/fr\/\",\"name\":\"Profaqua\",\"description\":\"\",\"potentialAction\":[{\"@type\":\"SearchAction\",\"target\":{\"@type\":\"EntryPoint\",\"urlTemplate\":\"https:\/\/www.profaqua.ca\/fr\/?s={search_term_string}\"},\"query-input\":\"required name=search_term_string\"}],\"inLanguage\":\"fr-FR\"}]}<\/script>\n<!-- \/ Yoast SEO plugin. -->","yoast_head_json":{"title":"Semaine de rel\u00e2che \u00e0 Vancouver - Printemps 2025 - Profaqua","description":"Ce service est offert uniquement en\u00a0Colombie-Britannique, sauf indication contraire. Le camp de jour de la semaine de rel\u00e2che de Profaqua offre une","robots":{"index":"index","follow":"follow","max-snippet":"max-snippet:-1","max-image-preview":"max-image-preview:large","max-video-preview":"max-video-preview:-1"},"canonical":"https:\/\/www.profaqua.ca\/fr\/semaine-de-relache-vancouver-2025\/","og_locale":"fr_FR","og_type":"article","og_title":"Semaine de rel\u00e2che \u00e0 Vancouver - Printemps 2025 - Profaqua","og_description":"Ce service est offert uniquement en\u00a0Colombie-Britannique, sauf indication contraire. Le camp de jour de la semaine de rel\u00e2che de Profaqua offre une","og_url":"https:\/\/www.profaqua.ca\/fr\/semaine-de-relache-vancouver-2025\/","og_site_name":"Profaqua","article_publisher":"https:\/\/www.facebook.com\/profaqua\/","article_modified_time":"2024-09-05T18:37:18+00:00","og_image":[{"width":180,"height":59,"url":"https:\/\/www.profaqua.ca\/wp-content\/uploads\/2017\/01\/logo.jpg","type":"image\/jpeg"}],"twitter_card":"summary_large_image","twitter_misc":{"Dur\u00e9e de lecture estim\u00e9e":"1 minute"},"schema":{"@context":"https:\/\/schema.org","@graph":[{"@type":"WebPage","@id":"https:\/\/www.profaqua.ca\/fr\/semaine-de-relache-vancouver-2025\/","url":"https:\/\/www.profaqua.ca\/fr\/semaine-de-relache-vancouver-2025\/","name":"Semaine de rel\u00e2che \u00e0 Vancouver - Printemps 2025 - Profaqua","isPartOf":{"@id":"https:\/\/www.profaqua.ca\/fr\/#website"},"datePublished":"2024-09-05T18:31:04+00:00","dateModified":"2024-09-05T18:37:18+00:00","description":"Ce service est offert uniquement en\u00a0Colombie-Britannique, sauf indication contraire. Le camp de jour de la semaine de rel\u00e2che de Profaqua offre une","breadcrumb":{"@id":"https:\/\/www.profaqua.ca\/fr\/semaine-de-relache-vancouver-2025\/#breadcrumb"},"inLanguage":"fr-FR","potentialAction":[{"@type":"ReadAction","target":["https:\/\/www.profaqua.ca\/fr\/semaine-de-relache-vancouver-2025\/"]}]},{"@type":"BreadcrumbList","@id":"https:\/\/www.profaqua.ca\/fr\/semaine-de-relache-vancouver-2025\/#breadcrumb","itemListElement":[{"@type":"ListItem","position":1,"name":"Home","item":"https:\/\/www.profaqua.ca\/fr\/"},{"@type":"ListItem","position":2,"name":"Semaine de rel\u00e2che \u00e0 Vancouver &#8211; Printemps 2025"}]},{"@type":"WebSite","@id":"https:\/\/www.profaqua.ca\/fr\/#website","url":"https:\/\/www.profaqua.ca\/fr\/","name":"Profaqua","description":"","potentialAction":[{"@type":"SearchAction","target":{"@type":"EntryPoint","urlTemplate":"https:\/\/www.profaqua.ca\/fr\/?s={search_term_string}"},"query-input":"required name=search_term_string"}],"inLanguage":"fr-FR"}]}},"_links":{"self":[{"href":"https:\/\/www.profaqua.ca\/fr\/wp-json\/wp\/v2\/pages\/39108"}],"collection":[{"href":"https:\/\/www.profaqua.ca\/fr\/wp-json\/wp\/v2\/pages"}],"about":[{"href":"https:\/\/www.profaqua.ca\/fr\/wp-json\/wp\/v2\/types\/page"}],"author":[{"embeddable":true,"href":"https:\/\/www.profaqua.ca\/fr\/wp-json\/wp\/v2\/users\/1"}],"replies":[{"embeddable":true,"href":"https:\/\/www.profaqua.ca\/fr\/wp-json\/wp\/v2\/comments?post=39108"}],"version-history":[{"count":6,"href":"https:\/\/www.profaqua.ca\/fr\/wp-json\/wp\/v2\/pages\/39108\/revisions"}],"predecessor-version":[{"id":39118,"href":"https:\/\/www.profaqua.ca\/fr\/wp-json\/wp\/v2\/pages\/39108\/revisions\/39118"}],"wp:attachment":[{"href":"https:\/\/www.profaqua.ca\/fr\/wp-json\/wp\/v2\/media?parent=39108"}],"curies":[{"name":"wp","href":"https:\/\/api.w.org\/{rel}","templated":true}]}}