{"id":36967,"date":"2024-08-23T19:09:30","date_gmt":"2024-08-24T00:09:30","guid":{"rendered":"https:\/\/www.profaqua.ca\/?page_id=36967"},"modified":"2024-09-06T00:20:49","modified_gmt":"2024-09-06T05:20:49","slug":"formations","status":"publish","type":"page","link":"https:\/\/www.profaqua.ca\/fr\/formations\/","title":{"rendered":"Formations"},"content":{"rendered":"<p>[vc_row][vc_column][vc_column_text]<\/p>\n<h3 style=\"text-align: center;\">Ce service est offert uniquement en <strong>Colombie-Britannique<\/strong>, sauf indication contraire.<\/h3>\n<p>[\/vc_column_text]<div class=\"boc_divider_holder\"><div class=\"boc_divider  \"  style=\"margin-top: 20px;margin-bottom: 20px;height: 1px;background: #eeeeee;\"><\/div><\/div>[\/vc_column][\/vc_row][vc_row][vc_column width=\u00a0\u00bb1\/2&Prime;]<h2 class=\"boc_heading  al_left  \"  style=\"margin-bottom: 20px;margin-top: 0px;color: #dd9933;\"><span><strong>Devoir d\u00e9velopper une d\u00e9marche pour un projet ou une animation peut rapidement nous faire sentir \u00ab\u00a0pass\u00e9 de mode\u00a0\u00bb lorsque les connaissances ne nous sont pas famili\u00e8res.<\/strong><\/span><\/h2>[vc_column_text]Que vous soyez enseignants, \u00e9ducateurs ou animateurs de camps de jour, nous pouvons vous outiller afin de monter et d\u2019animer un projet ou un atelier scientifique ou robotique.<\/p>\n<p>Avec plus de 25 ans d\u2019exp\u00e9rience, notre passion qui est de transmettre nos connaissances s\u2019est aussi dirig\u00e9e vers les professionnels de l\u2019\u00e9ducation et nous savons vous mettre en confiance dans le d\u00e9veloppement de vos projets.<\/p>\n<p>Vous avez du mat\u00e9riel scientifique ou de robotique et vous ne savez pas ce que vous pourriez en faire ou vous avez une belle \u00e9quipe \u00e0 pr\u00e9parer pour votre \u00e9t\u00e9?<\/p>\n<p>L\u2019\u00e9quipe de prof<strong>aqua,<\/strong> est sp\u00e9cialis\u00e9e en formation g\u00e9n\u00e9rale.[\/vc_column_text]<h2 class=\"boc_heading  al_left  \"  style=\"margin-bottom: 20px;margin-top: 0px;color: #dd9933;\"><span><strong>Frais<\/strong><\/span><\/h2>[vc_column_text]<\/p>\n<ul>\n<li>Formation \u00e0 l&rsquo;heure: <strong>150$ (minimum de 3 heures)<\/strong><\/li>\n<\/ul>\n<p>NOTE: \u00c7a inclut les notes de cours \u00e0 votre \u00e9quipe ![\/vc_column_text][\/vc_column][vc_column width=\u00a0\u00bb1\/2&Prime;][vc_single_image alignment=\u00a0\u00bbright\u00a0\u00bb image=\u00a0\u00bb906&Prime;]<h2 class=\"boc_heading  al_left  \"  style=\"margin-bottom: 20px;margin-top: 0px;color: #dd9933;\"><span><strong>Frais suppl\u00e9mentaires<\/strong><\/span><\/h2>[vc_column_text]<\/p>\n<ul>\n<li>Frais de d\u00e9placement: un minimum de\u00a0<strong>25$ plus 0.90 $<\/strong>\u00a0par kilom\u00e8tre entre nos bureaux et le lieu de l\u2019animation (aller-retour).<\/li>\n<li>Ajoutez les taxes (GST et PST).<\/li>\n<\/ul>\n<p>[\/vc_column_text][\/vc_column][\/vc_row][vc_row][vc_column]<a\thref=\"https:\/\/www.profaqua.ca\/fr\/nos-services\/formation\/\" \n\t\t\t\tclass=\"button btn_medium btn_orange btn_rounded btn_normal_style    \"  target='_self'><span>VOIR NOS TH\u00c9MATIQUES<\/span><\/a>[\/vc_column][\/vc_row]<\/p>\n","protected":false},"excerpt":{"rendered":"<p>[vc_row][vc_column][vc_column_text] Ce service est offert uniquement en Colombie-Britannique, sauf indication contraire. [\/vc_column_text][\/vc_column][\/vc_row][vc_row][vc_column width=\u00a0\u00bb1\/2&Prime;][vc_column_text]Que vous soyez enseignants, \u00e9ducateurs ou animateurs de camps de jour, nous pouvons vous outiller afin de monter et d\u2019animer un projet ou un atelier scientifique ou robotique. Avec plus de 25 ans d\u2019exp\u00e9rience, notre passion qui est de transmettre nos connaissances s\u2019est aussi dirig\u00e9e vers les professionnels<\/p>\n<div class=\"h10\"><\/div>\n<p><a class=\"more-link1\" href=\"https:\/\/www.profaqua.ca\/fr\/formations\/\">Voir plus<\/a><\/p>\n","protected":false},"author":9,"featured_media":0,"parent":0,"menu_order":0,"comment_status":"closed","ping_status":"closed","template":"","meta":{"footnotes":""},"acf":[],"yoast_head":"<!-- This site is optimized with the Yoast SEO plugin v20.13 - https:\/\/yoast.com\/wordpress\/plugins\/seo\/ -->\n<title>Formations - Profaqua<\/title>\n<meta name=\"description\" content=\"Ce service est offert uniquement en Colombie-Britannique, sauf indication contraire. Que vous soyez enseignants, \u00e9ducateurs ou animateurs de camps de\" \/>\n<meta name=\"robots\" content=\"index, follow, max-snippet:-1, max-image-preview:large, max-video-preview:-1\" \/>\n<link rel=\"canonical\" href=\"https:\/\/www.profaqua.ca\/fr\/formations\/\" \/>\n<meta property=\"og:locale\" content=\"fr_FR\" \/>\n<meta property=\"og:type\" content=\"article\" \/>\n<meta property=\"og:title\" content=\"Formations - Profaqua\" \/>\n<meta property=\"og:description\" content=\"Ce service est offert uniquement en Colombie-Britannique, sauf indication contraire. Que vous soyez enseignants, \u00e9ducateurs ou animateurs de camps de\" \/>\n<meta property=\"og:url\" content=\"https:\/\/www.profaqua.ca\/fr\/formations\/\" \/>\n<meta property=\"og:site_name\" content=\"Profaqua\" \/>\n<meta property=\"article:publisher\" content=\"https:\/\/www.facebook.com\/profaqua\/\" \/>\n<meta property=\"article:modified_time\" content=\"2024-09-06T05:20:49+00:00\" \/>\n<meta property=\"og:image\" content=\"https:\/\/www.profaqua.ca\/wp-content\/uploads\/2017\/01\/logo.jpg\" \/>\n\t<meta property=\"og:image:width\" content=\"180\" \/>\n\t<meta property=\"og:image:height\" content=\"59\" \/>\n\t<meta property=\"og:image:type\" content=\"image\/jpeg\" \/>\n<meta name=\"twitter:card\" content=\"summary_large_image\" \/>\n<meta name=\"twitter:label1\" content=\"Dur\u00e9e de lecture estim\u00e9e\" \/>\n\t<meta name=\"twitter:data1\" content=\"2 minutes\" \/>\n<script type=\"application\/ld+json\" class=\"yoast-schema-graph\">{\"@context\":\"https:\/\/schema.org\",\"@graph\":[{\"@type\":\"WebPage\",\"@id\":\"https:\/\/www.profaqua.ca\/fr\/formations\/\",\"url\":\"https:\/\/www.profaqua.ca\/fr\/formations\/\",\"name\":\"Formations - Profaqua\",\"isPartOf\":{\"@id\":\"https:\/\/www.profaqua.ca\/fr\/#website\"},\"datePublished\":\"2024-08-24T00:09:30+00:00\",\"dateModified\":\"2024-09-06T05:20:49+00:00\",\"description\":\"Ce service est offert uniquement en Colombie-Britannique, sauf indication contraire. Que vous soyez enseignants, \u00e9ducateurs ou animateurs de camps de\",\"breadcrumb\":{\"@id\":\"https:\/\/www.profaqua.ca\/fr\/formations\/#breadcrumb\"},\"inLanguage\":\"fr-FR\",\"potentialAction\":[{\"@type\":\"ReadAction\",\"target\":[\"https:\/\/www.profaqua.ca\/fr\/formations\/\"]}]},{\"@type\":\"BreadcrumbList\",\"@id\":\"https:\/\/www.profaqua.ca\/fr\/formations\/#breadcrumb\",\"itemListElement\":[{\"@type\":\"ListItem\",\"position\":1,\"name\":\"Home\",\"item\":\"https:\/\/www.profaqua.ca\/fr\/\"},{\"@type\":\"ListItem\",\"position\":2,\"name\":\"Formations\"}]},{\"@type\":\"WebSite\",\"@id\":\"https:\/\/www.profaqua.ca\/fr\/#website\",\"url\":\"https:\/\/www.profaqua.ca\/fr\/\",\"name\":\"Profaqua\",\"description\":\"\",\"potentialAction\":[{\"@type\":\"SearchAction\",\"target\":{\"@type\":\"EntryPoint\",\"urlTemplate\":\"https:\/\/www.profaqua.ca\/fr\/?s={search_term_string}\"},\"query-input\":\"required name=search_term_string\"}],\"inLanguage\":\"fr-FR\"}]}<\/script>\n<!-- \/ Yoast SEO plugin. -->","yoast_head_json":{"title":"Formations - Profaqua","description":"Ce service est offert uniquement en Colombie-Britannique, sauf indication contraire. Que vous soyez enseignants, \u00e9ducateurs ou animateurs de camps de","robots":{"index":"index","follow":"follow","max-snippet":"max-snippet:-1","max-image-preview":"max-image-preview:large","max-video-preview":"max-video-preview:-1"},"canonical":"https:\/\/www.profaqua.ca\/fr\/formations\/","og_locale":"fr_FR","og_type":"article","og_title":"Formations - Profaqua","og_description":"Ce service est offert uniquement en Colombie-Britannique, sauf indication contraire. Que vous soyez enseignants, \u00e9ducateurs ou animateurs de camps de","og_url":"https:\/\/www.profaqua.ca\/fr\/formations\/","og_site_name":"Profaqua","article_publisher":"https:\/\/www.facebook.com\/profaqua\/","article_modified_time":"2024-09-06T05:20:49+00:00","og_image":[{"width":180,"height":59,"url":"https:\/\/www.profaqua.ca\/wp-content\/uploads\/2017\/01\/logo.jpg","type":"image\/jpeg"}],"twitter_card":"summary_large_image","twitter_misc":{"Dur\u00e9e de lecture estim\u00e9e":"2 minutes"},"schema":{"@context":"https:\/\/schema.org","@graph":[{"@type":"WebPage","@id":"https:\/\/www.profaqua.ca\/fr\/formations\/","url":"https:\/\/www.profaqua.ca\/fr\/formations\/","name":"Formations - Profaqua","isPartOf":{"@id":"https:\/\/www.profaqua.ca\/fr\/#website"},"datePublished":"2024-08-24T00:09:30+00:00","dateModified":"2024-09-06T05:20:49+00:00","description":"Ce service est offert uniquement en Colombie-Britannique, sauf indication contraire. Que vous soyez enseignants, \u00e9ducateurs ou animateurs de camps de","breadcrumb":{"@id":"https:\/\/www.profaqua.ca\/fr\/formations\/#breadcrumb"},"inLanguage":"fr-FR","potentialAction":[{"@type":"ReadAction","target":["https:\/\/www.profaqua.ca\/fr\/formations\/"]}]},{"@type":"BreadcrumbList","@id":"https:\/\/www.profaqua.ca\/fr\/formations\/#breadcrumb","itemListElement":[{"@type":"ListItem","position":1,"name":"Home","item":"https:\/\/www.profaqua.ca\/fr\/"},{"@type":"ListItem","position":2,"name":"Formations"}]},{"@type":"WebSite","@id":"https:\/\/www.profaqua.ca\/fr\/#website","url":"https:\/\/www.profaqua.ca\/fr\/","name":"Profaqua","description":"","potentialAction":[{"@type":"SearchAction","target":{"@type":"EntryPoint","urlTemplate":"https:\/\/www.profaqua.ca\/fr\/?s={search_term_string}"},"query-input":"required name=search_term_string"}],"inLanguage":"fr-FR"}]}},"_links":{"self":[{"href":"https:\/\/www.profaqua.ca\/fr\/wp-json\/wp\/v2\/pages\/36967"}],"collection":[{"href":"https:\/\/www.profaqua.ca\/fr\/wp-json\/wp\/v2\/pages"}],"about":[{"href":"https:\/\/www.profaqua.ca\/fr\/wp-json\/wp\/v2\/types\/page"}],"author":[{"embeddable":true,"href":"https:\/\/www.profaqua.ca\/fr\/wp-json\/wp\/v2\/users\/9"}],"replies":[{"embeddable":true,"href":"https:\/\/www.profaqua.ca\/fr\/wp-json\/wp\/v2\/comments?post=36967"}],"version-history":[{"count":13,"href":"https:\/\/www.profaqua.ca\/fr\/wp-json\/wp\/v2\/pages\/36967\/revisions"}],"predecessor-version":[{"id":39205,"href":"https:\/\/www.profaqua.ca\/fr\/wp-json\/wp\/v2\/pages\/36967\/revisions\/39205"}],"wp:attachment":[{"href":"https:\/\/www.profaqua.ca\/fr\/wp-json\/wp\/v2\/media?parent=36967"}],"curies":[{"name":"wp","href":"https:\/\/api.w.org\/{rel}","templated":true}]}}