{"id":36816,"date":"2024-08-17T15:06:42","date_gmt":"2024-08-17T20:06:42","guid":{"rendered":"https:\/\/www.profaqua.ca\/?page_id=36816"},"modified":"2024-09-06T00:15:33","modified_gmt":"2024-09-06T05:15:33","slug":"atelier-parascolaire","status":"publish","type":"page","link":"https:\/\/www.profaqua.ca\/fr\/nos-services\/atelier-parascolaire\/","title":{"rendered":"Ateliers en parascolaire"},"content":{"rendered":"<p>[vc_row][vc_column][vc_column_text]<\/p>\n<h3 style=\"text-align: center;\">Ce service est offert uniquement en <strong>Colombie-Britannique<\/strong>, sauf indication contraire.<\/h3>\n<p>[\/vc_column_text]<div class=\"boc_divider_holder\"><div class=\"boc_divider  \"  style=\"margin-top: 20px;margin-bottom: 20px;height: 1px;background: #eeeeee;\"><\/div><\/div>[\/vc_column][\/vc_row][vc_row][vc_column width=\u00a0\u00bb1\/2&Prime; css=\u00a0\u00bb.vc_custom_1485967912254{background-image: url(https:\/\/www.profaqua.ca\/wp-content\/uploads\/2017\/02\/pattern-header.png?id=201) !important;}\u00a0\u00bb]<h2 class=\"boc_heading  al_left  \"  style=\"margin-bottom: 20px;margin-top: 0px;color: #dd9933;\"><span><strong>ATELIER PARASCOLAIRE EN SCIENCE ET ROBOTIQUE<\/strong><\/span><\/h2>[vc_column_text]<strong>Quoi de mieux pour cela que d\u2019avoir des activit\u00e9s interactives et dynamiques apr\u00e8s les cours!<\/strong><\/p>\n<p>60 minutes de connaissances scientifiques seront transmises aux jeunes et des assistants v\u00eatus de leur sarrau aideront l\u2019animateur \u00e0 faire des d\u00e9monstrations avant de faire relever des d\u00e9fis \u00e0 l\u2019ensemble du groupe. Avec toute la manipulation de mat\u00e9riel scientifique et robotique, ils ne verront pas le temps passer![\/vc_column_text]<h2 class=\"boc_heading  al_left  \"  style=\"margin-bottom: 20px;margin-top: 0px;color: #dd9933;\"><span><strong>Informations importantes<\/strong><\/span><\/h2>[vc_column_text]<\/p>\n<ul>\n<li data-leveltext=\"\uf0b7\" data-font=\"Symbol\" data-listid=\"1\" data-list-defn-props=\"{&quot;335552541&quot;:1,&quot;335559683&quot;:0,&quot;335559684&quot;:-2,&quot;335559685&quot;:720,&quot;335559991&quot;:360,&quot;469769226&quot;:&quot;Symbol&quot;,&quot;469769242&quot;:[8226],&quot;469777803&quot;:&quot;left&quot;,&quot;469777804&quot;:&quot;\uf0b7&quot;,&quot;469777815&quot;:&quot;hybridMultilevel&quot;}\" aria-setsize=\"-1\" data-aria-posinset=\"5\" data-aria-level=\"1\">Le prix du service sera d\u00e9termin\u00e9 par le nombre d\u2019ateliers et\/ou le nombre total d\u2019heures demand\u00e9es.<\/li>\n<li data-leveltext=\"\uf0b7\" data-font=\"Symbol\" data-listid=\"1\" data-list-defn-props=\"{&quot;335552541&quot;:1,&quot;335559683&quot;:0,&quot;335559684&quot;:-2,&quot;335559685&quot;:720,&quot;335559991&quot;:360,&quot;469769226&quot;:&quot;Symbol&quot;,&quot;469769242&quot;:[8226],&quot;469777803&quot;:&quot;left&quot;,&quot;469777804&quot;:&quot;\uf0b7&quot;,&quot;469777815&quot;:&quot;hybridMultilevel&quot;}\" aria-setsize=\"-1\" data-aria-posinset=\"7\" data-aria-level=\"1\"><span data-contrast=\"none\">Minimum <strong>18 jeunes<\/strong> \/ Maximum <strong>25 jeunes<\/strong> par groupe en science.<\/span><span data-ccp-props=\"{&quot;201341983&quot;:0,&quot;335551550&quot;:1,&quot;335551620&quot;:1,&quot;335559739&quot;:160,&quot;335559740&quot;:259}\">\u00a0<\/span><\/li>\n<li data-leveltext=\"\uf0b7\" data-font=\"Symbol\" data-listid=\"1\" data-list-defn-props=\"{&quot;335552541&quot;:1,&quot;335559683&quot;:0,&quot;335559684&quot;:-2,&quot;335559685&quot;:720,&quot;335559991&quot;:360,&quot;469769226&quot;:&quot;Symbol&quot;,&quot;469769242&quot;:[8226],&quot;469777803&quot;:&quot;left&quot;,&quot;469777804&quot;:&quot;\uf0b7&quot;,&quot;469777815&quot;:&quot;hybridMultilevel&quot;}\" aria-setsize=\"-1\" data-aria-posinset=\"8\" data-aria-level=\"1\"><span data-contrast=\"none\">Minimum <strong>14 jeunes<\/strong> \/ Maximum <strong>20 jeunes<\/strong> par groupe en robotique.<\/span><span data-ccp-props=\"{&quot;201341983&quot;:0,&quot;335551550&quot;:1,&quot;335551620&quot;:1,&quot;335559739&quot;:160,&quot;335559740&quot;:259}\">\u00a0<\/span><\/li>\n<li data-leveltext=\"\uf0b7\" data-font=\"Symbol\" data-listid=\"1\" data-list-defn-props=\"{&quot;335552541&quot;:1,&quot;335559683&quot;:0,&quot;335559684&quot;:-2,&quot;335559685&quot;:720,&quot;335559991&quot;:360,&quot;469769226&quot;:&quot;Symbol&quot;,&quot;469769242&quot;:[8226],&quot;469777803&quot;:&quot;left&quot;,&quot;469777804&quot;:&quot;\uf0b7&quot;,&quot;469777815&quot;:&quot;hybridMultilevel&quot;}\" aria-setsize=\"-1\" data-aria-posinset=\"11\" data-aria-level=\"1\"><span data-contrast=\"none\">Pour la robotique, Prof<\/span><b><span data-contrast=\"none\">aqua<\/span><\/b><span data-contrast=\"none\"> s\u2019occupe de fournir les 7 tablettes iPad et les 6 robots: Robot d\u2019\u00c9ducation WeDo 2.0 de LEGO\u00ae ou EV3 de LEGO\u00ae ou SPIKE de LEGO\u00ae ou KUBO\u00ae Coding ou Scratch ou Arduino.<\/span><span data-ccp-props=\"{&quot;201341983&quot;:0,&quot;335551550&quot;:1,&quot;335551620&quot;:1,&quot;335559739&quot;:160,&quot;335559740&quot;:259}\">\u00a0<\/span><\/li>\n<li data-leveltext=\"\uf0b7\" data-font=\"Symbol\" data-listid=\"1\" data-list-defn-props=\"{&quot;335552541&quot;:1,&quot;335559683&quot;:0,&quot;335559684&quot;:-2,&quot;335559685&quot;:720,&quot;335559991&quot;:360,&quot;469769226&quot;:&quot;Symbol&quot;,&quot;469769242&quot;:[8226],&quot;469777803&quot;:&quot;left&quot;,&quot;469777804&quot;:&quot;\uf0b7&quot;,&quot;469777815&quot;:&quot;hybridMultilevel&quot;}\" aria-setsize=\"-1\" data-aria-posinset=\"13\" data-aria-level=\"1\"><span data-contrast=\"none\">Prof<\/span><b><span data-contrast=\"none\">aqua<\/span><\/b><span data-contrast=\"none\">\u00a0s\u2019occupe de fournir un Apple TV pour votre TBI\/TNI en robotique.<\/span><span data-ccp-props=\"{&quot;201341983&quot;:0,&quot;335551550&quot;:1,&quot;335551620&quot;:1,&quot;335559739&quot;:160,&quot;335559740&quot;:259}\">\u00a0<\/span><\/li>\n<li data-leveltext=\"\uf0b7\" data-font=\"Symbol\" data-listid=\"1\" data-list-defn-props=\"{&quot;335552541&quot;:1,&quot;335559683&quot;:0,&quot;335559684&quot;:-2,&quot;335559685&quot;:720,&quot;335559991&quot;:360,&quot;469769226&quot;:&quot;Symbol&quot;,&quot;469769242&quot;:[8226],&quot;469777803&quot;:&quot;left&quot;,&quot;469777804&quot;:&quot;\uf0b7&quot;,&quot;469777815&quot;:&quot;hybridMultilevel&quot;}\" aria-setsize=\"-1\" data-aria-posinset=\"14\" data-aria-level=\"1\"><span data-contrast=\"none\">Prof<\/span><b><span data-contrast=\"none\">aqua<\/span><\/b><span data-contrast=\"none\">\u00a0s\u2019occupe de fournir les tapis d\u2019activit\u00e9 en robotique.<\/span><span data-ccp-props=\"{&quot;201341983&quot;:0,&quot;335551550&quot;:1,&quot;335551620&quot;:1,&quot;335559739&quot;:160,&quot;335559740&quot;:259}\">\u00a0<\/span><\/li>\n<\/ul>\n<p>[\/vc_column_text]<h2 class=\"boc_heading  al_left  \"  style=\"margin-bottom: 20px;margin-top: 0px;color: #dd9933;\"><span><strong>Nos besoins<\/strong><\/span><\/h2>[vc_column_text]<\/p>\n<ul>\n<li>L\u2019acc\u00e8s \u00e0 des prises de courant est n\u00e9cessaire.<\/li>\n<li>Un \u00e9vier doit \u00eatre disponible \u00e0 proximit\u00e9 des locaux o\u00f9 s\u2019effectuent les ateliers de sciences.<\/li>\n<li>L\u2019acc\u00e8s \u00e0 un TBI\/TNI est n\u00e9cessaire dans le local o\u00f9 se d\u00e9roulera les ateliers de robotiques.<\/li>\n<li>Un espace d\u00e9gag\u00e9 est n\u00e9cessaire pour les d\u00e9monstrations en fin de cours pour la robotique.<\/li>\n<\/ul>\n<p>[\/vc_column_text]<h2 class=\"boc_heading  al_left  \"  style=\"margin-bottom: 20px;margin-top: 0px;color: #dd9933;\"><span><strong>Frais pour le parascolaire en sciences ou robotiques<\/strong><\/span><\/h2>[vc_column_text]<\/p>\n<ul>\n<li>6 semaines: <strong>1800$<\/strong> (\u00c0 partir de <strong>72$<\/strong> par enfant)<\/li>\n<li>8 semaines: <strong>2400$<\/strong> (\u00c0 partir de <strong>96$<\/strong> par enfant)<\/li>\n<li>10 semaines: <strong>3000$ <\/strong>(\u00c0 partir de <strong>120$<\/strong> par enfant)<\/li>\n<li>12 semaines: <strong>3500$ <\/strong>(\u00c0 partir de <strong>140$<\/strong> par enfant)<\/li>\n<\/ul>\n<p>[\/vc_column_text]<h2 class=\"boc_heading  al_left  \"  style=\"margin-bottom: 20px;margin-top: 0px;color: #dd9933;\"><span><strong>Frais suppl\u00e9mentaires<\/strong><\/span><\/h2>[vc_column_text]<\/p>\n<ul>\n<li>Frais de d\u00e9placement: un minimum de\u00a0<strong>25$ plus 0.90 $<\/strong>\u00a0par kilom\u00e8tre entre nos bureaux et le lieu de l\u2019animation (aller-retour).<\/li>\n<li>Frais suppl\u00e9mentaires sur les produits p\u00e9rissables, qui peuvent s\u2019appliquer sur quelques ateliers. L\u2019information se retrouvera sur le produit choisi.<\/li>\n<li>Ajoutez les taxes (GST et PST)<\/li>\n<\/ul>\n<p>[\/vc_column_text]<a\thref=\"https:\/\/www.profaqua.ca\/fr\/catalogue\/ateliers\/?swoof=1&#038;pa_type-de-service=atelier-parascolaire&#038;really_curr_tax=62-product_cat\" \n\t\t\t\tclass=\"button btn_medium btn_orange btn_rounded btn_normal_style    \"  target='_self'><span>VOIR NOS ATELIERS SCIENTIFIQUES<\/span><\/a><div class=\"boc_spacing \" style=\"height: 20px\"><\/div><a\thref=\"https:\/\/www.profaqua.ca\/fr\/catalogue\/projets\/?swoof=1&#038;pa_type-de-service=atelier-parascolaire&#038;really_curr_tax=63-product_cat\" \n\t\t\t\tclass=\"button btn_medium btn_orange btn_rounded btn_normal_style    \"  target='_self'><span>VOIR NOS ATELIERS DE ROBOTIQUES<\/span><\/a>[\/vc_column][vc_column width=\u00a0\u00bb1\/2&Prime;][vc_single_image alignment=\u00a0\u00bbright\u00a0\u00bb image=\u00a0\u00bb896&Prime;]<h2 class=\"boc_heading  al_left  \"  style=\"margin-bottom: 20px;margin-top: 0px;color: #dd9933;\"><span><strong>Pour r\u00e9server des ateliers parascolaire contactez-nous.<strong><\/span><\/h2>\n<div class=\"wpcf7 no-js\" id=\"wpcf7-f33457-o1\" lang=\"en-US\" dir=\"ltr\">\n<div class=\"screen-reader-response\"><p role=\"status\" aria-live=\"polite\" aria-atomic=\"true\"><\/p> <ul><\/ul><\/div>\n<form action=\"\/fr\/wp-json\/wp\/v2\/pages\/36816#wpcf7-f33457-o1\" method=\"post\" class=\"wpcf7-form init\" aria-label=\"Contact form\" novalidate=\"novalidate\" data-status=\"init\">\n<div style=\"display: none;\">\n<input type=\"hidden\" name=\"_wpcf7\" value=\"33457\" \/>\n<input type=\"hidden\" name=\"_wpcf7_version\" value=\"5.8\" \/>\n<input type=\"hidden\" name=\"_wpcf7_locale\" value=\"en_US\" \/>\n<input type=\"hidden\" name=\"_wpcf7_unit_tag\" value=\"wpcf7-f33457-o1\" \/>\n<input type=\"hidden\" name=\"_wpcf7_container_post\" value=\"0\" \/>\n<input type=\"hidden\" name=\"_wpcf7_posted_data_hash\" value=\"\" \/>\n<\/div>\n<p><label> Pr\u00e9nom et Nom *<br \/>\n<span class=\"wpcf7-form-control-wrap\" data-name=\"your-name\"><input size=\"40\" class=\"wpcf7-form-control wpcf7-text wpcf7-validates-as-required\" aria-required=\"true\" aria-invalid=\"false\" value=\"\" type=\"text\" name=\"your-name\" \/><\/span> <\/label>\n<\/p>\n<p><label> Courriel *<br \/>\n<span class=\"wpcf7-form-control-wrap\" data-name=\"your-email\"><input size=\"40\" class=\"wpcf7-form-control wpcf7-email wpcf7-validates-as-required wpcf7-text wpcf7-validates-as-email\" aria-required=\"true\" aria-invalid=\"false\" value=\"\" type=\"email\" name=\"your-email\" \/><\/span> <\/label>\n<\/p>\n<p><label> T\u00e9l\u00e9phone<br \/>\n<span class=\"wpcf7-form-control-wrap\" data-name=\"phone\"><input size=\"40\" class=\"wpcf7-form-control wpcf7-text\" aria-invalid=\"false\" value=\"\" type=\"text\" name=\"phone\" \/><\/span> <\/label>\n<\/p>\n<p><label> Nom de l'\u00e9cole (non celui de la commission scolaire) *<br \/>\n<span class=\"wpcf7-form-control-wrap\" data-name=\"ecole\"><input size=\"40\" class=\"wpcf7-form-control wpcf7-text wpcf7-validates-as-required\" aria-required=\"true\" aria-invalid=\"false\" value=\"\" type=\"text\" name=\"ecole\" \/><\/span> <\/label>\n<\/p>\n<p><label> Code postal *<br \/>\n<span class=\"wpcf7-form-control-wrap\" data-name=\"code-p\"><input size=\"40\" class=\"wpcf7-form-control wpcf7-text wpcf7-validates-as-required\" aria-required=\"true\" aria-invalid=\"false\" value=\"\" type=\"text\" name=\"code-p\" \/><\/span> <\/label>\n<\/p>\n<p><label> Sujet sciences ou robotique *<br \/>\n<span class=\"wpcf7-form-control-wrap\" data-name=\"science-robo\"><select class=\"wpcf7-form-control wpcf7-select wpcf7-validates-as-required\" aria-required=\"true\" aria-invalid=\"false\" name=\"science-robo\"><option value=\"Sciences\">Sciences<\/option><option value=\"Robotique\">Robotique<\/option><\/select><\/span><\/label>\n<\/p>\n<p><label> Date de d\u00e9but *<br \/>\n<span class=\"wpcf7-form-control-wrap\" data-name=\"start-date\"><input size=\"40\" class=\"wpcf7-form-control wpcf7-text wpcf7-validates-as-required\" aria-required=\"true\" aria-invalid=\"false\" value=\"\" type=\"text\" name=\"start-date\" \/><\/span> <\/label>\n<\/p>\n<p><label> Combien de semaines *<br \/>\n<span class=\"wpcf7-form-control-wrap\" data-name=\"semaines\"><select class=\"wpcf7-form-control wpcf7-select wpcf7-validates-as-required\" aria-required=\"true\" aria-invalid=\"false\" name=\"semaines\"><option value=\"6 semaines\">6 semaines<\/option><option value=\"8 semaines\">8 semaines<\/option><option value=\"10 semaines\">10 semaines<\/option><option value=\"12 semaines\">12 semaines<\/option><\/select><\/span> <\/label>\n<\/p>\n<p><label> Groupe(s) d'\u00e2ge attendu(s) *<br \/>\n<span class=\"wpcf7-form-control-wrap\" data-name=\"ages\"><select class=\"wpcf7-form-control wpcf7-select wpcf7-validates-as-required\" aria-required=\"true\" aria-invalid=\"false\" multiple=\"multiple\" name=\"ages[]\"><option value=\"Multi-\u00e2ge\">Multi-\u00e2ge<\/option><option value=\"Pr\u00e9scolaire\">Pr\u00e9scolaire<\/option><option value=\"Primaire: 1e cycle\">Primaire: 1e cycle<\/option><option value=\"Primaire: 2e cycle\">Primaire: 2e cycle<\/option><option value=\"Primaire: 3e cycle\">Primaire: 3e cycle<\/option><option value=\"Secondaire: 1e cycle\">Secondaire: 1e cycle<\/option><\/select><\/span><\/label>\n<\/p>\n<p><label> Nombre d'enfants attendu *<br \/>\n<span class=\"wpcf7-form-control-wrap\" data-name=\"number-240\"><input class=\"wpcf7-form-control wpcf7-number wpcf7-validates-as-required wpcf7-validates-as-number\" min=\"12\" aria-required=\"true\" aria-invalid=\"false\" value=\"12\" type=\"number\" name=\"number-240\" \/><\/span><\/label>\n<\/p>\n<p><label> Espace disponible (salles de classe, caf\u00e9t\u00e9ria, gymnase, etc.)<br \/>\n<span class=\"wpcf7-form-control-wrap\" data-name=\"espace\"><input size=\"40\" class=\"wpcf7-form-control wpcf7-text\" aria-invalid=\"false\" value=\"\" type=\"text\" name=\"espace\" \/><\/span><\/label>\n<\/p>\n<p><label>Horaire (d\u00e9jeuner, apr\u00e8s l'\u00e9cole, jour de la semaine sp\u00e9cifique, etc.) *<br \/>\n<span class=\"wpcf7-form-control-wrap\" data-name=\"horaire\"><input size=\"40\" class=\"wpcf7-form-control wpcf7-text wpcf7-validates-as-required\" aria-required=\"true\" aria-invalid=\"false\" value=\"\" type=\"text\" name=\"horaire\" \/><\/span><\/label>\n<\/p>\n<p><label> Autres informations*<br \/>\n<span class=\"wpcf7-form-control-wrap\" data-name=\"your-message\"><textarea cols=\"40\" rows=\"10\" class=\"wpcf7-form-control wpcf7-textarea wpcf7-validates-as-required\" aria-required=\"true\" aria-invalid=\"false\" name=\"your-message\"><\/textarea><\/span> <\/label>\n<\/p>\n<p><input class=\"wpcf7-form-control wpcf7-submit has-spinner\" type=\"submit\" value=\"Envoyer\" \/>\n<\/p><div class=\"inv-recaptcha-holder\"><\/div><div class=\"wpcf7-response-output\" aria-hidden=\"true\"><\/div>\n<\/form>\n<\/div>\n[\/vc_column][\/vc_row][vc_row][vc_column][vc_column_text]<\/strong><\/strong>[\/vc_column_text][\/vc_column][\/vc_row]<\/p>\n","protected":false},"excerpt":{"rendered":"<p>[vc_row][vc_column][vc_column_text] Ce service est offert uniquement en Colombie-Britannique, sauf indication contraire. [\/vc_column_text][\/vc_column][\/vc_row][vc_row][vc_column width=\u00a0\u00bb1\/2&Prime; css=\u00a0\u00bb.vc_custom_1485967912254{background-image: url(https:\/\/www.profaqua.ca\/wp-content\/uploads\/2017\/02\/pattern-header.png?id=201) !important;}\u00a0\u00bb][vc_column_text]Quoi de mieux pour cela que d\u2019avoir des activit\u00e9s interactives et dynamiques apr\u00e8s les cours! 60 minutes de connaissances scientifiques seront transmises aux jeunes et des assistants v\u00eatus de leur sarrau aideront l\u2019animateur \u00e0 faire des d\u00e9monstrations avant de faire relever des d\u00e9fis \u00e0 l\u2019ensemble<\/p>\n<div class=\"h10\"><\/div>\n<p><a class=\"more-link1\" href=\"https:\/\/www.profaqua.ca\/fr\/nos-services\/atelier-parascolaire\/\">Read more<\/a><\/p>\n","protected":false},"author":1,"featured_media":0,"parent":423,"menu_order":0,"comment_status":"closed","ping_status":"closed","template":"","meta":{"footnotes":""},"acf":[],"yoast_head":"<!-- This site is optimized with the Yoast SEO plugin v20.13 - https:\/\/yoast.com\/wordpress\/plugins\/seo\/ -->\n<title>Ateliers en parascolaire - Profaqua<\/title>\n<meta name=\"description\" content=\"Ce service est offert uniquement en Colombie-Britannique, sauf indication contraire. Quoi de mieux pour cela que d\u2019avoir des activit\u00e9s interactives et\" \/>\n<meta name=\"robots\" content=\"index, follow, max-snippet:-1, max-image-preview:large, max-video-preview:-1\" \/>\n<link rel=\"canonical\" href=\"https:\/\/www.profaqua.ca\/fr\/nos-services\/atelier-parascolaire\/\" \/>\n<meta property=\"og:locale\" content=\"fr_FR\" \/>\n<meta property=\"og:type\" content=\"article\" \/>\n<meta property=\"og:title\" content=\"Ateliers en parascolaire - Profaqua\" \/>\n<meta property=\"og:description\" content=\"Ce service est offert uniquement en Colombie-Britannique, sauf indication contraire. Quoi de mieux pour cela que d\u2019avoir des activit\u00e9s interactives et\" \/>\n<meta property=\"og:url\" content=\"https:\/\/www.profaqua.ca\/fr\/nos-services\/atelier-parascolaire\/\" \/>\n<meta property=\"og:site_name\" content=\"Profaqua\" \/>\n<meta property=\"article:publisher\" content=\"https:\/\/www.facebook.com\/profaqua\/\" \/>\n<meta property=\"article:modified_time\" content=\"2024-09-06T05:15:33+00:00\" \/>\n<meta property=\"og:image\" content=\"https:\/\/www.profaqua.ca\/wp-content\/uploads\/2017\/01\/logo.jpg\" \/>\n\t<meta property=\"og:image:width\" content=\"180\" \/>\n\t<meta property=\"og:image:height\" content=\"59\" \/>\n\t<meta property=\"og:image:type\" content=\"image\/jpeg\" \/>\n<meta name=\"twitter:card\" content=\"summary_large_image\" \/>\n<meta name=\"twitter:label1\" content=\"Dur\u00e9e de lecture estim\u00e9e\" \/>\n\t<meta name=\"twitter:data1\" content=\"2 minutes\" \/>\n<script type=\"application\/ld+json\" class=\"yoast-schema-graph\">{\"@context\":\"https:\/\/schema.org\",\"@graph\":[{\"@type\":\"WebPage\",\"@id\":\"https:\/\/www.profaqua.ca\/fr\/nos-services\/atelier-parascolaire\/\",\"url\":\"https:\/\/www.profaqua.ca\/fr\/nos-services\/atelier-parascolaire\/\",\"name\":\"Ateliers en parascolaire - Profaqua\",\"isPartOf\":{\"@id\":\"https:\/\/www.profaqua.ca\/fr\/#website\"},\"datePublished\":\"2024-08-17T20:06:42+00:00\",\"dateModified\":\"2024-09-06T05:15:33+00:00\",\"description\":\"Ce service est offert uniquement en Colombie-Britannique, sauf indication contraire. Quoi de mieux pour cela que d\u2019avoir des activit\u00e9s interactives et\",\"breadcrumb\":{\"@id\":\"https:\/\/www.profaqua.ca\/fr\/nos-services\/atelier-parascolaire\/#breadcrumb\"},\"inLanguage\":\"fr-FR\",\"potentialAction\":[{\"@type\":\"ReadAction\",\"target\":[\"https:\/\/www.profaqua.ca\/fr\/nos-services\/atelier-parascolaire\/\"]}]},{\"@type\":\"BreadcrumbList\",\"@id\":\"https:\/\/www.profaqua.ca\/fr\/nos-services\/atelier-parascolaire\/#breadcrumb\",\"itemListElement\":[{\"@type\":\"ListItem\",\"position\":1,\"name\":\"Home\",\"item\":\"https:\/\/www.profaqua.ca\/fr\/\"},{\"@type\":\"ListItem\",\"position\":2,\"name\":\"Nos services\",\"item\":\"https:\/\/www.profaqua.ca\/fr\/nos-services\/\"},{\"@type\":\"ListItem\",\"position\":3,\"name\":\"Ateliers en parascolaire\"}]},{\"@type\":\"WebSite\",\"@id\":\"https:\/\/www.profaqua.ca\/fr\/#website\",\"url\":\"https:\/\/www.profaqua.ca\/fr\/\",\"name\":\"Profaqua\",\"description\":\"\",\"potentialAction\":[{\"@type\":\"SearchAction\",\"target\":{\"@type\":\"EntryPoint\",\"urlTemplate\":\"https:\/\/www.profaqua.ca\/fr\/?s={search_term_string}\"},\"query-input\":\"required name=search_term_string\"}],\"inLanguage\":\"fr-FR\"}]}<\/script>\n<!-- \/ Yoast SEO plugin. -->","yoast_head_json":{"title":"Ateliers en parascolaire - Profaqua","description":"Ce service est offert uniquement en Colombie-Britannique, sauf indication contraire. Quoi de mieux pour cela que d\u2019avoir des activit\u00e9s interactives et","robots":{"index":"index","follow":"follow","max-snippet":"max-snippet:-1","max-image-preview":"max-image-preview:large","max-video-preview":"max-video-preview:-1"},"canonical":"https:\/\/www.profaqua.ca\/fr\/nos-services\/atelier-parascolaire\/","og_locale":"fr_FR","og_type":"article","og_title":"Ateliers en parascolaire - Profaqua","og_description":"Ce service est offert uniquement en Colombie-Britannique, sauf indication contraire. Quoi de mieux pour cela que d\u2019avoir des activit\u00e9s interactives et","og_url":"https:\/\/www.profaqua.ca\/fr\/nos-services\/atelier-parascolaire\/","og_site_name":"Profaqua","article_publisher":"https:\/\/www.facebook.com\/profaqua\/","article_modified_time":"2024-09-06T05:15:33+00:00","og_image":[{"width":180,"height":59,"url":"https:\/\/www.profaqua.ca\/wp-content\/uploads\/2017\/01\/logo.jpg","type":"image\/jpeg"}],"twitter_card":"summary_large_image","twitter_misc":{"Dur\u00e9e de lecture estim\u00e9e":"2 minutes"},"schema":{"@context":"https:\/\/schema.org","@graph":[{"@type":"WebPage","@id":"https:\/\/www.profaqua.ca\/fr\/nos-services\/atelier-parascolaire\/","url":"https:\/\/www.profaqua.ca\/fr\/nos-services\/atelier-parascolaire\/","name":"Ateliers en parascolaire - Profaqua","isPartOf":{"@id":"https:\/\/www.profaqua.ca\/fr\/#website"},"datePublished":"2024-08-17T20:06:42+00:00","dateModified":"2024-09-06T05:15:33+00:00","description":"Ce service est offert uniquement en Colombie-Britannique, sauf indication contraire. Quoi de mieux pour cela que d\u2019avoir des activit\u00e9s interactives et","breadcrumb":{"@id":"https:\/\/www.profaqua.ca\/fr\/nos-services\/atelier-parascolaire\/#breadcrumb"},"inLanguage":"fr-FR","potentialAction":[{"@type":"ReadAction","target":["https:\/\/www.profaqua.ca\/fr\/nos-services\/atelier-parascolaire\/"]}]},{"@type":"BreadcrumbList","@id":"https:\/\/www.profaqua.ca\/fr\/nos-services\/atelier-parascolaire\/#breadcrumb","itemListElement":[{"@type":"ListItem","position":1,"name":"Home","item":"https:\/\/www.profaqua.ca\/fr\/"},{"@type":"ListItem","position":2,"name":"Nos services","item":"https:\/\/www.profaqua.ca\/fr\/nos-services\/"},{"@type":"ListItem","position":3,"name":"Ateliers en parascolaire"}]},{"@type":"WebSite","@id":"https:\/\/www.profaqua.ca\/fr\/#website","url":"https:\/\/www.profaqua.ca\/fr\/","name":"Profaqua","description":"","potentialAction":[{"@type":"SearchAction","target":{"@type":"EntryPoint","urlTemplate":"https:\/\/www.profaqua.ca\/fr\/?s={search_term_string}"},"query-input":"required name=search_term_string"}],"inLanguage":"fr-FR"}]}},"_links":{"self":[{"href":"https:\/\/www.profaqua.ca\/fr\/wp-json\/wp\/v2\/pages\/36816"}],"collection":[{"href":"https:\/\/www.profaqua.ca\/fr\/wp-json\/wp\/v2\/pages"}],"about":[{"href":"https:\/\/www.profaqua.ca\/fr\/wp-json\/wp\/v2\/types\/page"}],"author":[{"embeddable":true,"href":"https:\/\/www.profaqua.ca\/fr\/wp-json\/wp\/v2\/users\/1"}],"replies":[{"embeddable":true,"href":"https:\/\/www.profaqua.ca\/fr\/wp-json\/wp\/v2\/comments?post=36816"}],"version-history":[{"count":44,"href":"https:\/\/www.profaqua.ca\/fr\/wp-json\/wp\/v2\/pages\/36816\/revisions"}],"predecessor-version":[{"id":39201,"href":"https:\/\/www.profaqua.ca\/fr\/wp-json\/wp\/v2\/pages\/36816\/revisions\/39201"}],"up":[{"embeddable":true,"href":"https:\/\/www.profaqua.ca\/fr\/wp-json\/wp\/v2\/pages\/423"}],"wp:attachment":[{"href":"https:\/\/www.profaqua.ca\/fr\/wp-json\/wp\/v2\/media?parent=36816"}],"curies":[{"name":"wp","href":"https:\/\/api.w.org\/{rel}","templated":true}]}}