{"id":36745,"date":"2024-08-17T00:38:26","date_gmt":"2024-08-17T05:38:26","guid":{"rendered":"https:\/\/www.profaqua.ca\/?page_id=36745"},"modified":"2024-09-06T00:13:26","modified_gmt":"2024-09-06T05:13:26","slug":"ateliers-en-lien-avec-les-peuples-autochtones","status":"publish","type":"page","link":"https:\/\/www.profaqua.ca\/fr\/ateliers-en-lien-avec-les-peuples-autochtones\/","title":{"rendered":"Ateliers en lien avec les peuples autochtones"},"content":{"rendered":"<p>[vc_row][vc_column][vc_column_text]<\/p>\n<h3 style=\"text-align: center;\">Ce service est offert uniquement en <strong>Colombie-Britannique<\/strong>, sauf indication contraire.<\/h3>\n<p>[\/vc_column_text]<div class=\"boc_divider_holder\"><div class=\"boc_divider  \"  style=\"margin-top: 20px;margin-bottom: 20px;height: 1px;background: #eeeeee;\"><\/div><\/div>[\/vc_column][\/vc_row][vc_row][vc_column width=\u00a0\u00bb1\/2&Prime;]<h2 class=\"boc_heading  al_left  \"  style=\"margin-bottom: 20px;margin-top: 0px;color: #333;\"><span><strong>Vous souhaitez trouver des activit\u00e9s en lien avec les peuples autochtones ?<\/strong><\/span><\/h2>[vc_column_text]<\/p>\n<p class=\"boc_heading al_left \" style=\"text-align: left;\">Nous avons <strong>12\u00a0ateliers<\/strong> interactifs, ludiques et adapt\u00e9s pour faire un beau lien avec les peuples autochtones de la Colombie-Britannique. Class\u00e9s en fonction des univers auxquels ils sont associ\u00e9s \u00e0 la biologie, \u00e0 la physique et \u00e0 Terre &amp; espace:<\/p>\n<ul>\n<li><strong>Arbres<\/strong><\/li>\n<li><strong>Catastrophes naturelles<\/strong><\/li>\n<li><strong>Cinq sens et la mer<\/strong><\/li>\n<li><strong>Diversit\u00e9 du monde animal<\/strong><\/li>\n<li><strong>Eau potable et eau us\u00e9e<\/strong><\/li>\n<li><strong>Fleurs<\/strong><\/li>\n<li><strong>Fleuve Fraser<\/strong><\/li>\n<li><strong>Insectes<\/strong><\/li>\n<li><strong>Oiseaux en milieu naturel<\/strong><\/li>\n<li><strong>Oiseaux en classe<\/strong><\/li>\n<li><strong>Plantes printani\u00e8res<\/strong><\/li>\n<li><strong>Sources d&rsquo;\u00e9nergie<\/strong><\/li>\n<\/ul>\n<p>[\/vc_column_text]<h2 class=\"boc_heading  al_left  \"  style=\"margin-bottom: 20px;margin-top: 0px;color: #333333;\"><span><strong>Tarification des ateliers en classe<\/strong><\/span><\/h2>[vc_column_text]<em>Minimum de deux classes par jour pour cette tarification:<\/em><\/p>\n<ul>\n<li>Atelier de <strong>60 minutes<\/strong>: \u00c0 partir de <strong>205$<\/strong><\/li>\n<li>Atelier de <strong>75 minutes<\/strong>: \u00c0 partir de <strong>256$<\/strong><\/li>\n<\/ul>\n<p><em>Minimum d&rsquo;une classe par jour pour cette tarification:<\/em><\/p>\n<ul>\n<li>Atelier de <strong>2 heures<\/strong>: \u00c0 partir de <strong>410$<\/strong><\/li>\n<\/ul>\n<p>[\/vc_column_text]<h2 class=\"boc_heading  al_left  \"  style=\"margin-bottom: 20px;margin-top: 0px;color: #333333;\"><span><strong>Frais suppl\u00e9mentaires<\/strong><\/span><\/h2>[vc_column_text]<\/p>\n<ul>\n<li>Frais de d\u00e9placement: un minimum de\u00a0<strong>25$ plus 0.90 $<\/strong>\u00a0par kilom\u00e8tre entre nos bureaux et le lieu de l\u2019animation (aller-retour).<\/li>\n<li>Frais de d\u00e9placement en r\u00e9gion \u00e9loign\u00e9e. Contactez-nous pour conna\u00eetre notre tarification pr\u00e9f\u00e9rentielle:\u00a0<a href=\"mailto:eric.tremblay@profaqua.ca\">eric.tremblay@profaqua.ca<\/a><\/li>\n<li>Frais suppl\u00e9mentaires sur les produits p\u00e9rissables, qui peuvent s\u2019appliquer sur quelques ateliers. L\u2019information se retrouvera sur le produit choisi.<\/li>\n<li>Frais de\u00a0<strong>60 $<\/strong>, qui seront factur\u00e9s s\u2019il y a un d\u00e9lai de plus de 90 minutes entre deux ateliers.<\/li>\n<li>Ajoutez les taxes (GST et PST)<\/li>\n<\/ul>\n<p>[\/vc_column_text][\/vc_column][vc_column width=\u00a0\u00bb1\/2&Prime;][vc_single_image alignment=\u00a0\u00bbcenter\u00a0\u00bb image=\u00a0\u00bb894&Prime;]<h2 class=\"boc_heading  al_left  \"  style=\"margin-bottom: 20px;margin-top: 0px;color: #333;\"><span><strong>Reconnaissance des territoires traditionnels<\/strong><\/span><\/h2>[vc_column_text]Dans un esprit de r\u00e9conciliation, nous reconnaissons avec humilit\u00e9, respect et gratitude que notre organisation se trouve sur des territoires de<br \/>\nnombreuses nations, dont des liens profonds avec ces terres des Premiers Peuples de la Colombie-Britannique. Nos services ont lieu sur les territoires des peuples parlant le h\u0259n\u0313q\u0313\u0259min\u0313\u0259m\u0313 et le s\u1e35wx\u0331w\u00fa7mesh, des nations Musqueam, Squamish et Tsleil-Waututh.[\/vc_column_text][\/vc_column][\/vc_row][vc_row][vc_column]<a\thref=\"https:\/\/www.profaqua.ca\/fr\/catalogue\/ateliers\/?swoof=1&#038;pa_type-de-service=ateliers-en-lien-avec-les-autochtones&#038;really_curr_tax=62-product_cat\" \n\t\t\t\tclass=\"button btn_medium btn_orange btn_rounded btn_normal_style    \"  target='_self'><span>VOIR NOS ATELIERS<\/span><\/a>[\/vc_column][\/vc_row]<\/p>\n","protected":false},"excerpt":{"rendered":"<p>[vc_row][vc_column][vc_column_text] Ce service est offert uniquement en Colombie-Britannique, sauf indication contraire. [\/vc_column_text][\/vc_column][\/vc_row][vc_row][vc_column width=\u00a0\u00bb1\/2&Prime;][vc_column_text] Nous avons 12\u00a0ateliers interactifs, ludiques et adapt\u00e9s pour faire un beau lien avec les peuples autochtones de la Colombie-Britannique. Class\u00e9s en fonction des univers auxquels ils sont associ\u00e9s \u00e0 la biologie, \u00e0 la physique et \u00e0 Terre &amp; espace: Arbres Catastrophes naturelles Cinq sens et la mer<\/p>\n<div class=\"h10\"><\/div>\n<p><a class=\"more-link1\" href=\"https:\/\/www.profaqua.ca\/fr\/ateliers-en-lien-avec-les-peuples-autochtones\/\">Voir plus<\/a><\/p>\n","protected":false},"author":9,"featured_media":0,"parent":0,"menu_order":0,"comment_status":"closed","ping_status":"closed","template":"","meta":{"footnotes":""},"acf":[],"yoast_head":"<!-- This site is optimized with the Yoast SEO plugin v20.13 - https:\/\/yoast.com\/wordpress\/plugins\/seo\/ -->\n<title>Ateliers en lien avec les peuples autochtones - Profaqua<\/title>\n<meta name=\"description\" content=\"Ce service est offert uniquement en Colombie-Britannique, sauf indication contraire. Nous avons 12\u00a0ateliers interactifs, ludiques et adapt\u00e9s pour faire un\" \/>\n<meta name=\"robots\" content=\"index, follow, max-snippet:-1, max-image-preview:large, max-video-preview:-1\" \/>\n<link rel=\"canonical\" href=\"https:\/\/www.profaqua.ca\/fr\/ateliers-en-lien-avec-les-peuples-autochtones\/\" \/>\n<meta property=\"og:locale\" content=\"fr_FR\" \/>\n<meta property=\"og:type\" content=\"article\" \/>\n<meta property=\"og:title\" content=\"Ateliers en lien avec les peuples autochtones - Profaqua\" \/>\n<meta property=\"og:description\" content=\"Ce service est offert uniquement en Colombie-Britannique, sauf indication contraire. Nous avons 12\u00a0ateliers interactifs, ludiques et adapt\u00e9s pour faire un\" \/>\n<meta property=\"og:url\" content=\"https:\/\/www.profaqua.ca\/fr\/ateliers-en-lien-avec-les-peuples-autochtones\/\" \/>\n<meta property=\"og:site_name\" content=\"Profaqua\" \/>\n<meta property=\"article:publisher\" content=\"https:\/\/www.facebook.com\/profaqua\/\" \/>\n<meta property=\"article:modified_time\" content=\"2024-09-06T05:13:26+00:00\" \/>\n<meta property=\"og:image\" content=\"https:\/\/www.profaqua.ca\/wp-content\/uploads\/2017\/01\/logo.jpg\" \/>\n\t<meta property=\"og:image:width\" content=\"180\" \/>\n\t<meta property=\"og:image:height\" content=\"59\" \/>\n\t<meta property=\"og:image:type\" content=\"image\/jpeg\" \/>\n<meta name=\"twitter:card\" content=\"summary_large_image\" \/>\n<meta name=\"twitter:label1\" content=\"Dur\u00e9e de lecture estim\u00e9e\" \/>\n\t<meta name=\"twitter:data1\" content=\"2 minutes\" \/>\n<script type=\"application\/ld+json\" class=\"yoast-schema-graph\">{\"@context\":\"https:\/\/schema.org\",\"@graph\":[{\"@type\":\"WebPage\",\"@id\":\"https:\/\/www.profaqua.ca\/fr\/ateliers-en-lien-avec-les-peuples-autochtones\/\",\"url\":\"https:\/\/www.profaqua.ca\/fr\/ateliers-en-lien-avec-les-peuples-autochtones\/\",\"name\":\"Ateliers en lien avec les peuples autochtones - Profaqua\",\"isPartOf\":{\"@id\":\"https:\/\/www.profaqua.ca\/fr\/#website\"},\"datePublished\":\"2024-08-17T05:38:26+00:00\",\"dateModified\":\"2024-09-06T05:13:26+00:00\",\"description\":\"Ce service est offert uniquement en Colombie-Britannique, sauf indication contraire. Nous avons 12\u00a0ateliers interactifs, ludiques et adapt\u00e9s pour faire un\",\"breadcrumb\":{\"@id\":\"https:\/\/www.profaqua.ca\/fr\/ateliers-en-lien-avec-les-peuples-autochtones\/#breadcrumb\"},\"inLanguage\":\"fr-FR\",\"potentialAction\":[{\"@type\":\"ReadAction\",\"target\":[\"https:\/\/www.profaqua.ca\/fr\/ateliers-en-lien-avec-les-peuples-autochtones\/\"]}]},{\"@type\":\"BreadcrumbList\",\"@id\":\"https:\/\/www.profaqua.ca\/fr\/ateliers-en-lien-avec-les-peuples-autochtones\/#breadcrumb\",\"itemListElement\":[{\"@type\":\"ListItem\",\"position\":1,\"name\":\"Home\",\"item\":\"https:\/\/www.profaqua.ca\/fr\/\"},{\"@type\":\"ListItem\",\"position\":2,\"name\":\"Ateliers en lien avec les peuples autochtones\"}]},{\"@type\":\"WebSite\",\"@id\":\"https:\/\/www.profaqua.ca\/fr\/#website\",\"url\":\"https:\/\/www.profaqua.ca\/fr\/\",\"name\":\"Profaqua\",\"description\":\"\",\"potentialAction\":[{\"@type\":\"SearchAction\",\"target\":{\"@type\":\"EntryPoint\",\"urlTemplate\":\"https:\/\/www.profaqua.ca\/fr\/?s={search_term_string}\"},\"query-input\":\"required name=search_term_string\"}],\"inLanguage\":\"fr-FR\"}]}<\/script>\n<!-- \/ Yoast SEO plugin. -->","yoast_head_json":{"title":"Ateliers en lien avec les peuples autochtones - Profaqua","description":"Ce service est offert uniquement en Colombie-Britannique, sauf indication contraire. Nous avons 12\u00a0ateliers interactifs, ludiques et adapt\u00e9s pour faire un","robots":{"index":"index","follow":"follow","max-snippet":"max-snippet:-1","max-image-preview":"max-image-preview:large","max-video-preview":"max-video-preview:-1"},"canonical":"https:\/\/www.profaqua.ca\/fr\/ateliers-en-lien-avec-les-peuples-autochtones\/","og_locale":"fr_FR","og_type":"article","og_title":"Ateliers en lien avec les peuples autochtones - Profaqua","og_description":"Ce service est offert uniquement en Colombie-Britannique, sauf indication contraire. Nous avons 12\u00a0ateliers interactifs, ludiques et adapt\u00e9s pour faire un","og_url":"https:\/\/www.profaqua.ca\/fr\/ateliers-en-lien-avec-les-peuples-autochtones\/","og_site_name":"Profaqua","article_publisher":"https:\/\/www.facebook.com\/profaqua\/","article_modified_time":"2024-09-06T05:13:26+00:00","og_image":[{"width":180,"height":59,"url":"https:\/\/www.profaqua.ca\/wp-content\/uploads\/2017\/01\/logo.jpg","type":"image\/jpeg"}],"twitter_card":"summary_large_image","twitter_misc":{"Dur\u00e9e de lecture estim\u00e9e":"2 minutes"},"schema":{"@context":"https:\/\/schema.org","@graph":[{"@type":"WebPage","@id":"https:\/\/www.profaqua.ca\/fr\/ateliers-en-lien-avec-les-peuples-autochtones\/","url":"https:\/\/www.profaqua.ca\/fr\/ateliers-en-lien-avec-les-peuples-autochtones\/","name":"Ateliers en lien avec les peuples autochtones - Profaqua","isPartOf":{"@id":"https:\/\/www.profaqua.ca\/fr\/#website"},"datePublished":"2024-08-17T05:38:26+00:00","dateModified":"2024-09-06T05:13:26+00:00","description":"Ce service est offert uniquement en Colombie-Britannique, sauf indication contraire. Nous avons 12\u00a0ateliers interactifs, ludiques et adapt\u00e9s pour faire un","breadcrumb":{"@id":"https:\/\/www.profaqua.ca\/fr\/ateliers-en-lien-avec-les-peuples-autochtones\/#breadcrumb"},"inLanguage":"fr-FR","potentialAction":[{"@type":"ReadAction","target":["https:\/\/www.profaqua.ca\/fr\/ateliers-en-lien-avec-les-peuples-autochtones\/"]}]},{"@type":"BreadcrumbList","@id":"https:\/\/www.profaqua.ca\/fr\/ateliers-en-lien-avec-les-peuples-autochtones\/#breadcrumb","itemListElement":[{"@type":"ListItem","position":1,"name":"Home","item":"https:\/\/www.profaqua.ca\/fr\/"},{"@type":"ListItem","position":2,"name":"Ateliers en lien avec les peuples autochtones"}]},{"@type":"WebSite","@id":"https:\/\/www.profaqua.ca\/fr\/#website","url":"https:\/\/www.profaqua.ca\/fr\/","name":"Profaqua","description":"","potentialAction":[{"@type":"SearchAction","target":{"@type":"EntryPoint","urlTemplate":"https:\/\/www.profaqua.ca\/fr\/?s={search_term_string}"},"query-input":"required name=search_term_string"}],"inLanguage":"fr-FR"}]}},"_links":{"self":[{"href":"https:\/\/www.profaqua.ca\/fr\/wp-json\/wp\/v2\/pages\/36745"}],"collection":[{"href":"https:\/\/www.profaqua.ca\/fr\/wp-json\/wp\/v2\/pages"}],"about":[{"href":"https:\/\/www.profaqua.ca\/fr\/wp-json\/wp\/v2\/types\/page"}],"author":[{"embeddable":true,"href":"https:\/\/www.profaqua.ca\/fr\/wp-json\/wp\/v2\/users\/9"}],"replies":[{"embeddable":true,"href":"https:\/\/www.profaqua.ca\/fr\/wp-json\/wp\/v2\/comments?post=36745"}],"version-history":[{"count":39,"href":"https:\/\/www.profaqua.ca\/fr\/wp-json\/wp\/v2\/pages\/36745\/revisions"}],"predecessor-version":[{"id":39198,"href":"https:\/\/www.profaqua.ca\/fr\/wp-json\/wp\/v2\/pages\/36745\/revisions\/39198"}],"wp:attachment":[{"href":"https:\/\/www.profaqua.ca\/fr\/wp-json\/wp\/v2\/media?parent=36745"}],"curies":[{"name":"wp","href":"https:\/\/api.w.org\/{rel}","templated":true}]}}