{"id":34763,"date":"2023-08-08T12:10:00","date_gmt":"2023-08-08T17:10:00","guid":{"rendered":"https:\/\/www.profaqua.ca\/?page_id=34763"},"modified":"2024-09-06T00:09:31","modified_gmt":"2024-09-06T05:09:31","slug":"vancouver","status":"publish","type":"page","link":"https:\/\/www.profaqua.ca\/fr\/vancouver\/","title":{"rendered":"Colombie-Britannique"},"content":{"rendered":"<p>[vc_row][vc_column width=\u00a0\u00bb1\/2&Prime;]<h2 class=\"boc_heading  al_left  \"  style=\"margin-bottom: 20px;margin-top: 0px;color: #dd9933;\"><span><strong>SERVICE EN COLOMBIE-BRITANNIQUE<\/strong><\/span><\/h2>[vc_column_text]Prof<strong>aqua <\/strong>est fier d&rsquo;offrir ses services sur la c\u00f4te Ouest, de la Colombie-Britannique.<\/p>\n<p>Prof<strong>aqua<\/strong> est une entreprise pionni\u00e8re d\u00e9di\u00e9e \u00e0 l&rsquo;enchantement du monde de l&rsquo;\u00e9ducation scientifique, et nous sommes ravis d&rsquo;annoncer que nos services captivants sont d\u00e9sormais disponibles dans la belle province de la Colombie-Britannique.<\/p>\n<p>Depuis notre cr\u00e9ation en <strong>2000<\/strong>, Prof<strong>aqua<\/strong> a entrepris un voyage remarquable, s&rsquo;effor\u00e7ant d&rsquo;insuffler une passion pour les sciences au sein des jeunes esprits.<\/p>\n<p>Notre engagement in\u00e9branlable \u00e0 rendre l&rsquo;apprentissage joyeux et immersif nous a valu une r\u00e9putation distingu\u00e9e en tant que leader dans la vulgarisation scientifique.[\/vc_column_text]<a\thref=\"https:\/\/www.profaqua.ca\/fr\/catalogue\/ateliers\/\" \n\t\t\t\tclass=\"button btn_medium btn_orange btn_rounded btn_normal_style    \"  target='_self'><span>VOIR NOS ATELIERS<\/span><\/a><a\thref=\"https:\/\/www.profaqua.ca\/fr\/catalogue\/projets\/\" \n\t\t\t\tclass=\"button btn_medium btn_orange btn_rounded btn_normal_style    \"  target='_self'><span>VOIR NOS PROJETS<\/span><\/a><a\thref=\"https:\/\/www.profaqua.ca\/fr\/nos-services\/\" \n\t\t\t\tclass=\"button btn_medium btn_orange btn_rounded btn_normal_style    \"  target='_self'><span>VOIR NOS SERVICES<\/span><\/a>[\/vc_column][vc_column width=\u00a0\u00bb1\/2&Prime;][vc_single_image alignment=\u00a0\u00bbright\u00a0\u00bb image=\u00a0\u00bb34773&Prime;][\/vc_column][\/vc_row]<\/p>\n","protected":false},"excerpt":{"rendered":"<p>[vc_row][vc_column width=\u00a0\u00bb1\/2&Prime;][vc_column_text]Profaqua est fier d&rsquo;offrir ses services sur la c\u00f4te Ouest, de la Colombie-Britannique. Profaqua est une entreprise pionni\u00e8re d\u00e9di\u00e9e \u00e0 l&rsquo;enchantement du monde de l&rsquo;\u00e9ducation scientifique, et nous sommes ravis d&rsquo;annoncer que nos services captivants sont d\u00e9sormais disponibles dans la belle province de la Colombie-Britannique. Depuis notre cr\u00e9ation en 2000, Profaqua a entrepris un voyage remarquable, s&rsquo;effor\u00e7ant d&rsquo;insuffler une<\/p>\n<div class=\"h10\"><\/div>\n<p><a class=\"more-link1\" href=\"https:\/\/www.profaqua.ca\/fr\/vancouver\/\">Voir plus<\/a><\/p>\n","protected":false},"author":10236,"featured_media":0,"parent":0,"menu_order":0,"comment_status":"closed","ping_status":"closed","template":"","meta":{"footnotes":""},"acf":[],"yoast_head":"<!-- This site is optimized with the Yoast SEO plugin v20.13 - https:\/\/yoast.com\/wordpress\/plugins\/seo\/ -->\n<title>Colombie-Britannique - Profaqua<\/title>\n<meta name=\"description\" content=\"Profaqua est fier d&#039;offrir ses services sur la c\u00f4te Ouest, de la Colombie-Britannique. Profaqua est une entreprise pionni\u00e8re d\u00e9di\u00e9e \u00e0 l&#039;enchantement du\" \/>\n<meta name=\"robots\" content=\"index, follow, max-snippet:-1, max-image-preview:large, max-video-preview:-1\" \/>\n<link rel=\"canonical\" href=\"https:\/\/www.profaqua.ca\/fr\/vancouver\/\" \/>\n<meta property=\"og:locale\" content=\"fr_FR\" \/>\n<meta property=\"og:type\" content=\"article\" \/>\n<meta property=\"og:title\" content=\"Colombie-Britannique - Profaqua\" \/>\n<meta property=\"og:description\" content=\"Profaqua est fier d&#039;offrir ses services sur la c\u00f4te Ouest, de la Colombie-Britannique. Profaqua est une entreprise pionni\u00e8re d\u00e9di\u00e9e \u00e0 l&#039;enchantement du\" \/>\n<meta property=\"og:url\" content=\"https:\/\/www.profaqua.ca\/fr\/vancouver\/\" \/>\n<meta property=\"og:site_name\" content=\"Profaqua\" \/>\n<meta property=\"article:publisher\" content=\"https:\/\/www.facebook.com\/profaqua\/\" \/>\n<meta property=\"article:modified_time\" content=\"2024-09-06T05:09:31+00:00\" \/>\n<meta property=\"og:image\" content=\"https:\/\/www.profaqua.ca\/wp-content\/uploads\/2017\/01\/logo.jpg\" \/>\n\t<meta property=\"og:image:width\" content=\"180\" \/>\n\t<meta property=\"og:image:height\" content=\"59\" \/>\n\t<meta property=\"og:image:type\" content=\"image\/jpeg\" \/>\n<meta name=\"twitter:card\" content=\"summary_large_image\" \/>\n<meta name=\"twitter:label1\" content=\"Dur\u00e9e de lecture estim\u00e9e\" \/>\n\t<meta name=\"twitter:data1\" content=\"1 minute\" \/>\n<script type=\"application\/ld+json\" class=\"yoast-schema-graph\">{\"@context\":\"https:\/\/schema.org\",\"@graph\":[{\"@type\":\"WebPage\",\"@id\":\"https:\/\/www.profaqua.ca\/fr\/vancouver\/\",\"url\":\"https:\/\/www.profaqua.ca\/fr\/vancouver\/\",\"name\":\"Colombie-Britannique - Profaqua\",\"isPartOf\":{\"@id\":\"https:\/\/www.profaqua.ca\/fr\/#website\"},\"datePublished\":\"2023-08-08T17:10:00+00:00\",\"dateModified\":\"2024-09-06T05:09:31+00:00\",\"description\":\"Profaqua est fier d'offrir ses services sur la c\u00f4te Ouest, de la Colombie-Britannique. Profaqua est une entreprise pionni\u00e8re d\u00e9di\u00e9e \u00e0 l'enchantement du\",\"breadcrumb\":{\"@id\":\"https:\/\/www.profaqua.ca\/fr\/vancouver\/#breadcrumb\"},\"inLanguage\":\"fr-FR\",\"potentialAction\":[{\"@type\":\"ReadAction\",\"target\":[\"https:\/\/www.profaqua.ca\/fr\/vancouver\/\"]}]},{\"@type\":\"BreadcrumbList\",\"@id\":\"https:\/\/www.profaqua.ca\/fr\/vancouver\/#breadcrumb\",\"itemListElement\":[{\"@type\":\"ListItem\",\"position\":1,\"name\":\"Home\",\"item\":\"https:\/\/www.profaqua.ca\/fr\/\"},{\"@type\":\"ListItem\",\"position\":2,\"name\":\"Colombie-Britannique\"}]},{\"@type\":\"WebSite\",\"@id\":\"https:\/\/www.profaqua.ca\/fr\/#website\",\"url\":\"https:\/\/www.profaqua.ca\/fr\/\",\"name\":\"Profaqua\",\"description\":\"\",\"potentialAction\":[{\"@type\":\"SearchAction\",\"target\":{\"@type\":\"EntryPoint\",\"urlTemplate\":\"https:\/\/www.profaqua.ca\/fr\/?s={search_term_string}\"},\"query-input\":\"required name=search_term_string\"}],\"inLanguage\":\"fr-FR\"}]}<\/script>\n<!-- \/ Yoast SEO plugin. -->","yoast_head_json":{"title":"Colombie-Britannique - Profaqua","description":"Profaqua est fier d'offrir ses services sur la c\u00f4te Ouest, de la Colombie-Britannique. Profaqua est une entreprise pionni\u00e8re d\u00e9di\u00e9e \u00e0 l'enchantement du","robots":{"index":"index","follow":"follow","max-snippet":"max-snippet:-1","max-image-preview":"max-image-preview:large","max-video-preview":"max-video-preview:-1"},"canonical":"https:\/\/www.profaqua.ca\/fr\/vancouver\/","og_locale":"fr_FR","og_type":"article","og_title":"Colombie-Britannique - Profaqua","og_description":"Profaqua est fier d'offrir ses services sur la c\u00f4te Ouest, de la Colombie-Britannique. Profaqua est une entreprise pionni\u00e8re d\u00e9di\u00e9e \u00e0 l'enchantement du","og_url":"https:\/\/www.profaqua.ca\/fr\/vancouver\/","og_site_name":"Profaqua","article_publisher":"https:\/\/www.facebook.com\/profaqua\/","article_modified_time":"2024-09-06T05:09:31+00:00","og_image":[{"width":180,"height":59,"url":"https:\/\/www.profaqua.ca\/wp-content\/uploads\/2017\/01\/logo.jpg","type":"image\/jpeg"}],"twitter_card":"summary_large_image","twitter_misc":{"Dur\u00e9e de lecture estim\u00e9e":"1 minute"},"schema":{"@context":"https:\/\/schema.org","@graph":[{"@type":"WebPage","@id":"https:\/\/www.profaqua.ca\/fr\/vancouver\/","url":"https:\/\/www.profaqua.ca\/fr\/vancouver\/","name":"Colombie-Britannique - Profaqua","isPartOf":{"@id":"https:\/\/www.profaqua.ca\/fr\/#website"},"datePublished":"2023-08-08T17:10:00+00:00","dateModified":"2024-09-06T05:09:31+00:00","description":"Profaqua est fier d'offrir ses services sur la c\u00f4te Ouest, de la Colombie-Britannique. Profaqua est une entreprise pionni\u00e8re d\u00e9di\u00e9e \u00e0 l'enchantement du","breadcrumb":{"@id":"https:\/\/www.profaqua.ca\/fr\/vancouver\/#breadcrumb"},"inLanguage":"fr-FR","potentialAction":[{"@type":"ReadAction","target":["https:\/\/www.profaqua.ca\/fr\/vancouver\/"]}]},{"@type":"BreadcrumbList","@id":"https:\/\/www.profaqua.ca\/fr\/vancouver\/#breadcrumb","itemListElement":[{"@type":"ListItem","position":1,"name":"Home","item":"https:\/\/www.profaqua.ca\/fr\/"},{"@type":"ListItem","position":2,"name":"Colombie-Britannique"}]},{"@type":"WebSite","@id":"https:\/\/www.profaqua.ca\/fr\/#website","url":"https:\/\/www.profaqua.ca\/fr\/","name":"Profaqua","description":"","potentialAction":[{"@type":"SearchAction","target":{"@type":"EntryPoint","urlTemplate":"https:\/\/www.profaqua.ca\/fr\/?s={search_term_string}"},"query-input":"required name=search_term_string"}],"inLanguage":"fr-FR"}]}},"_links":{"self":[{"href":"https:\/\/www.profaqua.ca\/fr\/wp-json\/wp\/v2\/pages\/34763"}],"collection":[{"href":"https:\/\/www.profaqua.ca\/fr\/wp-json\/wp\/v2\/pages"}],"about":[{"href":"https:\/\/www.profaqua.ca\/fr\/wp-json\/wp\/v2\/types\/page"}],"author":[{"embeddable":true,"href":"https:\/\/www.profaqua.ca\/fr\/wp-json\/wp\/v2\/users\/10236"}],"replies":[{"embeddable":true,"href":"https:\/\/www.profaqua.ca\/fr\/wp-json\/wp\/v2\/comments?post=34763"}],"version-history":[{"count":67,"href":"https:\/\/www.profaqua.ca\/fr\/wp-json\/wp\/v2\/pages\/34763\/revisions"}],"predecessor-version":[{"id":39194,"href":"https:\/\/www.profaqua.ca\/fr\/wp-json\/wp\/v2\/pages\/34763\/revisions\/39194"}],"wp:attachment":[{"href":"https:\/\/www.profaqua.ca\/fr\/wp-json\/wp\/v2\/media?parent=34763"}],"curies":[{"name":"wp","href":"https:\/\/api.w.org\/{rel}","templated":true}]}}