{"id":33703,"date":"2023-02-02T11:04:53","date_gmt":"2023-02-02T16:04:53","guid":{"rendered":"https:\/\/www.profaqua.ca\/?page_id=33703"},"modified":"2026-01-16T10:29:22","modified_gmt":"2026-01-16T15:29:22","slug":"camp-de-jour-faq","status":"publish","type":"page","link":"https:\/\/www.profaqua.ca\/fr\/camp-de-jour-faq\/","title":{"rendered":"FAQ Camp de jour"},"content":{"rendered":"<p>[vc_row][vc_column]<h2 class=\"boc_heading  center  \"  style=\"margin-bottom: 10px;margin-top: 0px;color: #333333;\"><span>Foire aux questions<\/span><\/h2>[\/vc_column][\/vc_row][vc_row][vc_column]<div class=\"acc_holder  no_sibling_toggle  with_bgr border\"><div class=\"acc_item\"><h4 class=\"accordion\"><span class=\"acc_control \"><\/span><span class=\"acc_heading\">Puis-je modifier une inscription ?<\/span><\/h4><div class=\"accordion_content\">Vous souhaitez modifier votre inscription, donc changer votre programme, votre groupe d&rsquo;\u00e2ge ou la date d&rsquo;un s\u00e9jour ?<\/p>\n<p>Envoyez-nous un courriel avec les modifications que vous d\u00e9sirez apporter \u00e0 votre inscription, et nous nous chargerons de les effectuer. Vous recevrez une confirmation une fois que les changements auront \u00e9t\u00e9 pris en compte.<\/div><\/div><div class=\"acc_item\"><h4 class=\"accordion\"><span class=\"acc_control \"><\/span><span class=\"acc_heading\">Est-ce que le camp envoie de l\u2019information avant le d\u00e9but du s\u00e9jour?<\/span><\/h4><div class=\"accordion_content\">Oui. Chaque jeudi pr\u00e9c\u00e9dant la semaine pendant laquelle votre enfant est inscrit au camp, nous envoyons un courriel contenant diff\u00e9rentes informations pour pr\u00e9parer le s\u00e9jour, telles que le nom de votre enfant, son programme, le nom de son animateur pour la semaine \u00e0 venir et notre trousse d\u2019information.<\/div><\/div><div class=\"acc_item\"><h4 class=\"accordion\"><span class=\"acc_control \"><\/span><span class=\"acc_heading\">Est-ce que mon enfant peut \u00eatre jumel\u00e9 avec un ami ?<\/span><\/h4><div class=\"accordion_content\">Oui, cependant&#8230; Votre enfant peut \u00eatre jumel\u00e9 avec seulement un ami \u00e0 la fois au camp. Les deux doivent \u00eatre inscrits dans le m\u00eame groupe d&rsquo;\u00e2ge, au m\u00eame programme et pour la m\u00eame semaine. Pour faire une demande de jumelage, il vous suffit d&rsquo;inscrire le nom de l&rsquo;ami dans le formulaire d&rsquo;inscription de votre enfant sur Amilia. Il est possible de modifier le nom de l&rsquo;ami en cours d&rsquo;\u00e9t\u00e9.<\/div><\/div><div class=\"acc_item\"><h4 class=\"accordion\"><span class=\"acc_control acc_is_open\"><\/span><span class=\"acc_heading\">Quelle est votre politique de remboursement?<\/span><\/h4><div class=\"accordion_content\">Toutes les demandes de remboursement doivent \u00eatre compl\u00e9t\u00e9es par \u00e9crit en remplissant le formulaire de remboursement. Le formulaire doit nous \u00eatre parvenu au moins 10 jours avant le d\u00e9but de la semaine pour laquelle vous d\u00e9sirez \u00eatre rembours\u00e9, sans quoi, le remboursement ne pourra avoir lieu. Nous remboursons exclusivement les semaines compl\u00e8tes. Des frais administratifs non remboursables de 10 % s\u2019appliquent \u00e0 toute annulation.<\/div><\/div><div class=\"acc_item\"><h4 class=\"accordion\"><span class=\"acc_control \"><\/span><span class=\"acc_heading\">\u00c0 quoi ressemble une journ\u00e9e au camp?<\/span><\/h4><div class=\"accordion_content\">Nos programmes inclus de 10 \u00e0 15h d\u2019activit\u00e9 sp\u00e9cialis\u00e9 par semaine en plus des activit\u00e9s r\u00e9guli\u00e8re, tel que sports, jeux coop, jeux d\u2019eau etc. Pour plus de d\u00e9tails v\u00e9rifier la description du programme dans Amilia notre logiciel d\u2019inscription.<\/div><\/div><div class=\"acc_item\"><h4 class=\"accordion\"><span class=\"acc_control \"><\/span><span class=\"acc_heading\">Combien co\u00fbte une semaine de camp?<\/span><\/h4><div class=\"accordion_content\">Selon le programme choisi le co\u00fbt varie entre 293$ et 339$ par semaine.<\/div><\/div><div class=\"acc_item\"><h4 class=\"accordion\"><span class=\"acc_control \"><\/span><span class=\"acc_heading\">Le service de garde est-t-il inclus?<\/span><\/h4><div class=\"accordion_content\">Le service de garde est disponible selon vos besoins \u00e0 la semaine ou \u00e0 la journ\u00e9e. Veuillez noter que le service de garde du matin, de 8h00 \u00e0 9h00, est inclus avec toute inscription. Cependant, pour b\u00e9n\u00e9ficier du service de garde de l&rsquo;apr\u00e8s-midi, de 16h00 \u00e0 18h00, vous devez vous inscrire directement \u00e0 ce service.<\/div><\/div><\/div>[\/vc_column][\/vc_row][vc_row][vc_column]<a\thref=\"https:\/\/www.profaqua.ca\/fr\/camp-scientifique-vancouver-2025\/\" \n\t\t\t\tclass=\"button btn_medium btn_theme_color btn_rounded btn_normal_style    \"  target='_self'><span>Retour \u00e0 la page principale du camp scientifique de Vancouver<\/span><\/a>[\/vc_column][\/vc_row]<\/p>\n","protected":false},"excerpt":{"rendered":"<p>[vc_row][vc_column][\/vc_column][\/vc_row][vc_row][vc_column][\/vc_column][\/vc_row][vc_row][vc_column][\/vc_column][\/vc_row]<\/p>\n","protected":false},"author":10236,"featured_media":0,"parent":0,"menu_order":0,"comment_status":"closed","ping_status":"closed","template":"","meta":{"footnotes":""},"acf":[],"yoast_head":"<!-- This site is optimized with the Yoast SEO plugin v20.13 - https:\/\/yoast.com\/wordpress\/plugins\/seo\/ -->\n<title>FAQ Camp de jour - Profaqua<\/title>\n<meta name=\"robots\" content=\"index, follow, max-snippet:-1, max-image-preview:large, max-video-preview:-1\" \/>\n<link rel=\"canonical\" href=\"https:\/\/www.profaqua.ca\/fr\/camp-de-jour-faq\/\" \/>\n<meta property=\"og:locale\" content=\"fr_FR\" \/>\n<meta property=\"og:type\" content=\"article\" \/>\n<meta property=\"og:title\" content=\"FAQ Camp de jour - Profaqua\" \/>\n<meta property=\"og:url\" content=\"https:\/\/www.profaqua.ca\/fr\/camp-de-jour-faq\/\" \/>\n<meta property=\"og:site_name\" content=\"Profaqua\" \/>\n<meta property=\"article:publisher\" content=\"https:\/\/www.facebook.com\/profaqua\/\" \/>\n<meta property=\"article:modified_time\" content=\"2026-01-16T15:29:22+00:00\" \/>\n<meta property=\"og:image\" content=\"https:\/\/www.profaqua.ca\/wp-content\/uploads\/2017\/01\/logo.jpg\" \/>\n\t<meta property=\"og:image:width\" content=\"180\" \/>\n\t<meta property=\"og:image:height\" content=\"59\" \/>\n\t<meta property=\"og:image:type\" content=\"image\/jpeg\" \/>\n<meta name=\"twitter:card\" content=\"summary_large_image\" \/>\n<meta name=\"twitter:label1\" content=\"Dur\u00e9e de lecture estim\u00e9e\" \/>\n\t<meta name=\"twitter:data1\" content=\"2 minutes\" \/>\n<script type=\"application\/ld+json\" class=\"yoast-schema-graph\">{\"@context\":\"https:\/\/schema.org\",\"@graph\":[{\"@type\":\"WebPage\",\"@id\":\"https:\/\/www.profaqua.ca\/fr\/camp-de-jour-faq\/\",\"url\":\"https:\/\/www.profaqua.ca\/fr\/camp-de-jour-faq\/\",\"name\":\"FAQ Camp de jour - Profaqua\",\"isPartOf\":{\"@id\":\"https:\/\/www.profaqua.ca\/fr\/#website\"},\"datePublished\":\"2023-02-02T16:04:53+00:00\",\"dateModified\":\"2026-01-16T15:29:22+00:00\",\"breadcrumb\":{\"@id\":\"https:\/\/www.profaqua.ca\/fr\/camp-de-jour-faq\/#breadcrumb\"},\"inLanguage\":\"fr-FR\",\"potentialAction\":[{\"@type\":\"ReadAction\",\"target\":[\"https:\/\/www.profaqua.ca\/fr\/camp-de-jour-faq\/\"]}]},{\"@type\":\"BreadcrumbList\",\"@id\":\"https:\/\/www.profaqua.ca\/fr\/camp-de-jour-faq\/#breadcrumb\",\"itemListElement\":[{\"@type\":\"ListItem\",\"position\":1,\"name\":\"Home\",\"item\":\"https:\/\/www.profaqua.ca\/fr\/\"},{\"@type\":\"ListItem\",\"position\":2,\"name\":\"FAQ Camp de jour\"}]},{\"@type\":\"WebSite\",\"@id\":\"https:\/\/www.profaqua.ca\/fr\/#website\",\"url\":\"https:\/\/www.profaqua.ca\/fr\/\",\"name\":\"Profaqua\",\"description\":\"\",\"potentialAction\":[{\"@type\":\"SearchAction\",\"target\":{\"@type\":\"EntryPoint\",\"urlTemplate\":\"https:\/\/www.profaqua.ca\/fr\/?s={search_term_string}\"},\"query-input\":\"required name=search_term_string\"}],\"inLanguage\":\"fr-FR\"}]}<\/script>\n<!-- \/ Yoast SEO plugin. -->","yoast_head_json":{"title":"FAQ Camp de jour - Profaqua","robots":{"index":"index","follow":"follow","max-snippet":"max-snippet:-1","max-image-preview":"max-image-preview:large","max-video-preview":"max-video-preview:-1"},"canonical":"https:\/\/www.profaqua.ca\/fr\/camp-de-jour-faq\/","og_locale":"fr_FR","og_type":"article","og_title":"FAQ Camp de jour - Profaqua","og_url":"https:\/\/www.profaqua.ca\/fr\/camp-de-jour-faq\/","og_site_name":"Profaqua","article_publisher":"https:\/\/www.facebook.com\/profaqua\/","article_modified_time":"2026-01-16T15:29:22+00:00","og_image":[{"width":180,"height":59,"url":"https:\/\/www.profaqua.ca\/wp-content\/uploads\/2017\/01\/logo.jpg","type":"image\/jpeg"}],"twitter_card":"summary_large_image","twitter_misc":{"Dur\u00e9e de lecture estim\u00e9e":"2 minutes"},"schema":{"@context":"https:\/\/schema.org","@graph":[{"@type":"WebPage","@id":"https:\/\/www.profaqua.ca\/fr\/camp-de-jour-faq\/","url":"https:\/\/www.profaqua.ca\/fr\/camp-de-jour-faq\/","name":"FAQ Camp de jour - Profaqua","isPartOf":{"@id":"https:\/\/www.profaqua.ca\/fr\/#website"},"datePublished":"2023-02-02T16:04:53+00:00","dateModified":"2026-01-16T15:29:22+00:00","breadcrumb":{"@id":"https:\/\/www.profaqua.ca\/fr\/camp-de-jour-faq\/#breadcrumb"},"inLanguage":"fr-FR","potentialAction":[{"@type":"ReadAction","target":["https:\/\/www.profaqua.ca\/fr\/camp-de-jour-faq\/"]}]},{"@type":"BreadcrumbList","@id":"https:\/\/www.profaqua.ca\/fr\/camp-de-jour-faq\/#breadcrumb","itemListElement":[{"@type":"ListItem","position":1,"name":"Home","item":"https:\/\/www.profaqua.ca\/fr\/"},{"@type":"ListItem","position":2,"name":"FAQ Camp de jour"}]},{"@type":"WebSite","@id":"https:\/\/www.profaqua.ca\/fr\/#website","url":"https:\/\/www.profaqua.ca\/fr\/","name":"Profaqua","description":"","potentialAction":[{"@type":"SearchAction","target":{"@type":"EntryPoint","urlTemplate":"https:\/\/www.profaqua.ca\/fr\/?s={search_term_string}"},"query-input":"required name=search_term_string"}],"inLanguage":"fr-FR"}]}},"_links":{"self":[{"href":"https:\/\/www.profaqua.ca\/fr\/wp-json\/wp\/v2\/pages\/33703"}],"collection":[{"href":"https:\/\/www.profaqua.ca\/fr\/wp-json\/wp\/v2\/pages"}],"about":[{"href":"https:\/\/www.profaqua.ca\/fr\/wp-json\/wp\/v2\/types\/page"}],"author":[{"embeddable":true,"href":"https:\/\/www.profaqua.ca\/fr\/wp-json\/wp\/v2\/users\/10236"}],"replies":[{"embeddable":true,"href":"https:\/\/www.profaqua.ca\/fr\/wp-json\/wp\/v2\/comments?post=33703"}],"version-history":[{"count":19,"href":"https:\/\/www.profaqua.ca\/fr\/wp-json\/wp\/v2\/pages\/33703\/revisions"}],"predecessor-version":[{"id":39799,"href":"https:\/\/www.profaqua.ca\/fr\/wp-json\/wp\/v2\/pages\/33703\/revisions\/39799"}],"wp:attachment":[{"href":"https:\/\/www.profaqua.ca\/fr\/wp-json\/wp\/v2\/media?parent=33703"}],"curies":[{"name":"wp","href":"https:\/\/api.w.org\/{rel}","templated":true}]}}