{"id":33639,"date":"2024-08-16T18:08:38","date_gmt":"2024-08-16T23:08:38","guid":{"rendered":"https:\/\/www.profaqua.ca\/?page_id=33639"},"modified":"2024-09-06T00:28:02","modified_gmt":"2024-09-06T05:28:02","slug":"autres-services","status":"publish","type":"page","link":"https:\/\/www.profaqua.ca\/fr\/nos-services\/autres-services\/","title":{"rendered":"Autres services"},"content":{"rendered":"<p>[vc_row][vc_column][vc_column_text]<\/p>\n<div class=\"wpb_text_column wpb_content_element \">\n<div class=\"wpb_wrapper\">\n<div class=\"wpb_text_column wpb_content_element \">\n<div class=\"wpb_wrapper\">\n<h3 style=\"text-align: center;\">Ces services sont offerts uniquement en <strong>Colombie-Britannique<\/strong>, sauf indication contraire.<\/h3>\n<\/div>\n<\/div>\n<\/div>\n<\/div>\n<p>[\/vc_column_text]<div class=\"boc_divider_holder\"><div class=\"boc_divider  \"  style=\"margin-top: 0px;margin-bottom: 0px;height: 1px;background: #eeeeee;\"><\/div><\/div>[\/vc_column][\/vc_row][vc_row][vc_column width=\u00a0\u00bb1\/2&Prime;][vc_single_image image=\u00a0\u00bb904&Prime;][\/vc_column][vc_column width=\u00a0\u00bb1\/2&Prime;][vc_column_text]<\/p>\n<h2 class=\"boc_heading al_left \"><strong>F\u00eates d&rsquo;anniversaire<\/strong><\/h2>\n<div class=\"wpb_text_column wpb_content_element \">\n<div class=\"wpb_wrapper\">\n<p class=\"boc_heading al_left \">Vous esp\u00e9rez offrir \u00e0 votre enfant un anniversaire inoubliable ?<\/p>\n<div class=\"wpb_text_column wpb_content_element \">\n<div class=\"wpb_wrapper\">\n<p>L&rsquo;\u00e9quipe prof<strong>aqua<\/strong>, vous propose de nombreuses activit\u00e9s scientifiques qui sauront tenir vos jeunes en haleine!<\/p>\n<p>Offert en format de 60 minutes, choisissez votre th\u00e9matique pr\u00e9f\u00e9r\u00e9e et laissez notre animateur s\u2019occuper du reste lorsqu&rsquo;il vous rend visite.<\/p>\n<p>L&rsquo;enfant, dont c&rsquo;est l&rsquo;anniversaire recevra \u00e9galement un cadeau scientifique et une carte de notre \u00e9quipe !<\/p>\n<\/div>\n<\/div>\n<\/div>\n<\/div>\n<p>[\/vc_column_text]<a\thref=\"https:\/\/www.profaqua.ca\/fr\/catalogue\/ateliers\/?swoof=1&#038;pa_type-de-service=fete-denfants&#038;really_curr_tax=62-product_cat\" \n\t\t\t\tclass=\"button btn_medium btn_orange btn_rounded btn_normal_style    \"  target='_self'><span>VOIR NOS ATELIERS<\/span><\/a><a\thref=\"https:\/\/www.profaqua.ca\/fr\/fetes-denfants\/\" \n\t\t\t\tclass=\"button btn_medium btn_orange btn_rounded btn_normal_style    \"  target='_self'><span>TARIF <\/span><\/a>[\/vc_column][\/vc_row][vc_row][vc_column width=\u00a0\u00bb1\/2&Prime;][vc_single_image image=\u00a0\u00bb916&Prime;][\/vc_column][vc_column width=\u00a0\u00bb1\/2&Prime;][vc_column_text]<\/p>\n<h2 class=\"boc_heading al_left \"><strong>Spectacles scientifiques<\/strong><\/h2>\n<div class=\"wpb_text_column wpb_content_element \">\n<div class=\"wpb_wrapper\">\n<p class=\"boc_heading al_left \">L&rsquo;occasion de s&rsquo;offrir en spectacle est une sp\u00e9cialit\u00e9 du prof<strong>aqua<\/strong>\u00a0!<\/p>\n<div class=\"wpb_text_column wpb_content_element \">\n<div class=\"wpb_wrapper\">\n<p>Peu importe l&rsquo;\u00e9v\u00e9nement, nous offrons des spectacles amusants et interactifs de 60 minutes. Apportant de bons moments macabres pour Halloween, des exp\u00e9riences amusantes et color\u00e9es fantastiques pendant la p\u00e9riode de No\u00ebl et toujours aussi \u00e9lectrisants dans plusieurs autres circonstances tout au long de l&rsquo;ann\u00e9e!<\/p>\n<\/div>\n<\/div>\n<\/div>\n<\/div>\n<p>[\/vc_column_text]<a\thref=\"https:\/\/www.profaqua.ca\/fr\/catalogue\/spectacles\/\" \n\t\t\t\tclass=\"button btn_medium btn_orange btn_rounded btn_normal_style    \"  target='_self'><span>VOIR NOS SPECTACLES<\/span><\/a><a\thref=\"https:\/\/www.profaqua.ca\/fr\/nos-services\/spectacle-de-science\/\" \n\t\t\t\tclass=\"button btn_medium btn_orange btn_rounded btn_normal_style    \"  target='_self'><span>TARIF<\/span><\/a>[\/vc_column][\/vc_row][vc_row][vc_column width=\u00a0\u00bb1\/2&Prime;][vc_single_image image=\u00a0\u00bb902&Prime;][\/vc_column][vc_column width=\u00a0\u00bb1\/2&Prime;][vc_column_text]<\/p>\n<h2 class=\"boc_heading al_left \"><strong>\u00c9v\u00e9nements d&rsquo;entreprise<\/strong><\/h2>\n<div class=\"wpb_text_column wpb_content_element \">\n<div class=\"wpb_wrapper\">\n<p class=\"boc_heading al_left \">Vous organisez un party de bureau ou une grande f\u00eate d&rsquo;entreprise pour une occasion sp\u00e9ciale et vous aimeriez faire plaisir \u00e0 vos employ\u00e9s en incluant leurs enfants?<\/p>\n<p>Int\u00e9grer la famille dans vos activit\u00e9s! Pendant que les adultes se rassemblent et renforcent leurs liens, nous divertissons les enfants par un spectacle ou des ateliers scientifiques.<\/p>\n<\/div>\n<\/div>\n<p>[\/vc_column_text]<a\thref=\"https:\/\/www.profaqua.ca\/fr\/catalogue\/ateliers\/?swoof=1&#038;pa_type-de-service=evenements-corporatifs&#038;really_curr_tax=62-product_cat\" \n\t\t\t\tclass=\"button btn_medium btn_orange btn_rounded btn_normal_style    \"  target='_self'><span>VOIR NOS ATELIERS<\/span><\/a><a\thref=\"https:\/\/www.profaqua.ca\/fr\/catalogue\/spectacles\/\" \n\t\t\t\tclass=\"button btn_medium btn_orange btn_rounded btn_normal_style    \"  target='_self'><span>VOIR NOS SPECTACLES<\/span><\/a><a\thref=\"https:\/\/www.profaqua.ca\/fr\/nos-services\/evenements-organisationnels\/\" \n\t\t\t\tclass=\"button btn_medium btn_orange btn_rounded btn_normal_style    \"  target='_self'><span>TARIF <\/span><\/a>[\/vc_column][\/vc_row][vc_row][vc_column width=\u00a0\u00bb1\/2&Prime;][vc_single_image image=\u00a0\u00bb900&Prime;][\/vc_column][vc_column width=\u00a0\u00bb1\/2&Prime;][vc_column_text]<\/p>\n<h2 class=\"boc_heading al_left \"><strong>Garderies et CPE<\/strong><\/h2>\n<div class=\"wpb_text_column wpb_content_element \">\n<div class=\"wpb_wrapper\">\n<p class=\"boc_heading al_left \">Vous cherchez \u00e0 offrir \u00e0 vos \u00ab\u00a0pr\u00e9cieux\u00a0\u00bb une activit\u00e9 scientifique ou robotique exceptionnelle ou les fasciner avec de vrais outils scientifiques ?<\/p>\n<div class=\"wpb_text_column wpb_content_element \">\n<div class=\"wpb_wrapper\">\n<p>Prof<strong>aqua<\/strong> propose des ateliers ou des projets cl\u00e9 en main et nos animateurs ont \u00e0 c\u0153ur de divertir les plus petits en les transformant en mini-scientifiques.<\/p>\n<\/div>\n<\/div>\n<\/div>\n<\/div>\n<p>[\/vc_column_text]<a\thref=\"https:\/\/www.profaqua.ca\/fr\/catalogue\/ateliers\/?swoof=1&#038;pa_type-de-service=garderie-et-c-p-e&#038;really_curr_tax=62-product_cat\" \n\t\t\t\tclass=\"button btn_medium btn_orange btn_rounded btn_normal_style    \"  target='_self'><span>VOIR NOS ATELIERS<\/span><\/a><a\thref=\"https:\/\/www.profaqua.ca\/fr\/catalogue\/projets\/?swoof=1&#038;pa_matiere=technologie-de-linformation-et-des-communications&#038;pa_type-de-service=garderie-et-c-p-e\" \n\t\t\t\tclass=\"button btn_medium btn_orange btn_rounded btn_normal_style    \"  target='_self'><span>VOIR NOS PROJETS<\/span><\/a><a\thref=\"https:\/\/www.profaqua.ca\/fr\/nos-services\/garderies-et-c-p-e\/\" \n\t\t\t\tclass=\"button btn_medium btn_orange btn_rounded btn_normal_style    \"  target='_self'><span>TARIF<\/span><\/a>[\/vc_column][\/vc_row][vc_row][vc_column width=\u00a0\u00bb1\/2&Prime;][vc_single_image image=\u00a0\u00bb910&Prime;][\/vc_column][vc_column width=\u00a0\u00bb1\/2&Prime;][vc_column_text]<\/p>\n<h2 class=\"boc_heading al_left \"><strong>Mariages<\/strong><\/h2>\n<div class=\"wpb_text_column wpb_content_element \">\n<div class=\"wpb_wrapper\">\n<p class=\"boc_heading al_left \">Se marier?\u00a0Toutes nos f\u00e9licitations!\u00a0Mais que fait-on des enfants ?<\/p>\n<div class=\"wpb_text_column wpb_content_element \">\n<div class=\"wpb_wrapper\">\n<p>Prof<strong>aqua<\/strong> a la r\u00e9ponse pour une partie de la soir\u00e9e, engagez un professionnel qui sait amuser les enfants.<\/p>\n<p>Un spectacle ou des ateliers scientifiques seront au programme et ils seront adapt\u00e9s en fonction du th\u00e8me que vous aurez choisi.<\/p>\n<p>Laissez-nous prendre soin de vos petits et laissez les grands s&rsquo;amuser en toute s\u00e9r\u00e9nit\u00e9.<\/p>\n<\/div>\n<\/div>\n<\/div>\n<\/div>\n<p>[\/vc_column_text]<a\thref=\"https:\/\/www.profaqua.ca\/fr\/catalogue\/ateliers\/?swoof=1&#038;pa_type-de-service=mariage&#038;really_curr_tax=62-product_cat\" \n\t\t\t\tclass=\"button btn_medium btn_orange btn_rounded btn_normal_style    \"  target='_self'><span>VOIR NOS ATELIERS<\/span><\/a><a\thref=\"https:\/\/www.profaqua.ca\/fr\/catalogue\/spectacles\/\" \n\t\t\t\tclass=\"button btn_medium btn_orange btn_rounded btn_normal_style    \"  target='_self'><span>VOIR NOS SPECTACLES<\/span><\/a><a\thref=\"https:\/\/www.profaqua.ca\/fr\/nos-services\/mariage\/\" \n\t\t\t\tclass=\"button btn_medium btn_orange btn_rounded btn_normal_style    \"  target='_self'><span>TARIF<\/span><\/a>[\/vc_column][\/vc_row][vc_row][vc_column width=\u00a0\u00bb1\/2&Prime;][vc_single_image image=\u00a0\u00bb919&Prime;][\/vc_column][vc_column width=\u00a0\u00bb1\/2&Prime;][vc_column_text]<\/p>\n<h2><strong>Communautaires<\/strong><\/h2>\n<div class=\"wpb_text_column wpb_content_element \">\n<div class=\"wpb_wrapper\">\n<p>Prof<strong>aqua<\/strong> souhaite cr\u00e9er des \u00e9v\u00e8nements o\u00f9 le lien interg\u00e9n\u00e9rationnel sera privil\u00e9gi\u00e9.<\/p>\n<p>En invitant les petits-enfants de votre client\u00e8le, prof<strong>aqua\u00a0<\/strong>propose des ateliers \u00e9nergisants et interactifs favorisant le contact et le partage des connaissances. Que ce soit pour un ou plusieurs ateliers scientifiques, tous saurons trouver du plaisir \u00e0 rencontrer nos animateurs passionn\u00e9s ainsi qu\u2019\u00e0 manipuler le mat\u00e9riel scientifique.<\/p>\n<\/div>\n<\/div>\n<p>[\/vc_column_text]<a\thref=\"https:\/\/www.profaqua.ca\/fr\/catalogue\/ateliers\/?swoof=1&#038;pa_type-de-service=atelier-communautaire\" \n\t\t\t\tclass=\"button btn_medium btn_orange btn_rounded btn_normal_style    \"  target='_self'><span>VOIR NOS ATELIERS<\/span><\/a><a\thref=\"https:\/\/www.profaqua.ca\/fr\/nos-services\/atelier-communautaire-50-ans-et-plus\/\" \n\t\t\t\tclass=\"button btn_medium btn_orange btn_rounded btn_normal_style    \"  target='_self'><span>TARIF <\/span><\/a>[\/vc_column][\/vc_row][vc_row][vc_column width=\u00a0\u00bb1\/2&Prime;][vc_single_image image=\u00a0\u00bb912&Prime;][\/vc_column][vc_column width=\u00a0\u00bb1\/2&Prime;][vc_column_text]<\/p>\n<h2 class=\"boc_heading al_left \"><strong>D\u00e9pouillement d&rsquo;arbre de No\u00ebl<\/strong><\/h2>\n<div class=\"wpb_text_column wpb_content_element \">\n<div class=\"wpb_wrapper\">\n<p>Vous organisez un d\u00e9pouillement d&rsquo;arbre de No\u00ebl dans un cadre familial ou dans une entreprise et vous aimeriez faire plaisir \u00e0 vos \u00eatres chers ou \u00e0 vos employ\u00e9s en leur permettant d\u2019\u00eatre accompagn\u00e9s de leurs enfants?<\/p>\n<p>Et bien, si vous cherchez une id\u00e9e qui sort de l\u2019ordinaire pour divertir les petits comme les grands, prof<strong>aqua<\/strong> est l\u00e0 pour vous proposer des spectacles et des ateliers scientifiques.<\/p>\n<\/div>\n<\/div>\n<p>[\/vc_column_text]<a\thref=\"https:\/\/www.profaqua.ca\/fr\/catalogue\/ateliers\/?swoof=1&#038;pa_type-de-service=party-de-noel&#038;really_curr_tax=62-product_cat\" \n\t\t\t\tclass=\"button btn_medium btn_orange btn_rounded btn_normal_style    \"  target='_self'><span>VOIR NOS ATELIERS<\/span><\/a><a\thref=\"https:\/\/www.profaqua.ca\/fr\/catalogue\/spectacles\/\" \n\t\t\t\tclass=\"button btn_medium btn_orange btn_rounded btn_normal_style    \"  target='_self'><span>VOIR NOS SPECTACLES<\/span><\/a><a\thref=\"https:\/\/www.profaqua.ca\/fr\/nos-services\/party-de-noel\/\" \n\t\t\t\tclass=\"button btn_medium btn_orange btn_rounded btn_normal_style    \"  target='_self'><span>TARIF<\/span><\/a>[\/vc_column][\/vc_row]<\/p>\n","protected":false},"excerpt":{"rendered":"<p>[vc_row][vc_column][vc_column_text] Ces services sont offerts uniquement en Colombie-Britannique, sauf indication contraire. [\/vc_column_text][\/vc_column][\/vc_row][vc_row][vc_column width=\u00a0\u00bb1\/2&Prime;][vc_single_image image=\u00a0\u00bb904&Prime;][\/vc_column][vc_column width=\u00a0\u00bb1\/2&Prime;][vc_column_text] F\u00eates d&rsquo;anniversaire Vous esp\u00e9rez offrir \u00e0 votre enfant un anniversaire inoubliable ? L&rsquo;\u00e9quipe profaqua, vous propose de nombreuses activit\u00e9s scientifiques qui sauront tenir vos jeunes en haleine! Offert en format de 60 minutes, choisissez votre th\u00e9matique pr\u00e9f\u00e9r\u00e9e et laissez notre animateur s\u2019occuper du reste lorsqu&rsquo;il<\/p>\n<div class=\"h10\"><\/div>\n<p><a class=\"more-link1\" href=\"https:\/\/www.profaqua.ca\/fr\/nos-services\/autres-services\/\">Voir plus<\/a><\/p>\n","protected":false},"author":10236,"featured_media":0,"parent":423,"menu_order":2,"comment_status":"closed","ping_status":"closed","template":"","meta":{"footnotes":""},"acf":[],"yoast_head":"<!-- This site is optimized with the Yoast SEO plugin v20.13 - https:\/\/yoast.com\/wordpress\/plugins\/seo\/ -->\n<title>Autres services - Profaqua<\/title>\n<meta name=\"description\" content=\"Ces services sont offerts uniquement en Colombie-Britannique, sauf indication contraire. F\u00eates d&#039;anniversaire Vous esp\u00e9rez offrir \u00e0 votre enfant un\" \/>\n<meta name=\"robots\" content=\"index, follow, max-snippet:-1, max-image-preview:large, max-video-preview:-1\" \/>\n<link rel=\"canonical\" href=\"https:\/\/www.profaqua.ca\/fr\/nos-services\/autres-services\/\" \/>\n<meta property=\"og:locale\" content=\"fr_FR\" \/>\n<meta property=\"og:type\" content=\"article\" \/>\n<meta property=\"og:title\" content=\"Autres services - Profaqua\" \/>\n<meta property=\"og:description\" content=\"Ces services sont offerts uniquement en Colombie-Britannique, sauf indication contraire. F\u00eates d&#039;anniversaire Vous esp\u00e9rez offrir \u00e0 votre enfant un\" \/>\n<meta property=\"og:url\" content=\"https:\/\/www.profaqua.ca\/fr\/nos-services\/autres-services\/\" \/>\n<meta property=\"og:site_name\" content=\"Profaqua\" \/>\n<meta property=\"article:publisher\" content=\"https:\/\/www.facebook.com\/profaqua\/\" \/>\n<meta property=\"article:modified_time\" content=\"2024-09-06T05:28:02+00:00\" \/>\n<meta property=\"og:image\" content=\"https:\/\/www.profaqua.ca\/wp-content\/uploads\/2017\/01\/logo.jpg\" \/>\n\t<meta property=\"og:image:width\" content=\"180\" \/>\n\t<meta property=\"og:image:height\" content=\"59\" \/>\n\t<meta property=\"og:image:type\" content=\"image\/jpeg\" \/>\n<meta name=\"twitter:card\" content=\"summary_large_image\" \/>\n<meta name=\"twitter:label1\" content=\"Dur\u00e9e de lecture estim\u00e9e\" \/>\n\t<meta name=\"twitter:data1\" content=\"3 minutes\" \/>\n<script type=\"application\/ld+json\" class=\"yoast-schema-graph\">{\"@context\":\"https:\/\/schema.org\",\"@graph\":[{\"@type\":\"WebPage\",\"@id\":\"https:\/\/www.profaqua.ca\/fr\/nos-services\/autres-services\/\",\"url\":\"https:\/\/www.profaqua.ca\/fr\/nos-services\/autres-services\/\",\"name\":\"Autres services - Profaqua\",\"isPartOf\":{\"@id\":\"https:\/\/www.profaqua.ca\/fr\/#website\"},\"datePublished\":\"2024-08-16T23:08:38+00:00\",\"dateModified\":\"2024-09-06T05:28:02+00:00\",\"description\":\"Ces services sont offerts uniquement en Colombie-Britannique, sauf indication contraire. F\u00eates d'anniversaire Vous esp\u00e9rez offrir \u00e0 votre enfant un\",\"breadcrumb\":{\"@id\":\"https:\/\/www.profaqua.ca\/fr\/nos-services\/autres-services\/#breadcrumb\"},\"inLanguage\":\"fr-FR\",\"potentialAction\":[{\"@type\":\"ReadAction\",\"target\":[\"https:\/\/www.profaqua.ca\/fr\/nos-services\/autres-services\/\"]}]},{\"@type\":\"BreadcrumbList\",\"@id\":\"https:\/\/www.profaqua.ca\/fr\/nos-services\/autres-services\/#breadcrumb\",\"itemListElement\":[{\"@type\":\"ListItem\",\"position\":1,\"name\":\"Home\",\"item\":\"https:\/\/www.profaqua.ca\/fr\/\"},{\"@type\":\"ListItem\",\"position\":2,\"name\":\"Nos services\",\"item\":\"https:\/\/www.profaqua.ca\/fr\/nos-services\/\"},{\"@type\":\"ListItem\",\"position\":3,\"name\":\"Autres services\"}]},{\"@type\":\"WebSite\",\"@id\":\"https:\/\/www.profaqua.ca\/fr\/#website\",\"url\":\"https:\/\/www.profaqua.ca\/fr\/\",\"name\":\"Profaqua\",\"description\":\"\",\"potentialAction\":[{\"@type\":\"SearchAction\",\"target\":{\"@type\":\"EntryPoint\",\"urlTemplate\":\"https:\/\/www.profaqua.ca\/fr\/?s={search_term_string}\"},\"query-input\":\"required name=search_term_string\"}],\"inLanguage\":\"fr-FR\"}]}<\/script>\n<!-- \/ Yoast SEO plugin. -->","yoast_head_json":{"title":"Autres services - Profaqua","description":"Ces services sont offerts uniquement en Colombie-Britannique, sauf indication contraire. F\u00eates d'anniversaire Vous esp\u00e9rez offrir \u00e0 votre enfant un","robots":{"index":"index","follow":"follow","max-snippet":"max-snippet:-1","max-image-preview":"max-image-preview:large","max-video-preview":"max-video-preview:-1"},"canonical":"https:\/\/www.profaqua.ca\/fr\/nos-services\/autres-services\/","og_locale":"fr_FR","og_type":"article","og_title":"Autres services - Profaqua","og_description":"Ces services sont offerts uniquement en Colombie-Britannique, sauf indication contraire. F\u00eates d'anniversaire Vous esp\u00e9rez offrir \u00e0 votre enfant un","og_url":"https:\/\/www.profaqua.ca\/fr\/nos-services\/autres-services\/","og_site_name":"Profaqua","article_publisher":"https:\/\/www.facebook.com\/profaqua\/","article_modified_time":"2024-09-06T05:28:02+00:00","og_image":[{"width":180,"height":59,"url":"https:\/\/www.profaqua.ca\/wp-content\/uploads\/2017\/01\/logo.jpg","type":"image\/jpeg"}],"twitter_card":"summary_large_image","twitter_misc":{"Dur\u00e9e de lecture estim\u00e9e":"3 minutes"},"schema":{"@context":"https:\/\/schema.org","@graph":[{"@type":"WebPage","@id":"https:\/\/www.profaqua.ca\/fr\/nos-services\/autres-services\/","url":"https:\/\/www.profaqua.ca\/fr\/nos-services\/autres-services\/","name":"Autres services - Profaqua","isPartOf":{"@id":"https:\/\/www.profaqua.ca\/fr\/#website"},"datePublished":"2024-08-16T23:08:38+00:00","dateModified":"2024-09-06T05:28:02+00:00","description":"Ces services sont offerts uniquement en Colombie-Britannique, sauf indication contraire. F\u00eates d'anniversaire Vous esp\u00e9rez offrir \u00e0 votre enfant un","breadcrumb":{"@id":"https:\/\/www.profaqua.ca\/fr\/nos-services\/autres-services\/#breadcrumb"},"inLanguage":"fr-FR","potentialAction":[{"@type":"ReadAction","target":["https:\/\/www.profaqua.ca\/fr\/nos-services\/autres-services\/"]}]},{"@type":"BreadcrumbList","@id":"https:\/\/www.profaqua.ca\/fr\/nos-services\/autres-services\/#breadcrumb","itemListElement":[{"@type":"ListItem","position":1,"name":"Home","item":"https:\/\/www.profaqua.ca\/fr\/"},{"@type":"ListItem","position":2,"name":"Nos services","item":"https:\/\/www.profaqua.ca\/fr\/nos-services\/"},{"@type":"ListItem","position":3,"name":"Autres services"}]},{"@type":"WebSite","@id":"https:\/\/www.profaqua.ca\/fr\/#website","url":"https:\/\/www.profaqua.ca\/fr\/","name":"Profaqua","description":"","potentialAction":[{"@type":"SearchAction","target":{"@type":"EntryPoint","urlTemplate":"https:\/\/www.profaqua.ca\/fr\/?s={search_term_string}"},"query-input":"required name=search_term_string"}],"inLanguage":"fr-FR"}]}},"_links":{"self":[{"href":"https:\/\/www.profaqua.ca\/fr\/wp-json\/wp\/v2\/pages\/33639"}],"collection":[{"href":"https:\/\/www.profaqua.ca\/fr\/wp-json\/wp\/v2\/pages"}],"about":[{"href":"https:\/\/www.profaqua.ca\/fr\/wp-json\/wp\/v2\/types\/page"}],"author":[{"embeddable":true,"href":"https:\/\/www.profaqua.ca\/fr\/wp-json\/wp\/v2\/users\/10236"}],"replies":[{"embeddable":true,"href":"https:\/\/www.profaqua.ca\/fr\/wp-json\/wp\/v2\/comments?post=33639"}],"version-history":[{"count":105,"href":"https:\/\/www.profaqua.ca\/fr\/wp-json\/wp\/v2\/pages\/33639\/revisions"}],"predecessor-version":[{"id":39213,"href":"https:\/\/www.profaqua.ca\/fr\/wp-json\/wp\/v2\/pages\/33639\/revisions\/39213"}],"up":[{"embeddable":true,"href":"https:\/\/www.profaqua.ca\/fr\/wp-json\/wp\/v2\/pages\/423"}],"wp:attachment":[{"href":"https:\/\/www.profaqua.ca\/fr\/wp-json\/wp\/v2\/media?parent=33639"}],"curies":[{"name":"wp","href":"https:\/\/api.w.org\/{rel}","templated":true}]}}