{"id":26988,"date":"2021-08-17T10:32:29","date_gmt":"2021-08-17T15:32:29","guid":{"rendered":"https:\/\/www.profaqua.ca\/?page_id=26988"},"modified":"2021-08-17T14:22:31","modified_gmt":"2021-08-17T19:22:31","slug":"photos-videos","status":"publish","type":"page","link":"https:\/\/www.profaqua.ca\/fr\/photos-videos\/","title":{"rendered":"Nos photos et videos"},"content":{"rendered":"<p>[vc_row][vc_column][vc_column_text]<\/p>\n<div class=\"img_video_year\">\n<p><img decoding=\"async\" src=\"https:\/\/www.profaqua.ca\/wp-content\/themes\/profaqua\/bullet_profaqua.jpg\" \/> <a href=\"https:\/\/www.profaqua.ca\/fr\/?page_id=27001\">\u00c9t\u00e9 2021<\/a><\/p>\n<\/div>\n<div class=\"img_video_year\">\n<p><img decoding=\"async\" src=\"https:\/\/www.profaqua.ca\/wp-content\/themes\/profaqua\/bullet_profaqua.jpg\" \/> <a href=\"https:\/\/www.profaqua.ca\/fr\/?page_id=26996\">\u00c9t\u00e9 2020<\/a><\/p>\n<\/div>\n<div class=\"img_video_year\">\n<p><img decoding=\"async\" src=\"https:\/\/www.profaqua.ca\/wp-content\/themes\/profaqua\/bullet_profaqua.jpg\" \/> <a href=\"https:\/\/www.profaqua.ca\/fr\/photos-videos-2019\/\">\u00c9t\u00e9 2019<\/a><\/p>\n<\/div>\n<p>[\/vc_column_text][\/vc_column][\/vc_row]<\/p>\n","protected":false},"excerpt":{"rendered":"<p>[vc_row][vc_column][vc_column_text] \u00c9t\u00e9 2021 \u00c9t\u00e9 2020 \u00c9t\u00e9 2019 [\/vc_column_text][\/vc_column][\/vc_row]<\/p>\n","protected":false},"author":1,"featured_media":0,"parent":0,"menu_order":0,"comment_status":"closed","ping_status":"closed","template":"","meta":{"footnotes":""},"acf":[],"yoast_head":"<!-- This site is optimized with the Yoast SEO plugin v20.13 - https:\/\/yoast.com\/wordpress\/plugins\/seo\/ -->\n<title>Nos photos et videos - Profaqua<\/title>\n<meta name=\"description\" content=\"\u00c9t\u00e9 2021      \u00c9t\u00e9 2020      \u00c9t\u00e9 2019\" \/>\n<meta name=\"robots\" content=\"index, follow, max-snippet:-1, max-image-preview:large, max-video-preview:-1\" \/>\n<link rel=\"canonical\" href=\"https:\/\/www.profaqua.ca\/fr\/photos-videos\/\" \/>\n<meta property=\"og:locale\" content=\"fr_FR\" \/>\n<meta property=\"og:type\" content=\"article\" \/>\n<meta property=\"og:title\" content=\"Nos photos et videos - Profaqua\" \/>\n<meta property=\"og:description\" content=\"\u00c9t\u00e9 2021      \u00c9t\u00e9 2020      \u00c9t\u00e9 2019\" \/>\n<meta property=\"og:url\" content=\"https:\/\/www.profaqua.ca\/fr\/photos-videos\/\" \/>\n<meta property=\"og:site_name\" content=\"Profaqua\" \/>\n<meta property=\"article:publisher\" content=\"https:\/\/www.facebook.com\/profaqua\/\" \/>\n<meta property=\"article:modified_time\" content=\"2021-08-17T19:22:31+00:00\" \/>\n<meta property=\"og:image\" content=\"https:\/\/www.profaqua.ca\/wp-content\/themes\/profaqua\/bullet_profaqua.jpg\" \/>\n<meta name=\"twitter:card\" content=\"summary_large_image\" \/>\n<meta name=\"twitter:label1\" content=\"Dur\u00e9e de lecture estim\u00e9e\" \/>\n\t<meta name=\"twitter:data1\" content=\"1 minute\" \/>\n<script type=\"application\/ld+json\" class=\"yoast-schema-graph\">{\"@context\":\"https:\/\/schema.org\",\"@graph\":[{\"@type\":\"WebPage\",\"@id\":\"https:\/\/www.profaqua.ca\/fr\/photos-videos\/\",\"url\":\"https:\/\/www.profaqua.ca\/fr\/photos-videos\/\",\"name\":\"Nos photos et videos - Profaqua\",\"isPartOf\":{\"@id\":\"https:\/\/www.profaqua.ca\/fr\/#website\"},\"datePublished\":\"2021-08-17T15:32:29+00:00\",\"dateModified\":\"2021-08-17T19:22:31+00:00\",\"description\":\"\u00c9t\u00e9 2021 \u00c9t\u00e9 2020 \u00c9t\u00e9 2019\",\"breadcrumb\":{\"@id\":\"https:\/\/www.profaqua.ca\/fr\/photos-videos\/#breadcrumb\"},\"inLanguage\":\"fr-FR\",\"potentialAction\":[{\"@type\":\"ReadAction\",\"target\":[\"https:\/\/www.profaqua.ca\/fr\/photos-videos\/\"]}]},{\"@type\":\"BreadcrumbList\",\"@id\":\"https:\/\/www.profaqua.ca\/fr\/photos-videos\/#breadcrumb\",\"itemListElement\":[{\"@type\":\"ListItem\",\"position\":1,\"name\":\"Home\",\"item\":\"https:\/\/www.profaqua.ca\/fr\/\"},{\"@type\":\"ListItem\",\"position\":2,\"name\":\"Nos photos et videos\"}]},{\"@type\":\"WebSite\",\"@id\":\"https:\/\/www.profaqua.ca\/fr\/#website\",\"url\":\"https:\/\/www.profaqua.ca\/fr\/\",\"name\":\"Profaqua\",\"description\":\"\",\"potentialAction\":[{\"@type\":\"SearchAction\",\"target\":{\"@type\":\"EntryPoint\",\"urlTemplate\":\"https:\/\/www.profaqua.ca\/fr\/?s={search_term_string}\"},\"query-input\":\"required name=search_term_string\"}],\"inLanguage\":\"fr-FR\"}]}<\/script>\n<!-- \/ Yoast SEO plugin. -->","yoast_head_json":{"title":"Nos photos et videos - Profaqua","description":"\u00c9t\u00e9 2021      \u00c9t\u00e9 2020      \u00c9t\u00e9 2019","robots":{"index":"index","follow":"follow","max-snippet":"max-snippet:-1","max-image-preview":"max-image-preview:large","max-video-preview":"max-video-preview:-1"},"canonical":"https:\/\/www.profaqua.ca\/fr\/photos-videos\/","og_locale":"fr_FR","og_type":"article","og_title":"Nos photos et videos - Profaqua","og_description":"\u00c9t\u00e9 2021      \u00c9t\u00e9 2020      \u00c9t\u00e9 2019","og_url":"https:\/\/www.profaqua.ca\/fr\/photos-videos\/","og_site_name":"Profaqua","article_publisher":"https:\/\/www.facebook.com\/profaqua\/","article_modified_time":"2021-08-17T19:22:31+00:00","og_image":[{"url":"https:\/\/www.profaqua.ca\/wp-content\/themes\/profaqua\/bullet_profaqua.jpg"}],"twitter_card":"summary_large_image","twitter_misc":{"Dur\u00e9e de lecture estim\u00e9e":"1 minute"},"schema":{"@context":"https:\/\/schema.org","@graph":[{"@type":"WebPage","@id":"https:\/\/www.profaqua.ca\/fr\/photos-videos\/","url":"https:\/\/www.profaqua.ca\/fr\/photos-videos\/","name":"Nos photos et videos - Profaqua","isPartOf":{"@id":"https:\/\/www.profaqua.ca\/fr\/#website"},"datePublished":"2021-08-17T15:32:29+00:00","dateModified":"2021-08-17T19:22:31+00:00","description":"\u00c9t\u00e9 2021 \u00c9t\u00e9 2020 \u00c9t\u00e9 2019","breadcrumb":{"@id":"https:\/\/www.profaqua.ca\/fr\/photos-videos\/#breadcrumb"},"inLanguage":"fr-FR","potentialAction":[{"@type":"ReadAction","target":["https:\/\/www.profaqua.ca\/fr\/photos-videos\/"]}]},{"@type":"BreadcrumbList","@id":"https:\/\/www.profaqua.ca\/fr\/photos-videos\/#breadcrumb","itemListElement":[{"@type":"ListItem","position":1,"name":"Home","item":"https:\/\/www.profaqua.ca\/fr\/"},{"@type":"ListItem","position":2,"name":"Nos photos et videos"}]},{"@type":"WebSite","@id":"https:\/\/www.profaqua.ca\/fr\/#website","url":"https:\/\/www.profaqua.ca\/fr\/","name":"Profaqua","description":"","potentialAction":[{"@type":"SearchAction","target":{"@type":"EntryPoint","urlTemplate":"https:\/\/www.profaqua.ca\/fr\/?s={search_term_string}"},"query-input":"required name=search_term_string"}],"inLanguage":"fr-FR"}]}},"_links":{"self":[{"href":"https:\/\/www.profaqua.ca\/fr\/wp-json\/wp\/v2\/pages\/26988"}],"collection":[{"href":"https:\/\/www.profaqua.ca\/fr\/wp-json\/wp\/v2\/pages"}],"about":[{"href":"https:\/\/www.profaqua.ca\/fr\/wp-json\/wp\/v2\/types\/page"}],"author":[{"embeddable":true,"href":"https:\/\/www.profaqua.ca\/fr\/wp-json\/wp\/v2\/users\/1"}],"replies":[{"embeddable":true,"href":"https:\/\/www.profaqua.ca\/fr\/wp-json\/wp\/v2\/comments?post=26988"}],"version-history":[{"count":2,"href":"https:\/\/www.profaqua.ca\/fr\/wp-json\/wp\/v2\/pages\/26988\/revisions"}],"predecessor-version":[{"id":27012,"href":"https:\/\/www.profaqua.ca\/fr\/wp-json\/wp\/v2\/pages\/26988\/revisions\/27012"}],"wp:attachment":[{"href":"https:\/\/www.profaqua.ca\/fr\/wp-json\/wp\/v2\/media?parent=26988"}],"curies":[{"name":"wp","href":"https:\/\/api.w.org\/{rel}","templated":true}]}}