{"id":184,"date":"2024-08-16T15:38:06","date_gmt":"2024-08-16T20:38:06","guid":{"rendered":"https:\/\/www.profaqua.ca\/?page_id=184\/"},"modified":"2024-09-06T00:52:02","modified_gmt":"2024-09-06T05:52:02","slug":"a-propos","status":"publish","type":"page","link":"https:\/\/www.profaqua.ca\/fr\/a-propos\/","title":{"rendered":"\u00c0 propos de profaqua"},"content":{"rendered":"<p>[vc_row][vc_column width=\u00a0\u00bb1\/2&Prime; css=\u00a0\u00bb.vc_custom_1485967912254{background-image: url(https:\/\/www.profaqua.ca\/wp-content\/uploads\/2017\/02\/pattern-header.png?id=201) !important;}\u00a0\u00bb]<h2 class=\"boc_heading  al_left  \"  style=\"margin-bottom: 20px;margin-top: 0px;color: #333;\"><span>Une entreprise de <strong>vulgarisation scientifique<\/strong> depuis 2000<\/span><\/h2>[vc_column_text]Depuis 2000, nous sommes une entreprise qui se d\u00e9voue \u00e0 transmettre aux jeunes sa passion pour les sciences dans la grande r\u00e9gion de Montr\u00e9al et de la Colombie-Britannique. Notre r\u00e8gle d\u2019or est de donner le go\u00fbt aux jeunes d\u2019en apprendre davantage sur ce domaine.<\/p>\n<p>Nous avons constamment innov\u00e9 ces derni\u00e8res ann\u00e9es avec le d\u00e9veloppement de plus de 50 ateliers et 40 projets.<\/p>\n<p>Nous offrons des ateliers fascinants en deux volets &#8211; vulgarisation scientifique et formation en animation &#8211; o\u00f9 le respect et la participation de tous sont valoris\u00e9s par un encadrement clair, convivial et professionnel.<\/p>\n<p>En plus d\u2019\u00eatre stimulantes, nos activit\u00e9s r\u00e9pondent aux exigences du minist\u00e8re de l\u2019\u00c9ducation du loisir et du Sport en ce qui a trait au volet des sciences et technologies au Qu\u00e9bec et <span style=\"font-weight: 400;\">du minist\u00e8re de l\u2019\u00c9ducation et de la petite enfance de la Colombie-Britannique<\/span>.<\/p>\n<p>Profaqua propose \u00e9galement des camps de jour \u00e0 Montr\u00e9al en partenariat avec le <a href=\"http:\/\/campjour.com\">Camp de jour Excursion Urbaine<\/a>. Au d\u00e9but, l&rsquo;objectif de nos camps \u00e9tait d&rsquo;offrir des programmes scientifiques, mais nous nous sommes \u00e9tendus pour couvrir une vari\u00e9t\u00e9 de sp\u00e9cialit\u00e9s comme la cuisine, l&rsquo;art, les sports et bien plus encore !<\/p>\n<p>Quel que soit le sujet, Profaqua propose toujours des camps ludiques et p\u00e9dagogiques m\u00eame \u00e0 Vancouver![\/vc_column_text][\/vc_column][vc_column width=\u00a0\u00bb1\/2&Prime;][vc_single_image alignment=\u00a0\u00bbright\u00a0\u00bb image=\u00a0\u00bb208&Prime;][\/vc_column][\/vc_row][vc_row][vc_column]<div class=\"boc_divider_holder\"><div class=\"boc_divider  \"  style=\"margin-top: 10px;height: 1px;background: #eeeeee;\"><\/div><\/div>[\/vc_column][\/vc_row][vc_row css=\u00a0\u00bb.vc_custom_1486494565073{margin-bottom: 10px !important;}\u00a0\u00bb][vc_column]<h2 class=\"boc_heading  al_left  \"  style=\"margin-top: 0px;color: #333333;\"><span><strong>L&rsquo;\u00e9quipe<\/strong> de profaqua<\/span><\/h2>[\/vc_column][\/vc_row][vc_row el_class=\u00a0\u00bbrow_img_featured_texts_border\u00a0\u00bb][vc_column width=\u00a0\u00bb1\/2&Prime;][vc_row_inner][vc_column_inner width=\u00a0\u00bb1\/4&Prime;][vc_single_image img_size=\u00a0\u00bblarge\u00a0\u00bb image=\u00a0\u00bb993&Prime;][\/vc_column_inner][vc_column_inner width=\u00a0\u00bb3\/4&Prime;][vc_column_text]<\/p>\n<h2>\u00c9ric Tremblay<\/h2>\n<p>\u00c9ric est tout un personnage! En effet, \u00e0 l&rsquo;automne 2022, il a entrepris un nouveau chapitre passionnant en d\u00e9m\u00e9nageant \u00e0 Vancouver, o\u00f9 il dirige maintenant Profaqua BC inc. Il fait d\u00e9couvrir la science avec un humour qu\u2019il partage avec des gens de tout \u00e2ge dans la belle province de la <span style=\"font-weight: 400;\">Colombie-Britannique<\/span>. Grand comique, il capte l\u2019attention des groupes en un instant et il diffuse le contenu de son animation en mettant de l\u2019avant les connaissances du public.<\/p>\n<p>Fondateur de prof<strong>aqua<\/strong> depuis 2000, il encourage tant les futurs scientifiques que les membres de son \u00e9quipe, \u00e0 avoir confiance en eux, \u00e0 apprendre de leurs erreurs et, surtout, \u00e0 aimer les sciences.[\/vc_column_text][\/vc_column_inner][\/vc_row_inner][\/vc_column][vc_column width=\u00a0\u00bb1\/2&Prime;][vc_row_inner][vc_column_inner width=\u00a0\u00bb1\/4&Prime;][vc_single_image img_size=\u00a0\u00bblarge\u00a0\u00bb image=\u00a0\u00bb34789&Prime;][\/vc_column_inner][vc_column_inner width=\u00a0\u00bb3\/4&Prime;][vc_column_text]<\/p>\n<h2>\u00c9ric Czerniecki<\/h2>\n<p>\u00c9ric, un leader accompli avec plus de 20 ans d&rsquo;exp\u00e9rience dans l&rsquo;industrie des camps, est devenu propri\u00e9taire et directeur de Profaqua QC Inc \u00e0 l&rsquo;automne 2023. Avec un mandat de dix ans en tant que directeur, la capacit\u00e9 exceptionnelle d&rsquo;Eric \u00e0 diriger et \u00e0 g\u00e9rer est \u00e9vidente. Pass\u00e9 ma\u00eetre dans l&rsquo;art de cr\u00e9er des synergies au sein de son \u00e9quipe, il s&rsquo;\u00e9panouit sous pression, assurant une atmosph\u00e8re s\u00e9curitaire et agr\u00e9able pour les enfants gr\u00e2ce \u00e0 ses activit\u00e9s expertement con\u00e7ues. Son h\u00e9ritage en est un d&rsquo;excellence, d&rsquo;innovation et de divertissement.[\/vc_column_text][\/vc_column_inner][\/vc_row_inner][\/vc_column][\/vc_row][vc_row el_class=\u00a0\u00bbrow_img_featured_texts_border\u00a0\u00bb][vc_column width=\u00a0\u00bb1\/2&Prime;][vc_row_inner][vc_column_inner width=\u00a0\u00bb1\/4&Prime;][vc_single_image img_size=\u00a0\u00bblarge\u00a0\u00bb image=\u00a0\u00bb995&Prime;][\/vc_column_inner][vc_column_inner width=\u00a0\u00bb3\/4&Prime;][vc_column_text]<\/p>\n<h2>Goutte d&rsquo;eau<\/h2>\n<p><strong>Savais-tu que la goutte d\u2019eau est notre mascotte?<\/strong><\/p>\n<p>Notre goutte d\u2019eau est une ressource pr\u00e9cieuse. Seulement 2,5 % de toute l\u2019eau pr\u00e9sente sur la plan\u00e8te est de l\u2019eau douce, le reste \u00e9tant de l\u2019eau sal\u00e9e. Plus de 70 % de cette eau douce se trouve dans les calottes glaciaires arctique et antarctique, et presque tout le reste se trouve en eau souterraine, la plupart du temps inaccessible, ou encore sous forme d\u2019humidit\u00e9 dans le sol. Notre goutte d\u2019eau est pr\u00e9sente sous trois \u00e9tats\u00a0: liquide, solide et gazeux.[\/vc_column_text][\/vc_column_inner][\/vc_row_inner][\/vc_column][vc_column width=\u00a0\u00bb1\/2&Prime;][vc_row_inner][vc_column_inner width=\u00a0\u00bb1\/4&Prime;][vc_single_image img_size=\u00a0\u00bblarge\u00a0\u00bb image=\u00a0\u00bb34950&Prime;][\/vc_column_inner][vc_column_inner width=\u00a0\u00bb3\/4&Prime;][vc_column_text]<\/p>\n<h2>H\u00e9b\u00e9<\/h2>\n<p>H\u00e9b\u00e9, la directrice d\u00e9vou\u00e9e des camps, passionn\u00e9e par la cr\u00e9ation d&rsquo;exp\u00e9riences m\u00e9morables. Le parcours de H\u00e9b\u00e9 dans le domaine des camps a d\u00e9but\u00e9 \u00e0 seulement 15 ans, et son engagement l&rsquo;a conduite \u00e0 devenir coordinatrice de camp \u00e0 l&rsquo;\u00e2ge de 19 ans. Avec une d\u00e9cennie d&rsquo;expertise \u00e0 son actif, elle est une v\u00e9ritable passionn\u00e9e des camps. Qu&rsquo;est-ce qui alimente son enthousiasme ? Construire des liens durables avec les familles et observer la croissance des campeurs ann\u00e9e apr\u00e8s ann\u00e9e. Le d\u00e9vouement in\u00e9branlable de H\u00e9b\u00e9 et son v\u00e9ritable amour pour son travail en font un atout inestimable pour le camp scientifique de Profaqua, garantissant que chaque \u00e9t\u00e9 soit rempli d&rsquo;aventures, d&rsquo;apprentissage et de souvenirs pr\u00e9cieux.[\/vc_column_text][\/vc_column_inner][\/vc_row_inner][\/vc_column][\/vc_row]<\/p>\n","protected":false},"excerpt":{"rendered":"<p>[vc_row][vc_column width=\u00a0\u00bb1\/2&Prime; css=\u00a0\u00bb.vc_custom_1485967912254{background-image: url(https:\/\/www.profaqua.ca\/wp-content\/uploads\/2017\/02\/pattern-header.png?id=201) !important;}\u00a0\u00bb][vc_column_text]Depuis 2000, nous sommes une entreprise qui se d\u00e9voue \u00e0 transmettre aux jeunes sa passion pour les sciences dans la grande r\u00e9gion de Montr\u00e9al et de la Colombie-Britannique. Notre r\u00e8gle d\u2019or est de donner le go\u00fbt aux jeunes d\u2019en apprendre davantage sur ce domaine. Nous avons constamment innov\u00e9 ces derni\u00e8res ann\u00e9es avec le d\u00e9veloppement de plus<\/p>\n<div class=\"h10\"><\/div>\n<p><a class=\"more-link1\" href=\"https:\/\/www.profaqua.ca\/fr\/a-propos\/\">Voir plus<\/a><\/p>\n","protected":false},"author":1,"featured_media":0,"parent":0,"menu_order":0,"comment_status":"closed","ping_status":"closed","template":"","meta":{"footnotes":""},"acf":[],"yoast_head":"<!-- This site is optimized with the Yoast SEO plugin v20.13 - https:\/\/yoast.com\/wordpress\/plugins\/seo\/ -->\n<title>\u00c0 propos de profaqua - Profaqua<\/title>\n<meta name=\"description\" content=\"Depuis 2000, nous sommes une entreprise qui se d\u00e9voue \u00e0 transmettre aux jeunes sa passion pour les sciences dans la grande r\u00e9gion de Montr\u00e9al et de la\" \/>\n<meta name=\"robots\" content=\"index, follow, max-snippet:-1, max-image-preview:large, max-video-preview:-1\" \/>\n<link rel=\"canonical\" href=\"https:\/\/www.profaqua.ca\/fr\/a-propos\/\" \/>\n<meta property=\"og:locale\" content=\"fr_FR\" \/>\n<meta property=\"og:type\" content=\"article\" \/>\n<meta property=\"og:title\" content=\"\u00c0 propos de profaqua - Profaqua\" \/>\n<meta property=\"og:description\" content=\"Depuis 2000, nous sommes une entreprise qui se d\u00e9voue \u00e0 transmettre aux jeunes sa passion pour les sciences dans la grande r\u00e9gion de Montr\u00e9al et de la\" \/>\n<meta property=\"og:url\" content=\"https:\/\/www.profaqua.ca\/fr\/a-propos\/\" \/>\n<meta property=\"og:site_name\" content=\"Profaqua\" \/>\n<meta property=\"article:publisher\" content=\"https:\/\/www.facebook.com\/profaqua\/\" \/>\n<meta property=\"article:modified_time\" content=\"2024-09-06T05:52:02+00:00\" \/>\n<meta property=\"og:image\" content=\"https:\/\/www.profaqua.ca\/wp-content\/uploads\/2017\/01\/logo.jpg\" \/>\n\t<meta property=\"og:image:width\" content=\"180\" \/>\n\t<meta property=\"og:image:height\" content=\"59\" \/>\n\t<meta property=\"og:image:type\" content=\"image\/jpeg\" \/>\n<meta name=\"twitter:card\" content=\"summary_large_image\" \/>\n<meta name=\"twitter:label1\" content=\"Dur\u00e9e de lecture estim\u00e9e\" \/>\n\t<meta name=\"twitter:data1\" content=\"4 minutes\" \/>\n<script type=\"application\/ld+json\" class=\"yoast-schema-graph\">{\"@context\":\"https:\/\/schema.org\",\"@graph\":[{\"@type\":\"WebPage\",\"@id\":\"https:\/\/www.profaqua.ca\/fr\/a-propos\/\",\"url\":\"https:\/\/www.profaqua.ca\/fr\/a-propos\/\",\"name\":\"\u00c0 propos de profaqua - Profaqua\",\"isPartOf\":{\"@id\":\"https:\/\/www.profaqua.ca\/fr\/#website\"},\"datePublished\":\"2024-08-16T20:38:06+00:00\",\"dateModified\":\"2024-09-06T05:52:02+00:00\",\"description\":\"Depuis 2000, nous sommes une entreprise qui se d\u00e9voue \u00e0 transmettre aux jeunes sa passion pour les sciences dans la grande r\u00e9gion de Montr\u00e9al et de la\",\"breadcrumb\":{\"@id\":\"https:\/\/www.profaqua.ca\/fr\/a-propos\/#breadcrumb\"},\"inLanguage\":\"fr-FR\",\"potentialAction\":[{\"@type\":\"ReadAction\",\"target\":[\"https:\/\/www.profaqua.ca\/fr\/a-propos\/\"]}]},{\"@type\":\"BreadcrumbList\",\"@id\":\"https:\/\/www.profaqua.ca\/fr\/a-propos\/#breadcrumb\",\"itemListElement\":[{\"@type\":\"ListItem\",\"position\":1,\"name\":\"Home\",\"item\":\"https:\/\/www.profaqua.ca\/fr\/\"},{\"@type\":\"ListItem\",\"position\":2,\"name\":\"\u00c0 propos de profaqua\"}]},{\"@type\":\"WebSite\",\"@id\":\"https:\/\/www.profaqua.ca\/fr\/#website\",\"url\":\"https:\/\/www.profaqua.ca\/fr\/\",\"name\":\"Profaqua\",\"description\":\"\",\"potentialAction\":[{\"@type\":\"SearchAction\",\"target\":{\"@type\":\"EntryPoint\",\"urlTemplate\":\"https:\/\/www.profaqua.ca\/fr\/?s={search_term_string}\"},\"query-input\":\"required name=search_term_string\"}],\"inLanguage\":\"fr-FR\"}]}<\/script>\n<!-- \/ Yoast SEO plugin. -->","yoast_head_json":{"title":"\u00c0 propos de profaqua - Profaqua","description":"Depuis 2000, nous sommes une entreprise qui se d\u00e9voue \u00e0 transmettre aux jeunes sa passion pour les sciences dans la grande r\u00e9gion de Montr\u00e9al et de la","robots":{"index":"index","follow":"follow","max-snippet":"max-snippet:-1","max-image-preview":"max-image-preview:large","max-video-preview":"max-video-preview:-1"},"canonical":"https:\/\/www.profaqua.ca\/fr\/a-propos\/","og_locale":"fr_FR","og_type":"article","og_title":"\u00c0 propos de profaqua - Profaqua","og_description":"Depuis 2000, nous sommes une entreprise qui se d\u00e9voue \u00e0 transmettre aux jeunes sa passion pour les sciences dans la grande r\u00e9gion de Montr\u00e9al et de la","og_url":"https:\/\/www.profaqua.ca\/fr\/a-propos\/","og_site_name":"Profaqua","article_publisher":"https:\/\/www.facebook.com\/profaqua\/","article_modified_time":"2024-09-06T05:52:02+00:00","og_image":[{"width":180,"height":59,"url":"https:\/\/www.profaqua.ca\/wp-content\/uploads\/2017\/01\/logo.jpg","type":"image\/jpeg"}],"twitter_card":"summary_large_image","twitter_misc":{"Dur\u00e9e de lecture estim\u00e9e":"4 minutes"},"schema":{"@context":"https:\/\/schema.org","@graph":[{"@type":"WebPage","@id":"https:\/\/www.profaqua.ca\/fr\/a-propos\/","url":"https:\/\/www.profaqua.ca\/fr\/a-propos\/","name":"\u00c0 propos de profaqua - Profaqua","isPartOf":{"@id":"https:\/\/www.profaqua.ca\/fr\/#website"},"datePublished":"2024-08-16T20:38:06+00:00","dateModified":"2024-09-06T05:52:02+00:00","description":"Depuis 2000, nous sommes une entreprise qui se d\u00e9voue \u00e0 transmettre aux jeunes sa passion pour les sciences dans la grande r\u00e9gion de Montr\u00e9al et de la","breadcrumb":{"@id":"https:\/\/www.profaqua.ca\/fr\/a-propos\/#breadcrumb"},"inLanguage":"fr-FR","potentialAction":[{"@type":"ReadAction","target":["https:\/\/www.profaqua.ca\/fr\/a-propos\/"]}]},{"@type":"BreadcrumbList","@id":"https:\/\/www.profaqua.ca\/fr\/a-propos\/#breadcrumb","itemListElement":[{"@type":"ListItem","position":1,"name":"Home","item":"https:\/\/www.profaqua.ca\/fr\/"},{"@type":"ListItem","position":2,"name":"\u00c0 propos de profaqua"}]},{"@type":"WebSite","@id":"https:\/\/www.profaqua.ca\/fr\/#website","url":"https:\/\/www.profaqua.ca\/fr\/","name":"Profaqua","description":"","potentialAction":[{"@type":"SearchAction","target":{"@type":"EntryPoint","urlTemplate":"https:\/\/www.profaqua.ca\/fr\/?s={search_term_string}"},"query-input":"required name=search_term_string"}],"inLanguage":"fr-FR"}]}},"_links":{"self":[{"href":"https:\/\/www.profaqua.ca\/fr\/wp-json\/wp\/v2\/pages\/184"}],"collection":[{"href":"https:\/\/www.profaqua.ca\/fr\/wp-json\/wp\/v2\/pages"}],"about":[{"href":"https:\/\/www.profaqua.ca\/fr\/wp-json\/wp\/v2\/types\/page"}],"author":[{"embeddable":true,"href":"https:\/\/www.profaqua.ca\/fr\/wp-json\/wp\/v2\/users\/1"}],"replies":[{"embeddable":true,"href":"https:\/\/www.profaqua.ca\/fr\/wp-json\/wp\/v2\/comments?post=184"}],"version-history":[{"count":56,"href":"https:\/\/www.profaqua.ca\/fr\/wp-json\/wp\/v2\/pages\/184\/revisions"}],"predecessor-version":[{"id":39217,"href":"https:\/\/www.profaqua.ca\/fr\/wp-json\/wp\/v2\/pages\/184\/revisions\/39217"}],"wp:attachment":[{"href":"https:\/\/www.profaqua.ca\/fr\/wp-json\/wp\/v2\/media?parent=184"}],"curies":[{"name":"wp","href":"https:\/\/api.w.org\/{rel}","templated":true}]}}