{"id":1475,"date":"2024-08-16T18:02:59","date_gmt":"2024-08-16T23:02:59","guid":{"rendered":"https:\/\/www.profaqua.ca\/nos-services\/fetes-denfants\/"},"modified":"2024-09-06T00:21:17","modified_gmt":"2024-09-06T05:21:17","slug":"fetes-denfants","status":"publish","type":"page","link":"https:\/\/www.profaqua.ca\/fr\/fetes-denfants\/","title":{"rendered":"F\u00eates d&rsquo;anniversaire"},"content":{"rendered":"<p>[vc_row][vc_column][vc_column_text]<\/p>\n<p>&nbsp;<\/p>\n<p>&nbsp;<\/p>\n<p>[\/vc_column_text][vc_column_text]<\/p>\n<h3 style=\"text-align: center;\">Ce service est offert uniquement en <strong>Colombie-Britannique<\/strong>, sauf indication contraire.<\/h3>\n<p>[\/vc_column_text]<div class=\"boc_divider_holder\"><div class=\"boc_divider  \"  style=\"margin-top: 20px;margin-bottom: 20px;height: 1px;background: #eeeeee;\"><\/div><\/div>[\/vc_column][\/vc_row][vc_row][vc_column width=\u00a0\u00bb1\/2&Prime; css=\u00a0\u00bb.vc_custom_1485967912254{background-image: url(https:\/\/www.profaqua.ca\/wp-content\/uploads\/2017\/02\/pattern-header.png?id=201) !important;}\u00a0\u00bb][vc_single_image image=\u00a0\u00bb904&Prime;][\/vc_column][vc_column width=\u00a0\u00bb1\/2&Prime;]<h2 class=\"boc_heading  al_left  \"  style=\"margin-bottom: 20px;margin-top: 0px;color: #dd9933;\"><span><strong>Vous aimeriez avoir l\u2019occasion d\u2019offrir \u00e0 votre enfant un anniversaire inoubliable?<\/strong><\/span><\/h2>[vc_column_text]L\u2019\u00e9quipe de profaqua, vous propose de nombreuses activit\u00e9s scientifiques qui sauront tenir vos jeunes en haleine!<\/p>\n<p>Offert en format de 60 minutes, choisissez votre th\u00e9matique pr\u00e9f\u00e9r\u00e9e et laissez notre animateur s\u2019occuper du reste lorsqu\u2019il vous rend visite.<\/p>\n<p>L\u2019enfant, dont c\u2019est l\u2019anniversaire recevra \u00e9galement un cadeau scientifique et une carte de notre \u00e9quipe ![\/vc_column_text]<h2 class=\"boc_heading  al_left  \"  style=\"margin-bottom: 20px;margin-top: 0px;color: #dd9933;\"><span><strong>Frais pour une f\u00eate d&rsquo;anniversaire<\/strong><\/span><\/h2>[vc_column_text]<\/p>\n<ul>\n<li>Atelier de\u00a0<strong>60 minutes<\/strong>: \u00c0 partir de <strong>300$<\/strong><\/li>\n<\/ul>\n<p>NOTE: \u00c7a inclut un cadeau scientifique et une carte de notre \u00e9quipe ![\/vc_column_text]<h2 class=\"boc_heading  al_left  \"  style=\"margin-bottom: 20px;margin-top: 0px;color: #dd9933;\"><span><strong>Frais suppl\u00e9mentaires<\/strong><\/span><\/h2>[vc_column_text]<\/p>\n<ul>\n<li>Frais de d\u00e9placement: un minimum de\u00a0<strong>25$ plus 0.90 $<\/strong>\u00a0par kilom\u00e8tre entre nos bureaux et le lieu de l\u2019animation (aller-retour).<\/li>\n<li>Frais suppl\u00e9mentaires sur les produits p\u00e9rissables, qui peuvent s\u2019appliquer sur quelques ateliers. L\u2019information se retrouvera sur le produit choisi.<\/li>\n<li>Ajoutez les taxes (GST et PST)<\/li>\n<\/ul>\n<p>[\/vc_column_text]<a\thref=\"https:\/\/www.profaqua.ca\/fr\/catalogue\/ateliers\/?swoof=1&#038;pa_type-de-service=fete-denfants&#038;really_curr_tax=62-product_cat\" \n\t\t\t\tclass=\"button btn_large_stretched btn_orange btn_rounded btn_normal_style    \"  target='_self'><span>VOIR NOS ATELIERS<\/span><\/a>[\/vc_column][\/vc_row]<\/p>\n","protected":false},"excerpt":{"rendered":"<p>[vc_row][vc_column][vc_column_text] &nbsp; &nbsp; [\/vc_column_text][vc_column_text] Ce service est offert uniquement en Colombie-Britannique, sauf indication contraire. [\/vc_column_text][\/vc_column][\/vc_row][vc_row][vc_column width=\u00a0\u00bb1\/2&Prime; css=\u00a0\u00bb.vc_custom_1485967912254{background-image: url(https:\/\/www.profaqua.ca\/wp-content\/uploads\/2017\/02\/pattern-header.png?id=201) !important;}\u00a0\u00bb][vc_single_image image=\u00a0\u00bb904&Prime;][\/vc_column][vc_column width=\u00a0\u00bb1\/2&Prime;][vc_column_text]L\u2019\u00e9quipe de profaqua, vous propose de nombreuses activit\u00e9s scientifiques qui sauront tenir vos jeunes en haleine! Offert en format de 60 minutes, choisissez votre th\u00e9matique pr\u00e9f\u00e9r\u00e9e et laissez notre animateur s\u2019occuper du reste lorsqu\u2019il vous rend visite. L\u2019enfant, dont c\u2019est<\/p>\n<div class=\"h10\"><\/div>\n<p><a class=\"more-link1\" href=\"https:\/\/www.profaqua.ca\/fr\/fetes-denfants\/\">Voir plus<\/a><\/p>\n","protected":false},"author":1,"featured_media":0,"parent":0,"menu_order":0,"comment_status":"closed","ping_status":"closed","template":"","meta":{"footnotes":""},"acf":[],"yoast_head":"<!-- This site is optimized with the Yoast SEO plugin v20.13 - https:\/\/yoast.com\/wordpress\/plugins\/seo\/ -->\n<title>F\u00eates d&#039;anniversaire - Profaqua<\/title>\n<meta name=\"description\" content=\"Vous aimeriez avoir l\u2019occasion d\u2019offrir \u00e0 votre enfant un anniversaire inoubliable? Choisissez votre th\u00e9matique pr\u00e9f\u00e9r\u00e9e. Cadeau scientifique inclut\" \/>\n<meta name=\"robots\" content=\"index, follow, max-snippet:-1, max-image-preview:large, max-video-preview:-1\" \/>\n<link rel=\"canonical\" href=\"https:\/\/www.profaqua.ca\/fr\/fetes-denfants\/\" \/>\n<meta property=\"og:locale\" content=\"fr_FR\" \/>\n<meta property=\"og:type\" content=\"article\" \/>\n<meta property=\"og:title\" content=\"F\u00eates d&#039;anniversaire - Profaqua\" \/>\n<meta property=\"og:description\" content=\"Vous aimeriez avoir l\u2019occasion d\u2019offrir \u00e0 votre enfant un anniversaire inoubliable? Choisissez votre th\u00e9matique pr\u00e9f\u00e9r\u00e9e. Cadeau scientifique inclut\" \/>\n<meta property=\"og:url\" content=\"https:\/\/www.profaqua.ca\/fr\/fetes-denfants\/\" \/>\n<meta property=\"og:site_name\" content=\"Profaqua\" \/>\n<meta property=\"article:publisher\" content=\"https:\/\/www.facebook.com\/profaqua\/\" \/>\n<meta property=\"article:modified_time\" content=\"2024-09-06T05:21:17+00:00\" \/>\n<meta property=\"og:image\" content=\"https:\/\/www.profaqua.ca\/wp-content\/uploads\/2017\/01\/logo.jpg\" \/>\n\t<meta property=\"og:image:width\" content=\"180\" \/>\n\t<meta property=\"og:image:height\" content=\"59\" \/>\n\t<meta property=\"og:image:type\" content=\"image\/jpeg\" \/>\n<meta name=\"twitter:card\" content=\"summary_large_image\" \/>\n<meta name=\"twitter:label1\" content=\"Dur\u00e9e de lecture estim\u00e9e\" \/>\n\t<meta name=\"twitter:data1\" content=\"1 minute\" \/>\n<script type=\"application\/ld+json\" class=\"yoast-schema-graph\">{\"@context\":\"https:\/\/schema.org\",\"@graph\":[{\"@type\":\"WebPage\",\"@id\":\"https:\/\/www.profaqua.ca\/fr\/fetes-denfants\/\",\"url\":\"https:\/\/www.profaqua.ca\/fr\/fetes-denfants\/\",\"name\":\"F\u00eates d'anniversaire - Profaqua\",\"isPartOf\":{\"@id\":\"https:\/\/www.profaqua.ca\/fr\/#website\"},\"datePublished\":\"2024-08-16T23:02:59+00:00\",\"dateModified\":\"2024-09-06T05:21:17+00:00\",\"description\":\"Vous aimeriez avoir l\u2019occasion d\u2019offrir \u00e0 votre enfant un anniversaire inoubliable? Choisissez votre th\u00e9matique pr\u00e9f\u00e9r\u00e9e. Cadeau scientifique inclut\",\"breadcrumb\":{\"@id\":\"https:\/\/www.profaqua.ca\/fr\/fetes-denfants\/#breadcrumb\"},\"inLanguage\":\"fr-FR\",\"potentialAction\":[{\"@type\":\"ReadAction\",\"target\":[\"https:\/\/www.profaqua.ca\/fr\/fetes-denfants\/\"]}]},{\"@type\":\"BreadcrumbList\",\"@id\":\"https:\/\/www.profaqua.ca\/fr\/fetes-denfants\/#breadcrumb\",\"itemListElement\":[{\"@type\":\"ListItem\",\"position\":1,\"name\":\"Home\",\"item\":\"https:\/\/www.profaqua.ca\/fr\/\"},{\"@type\":\"ListItem\",\"position\":2,\"name\":\"F\u00eates d&rsquo;anniversaire\"}]},{\"@type\":\"WebSite\",\"@id\":\"https:\/\/www.profaqua.ca\/fr\/#website\",\"url\":\"https:\/\/www.profaqua.ca\/fr\/\",\"name\":\"Profaqua\",\"description\":\"\",\"potentialAction\":[{\"@type\":\"SearchAction\",\"target\":{\"@type\":\"EntryPoint\",\"urlTemplate\":\"https:\/\/www.profaqua.ca\/fr\/?s={search_term_string}\"},\"query-input\":\"required name=search_term_string\"}],\"inLanguage\":\"fr-FR\"}]}<\/script>\n<!-- \/ Yoast SEO plugin. -->","yoast_head_json":{"title":"F\u00eates d'anniversaire - Profaqua","description":"Vous aimeriez avoir l\u2019occasion d\u2019offrir \u00e0 votre enfant un anniversaire inoubliable? Choisissez votre th\u00e9matique pr\u00e9f\u00e9r\u00e9e. Cadeau scientifique inclut","robots":{"index":"index","follow":"follow","max-snippet":"max-snippet:-1","max-image-preview":"max-image-preview:large","max-video-preview":"max-video-preview:-1"},"canonical":"https:\/\/www.profaqua.ca\/fr\/fetes-denfants\/","og_locale":"fr_FR","og_type":"article","og_title":"F\u00eates d'anniversaire - Profaqua","og_description":"Vous aimeriez avoir l\u2019occasion d\u2019offrir \u00e0 votre enfant un anniversaire inoubliable? Choisissez votre th\u00e9matique pr\u00e9f\u00e9r\u00e9e. Cadeau scientifique inclut","og_url":"https:\/\/www.profaqua.ca\/fr\/fetes-denfants\/","og_site_name":"Profaqua","article_publisher":"https:\/\/www.facebook.com\/profaqua\/","article_modified_time":"2024-09-06T05:21:17+00:00","og_image":[{"width":180,"height":59,"url":"https:\/\/www.profaqua.ca\/wp-content\/uploads\/2017\/01\/logo.jpg","type":"image\/jpeg"}],"twitter_card":"summary_large_image","twitter_misc":{"Dur\u00e9e de lecture estim\u00e9e":"1 minute"},"schema":{"@context":"https:\/\/schema.org","@graph":[{"@type":"WebPage","@id":"https:\/\/www.profaqua.ca\/fr\/fetes-denfants\/","url":"https:\/\/www.profaqua.ca\/fr\/fetes-denfants\/","name":"F\u00eates d'anniversaire - Profaqua","isPartOf":{"@id":"https:\/\/www.profaqua.ca\/fr\/#website"},"datePublished":"2024-08-16T23:02:59+00:00","dateModified":"2024-09-06T05:21:17+00:00","description":"Vous aimeriez avoir l\u2019occasion d\u2019offrir \u00e0 votre enfant un anniversaire inoubliable? Choisissez votre th\u00e9matique pr\u00e9f\u00e9r\u00e9e. Cadeau scientifique inclut","breadcrumb":{"@id":"https:\/\/www.profaqua.ca\/fr\/fetes-denfants\/#breadcrumb"},"inLanguage":"fr-FR","potentialAction":[{"@type":"ReadAction","target":["https:\/\/www.profaqua.ca\/fr\/fetes-denfants\/"]}]},{"@type":"BreadcrumbList","@id":"https:\/\/www.profaqua.ca\/fr\/fetes-denfants\/#breadcrumb","itemListElement":[{"@type":"ListItem","position":1,"name":"Home","item":"https:\/\/www.profaqua.ca\/fr\/"},{"@type":"ListItem","position":2,"name":"F\u00eates d&rsquo;anniversaire"}]},{"@type":"WebSite","@id":"https:\/\/www.profaqua.ca\/fr\/#website","url":"https:\/\/www.profaqua.ca\/fr\/","name":"Profaqua","description":"","potentialAction":[{"@type":"SearchAction","target":{"@type":"EntryPoint","urlTemplate":"https:\/\/www.profaqua.ca\/fr\/?s={search_term_string}"},"query-input":"required name=search_term_string"}],"inLanguage":"fr-FR"}]}},"_links":{"self":[{"href":"https:\/\/www.profaqua.ca\/fr\/wp-json\/wp\/v2\/pages\/1475"}],"collection":[{"href":"https:\/\/www.profaqua.ca\/fr\/wp-json\/wp\/v2\/pages"}],"about":[{"href":"https:\/\/www.profaqua.ca\/fr\/wp-json\/wp\/v2\/types\/page"}],"author":[{"embeddable":true,"href":"https:\/\/www.profaqua.ca\/fr\/wp-json\/wp\/v2\/users\/1"}],"replies":[{"embeddable":true,"href":"https:\/\/www.profaqua.ca\/fr\/wp-json\/wp\/v2\/comments?post=1475"}],"version-history":[{"count":34,"href":"https:\/\/www.profaqua.ca\/fr\/wp-json\/wp\/v2\/pages\/1475\/revisions"}],"predecessor-version":[{"id":39206,"href":"https:\/\/www.profaqua.ca\/fr\/wp-json\/wp\/v2\/pages\/1475\/revisions\/39206"}],"wp:attachment":[{"href":"https:\/\/www.profaqua.ca\/fr\/wp-json\/wp\/v2\/media?parent=1475"}],"curies":[{"name":"wp","href":"https:\/\/api.w.org\/{rel}","templated":true}]}}