{"id":14201,"date":"2024-08-16T15:56:53","date_gmt":"2024-08-16T20:56:53","guid":{"rendered":"https:\/\/www.profaqua.ca\/?page_id=14201"},"modified":"2024-08-16T17:46:14","modified_gmt":"2024-08-16T22:46:14","slug":"informations-mesures-de-securite-covid-19","status":"publish","type":"page","link":"https:\/\/www.profaqua.ca\/fr\/informations-mesures-de-securite-covid-19\/","title":{"rendered":"Informations sur les mesures de s\u00e9curit\u00e9 li\u00e9es \u00e0 la COVID-19 en classe"},"content":{"rendered":"<p>[vc_row][vc_column][vc_column_text]\u00c0 la lumi\u00e8re des d\u00e9veloppements concernant le coronavirus (COVID-19), nous tenons \u00e0 vous informer des mesures prises par prof<strong>aqua\u00a0<\/strong>afin de garantir la s\u00e9curit\u00e9 du personnel et des participants.<\/p>\n<h2>Mesures g\u00e9n\u00e9rales de protection<\/h2>\n<h3>Adoption de comportements s\u00e9curitaires :<\/h3>\n<ul>\n<li>Les jeunes et les membres du personnel de l\u2019\u00e9tablissement doivent respecter les consignes sanitaires en contexte de pand\u00e9mie en tout temps.<\/li>\n<li>Maximum de cinq (5) groupes par visite pour les ateliers d\u2019une dur\u00e9e de 60 minutes<\/li>\n<li>Maximum de quatre (4) groupes par visite pour les ateliers d\u2019une dur\u00e9e 75 minutes<\/li>\n<li>Maximum de trois (3) groupes par visite pour les ateliers d\u2019une dur\u00e9e de 90 minutes.<\/li>\n<li>L\u2019atelier sera donn\u00e9 dans le local de chaque groupe.<\/li>\n<\/ul>\n<h3>Distanciation physique\u00a0:<\/h3>\n<ul>\n<li>Puisque les milieux scolaires sont consid\u00e9r\u00e9s comme des milieux mixtes o\u00f9 se c\u00f4toient des jeunes et des travailleurs, la distanciation physique entre l\u2019animateur et les participants devra y \u00eatre maintenue.<\/li>\n<li>Aucun jumelage entre deux diff\u00e9rents groupes ne sera autoris\u00e9.<\/li>\n<\/ul>\n<h3>Signalisation des locaux\u00a0:<\/h3>\n<ul>\n<li>Des rep\u00e8res visuels permettant de respecter la norme de distanciation physique entre les participants et l\u2019animateur seront\u00a0utilis\u00e9s lors des ateliers.<\/li>\n<\/ul>\n<h3>Mesures d\u2019hygi\u00e8ne et de salubrit\u00e9\u00a0:<\/h3>\n<ul>\n<li>Les jeunes doivent se laver les mains au d\u00e9but et \u00e0 la fin de chaque atelier.<\/li>\n<\/ul>\n<p>Nous sommes en constante \u00e9valuation de la situation afin de mettre en place les meilleures pratiques et, au besoin, nous nous r\u00e9f\u00e9rerons aussi aux autorit\u00e9s de la Sant\u00e9 publique afin de suivre avec rigueur les protocoles recommand\u00e9s.<\/p>\n<p>Soyez assur\u00e9s que si des changements \u00e0 nos proc\u00e9dures en mati\u00e8re de soins de sant\u00e9 d\u00e9j\u00e0 en place devaient \u00eatre requis, nous serons prompts \u00e0 les implanter.<\/p>\n<p>Dans l\u2019attente de vous servir, nous esp\u00e9rons que ces informations vous auront \u00e9t\u00e9 utiles. N\u2019h\u00e9sitez pas \u00e0 nous contacter si vous avez d\u2019autres questions ou souhaitez obtenir des pr\u00e9cisions sur la nature des mesures et actions pr\u00e9ventives mises en place.[\/vc_column_text][vc_column_text]Date de modification : Septembre 2024[\/vc_column_text][\/vc_column][\/vc_row]<\/p>\n","protected":false},"excerpt":{"rendered":"<p>[vc_row][vc_column][vc_column_text]\u00c0 la lumi\u00e8re des d\u00e9veloppements concernant le coronavirus (COVID-19), nous tenons \u00e0 vous informer des mesures prises par profaqua\u00a0afin de garantir la s\u00e9curit\u00e9 du personnel et des participants. Mesures g\u00e9n\u00e9rales de protection Adoption de comportements s\u00e9curitaires : Les jeunes et les membres du personnel de l\u2019\u00e9tablissement doivent respecter les consignes sanitaires en contexte de pand\u00e9mie en tout temps. Maximum de<\/p>\n<div class=\"h10\"><\/div>\n<p><a class=\"more-link1\" href=\"https:\/\/www.profaqua.ca\/fr\/informations-mesures-de-securite-covid-19\/\">Voir plus<\/a><\/p>\n","protected":false},"author":1,"featured_media":0,"parent":0,"menu_order":0,"comment_status":"closed","ping_status":"closed","template":"","meta":{"footnotes":""},"acf":[],"yoast_head":"<!-- This site is optimized with the Yoast SEO plugin v20.13 - https:\/\/yoast.com\/wordpress\/plugins\/seo\/ -->\n<title>Informations sur les mesures de s\u00e9curit\u00e9 li\u00e9es \u00e0 la COVID-19 en classe - Profaqua<\/title>\n<meta name=\"description\" content=\"\u00c0 la lumi\u00e8re des d\u00e9veloppements concernant le coronavirus (COVID-19), nous tenons \u00e0 vous informer des mesures prises par profaqua\u00a0afin de garantir la\" \/>\n<meta name=\"robots\" content=\"index, follow, max-snippet:-1, max-image-preview:large, max-video-preview:-1\" \/>\n<link rel=\"canonical\" href=\"https:\/\/www.profaqua.ca\/fr\/informations-mesures-de-securite-covid-19\/\" \/>\n<meta property=\"og:locale\" content=\"fr_FR\" \/>\n<meta property=\"og:type\" content=\"article\" \/>\n<meta property=\"og:title\" content=\"Informations sur les mesures de s\u00e9curit\u00e9 li\u00e9es \u00e0 la COVID-19 en classe - Profaqua\" \/>\n<meta property=\"og:description\" content=\"\u00c0 la lumi\u00e8re des d\u00e9veloppements concernant le coronavirus (COVID-19), nous tenons \u00e0 vous informer des mesures prises par profaqua\u00a0afin de garantir la\" \/>\n<meta property=\"og:url\" content=\"https:\/\/www.profaqua.ca\/fr\/informations-mesures-de-securite-covid-19\/\" \/>\n<meta property=\"og:site_name\" content=\"Profaqua\" \/>\n<meta property=\"article:publisher\" content=\"https:\/\/www.facebook.com\/profaqua\/\" \/>\n<meta property=\"article:modified_time\" content=\"2024-08-16T22:46:14+00:00\" \/>\n<meta property=\"og:image\" content=\"https:\/\/www.profaqua.ca\/wp-content\/uploads\/2017\/01\/logo.jpg\" \/>\n\t<meta property=\"og:image:width\" content=\"180\" \/>\n\t<meta property=\"og:image:height\" content=\"59\" \/>\n\t<meta property=\"og:image:type\" content=\"image\/jpeg\" \/>\n<meta name=\"twitter:card\" content=\"summary_large_image\" \/>\n<meta name=\"twitter:label1\" content=\"Dur\u00e9e de lecture estim\u00e9e\" \/>\n\t<meta name=\"twitter:data1\" content=\"2 minutes\" \/>\n<script type=\"application\/ld+json\" class=\"yoast-schema-graph\">{\"@context\":\"https:\/\/schema.org\",\"@graph\":[{\"@type\":\"WebPage\",\"@id\":\"https:\/\/www.profaqua.ca\/fr\/informations-mesures-de-securite-covid-19\/\",\"url\":\"https:\/\/www.profaqua.ca\/fr\/informations-mesures-de-securite-covid-19\/\",\"name\":\"Informations sur les mesures de s\u00e9curit\u00e9 li\u00e9es \u00e0 la COVID-19 en classe - Profaqua\",\"isPartOf\":{\"@id\":\"https:\/\/www.profaqua.ca\/fr\/#website\"},\"datePublished\":\"2024-08-16T20:56:53+00:00\",\"dateModified\":\"2024-08-16T22:46:14+00:00\",\"description\":\"\u00c0 la lumi\u00e8re des d\u00e9veloppements concernant le coronavirus (COVID-19), nous tenons \u00e0 vous informer des mesures prises par profaqua\u00a0afin de garantir la\",\"breadcrumb\":{\"@id\":\"https:\/\/www.profaqua.ca\/fr\/informations-mesures-de-securite-covid-19\/#breadcrumb\"},\"inLanguage\":\"fr-FR\",\"potentialAction\":[{\"@type\":\"ReadAction\",\"target\":[\"https:\/\/www.profaqua.ca\/fr\/informations-mesures-de-securite-covid-19\/\"]}]},{\"@type\":\"BreadcrumbList\",\"@id\":\"https:\/\/www.profaqua.ca\/fr\/informations-mesures-de-securite-covid-19\/#breadcrumb\",\"itemListElement\":[{\"@type\":\"ListItem\",\"position\":1,\"name\":\"Home\",\"item\":\"https:\/\/www.profaqua.ca\/fr\/\"},{\"@type\":\"ListItem\",\"position\":2,\"name\":\"Informations sur les mesures de s\u00e9curit\u00e9 li\u00e9es \u00e0 la COVID-19 en classe\"}]},{\"@type\":\"WebSite\",\"@id\":\"https:\/\/www.profaqua.ca\/fr\/#website\",\"url\":\"https:\/\/www.profaqua.ca\/fr\/\",\"name\":\"Profaqua\",\"description\":\"\",\"potentialAction\":[{\"@type\":\"SearchAction\",\"target\":{\"@type\":\"EntryPoint\",\"urlTemplate\":\"https:\/\/www.profaqua.ca\/fr\/?s={search_term_string}\"},\"query-input\":\"required name=search_term_string\"}],\"inLanguage\":\"fr-FR\"}]}<\/script>\n<!-- \/ Yoast SEO plugin. -->","yoast_head_json":{"title":"Informations sur les mesures de s\u00e9curit\u00e9 li\u00e9es \u00e0 la COVID-19 en classe - Profaqua","description":"\u00c0 la lumi\u00e8re des d\u00e9veloppements concernant le coronavirus (COVID-19), nous tenons \u00e0 vous informer des mesures prises par profaqua\u00a0afin de garantir la","robots":{"index":"index","follow":"follow","max-snippet":"max-snippet:-1","max-image-preview":"max-image-preview:large","max-video-preview":"max-video-preview:-1"},"canonical":"https:\/\/www.profaqua.ca\/fr\/informations-mesures-de-securite-covid-19\/","og_locale":"fr_FR","og_type":"article","og_title":"Informations sur les mesures de s\u00e9curit\u00e9 li\u00e9es \u00e0 la COVID-19 en classe - Profaqua","og_description":"\u00c0 la lumi\u00e8re des d\u00e9veloppements concernant le coronavirus (COVID-19), nous tenons \u00e0 vous informer des mesures prises par profaqua\u00a0afin de garantir la","og_url":"https:\/\/www.profaqua.ca\/fr\/informations-mesures-de-securite-covid-19\/","og_site_name":"Profaqua","article_publisher":"https:\/\/www.facebook.com\/profaqua\/","article_modified_time":"2024-08-16T22:46:14+00:00","og_image":[{"width":180,"height":59,"url":"https:\/\/www.profaqua.ca\/wp-content\/uploads\/2017\/01\/logo.jpg","type":"image\/jpeg"}],"twitter_card":"summary_large_image","twitter_misc":{"Dur\u00e9e de lecture estim\u00e9e":"2 minutes"},"schema":{"@context":"https:\/\/schema.org","@graph":[{"@type":"WebPage","@id":"https:\/\/www.profaqua.ca\/fr\/informations-mesures-de-securite-covid-19\/","url":"https:\/\/www.profaqua.ca\/fr\/informations-mesures-de-securite-covid-19\/","name":"Informations sur les mesures de s\u00e9curit\u00e9 li\u00e9es \u00e0 la COVID-19 en classe - Profaqua","isPartOf":{"@id":"https:\/\/www.profaqua.ca\/fr\/#website"},"datePublished":"2024-08-16T20:56:53+00:00","dateModified":"2024-08-16T22:46:14+00:00","description":"\u00c0 la lumi\u00e8re des d\u00e9veloppements concernant le coronavirus (COVID-19), nous tenons \u00e0 vous informer des mesures prises par profaqua\u00a0afin de garantir la","breadcrumb":{"@id":"https:\/\/www.profaqua.ca\/fr\/informations-mesures-de-securite-covid-19\/#breadcrumb"},"inLanguage":"fr-FR","potentialAction":[{"@type":"ReadAction","target":["https:\/\/www.profaqua.ca\/fr\/informations-mesures-de-securite-covid-19\/"]}]},{"@type":"BreadcrumbList","@id":"https:\/\/www.profaqua.ca\/fr\/informations-mesures-de-securite-covid-19\/#breadcrumb","itemListElement":[{"@type":"ListItem","position":1,"name":"Home","item":"https:\/\/www.profaqua.ca\/fr\/"},{"@type":"ListItem","position":2,"name":"Informations sur les mesures de s\u00e9curit\u00e9 li\u00e9es \u00e0 la COVID-19 en classe"}]},{"@type":"WebSite","@id":"https:\/\/www.profaqua.ca\/fr\/#website","url":"https:\/\/www.profaqua.ca\/fr\/","name":"Profaqua","description":"","potentialAction":[{"@type":"SearchAction","target":{"@type":"EntryPoint","urlTemplate":"https:\/\/www.profaqua.ca\/fr\/?s={search_term_string}"},"query-input":"required name=search_term_string"}],"inLanguage":"fr-FR"}]}},"_links":{"self":[{"href":"https:\/\/www.profaqua.ca\/fr\/wp-json\/wp\/v2\/pages\/14201"}],"collection":[{"href":"https:\/\/www.profaqua.ca\/fr\/wp-json\/wp\/v2\/pages"}],"about":[{"href":"https:\/\/www.profaqua.ca\/fr\/wp-json\/wp\/v2\/types\/page"}],"author":[{"embeddable":true,"href":"https:\/\/www.profaqua.ca\/fr\/wp-json\/wp\/v2\/users\/1"}],"replies":[{"embeddable":true,"href":"https:\/\/www.profaqua.ca\/fr\/wp-json\/wp\/v2\/comments?post=14201"}],"version-history":[{"count":17,"href":"https:\/\/www.profaqua.ca\/fr\/wp-json\/wp\/v2\/pages\/14201\/revisions"}],"predecessor-version":[{"id":36652,"href":"https:\/\/www.profaqua.ca\/fr\/wp-json\/wp\/v2\/pages\/14201\/revisions\/36652"}],"wp:attachment":[{"href":"https:\/\/www.profaqua.ca\/fr\/wp-json\/wp\/v2\/media?parent=14201"}],"curies":[{"name":"wp","href":"https:\/\/api.w.org\/{rel}","templated":true}]}}